{"id":2312,"date":"2024-11-13T15:22:23","date_gmt":"2024-11-13T14:22:23","guid":{"rendered":"https:\/\/www.ruch.de\/het-bedrijf\/netwerk\/"},"modified":"2026-02-02T11:51:18","modified_gmt":"2026-02-02T10:51:18","slug":"netwerk","status":"publish","type":"page","link":"https:\/\/www.ruch.de\/nl\/ons-bedrijf\/netwerk\/","title":{"rendered":"Netwerk"},"content":{"rendered":"<div class=\"wpb-content-wrapper\"><p>[vc_row][vc_column]\n<div class=\"spacer spacer--large\" style=\"height:60px\"><\/div>\n<div class=\"spacer spacer--medium\" style=\"height:60px\"><\/div>\n<div class=\"spacer spacer--small\" style=\"height:60px\"><\/div>\n[vc_row_inner][vc_column_inner][vc_column_text css=&#8221;&#8221;]<\/p>\n<h1>Ons netwerk: Samen staan we sterker<\/h1>\n<p>[\/vc_column_text][\/vc_column_inner][\/vc_row_inner][vc_row_inner][vc_column_inner width=&#8221;1\/2&#8243;][vc_column_text css=&#8221;&#8221;]Ons sterke partnernetwerk is de basis voor succes en vooruitgang. We bevorderen de uitwisseling van kennis en idee\u00ebn door langdurige relaties met bedrijven, instellingen en experts. Samen ontwikkelen we innovatieve oplossingen en implementeren deze met succes &#8211; met een duidelijk doel voor ogen:[\/vc_column_text][\/vc_column_inner][vc_column_inner width=&#8221;1\/2&#8243;][vc_column_text css=&#8221;&#8221;]meer voordelen en nog betere producten voor onze klanten. Krijg een overzicht van onze netwerkpartners uit verschillende sectoren.[\/vc_column_text][\/vc_column_inner][\/vc_row_inner][\/vc_column][\/vc_row][vc_row][vc_column][vc_column_text css_animation=&#8221;fadeInLeft&#8221; css=&#8221;&#8221;]<a class=\"a--jump\" href=\"#partner-van-onderzoek-en-ontwikkeling\">Partners in onderzoek en ontwikkeling<\/a> <a class=\"a--jump\" href=\"#onze-commissies-en-verenigingen\">Onze commissies en verenigingen<\/a> <a class=\"a--jump\" href=\"#partner-uit-de-regio\">Partners uit de regio<\/a> <a class=\"a--jump\" href=\"#partner-in-de-grondstoffensector\">Partners in de grondstoffensector<\/a> <a class=\"a--jump\" href=\"#opleidingspartnerschappen\">Partners in opleiding<\/a>[\/vc_column_text][\/vc_column][\/vc_row][vc_row][vc_column]\n<div class=\"spacer spacer--large\" style=\"height:60px\"><\/div>\n<div class=\"spacer spacer--medium\" style=\"height:60px\"><\/div>\n<div class=\"spacer spacer--small\" style=\"height:60px\"><\/div>\n[\/vc_column][\/vc_row][vc_row full_width=&#8221;stretch_row&#8221; content_placement=&#8221;middle&#8221; css=&#8221;.vc_custom_1731940199490{background-color: #F5F5F5 !important;}&#8221;][vc_column]\n<div class=\"spacer spacer--large\" style=\"height:60px\"><\/div>\n<div class=\"spacer spacer--medium\" style=\"height:60px\"><\/div>\n<div class=\"spacer spacer--small\" style=\"height:60px\"><\/div>\n[\/vc_column][\/vc_row][vc_row full_width=&#8221;stretch_row&#8221; content_placement=&#8221;middle&#8221; css=&#8221;.vc_custom_1731940199490{background-color: #F5F5F5 !important;}&#8221;][vc_column width=&#8221;6\/12&#8243;][vc_single_image image=&#8221;2313&#8243; img_size=&#8221;full&#8221; css=&#8221;&#8221;][\/vc_column][vc_column width=&#8221;5\/12&#8243;][vc_column_text css=&#8221;&#8221;]<\/p>\n<h2>Onze betrokkenheid bij de Senaat van Economie<\/h2>\n<p>Onze Managing Director Roland Zeifang is sinds 2014 actief lid van de <a href=\"https:\/\/www.senat-deutschland.de\/\" target=\"_blank\" rel=\"noopener\">Senaat van Economie<\/a>. Dit is een waardengemeenschap die zichzelf ziet als de stem van KMO&#8217;s ten gunste van een ecologische en sociale markteconomie. De Senaat bevordert het bewustzijn van duurzaam, ethisch en verantwoord bedrijfsbeheer in de geest van maatschappelijk verantwoord ondernemen (MVO).<\/p>\n<p>Als denktank en inspiratiebron brengt de Senaat experts met uitzonderlijke kennis en ervaring samen om toekomstgerichte oplossingen te ontwikkelen &#8211; altijd in het belang van het algemeen belang. Samen worden innovatieve voorstellen ontwikkeld om de politiek en het bedrijfsleven op de lange termijn te inspireren en vorm te geven.[\/vc_column_text][\/vc_column][vc_column width=&#8221;1\/12&#8243;][\/vc_column][\/vc_row][vc_row full_width=&#8221;stretch_row&#8221; content_placement=&#8221;middle&#8221; css=&#8221;.vc_custom_1731940199490{background-color: #F5F5F5 !important;}&#8221;][vc_column]\n<div class=\"spacer spacer--large\" style=\"height:60px\"><\/div>\n<div class=\"spacer spacer--medium\" style=\"height:60px\"><\/div>\n<div class=\"spacer spacer--small\" style=\"height:60px\"><\/div>\n[\/vc_column][\/vc_row][vc_row el_id=&#8221;partner-van-onderzoek-en-ontwikkeling&#8221;][vc_column]\n<div class=\"spacer spacer--large\" style=\"height:60px\"><\/div>\n<div class=\"spacer spacer--medium\" style=\"height:60px\"><\/div>\n<div class=\"spacer spacer--small\" style=\"height:60px\"><\/div>\n[\/vc_column][\/vc_row][vc_row][vc_column][vc_column_text css=&#8221;&#8221;]<\/p>\n<h2>Onze partners in onderzoek en ontwikkeling<\/h2>\n<p>[\/vc_column_text][\/vc_column][\/vc_row][vc_row][vc_column width=&#8221;1\/2&#8243;][vc_column_text css=&#8221;&#8221;]<\/p>\n<ul>\n<li><a href=\"https:\/\/www.ict.fraunhofer.de\/\" target=\"_blank\" rel=\"noopener\">Fraunhofer Instituut voor chemische technologie<\/a><\/li>\n<li><a href=\"https:\/\/www.hs-offenburg.de\/\" target=\"_blank\" rel=\"noopener\">Offenburg Hogeschool<\/a><\/li>\n<\/ul>\n<p>[\/vc_column_text][\/vc_column][vc_column width=&#8221;1\/2&#8243;][vc_column_text css=&#8221;&#8221;]<\/p>\n<ul>\n<li><a href=\"https:\/\/www.ilkdresden.de\/\" target=\"_blank\" rel=\"noopener\">Instituut voor lichtgewichttechnologie en polymeertechnologie TU Dresden<\/a><\/li>\n<li><a href=\"https:\/\/www.nmbgmbh.de\/\" target=\"_blank\" rel=\"noopener\">Nieuwe materialen Bayreuth GmbH<\/a><\/li>\n<\/ul>\n<p>[\/vc_column_text][\/vc_column][\/vc_row][vc_row el_id=&#8221;onze-commissies-en-verenigingen&#8221;][vc_column]\n<div class=\"spacer spacer--large\" style=\"height:100px\"><\/div>\n<div class=\"spacer spacer--medium\" style=\"height:100px\"><\/div>\n<div class=\"spacer spacer--small\" style=\"height:100px\"><\/div>\n[\/vc_column][\/vc_row][vc_row][vc_column][vc_column_text css=&#8221;&#8221;]<\/p>\n<h2>Commissies en verenigingen waarvan we lid zijn<\/h2>\n<p>[\/vc_column_text][\/vc_column][\/vc_row][vc_row][vc_column width=&#8221;1\/2&#8243;][vc_column_text css=&#8221;&#8221;]<\/p>\n<ul>\n<li><a href=\"https:\/\/www.bdh-industrie.de\/\" target=\"_blank\" rel=\"noopener\">Federale vereniging van de Duitse verwarmingsindustrie<\/a><\/li>\n<li><a href=\"https:\/\/epp-forum.com\/\" target=\"_blank\" rel=\"noopener\">EPP-Forum e.V.<\/a><\/li>\n<li><a href=\"https:\/\/www.fgk.de\/\" target=\"_blank\" rel=\"noopener\">Fachverband Geb\u00e4ude-Klima e.V.<\/a><\/li>\n<\/ul>\n<p>[\/vc_column_text][\/vc_column][vc_column width=&#8221;1\/2&#8243;][vc_column_text css=&#8221;&#8221;]<\/p>\n<ul>\n<li><a href=\"https:\/\/nectanet.de\/\" target=\"_blank\" rel=\"noopener\">Nectranet GmbH, economische regio Ortenau<\/a><\/li>\n<li><a href=\"https:\/\/klimafreundlicher-mittelstand.de\/\" target=\"_blank\" rel=\"noopener\">VEA-initiatief voor klimaatvriendelijke kmo&#8217;s<\/a><\/li>\n<li><a href=\"https:\/\/www.wvib.de\/\" target=\"_blank\" rel=\"noopener\">Handelsvereniging van industri\u00eble bedrijven Baden e.V<\/a><\/li>\n<\/ul>\n<p>[\/vc_column_text][\/vc_column][\/vc_row][vc_row el_id=&#8221;partner-uit-de-regio&#8221;][vc_column]\n<div class=\"spacer spacer--large\" style=\"height:100px\"><\/div>\n<div class=\"spacer spacer--medium\" style=\"height:100px\"><\/div>\n<div class=\"spacer spacer--small\" style=\"height:100px\"><\/div>\n[\/vc_column][\/vc_row][vc_row][vc_column][vc_column_text css=&#8221;&#8221;]<\/p>\n<h2>Onze partners uit de regio<\/h2>\n<p>[\/vc_column_text][\/vc_column][\/vc_row][vc_row][vc_column width=&#8221;1\/2&#8243;][vc_column_text css=&#8221;&#8221;]<\/p>\n<ul>\n<li><a href=\"https:\/\/www.oberkirch.de\/\" target=\"_blank\" rel=\"noopener\">Oberkirch<\/a><\/li>\n<\/ul>\n<p>[\/vc_column_text][\/vc_column][vc_column width=&#8221;1\/2&#8243;][vc_column_text css=&#8221;&#8221;]<\/p>\n<ul>\n<li><a href=\"https:\/\/www.ortenaukreis.de\/\" target=\"_blank\" rel=\"noopener\">Landkreis Ortenau<\/a><\/li>\n<\/ul>\n<p>[\/vc_column_text][\/vc_column][\/vc_row][vc_row el_id=&#8221;partner-in-de-grondstoffensector&#8221;][vc_column]\n<div class=\"spacer spacer--large\" style=\"height:100px\"><\/div>\n<div class=\"spacer spacer--medium\" style=\"height:100px\"><\/div>\n<div class=\"spacer spacer--small\" style=\"height:100px\"><\/div>\n[\/vc_column][\/vc_row][vc_row][vc_column][vc_column_text css=&#8221;&#8221;]<\/p>\n<h2>Onze partners in de grondstoffensector<\/h2>\n<p>[\/vc_column_text][\/vc_column][\/vc_row][vc_row][vc_column width=&#8221;1\/2&#8243;][vc_column_text css=&#8221;&#8221;]<\/p>\n<ul>\n<li><a href=\"https:\/\/www.basf.com\/global\/de\" target=\"_blank\" rel=\"noopener\">BASF SE<\/a><\/li>\n<li><a href=\"https:\/\/www.arpro.com\/de-de\" target=\"_blank\" rel=\"noopener\">JSP<\/a><\/li>\n<\/ul>\n<p>[\/vc_column_text][\/vc_column][vc_column width=&#8221;1\/2&#8243;][vc_column_text css=&#8221;&#8221;]<\/p>\n<ul>\n<li><a href=\"https:\/\/www.kaneka.be\/\" target=\"_blank\" rel=\"noopener\">Kaneka<\/a><\/li>\n<\/ul>\n<p>[\/vc_column_text][\/vc_column][\/vc_row][vc_row el_id=&#8221;opleidingspartnerschappen&#8221;][vc_column]\n<div class=\"spacer spacer--large\" style=\"height:100px\"><\/div>\n<div class=\"spacer spacer--medium\" style=\"height:100px\"><\/div>\n<div class=\"spacer spacer--small\" style=\"height:100px\"><\/div>\n[\/vc_column][\/vc_row][vc_row][vc_column][vc_column_text css=&#8221;&#8221;]<\/p>\n<h2>Onze opleidingspartnerschappen<\/h2>\n<p>[\/vc_column_text][\/vc_column][\/vc_row][vc_row][vc_column width=&#8221;1\/2&#8243;][vc_column_text css=&#8221;&#8221;]<\/p>\n<ul>\n<li><a href=\"https:\/\/www.karlsruhe.dhbw.de\/startseite.html\" target=\"_blank\" rel=\"noopener\">Co\u00f6peratieve Staatsuniversiteit Baden-W\u00fcrttemberg Karlsruhe<\/a><\/li>\n<li><a href=\"https:\/\/dhbw-loerrach.de\/home\" target=\"_blank\" rel=\"noopener\">Co\u00f6peratieve Staatsuniversiteit Baden-W\u00fcrttemberg L\u00f6rrach<\/a><\/li>\n<li><a href=\"https:\/\/www.dhbw-stuttgart.de\/\" target=\"_blank\" rel=\"noopener\">Co\u00f6peratieve Staatsuniversiteit Baden-W\u00fcrttemberg Stuttgart<\/a><\/li>\n<li><a href=\"https:\/\/www.dhbw-vs.de\/\" target=\"_blank\" rel=\"noopener\">Co\u00f6peratieve Staatsuniversiteit Baden-W\u00fcrttemberg Villingen-Schwenningen<\/a><\/li>\n<\/ul>\n<p>[\/vc_column_text][\/vc_column][vc_column width=&#8221;1\/2&#8243;][vc_column_text css=&#8221;&#8221;]<\/p>\n<ul>\n<li><a href=\"https:\/\/ags-oberkirch.de\/\" target=\"_blank\" rel=\"noopener\">August-Ganther-School Oberkirch<\/a><\/li>\n<li><a href=\"https:\/\/www.doll.eu\/de\/\" target=\"_blank\" rel=\"noopener\">Doll Fahrzeugbau GmbH<\/a><\/li>\n<li><a href=\"https:\/\/www.linck.com\/de\/\" target=\"_blank\" rel=\"noopener\">Linck Holzverarbeitungstechnik GmbH<\/a><\/li>\n<li><a href=\"https:\/\/resultance.de\" target=\"_blank\" rel=\"noopener\">Resultance GmbH<\/a><\/li>\n<\/ul>\n<p>[\/vc_column_text][\/vc_column][\/vc_row][vc_row][vc_column]\n    <div class=\"ruch-blogteaser \">\n        <div class=\"wysiwyg\">\n                    <\/div>\n            <\/div>\n\n    [\/vc_column][\/vc_row][vc_row][vc_column]\n<div class=\"spacer spacer--large\" style=\"height:60px\"><\/div>\n<div class=\"spacer spacer--medium\" style=\"height:60px\"><\/div>\n<div class=\"spacer spacer--small\" style=\"height:60px\"><\/div>\n[\/vc_column][\/vc_row][vc_row][vc_column]          <div class=\"teaser-container teaser-container--two-colum\">\n\n        \n    <div class=\"ruch-teaser-card bg--gray  wpb_animate_when_almost_visible wpb_fadeInLeft fadeInLeft\">\n        <div class=\"teaser-card-content\">\n          <h3>Nieuws<\/h3>\n<p>Blijf op de hoogte: Lees meer over de nieuwste ontwikkelingen, innovaties, spannende projecten en nieuwe partners in ons netwerk. Op onze nieuwspagina vind je het laatste nieuws en interessante inzichten in ons bedrijf.<\/p>\n        <\/div>\n                <div class=\"teaser-card-button\">\n          <a href=\"https:\/\/www.ruch.de\/nl\/nieuws\/\" title=\"Naar ons nieuws\" target=\"_self\" class=\"a--jump\">\n              Naar ons nieuws          <\/a>\n        <\/div>\n            <\/div>\n\n  \n    <div class=\"ruch-teaser-card bg--blue  wpb_animate_when_almost_visible wpb_fadeInRight fadeInRight\">\n        <div class=\"teaser-card-content\">\n          <h3>Neem contact met ons op<\/h3>\n<p>Wil je deel uitmaken van ons netwerk of heb je een vraag over dit onderwerp? We staan tot je beschikking &#8211; neem gewoon contact met ons op. We kijken uit naar je aanvraag!<\/p>\n        <\/div>\n                <div class=\"teaser-card-button\">\n          <a href=\"https:\/\/www.ruch.de\/nl\/contact\/\" title=\"Naar de contactpersoon\" target=\"_self\" class=\"a--jump\">\n              Naar de contactpersoon          <\/a>\n        <\/div>\n            <\/div>\n      <\/div>\n    [\/vc_column][\/vc_row][vc_row][vc_column]\n<div class=\"spacer spacer--large\" style=\"height:60px\"><\/div>\n<div class=\"spacer spacer--medium\" style=\"height:60px\"><\/div>\n<div class=\"spacer spacer--small\" style=\"height:60px\"><\/div>\n[\/vc_column][\/vc_row]<\/p>\n<\/div>","protected":false},"excerpt":{"rendered":"<p>[vc_row][vc_column][vc_row_inner][vc_column_inner][vc_column_text css=&#8221;&#8221;] Ons netwerk: Samen staan we sterker [\/vc_column_text][\/vc_column_inner][\/vc_row_inner][vc_row_inner][vc_column_inner width=&#8221;1\/2&#8243;][vc_column_text css=&#8221;&#8221;]Ons sterke partnernetwerk is de basis voor succes en vooruitgang. We bevorderen de uitwisseling van kennis<span class=\"excerpt-hellip\"> [\u2026]<\/span><\/p>\n","protected":false},"author":1,"featured_media":-1,"parent":2284,"menu_order":0,"comment_status":"closed","ping_status":"closed","template":"","meta":{"_acf_changed":false,"footnotes":""},"class_list":["post-2312","page","type-page","status-publish","has-post-thumbnail","hentry"],"acf":[],"yoast_head":"<!-- This site is optimized with the Yoast SEO plugin v27.3 - https:\/\/yoast.com\/product\/yoast-seo-wordpress\/ -->\n<title>Ons netwerk | RUCH NOVAPLAST GmbH<\/title>\n<meta name=\"description\" content=\"Ons sterke partnernetwerk is de basis voor succes en vooruitgang. Een overzicht van onze netwerkpartners.\" \/>\n<meta name=\"robots\" content=\"index, follow, max-snippet:-1, max-image-preview:large, max-video-preview:-1\" \/>\n<link rel=\"canonical\" href=\"https:\/\/www.ruch.de\/nl\/ons-bedrijf\/netwerk\/\" \/>\n<meta property=\"og:locale\" content=\"nl_NL\" \/>\n<meta property=\"og:type\" content=\"article\" \/>\n<meta property=\"og:title\" content=\"Ons netwerk | RUCH NOVAPLAST GmbH\" \/>\n<meta property=\"og:description\" content=\"Ons sterke partnernetwerk is de basis voor succes en vooruitgang. Een overzicht van onze netwerkpartners.\" \/>\n<meta property=\"og:url\" content=\"https:\/\/www.ruch.de\/nl\/ons-bedrijf\/netwerk\/\" \/>\n<meta property=\"og:site_name\" content=\"RUCH NOVAPLAST\" \/>\n<meta property=\"article:publisher\" content=\"https:\/\/www.facebook.com\/ruchnovaplast\" \/>\n<meta property=\"article:modified_time\" content=\"2026-02-02T10:51:18+00:00\" \/>\n<meta name=\"twitter:card\" content=\"summary_large_image\" \/>\n<meta name=\"twitter:label1\" content=\"Geschatte leestijd\" \/>\n\t<meta name=\"twitter:data1\" content=\"3 minuten\" \/>\n<script type=\"application\/ld+json\" class=\"yoast-schema-graph\">{\"@context\":\"https:\\\/\\\/schema.org\",\"@graph\":[{\"@type\":\"WebPage\",\"@id\":\"https:\\\/\\\/www.ruch.de\\\/nl\\\/ons-bedrijf\\\/netwerk\\\/\",\"url\":\"https:\\\/\\\/www.ruch.de\\\/nl\\\/ons-bedrijf\\\/netwerk\\\/\",\"name\":\"Ons netwerk | RUCH NOVAPLAST GmbH\",\"isPartOf\":{\"@id\":\"https:\\\/\\\/www.ruch.de\\\/nl\\\/#website\"},\"datePublished\":\"2024-11-13T14:22:23+00:00\",\"dateModified\":\"2026-02-02T10:51:18+00:00\",\"description\":\"Ons sterke partnernetwerk is de basis voor succes en vooruitgang. Een overzicht van onze netwerkpartners.\",\"breadcrumb\":{\"@id\":\"https:\\\/\\\/www.ruch.de\\\/nl\\\/ons-bedrijf\\\/netwerk\\\/#breadcrumb\"},\"inLanguage\":\"nl-NL\",\"potentialAction\":[{\"@type\":\"ReadAction\",\"target\":[\"https:\\\/\\\/www.ruch.de\\\/nl\\\/ons-bedrijf\\\/netwerk\\\/\"]}]},{\"@type\":\"BreadcrumbList\",\"@id\":\"https:\\\/\\\/www.ruch.de\\\/nl\\\/ons-bedrijf\\\/netwerk\\\/#breadcrumb\",\"itemListElement\":[{\"@type\":\"ListItem\",\"position\":1,\"name\":\"Home\",\"item\":\"https:\\\/\\\/www.ruch.de\\\/nl\\\/\"},{\"@type\":\"ListItem\",\"position\":2,\"name\":\"Ons bedrijf\",\"item\":\"https:\\\/\\\/www.ruch.de\\\/nl\\\/ons-bedrijf\\\/\"},{\"@type\":\"ListItem\",\"position\":3,\"name\":\"Netwerk\"}]},{\"@type\":\"WebSite\",\"@id\":\"https:\\\/\\\/www.ruch.de\\\/nl\\\/#website\",\"url\":\"https:\\\/\\\/www.ruch.de\\\/nl\\\/\",\"name\":\"www.ruch.de\",\"description\":\"\",\"publisher\":{\"@id\":\"https:\\\/\\\/www.ruch.de\\\/nl\\\/#organization\"},\"potentialAction\":[{\"@type\":\"SearchAction\",\"target\":{\"@type\":\"EntryPoint\",\"urlTemplate\":\"https:\\\/\\\/www.ruch.de\\\/nl\\\/?s={search_term_string}\"},\"query-input\":{\"@type\":\"PropertyValueSpecification\",\"valueRequired\":true,\"valueName\":\"search_term_string\"}}],\"inLanguage\":\"nl-NL\"},{\"@type\":\"Organization\",\"@id\":\"https:\\\/\\\/www.ruch.de\\\/nl\\\/#organization\",\"name\":\"RUCH NOVAPLAST GmbH\",\"url\":\"https:\\\/\\\/www.ruch.de\\\/nl\\\/\",\"logo\":{\"@type\":\"ImageObject\",\"inLanguage\":\"nl-NL\",\"@id\":\"https:\\\/\\\/www.ruch.de\\\/nl\\\/#\\\/schema\\\/logo\\\/image\\\/\",\"url\":\"https:\\\/\\\/www.ruch.de\\\/wp-content\\\/uploads\\\/2024\\\/11\\\/ruch-novaplast-logo-black.svg\",\"contentUrl\":\"https:\\\/\\\/www.ruch.de\\\/wp-content\\\/uploads\\\/2024\\\/11\\\/ruch-novaplast-logo-black.svg\",\"width\":1802,\"height\":338,\"caption\":\"RUCH NOVAPLAST GmbH\"},\"image\":{\"@id\":\"https:\\\/\\\/www.ruch.de\\\/nl\\\/#\\\/schema\\\/logo\\\/image\\\/\"},\"sameAs\":[\"https:\\\/\\\/www.facebook.com\\\/ruchnovaplast\",\"https:\\\/\\\/www.instagram.com\\\/ruchnovaplast\\\/\",\"https:\\\/\\\/www.linkedin.com\\\/company\\\/ruch-novaplast-gmbh\"]}]}<\/script>\n<!-- \/ Yoast SEO plugin. -->","yoast_head_json":{"title":"Ons netwerk | RUCH NOVAPLAST GmbH","description":"Ons sterke partnernetwerk is de basis voor succes en vooruitgang. Een overzicht van onze netwerkpartners.","robots":{"index":"index","follow":"follow","max-snippet":"max-snippet:-1","max-image-preview":"max-image-preview:large","max-video-preview":"max-video-preview:-1"},"canonical":"https:\/\/www.ruch.de\/nl\/ons-bedrijf\/netwerk\/","og_locale":"nl_NL","og_type":"article","og_title":"Ons netwerk | RUCH NOVAPLAST GmbH","og_description":"Ons sterke partnernetwerk is de basis voor succes en vooruitgang. Een overzicht van onze netwerkpartners.","og_url":"https:\/\/www.ruch.de\/nl\/ons-bedrijf\/netwerk\/","og_site_name":"RUCH NOVAPLAST","article_publisher":"https:\/\/www.facebook.com\/ruchnovaplast","article_modified_time":"2026-02-02T10:51:18+00:00","twitter_card":"summary_large_image","twitter_misc":{"Geschatte leestijd":"3 minuten"},"schema":{"@context":"https:\/\/schema.org","@graph":[{"@type":"WebPage","@id":"https:\/\/www.ruch.de\/nl\/ons-bedrijf\/netwerk\/","url":"https:\/\/www.ruch.de\/nl\/ons-bedrijf\/netwerk\/","name":"Ons netwerk | RUCH NOVAPLAST GmbH","isPartOf":{"@id":"https:\/\/www.ruch.de\/nl\/#website"},"datePublished":"2024-11-13T14:22:23+00:00","dateModified":"2026-02-02T10:51:18+00:00","description":"Ons sterke partnernetwerk is de basis voor succes en vooruitgang. Een overzicht van onze netwerkpartners.","breadcrumb":{"@id":"https:\/\/www.ruch.de\/nl\/ons-bedrijf\/netwerk\/#breadcrumb"},"inLanguage":"nl-NL","potentialAction":[{"@type":"ReadAction","target":["https:\/\/www.ruch.de\/nl\/ons-bedrijf\/netwerk\/"]}]},{"@type":"BreadcrumbList","@id":"https:\/\/www.ruch.de\/nl\/ons-bedrijf\/netwerk\/#breadcrumb","itemListElement":[{"@type":"ListItem","position":1,"name":"Home","item":"https:\/\/www.ruch.de\/nl\/"},{"@type":"ListItem","position":2,"name":"Ons bedrijf","item":"https:\/\/www.ruch.de\/nl\/ons-bedrijf\/"},{"@type":"ListItem","position":3,"name":"Netwerk"}]},{"@type":"WebSite","@id":"https:\/\/www.ruch.de\/nl\/#website","url":"https:\/\/www.ruch.de\/nl\/","name":"www.ruch.de","description":"","publisher":{"@id":"https:\/\/www.ruch.de\/nl\/#organization"},"potentialAction":[{"@type":"SearchAction","target":{"@type":"EntryPoint","urlTemplate":"https:\/\/www.ruch.de\/nl\/?s={search_term_string}"},"query-input":{"@type":"PropertyValueSpecification","valueRequired":true,"valueName":"search_term_string"}}],"inLanguage":"nl-NL"},{"@type":"Organization","@id":"https:\/\/www.ruch.de\/nl\/#organization","name":"RUCH NOVAPLAST GmbH","url":"https:\/\/www.ruch.de\/nl\/","logo":{"@type":"ImageObject","inLanguage":"nl-NL","@id":"https:\/\/www.ruch.de\/nl\/#\/schema\/logo\/image\/","url":"https:\/\/www.ruch.de\/wp-content\/uploads\/2024\/11\/ruch-novaplast-logo-black.svg","contentUrl":"https:\/\/www.ruch.de\/wp-content\/uploads\/2024\/11\/ruch-novaplast-logo-black.svg","width":1802,"height":338,"caption":"RUCH NOVAPLAST GmbH"},"image":{"@id":"https:\/\/www.ruch.de\/nl\/#\/schema\/logo\/image\/"},"sameAs":["https:\/\/www.facebook.com\/ruchnovaplast","https:\/\/www.instagram.com\/ruchnovaplast\/","https:\/\/www.linkedin.com\/company\/ruch-novaplast-gmbh"]}]}},"_links":{"self":[{"href":"https:\/\/www.ruch.de\/nl\/wp-json\/wp\/v2\/pages\/2312","targetHints":{"allow":["GET"]}}],"collection":[{"href":"https:\/\/www.ruch.de\/nl\/wp-json\/wp\/v2\/pages"}],"about":[{"href":"https:\/\/www.ruch.de\/nl\/wp-json\/wp\/v2\/types\/page"}],"author":[{"embeddable":true,"href":"https:\/\/www.ruch.de\/nl\/wp-json\/wp\/v2\/users\/1"}],"replies":[{"embeddable":true,"href":"https:\/\/www.ruch.de\/nl\/wp-json\/wp\/v2\/comments?post=2312"}],"version-history":[{"count":1,"href":"https:\/\/www.ruch.de\/nl\/wp-json\/wp\/v2\/pages\/2312\/revisions"}],"predecessor-version":[{"id":7710,"href":"https:\/\/www.ruch.de\/nl\/wp-json\/wp\/v2\/pages\/2312\/revisions\/7710"}],"up":[{"embeddable":true,"href":"https:\/\/www.ruch.de\/nl\/wp-json\/wp\/v2\/pages\/2284"}],"wp:featuredmedia":[{"embeddable":true,"href":"https:\/\/www.ruch.de\/nl\/wp-json\/"}],"wp:attachment":[{"href":"https:\/\/www.ruch.de\/nl\/wp-json\/wp\/v2\/media?parent=2312"}],"curies":[{"name":"wp","href":"https:\/\/api.w.org\/{rel}","templated":true}]}}