{"id":2170,"date":"2024-11-13T15:19:13","date_gmt":"2024-11-13T14:19:13","guid":{"rendered":"https:\/\/www.ruch.de\/innovaties\/afwerking-van-oppervlakken\/"},"modified":"2026-02-02T11:28:32","modified_gmt":"2026-02-02T10:28:32","slug":"oppervlakken-veredelen","status":"publish","type":"page","link":"https:\/\/www.ruch.de\/nl\/innovaties\/oppervlakken-veredelen\/","title":{"rendered":"Oppervlakken veredelen"},"content":{"rendered":"<div class=\"wpb-content-wrapper\"><p>[vc_row][vc_column]\n<div class=\"spacer spacer--large\" style=\"height:100px\"><\/div>\n<div class=\"spacer spacer--medium\" style=\"height:60px\"><\/div>\n<div class=\"spacer spacer--small\" style=\"height:60px\"><\/div>\n[vc_row_inner][vc_column_inner][vc_column_text css=&#8221;&#8221;]<\/p>\n<h1>Afwerkingsoppervlakken: veelzijdig en aantrekkelijk<\/h1>\n<p>[\/vc_column_text][\/vc_column_inner][\/vc_row_inner][vc_row_inner][vc_column_inner width=&#8221;1\/2&#8243;][vc_column_text css=&#8221;&#8221;]Op het gebied van oppervlakteafwerking realiseert RUCH NOVAPLAST verschillende varianten, afhankelijk van de eisen en de toepassing. Maar waarom is de nabewerkingsstap \u00fcberhaupt belangrijk? Oppervlakken van spuitgietproducten waarop de structuur van het partikelschuim, stoomnozzles en onderdelen van de matrijstechnologie zichtbaar zijn, worden niet bij elke <a href=\"https:\/\/www.ruch.de\/nl\/toepassingen\/\">toepassing<\/a> getolereerd. Daarom is het belangrijk om mooi gevormde oppervlakken te realiseren die ook overtuigend aanvoelen. Naast <a href=\"https:\/\/www.ruch.de\/nl\/expertise\/procesexpertise\/#terugschuimen-van-decors\">terugschuimende folies<\/a>, <a href=\"https:\/\/www.ruch.de\/nl\/expertise\/procesexpertise\/#pur-laminering\">PUR lamineren<\/a> en <a href=\"https:\/\/www.ruch.de\/nl\/expertise\/procesexpertise\/#vil\">skinning<\/a> is het ook mogelijk om de vormdelen te lakken. Hier gebruiken we lak, die een eersteklas hechting heeft en zeer compatibel is met de mechanische eigenschappen van het elastische partikelschuim. We kunnen de geverfde oppervlakken ook voorzien van een antibacteri\u00eble of EMC-actieve afwerking. De fysiologisch onschadelijke coating kan zonder problemen worden gebruikt in ziekenhuizen, winkels en medische apparatuur.[\/vc_column_text][\/vc_column_inner][vc_column_inner width=&#8221;1\/2&#8243;][vc_column_text css=&#8221;&#8221;]NOVAtexture<sup>\u00ae<\/sup> is een andere innovatieve oplossing voor oppervlakteafwerking van onderdelen van gevormd partikelschuim. Gerichte oppervlaktestructurering cre\u00ebert mooi gevormde en functioneel gestructureerde oppervlakken die het uiterlijk en het gevoel van de onderdelen aanzienlijk verbeteren. Deze technologie maakt het mogelijk om de oppervlakken van vormdelen te verfijnen tijdens de productie van de vormdelen &#8211; zonder extra werkstappen.[\/vc_column_text][\/vc_column_inner][\/vc_row_inner]\n<div class=\"spacer spacer--large\" style=\"height:60px\"><\/div>\n<div class=\"spacer spacer--medium\" style=\"height:60px\"><\/div>\n<div class=\"spacer spacer--small\" style=\"height:60px\"><\/div>\n[\/vc_column][\/vc_row][vc_row full_width=&#8221;stretch_row_content_no_spaces&#8221; css=&#8221;.vc_custom_1731591164725{background-color: #F5F5F5 !important;}&#8221;][vc_column css=&#8221;.vc_custom_1731592154304{padding-top: 0px !important;}&#8221;][vc_single_image image=&#8221;2171&#8243; img_size=&#8221;full&#8221; alignment=&#8221;right&#8221; css=&#8221;&#8221;][\/vc_column][\/vc_row][vc_row full_width=&#8221;stretch_row&#8221; css=&#8221;.vc_custom_1732110331260{background-color: #F5F5F5 !important;}&#8221;][vc_column]\n<div class=\"spacer spacer--large\" style=\"height:100px\"><\/div>\n<div class=\"spacer spacer--medium\" style=\"height:75px\"><\/div>\n<div class=\"spacer spacer--small\" style=\"height:50px\"><\/div>\n[vc_row_inner][vc_column_inner width=&#8221;2\/12&#8243;][\/vc_column_inner][vc_column_inner width=&#8221;8\/12&#8243;][vc_column_text css=&#8221;&#8221;]<\/p>\n<h2>NOVAtexture<sup>\u00ae<\/sup> heeft een aantal functionele voordelen<\/h2>\n<p>[\/vc_column_text][\/vc_column_inner][vc_column_inner width=&#8221;2\/12&#8243;][\/vc_column_inner][\/vc_row_inner][vc_row_inner][vc_column_inner width=&#8221;2\/12&#8243;][\/vc_column_inner][vc_column_inner width=&#8221;8\/12&#8243;][vc_column_text css=&#8221;&#8221;]Dankzij NOVAtexture<sup>\u00ae<\/sup> zijn vormdelen van partikelschuim niet alleen visueel indrukwekkend, maar bieden ze ook functionele voordelen zoals een betere hechting voor het verven van EPP of een geoptimaliseerde grip. Oppervlaktetexturering opent een breed scala aan mogelijkheden om vormdelen perfect aan te passen aan de eisen van moderne toepassingen, of het nu gaat om medische en analytische technologie, woning- en bouwtechniek of andere gebieden die hoogwaardige oppervlakken vereisen.[\/vc_column_text][\/vc_column_inner][vc_column_inner width=&#8221;2\/12&#8243;][\/vc_column_inner][\/vc_row_inner][vc_row_inner][vc_column_inner width=&#8221;2\/12&#8243;][\/vc_column_inner][vc_column_inner width=&#8221;8\/12&#8243;]  <a class=\"btn-custom1\" href=\"https:\/\/www.ruch.de\/nl\/innovaties\/oppervlakken-veredelen\/novatexture\/\" target=\"_self\" title=\"Meer over NOVAtexture\u00ae\">Meer over NOVAtexture<sup>\u00ae<\/sup><\/a>[\/vc_column_inner][vc_column_inner width=&#8221;2\/12&#8243;][\/vc_column_inner][\/vc_row_inner]\n<div class=\"spacer spacer--large\" style=\"height:100px\"><\/div>\n<div class=\"spacer spacer--medium\" style=\"height:75px\"><\/div>\n<div class=\"spacer spacer--small\" style=\"height:50px\"><\/div>\n[\/vc_column][\/vc_row][vc_row full_width=&#8221;stretch_row&#8221; el_class=&#8221;bg-yellow-bubbles-top-left&#8221;][vc_column]\n<div class=\"spacer spacer--large\" style=\"height:60px\"><\/div>\n<div class=\"spacer spacer--medium\" style=\"height:60px\"><\/div>\n<div class=\"spacer spacer--small\" style=\"height:60px\"><\/div>\n[vc_row_inner][vc_column_inner width=&#8221;1\/2&#8243;][vc_column_text css=&#8221;&#8221;]<\/p>\n<h2><span class=\"black--stroke\">Veelzijdige toepassingen van NOVAtexture<sup>\u00ae<\/sup> oppervlakteafwerking<\/span><\/h2>\n<p>[\/vc_column_text][\/vc_column_inner][vc_column_inner width=&#8221;1\/2&#8243;][\/vc_column_inner][\/vc_row_inner][vc_row_inner][vc_column_inner width=&#8221;1\/2&#8243;][vc_column_text css=&#8221;&#8221;]NOVAtexture<sup>\u00ae<\/sup> biedt een breed scala aan mogelijke toepassingen. We gebruiken het in verschillende industrie\u00ebn en voor verschillende onderdelen. Met lasertexturering of etsen op het aluminium oppervlak van het schuimgereedschap kunnen bijvoorbeeld allerlei oppervlaktestructuren worden gecre\u00eberd. Vooral bij spuitgietproducten van EPP worden de randen van de deeltjes en tussenschotten verborgen door het gestructureerde oppervlak, wat resulteert in een bijzonder aantrekkelijk en technisch uiterlijk.[\/vc_column_text][\/vc_column_inner][vc_column_inner width=&#8221;1\/2&#8243;][vc_column_text css=&#8221;&#8221;]De catalogus met opties voor bestaande oppervlaktetexturen groeit voortdurend en biedt veel creatieve vrijheid. Als dat nog niet genoeg is, kun je ook je eigen structuren maken, bijvoorbeeld op basis van het bedrijfslogo.[\/vc_column_text][\/vc_column_inner][\/vc_row_inner]\n<div class=\"spacer spacer--large\" style=\"height:60px\"><\/div>\n<div class=\"spacer spacer--medium\" style=\"height:60px\"><\/div>\n<div class=\"spacer spacer--small\" style=\"height:60px\"><\/div>\n[\/vc_column][\/vc_row][vc_row][vc_column]\n    <div class=\"ruch-blogteaser single-post\">\n        <div class=\"wysiwyg\">\n                    <\/div>\n                                    <div class=\"ruch-blogteaser__inner\">\n                                            \n    <div class=\"ruch-blogteaser__post\">\n        <div class=\"ruch-blogteaser__img\">\n            <img loading=\"lazy\" decoding=\"async\" width=\"892\" height=\"664\" src=\"https:\/\/www.ruch.de\/wp-content\/uploads\/2025\/01\/epp-novatexture-novaplex-recovair-ruch-novaplast.jpg\" class=\"attachment-full size-full wp-post-image\" alt=\"EPP-Chassis Recovair | News | RUCH NOVAPLAST GmbH in Oberkirch\" srcset=\"https:\/\/www.ruch.de\/wp-content\/uploads\/2025\/01\/epp-novatexture-novaplex-recovair-ruch-novaplast.jpg 892w, https:\/\/www.ruch.de\/wp-content\/uploads\/2025\/01\/epp-novatexture-novaplex-recovair-ruch-novaplast-300x223.jpg 300w, https:\/\/www.ruch.de\/wp-content\/uploads\/2025\/01\/epp-novatexture-novaplex-recovair-ruch-novaplast-768x572.jpg 768w, https:\/\/www.ruch.de\/wp-content\/uploads\/2025\/01\/epp-novatexture-novaplex-recovair-ruch-novaplast-101x75.jpg 101w, https:\/\/www.ruch.de\/wp-content\/uploads\/2025\/01\/epp-novatexture-novaplex-recovair-ruch-novaplast-480x357.jpg 480w\" sizes=\"auto, (max-width:767px) 480px, (max-width:892px) 100vw, 892px\" \/>        <\/div>\n\n        <div class=\"ruch-blogteaser__text\">\n                            <p class=\"ruch-blogteaser__child-category\">Veredelen<\/p>\n            \n            <h3>Condensaat in ventilatie-units geen probleem dankzij NOVAtexture\u00ae<\/h3>\n            <p>EPP is licht, robuust en isolerend.<\/p>\n\n            <a href=\"https:\/\/www.ruch.de\/nl\/news\/epp-chassis-in-ventilatie-unit\/\" class=\"btn-custom2\">\n                naar het blogbericht            <\/a>\n        <\/div>\n    <\/div>\n\n                                        <\/div>\n            \n                        <\/div>\n\n    [\/vc_column][\/vc_row][vc_row][vc_column]\n<div class=\"spacer spacer--large\" style=\"height:60px\"><\/div>\n<div class=\"spacer spacer--medium\" style=\"height:60px\"><\/div>\n<div class=\"spacer spacer--small\" style=\"height:60px\"><\/div>\n[\/vc_column][\/vc_row][vc_row][vc_column]          <div class=\"teaser-container teaser-container--two-colum\">\n\n        \n    <div class=\"ruch-teaser-card bg--gray  wpb_animate_when_almost_visible wpb_fadeInLeft fadeInLeft\">\n        <div class=\"teaser-card-content\">\n          <h3>Componenten monteren<\/h3>\n<p>Met NOVAplex<sup>\u00ae<\/sup> stellen we volledig nieuwe normen voor assemblage: het proces maakt het mogelijk om onderdelen snel en eenvoudig in spuitgietonderdelen te plaatsen &#8211; zonder ingewikkeld schroeven. Ontdek hoe onze innovatieve ontwerpfilosofie het assemblageproces aanzienlijk effici\u00ebnter maakt.<\/p>\n        <\/div>\n                <div class=\"teaser-card-button\">\n          <a href=\"https:\/\/www.ruch.de\/nl\/innovaties\/componenten-monteren\/\" title=\"Innovatie op het gebied van componentenassemblage\" target=\"_self\" class=\"a--jump\">\n              Innovatie op het gebied van componentenassemblage          <\/a>\n        <\/div>\n            <\/div>\n\n  \n    <div class=\"ruch-teaser-card bg--yellow  wpb_animate_when_almost_visible wpb_fadeInRight fadeInRight\">\n        <div class=\"teaser-card-content\">\n          <h3>Apparaten isoleren<\/h3>\n<p>Met NOVAetherm<sup>\u00ae<\/sup> veranderen we de verwarmingstechnologie vanaf de basis: Onze innovatieve oplossing combineert thermische isolatie en verwarmingsfunctie in slechts \u00e9\u00e9n vormdeel. Ontdek hoe deze technologie de effici\u00ebntie van verwarmingssystemen enorm kan verbeteren.<\/p>\n        <\/div>\n                <div class=\"teaser-card-button\">\n          <a href=\"https:\/\/www.ruch.de\/nl\/innovaties\/apparaten-isoleren\/\" title=\"Innovatie op het gebied van isolatietoestellen\" target=\"_self\" class=\"a--jump\">\n              Innovatie op het gebied van isolatietoestellen          <\/a>\n        <\/div>\n            <\/div>\n\n  \n    <div class=\"ruch-teaser-card bg--yellow  wpb_animate_when_almost_visible wpb_fadeInLeft fadeInLeft\">\n        <div class=\"teaser-card-content\">\n          <h3>Elementen bevestigen<\/h3>\n<p>Met NOVAfeed&amp;fix<sup>\u00ae<\/sup> en NOVAson<sup>\u00ae<\/sup> bieden we twee innovatieve oplossingen voor het bevestigen van elementen in kunststof onderdelen. Ontdek hoe onze twee technologie\u00ebn op twee verschillende manieren nauwkeurige en flexibele bevestigingsmiddelen integreren in behuizingssystemen.<\/p>\n        <\/div>\n                <div class=\"teaser-card-button\">\n          <a href=\"https:\/\/www.ruch.de\/nl\/innovaties\/elementen-bevestigen\/\" title=\"Innovaties op het gebied van bevestigingselementen\" target=\"_self\" class=\"a--jump\">\n              Innovaties op het gebied van bevestigingselementen          <\/a>\n        <\/div>\n            <\/div>\n\n  \n    <div class=\"ruch-teaser-card bg--gray  wpb_animate_when_almost_visible wpb_fadeInRight fadeInRight\">\n        <div class=\"teaser-card-content\">\n          <h3>Vormdelen verbinden<\/h3>\n<p>Met NOVAweld<sup>\u00ae<\/sup> hebben we een innovatieve technologie ontwikkeld voor het lijmen van vormschuimonderdelen. Ontdek hoe dit proces verschillende complexe onderdelen effici\u00ebnt samenvoegt zonder hun unieke eigenschappen te veranderen.<\/p>\n        <\/div>\n                <div class=\"teaser-card-button\">\n          <a href=\"https:\/\/www.ruch.de\/nl\/innovaties\/vormdelen-verbinden\/\" title=\"Innovatie in de sector voor vormdelen verbinden\" target=\"_self\" class=\"a--jump\">\n              Innovatie in de sector voor vormdelen verbinden          <\/a>\n        <\/div>\n            <\/div>\n      <\/div>\n    [\/vc_column][\/vc_row][vc_row][vc_column]\n<div class=\"spacer spacer--large\" style=\"height:60px\"><\/div>\n<div class=\"spacer spacer--medium\" style=\"height:60px\"><\/div>\n<div class=\"spacer spacer--small\" style=\"height:60px\"><\/div>\n[\/vc_column][\/vc_row]<\/p>\n<\/div>","protected":false},"excerpt":{"rendered":"<p>[vc_row][vc_column][vc_row_inner][vc_column_inner][vc_column_text css=&#8221;&#8221;] Afwerkingsoppervlakken: veelzijdig en aantrekkelijk [\/vc_column_text][\/vc_column_inner][\/vc_row_inner][vc_row_inner][vc_column_inner width=&#8221;1\/2&#8243;][vc_column_text css=&#8221;&#8221;]Op het gebied van oppervlakteafwerking realiseert RUCH NOVAPLAST verschillende varianten, afhankelijk van de eisen en de toepassing. Maar<span class=\"excerpt-hellip\"> [\u2026]<\/span><\/p>\n","protected":false},"author":1,"featured_media":-1,"parent":2099,"menu_order":0,"comment_status":"closed","ping_status":"closed","template":"","meta":{"_acf_changed":false,"footnotes":""},"class_list":["post-2170","page","type-page","status-publish","has-post-thumbnail","hentry"],"acf":[],"yoast_head":"<!-- This site is optimized with the Yoast SEO plugin v27.3 - https:\/\/yoast.com\/product\/yoast-seo-wordpress\/ -->\n<title>Oppervlakteafwerking | RUCH NOVAPLAST GmbH<\/title>\n<meta name=\"description\" content=\"Ontdek de vele mogelijkheden voor oppervlakteafwerking. Welke variant we kiezen, hangt volledig af van de toepassing.\" \/>\n<meta name=\"robots\" content=\"index, follow, max-snippet:-1, max-image-preview:large, max-video-preview:-1\" \/>\n<link rel=\"canonical\" href=\"https:\/\/www.ruch.de\/nl\/innovaties\/oppervlakken-veredelen\/\" \/>\n<meta property=\"og:locale\" content=\"nl_NL\" \/>\n<meta property=\"og:type\" content=\"article\" \/>\n<meta property=\"og:title\" content=\"Oppervlakteafwerking | RUCH NOVAPLAST GmbH\" \/>\n<meta property=\"og:description\" content=\"Ontdek de vele mogelijkheden voor oppervlakteafwerking. Welke variant we kiezen, hangt volledig af van de toepassing.\" \/>\n<meta property=\"og:url\" content=\"https:\/\/www.ruch.de\/nl\/innovaties\/oppervlakken-veredelen\/\" \/>\n<meta property=\"og:site_name\" content=\"RUCH NOVAPLAST\" \/>\n<meta property=\"article:publisher\" content=\"https:\/\/www.facebook.com\/ruchnovaplast\" \/>\n<meta property=\"article:modified_time\" content=\"2026-02-02T10:28:32+00:00\" \/>\n<meta name=\"twitter:card\" content=\"summary_large_image\" \/>\n<meta name=\"twitter:label1\" content=\"Geschatte leestijd\" \/>\n\t<meta name=\"twitter:data1\" content=\"4 minuten\" \/>\n<script type=\"application\/ld+json\" class=\"yoast-schema-graph\">{\"@context\":\"https:\\\/\\\/schema.org\",\"@graph\":[{\"@type\":\"WebPage\",\"@id\":\"https:\\\/\\\/www.ruch.de\\\/nl\\\/innovaties\\\/oppervlakken-veredelen\\\/\",\"url\":\"https:\\\/\\\/www.ruch.de\\\/nl\\\/innovaties\\\/oppervlakken-veredelen\\\/\",\"name\":\"Oppervlakteafwerking | RUCH NOVAPLAST GmbH\",\"isPartOf\":{\"@id\":\"https:\\\/\\\/www.ruch.de\\\/nl\\\/#website\"},\"datePublished\":\"2024-11-13T14:19:13+00:00\",\"dateModified\":\"2026-02-02T10:28:32+00:00\",\"description\":\"Ontdek de vele mogelijkheden voor oppervlakteafwerking. Welke variant we kiezen, hangt volledig af van de toepassing.\",\"breadcrumb\":{\"@id\":\"https:\\\/\\\/www.ruch.de\\\/nl\\\/innovaties\\\/oppervlakken-veredelen\\\/#breadcrumb\"},\"inLanguage\":\"nl-NL\",\"potentialAction\":[{\"@type\":\"ReadAction\",\"target\":[\"https:\\\/\\\/www.ruch.de\\\/nl\\\/innovaties\\\/oppervlakken-veredelen\\\/\"]}]},{\"@type\":\"BreadcrumbList\",\"@id\":\"https:\\\/\\\/www.ruch.de\\\/nl\\\/innovaties\\\/oppervlakken-veredelen\\\/#breadcrumb\",\"itemListElement\":[{\"@type\":\"ListItem\",\"position\":1,\"name\":\"Home\",\"item\":\"https:\\\/\\\/www.ruch.de\\\/nl\\\/\"},{\"@type\":\"ListItem\",\"position\":2,\"name\":\"Innovaties\",\"item\":\"https:\\\/\\\/www.ruch.de\\\/nl\\\/innovaties\\\/\"},{\"@type\":\"ListItem\",\"position\":3,\"name\":\"Oppervlakken veredelen\"}]},{\"@type\":\"WebSite\",\"@id\":\"https:\\\/\\\/www.ruch.de\\\/nl\\\/#website\",\"url\":\"https:\\\/\\\/www.ruch.de\\\/nl\\\/\",\"name\":\"www.ruch.de\",\"description\":\"\",\"publisher\":{\"@id\":\"https:\\\/\\\/www.ruch.de\\\/nl\\\/#organization\"},\"potentialAction\":[{\"@type\":\"SearchAction\",\"target\":{\"@type\":\"EntryPoint\",\"urlTemplate\":\"https:\\\/\\\/www.ruch.de\\\/nl\\\/?s={search_term_string}\"},\"query-input\":{\"@type\":\"PropertyValueSpecification\",\"valueRequired\":true,\"valueName\":\"search_term_string\"}}],\"inLanguage\":\"nl-NL\"},{\"@type\":\"Organization\",\"@id\":\"https:\\\/\\\/www.ruch.de\\\/nl\\\/#organization\",\"name\":\"RUCH NOVAPLAST GmbH\",\"url\":\"https:\\\/\\\/www.ruch.de\\\/nl\\\/\",\"logo\":{\"@type\":\"ImageObject\",\"inLanguage\":\"nl-NL\",\"@id\":\"https:\\\/\\\/www.ruch.de\\\/nl\\\/#\\\/schema\\\/logo\\\/image\\\/\",\"url\":\"https:\\\/\\\/www.ruch.de\\\/wp-content\\\/uploads\\\/2024\\\/11\\\/ruch-novaplast-logo-black.svg\",\"contentUrl\":\"https:\\\/\\\/www.ruch.de\\\/wp-content\\\/uploads\\\/2024\\\/11\\\/ruch-novaplast-logo-black.svg\",\"width\":1802,\"height\":338,\"caption\":\"RUCH NOVAPLAST GmbH\"},\"image\":{\"@id\":\"https:\\\/\\\/www.ruch.de\\\/nl\\\/#\\\/schema\\\/logo\\\/image\\\/\"},\"sameAs\":[\"https:\\\/\\\/www.facebook.com\\\/ruchnovaplast\",\"https:\\\/\\\/www.instagram.com\\\/ruchnovaplast\\\/\",\"https:\\\/\\\/www.linkedin.com\\\/company\\\/ruch-novaplast-gmbh\"]}]}<\/script>\n<!-- \/ Yoast SEO plugin. -->","yoast_head_json":{"title":"Oppervlakteafwerking | RUCH NOVAPLAST GmbH","description":"Ontdek de vele mogelijkheden voor oppervlakteafwerking. Welke variant we kiezen, hangt volledig af van de toepassing.","robots":{"index":"index","follow":"follow","max-snippet":"max-snippet:-1","max-image-preview":"max-image-preview:large","max-video-preview":"max-video-preview:-1"},"canonical":"https:\/\/www.ruch.de\/nl\/innovaties\/oppervlakken-veredelen\/","og_locale":"nl_NL","og_type":"article","og_title":"Oppervlakteafwerking | RUCH NOVAPLAST GmbH","og_description":"Ontdek de vele mogelijkheden voor oppervlakteafwerking. Welke variant we kiezen, hangt volledig af van de toepassing.","og_url":"https:\/\/www.ruch.de\/nl\/innovaties\/oppervlakken-veredelen\/","og_site_name":"RUCH NOVAPLAST","article_publisher":"https:\/\/www.facebook.com\/ruchnovaplast","article_modified_time":"2026-02-02T10:28:32+00:00","twitter_card":"summary_large_image","twitter_misc":{"Geschatte leestijd":"4 minuten"},"schema":{"@context":"https:\/\/schema.org","@graph":[{"@type":"WebPage","@id":"https:\/\/www.ruch.de\/nl\/innovaties\/oppervlakken-veredelen\/","url":"https:\/\/www.ruch.de\/nl\/innovaties\/oppervlakken-veredelen\/","name":"Oppervlakteafwerking | RUCH NOVAPLAST GmbH","isPartOf":{"@id":"https:\/\/www.ruch.de\/nl\/#website"},"datePublished":"2024-11-13T14:19:13+00:00","dateModified":"2026-02-02T10:28:32+00:00","description":"Ontdek de vele mogelijkheden voor oppervlakteafwerking. Welke variant we kiezen, hangt volledig af van de toepassing.","breadcrumb":{"@id":"https:\/\/www.ruch.de\/nl\/innovaties\/oppervlakken-veredelen\/#breadcrumb"},"inLanguage":"nl-NL","potentialAction":[{"@type":"ReadAction","target":["https:\/\/www.ruch.de\/nl\/innovaties\/oppervlakken-veredelen\/"]}]},{"@type":"BreadcrumbList","@id":"https:\/\/www.ruch.de\/nl\/innovaties\/oppervlakken-veredelen\/#breadcrumb","itemListElement":[{"@type":"ListItem","position":1,"name":"Home","item":"https:\/\/www.ruch.de\/nl\/"},{"@type":"ListItem","position":2,"name":"Innovaties","item":"https:\/\/www.ruch.de\/nl\/innovaties\/"},{"@type":"ListItem","position":3,"name":"Oppervlakken veredelen"}]},{"@type":"WebSite","@id":"https:\/\/www.ruch.de\/nl\/#website","url":"https:\/\/www.ruch.de\/nl\/","name":"www.ruch.de","description":"","publisher":{"@id":"https:\/\/www.ruch.de\/nl\/#organization"},"potentialAction":[{"@type":"SearchAction","target":{"@type":"EntryPoint","urlTemplate":"https:\/\/www.ruch.de\/nl\/?s={search_term_string}"},"query-input":{"@type":"PropertyValueSpecification","valueRequired":true,"valueName":"search_term_string"}}],"inLanguage":"nl-NL"},{"@type":"Organization","@id":"https:\/\/www.ruch.de\/nl\/#organization","name":"RUCH NOVAPLAST GmbH","url":"https:\/\/www.ruch.de\/nl\/","logo":{"@type":"ImageObject","inLanguage":"nl-NL","@id":"https:\/\/www.ruch.de\/nl\/#\/schema\/logo\/image\/","url":"https:\/\/www.ruch.de\/wp-content\/uploads\/2024\/11\/ruch-novaplast-logo-black.svg","contentUrl":"https:\/\/www.ruch.de\/wp-content\/uploads\/2024\/11\/ruch-novaplast-logo-black.svg","width":1802,"height":338,"caption":"RUCH NOVAPLAST GmbH"},"image":{"@id":"https:\/\/www.ruch.de\/nl\/#\/schema\/logo\/image\/"},"sameAs":["https:\/\/www.facebook.com\/ruchnovaplast","https:\/\/www.instagram.com\/ruchnovaplast\/","https:\/\/www.linkedin.com\/company\/ruch-novaplast-gmbh"]}]}},"_links":{"self":[{"href":"https:\/\/www.ruch.de\/nl\/wp-json\/wp\/v2\/pages\/2170","targetHints":{"allow":["GET"]}}],"collection":[{"href":"https:\/\/www.ruch.de\/nl\/wp-json\/wp\/v2\/pages"}],"about":[{"href":"https:\/\/www.ruch.de\/nl\/wp-json\/wp\/v2\/types\/page"}],"author":[{"embeddable":true,"href":"https:\/\/www.ruch.de\/nl\/wp-json\/wp\/v2\/users\/1"}],"replies":[{"embeddable":true,"href":"https:\/\/www.ruch.de\/nl\/wp-json\/wp\/v2\/comments?post=2170"}],"version-history":[{"count":1,"href":"https:\/\/www.ruch.de\/nl\/wp-json\/wp\/v2\/pages\/2170\/revisions"}],"predecessor-version":[{"id":7703,"href":"https:\/\/www.ruch.de\/nl\/wp-json\/wp\/v2\/pages\/2170\/revisions\/7703"}],"up":[{"embeddable":true,"href":"https:\/\/www.ruch.de\/nl\/wp-json\/wp\/v2\/pages\/2099"}],"wp:featuredmedia":[{"embeddable":true,"href":"https:\/\/www.ruch.de\/nl\/wp-json\/"}],"wp:attachment":[{"href":"https:\/\/www.ruch.de\/nl\/wp-json\/wp\/v2\/media?parent=2170"}],"curies":[{"name":"wp","href":"https:\/\/api.w.org\/{rel}","templated":true}]}}