{"id":2152,"date":"2024-11-13T15:17:31","date_gmt":"2024-11-13T14:17:31","guid":{"rendered":"https:\/\/www.ruch.de\/innovaties\/gegoten-onderdelen-verbinden\/"},"modified":"2025-08-07T15:50:59","modified_gmt":"2025-08-07T13:50:59","slug":"vormdelen-verbinden","status":"publish","type":"page","link":"https:\/\/www.ruch.de\/nl\/innovaties\/vormdelen-verbinden\/","title":{"rendered":"Vormdelen verbinden"},"content":{"rendered":"<div class=\"wpb-content-wrapper\"><p>[vc_row][vc_column]\n<div class=\"spacer spacer--large\" style=\"height:100px\"><\/div>\n<div class=\"spacer spacer--medium\" style=\"height:60px\"><\/div>\n<div class=\"spacer spacer--small\" style=\"height:60px\"><\/div>\n[vc_row_inner][vc_column_inner][vc_column_text css=&#8221;&#8221;]<\/p>\n<h1>Vormdelen verbinden: materiaalhechting en duurzaam<\/h1>\n<p>[\/vc_column_text][\/vc_column_inner][\/vc_row_inner][vc_row_inner][vc_column_inner width=&#8221;1\/2&#8243;][vc_column_text css=&#8221;&#8221;]RUCH NOVAPLAST is onder andere gespecialiseerd in het verbinden van vormdelen tot een systeem. De verbindingstechniek staat immers bij bijna alle <a href=\"https:\/\/www.ruch.de\/nl\/toepassingen\/\">toepassingen<\/a> centraal. Bij de keuze van de verbinding richten we ons volledig op uw eisen: Moet de verbinding afneembaar zijn of niet? Welke krachten werken op het systeem? Zijn er aanvullende eisen voor dichtheid? Deze vragen moeten worden opgehelderd voordat we een verbindingstechnologie kiezen.[\/vc_column_text][\/vc_column_inner][vc_column_inner width=&#8221;1\/2&#8243;][vc_column_text css=&#8221;&#8221;]Met snap-lock technologie cre\u00ebren we een stabiele verbinding die weer losgemaakt kan worden. We bereiken dit door de twee onderdelen uit te rusten met een tand- en groefverbinding &#8211; deze werkt als een clipsluiting en klikt in elkaar. De <a href=\"https:\/\/www.ruch.de\/nl\/expertise\/procesexpertise\/#lijmen\">verbindingstechniek<\/a> maakt het ook mogelijk om een onlosmakelijke verbinding te maken tussen twee of meer vormdelen van dezelfde of verschillende materialen.<\/p>\n<p>Een andere technologie is NOVAweld<sup>\u00ae<\/sup>. Dit is een baanbrekende technologie voor het materiaalgebonden verbinden van vormschuimonderdelen.[\/vc_column_text][\/vc_column_inner][\/vc_row_inner]\n<div class=\"spacer spacer--large\" style=\"height:60px\"><\/div>\n<div class=\"spacer spacer--medium\" style=\"height:60px\"><\/div>\n<div class=\"spacer spacer--small\" style=\"height:60px\"><\/div>\n[\/vc_column][\/vc_row][vc_row full_width=&#8221;stretch_row_content_no_spaces&#8221; css=&#8221;.vc_custom_1731591164725{background-color: #F5F5F5 !important;}&#8221;][vc_column css=&#8221;.vc_custom_1731592154304{padding-top: 0px !important;}&#8221;][vc_single_image image=&#8221;2153&#8243; img_size=&#8221;full&#8221; alignment=&#8221;right&#8221; css=&#8221;&#8221;][\/vc_column][\/vc_row][vc_row full_width=&#8221;stretch_row&#8221; css=&#8221;.vc_custom_1732110331260{background-color: #F5F5F5 !important;}&#8221;][vc_column]\n<div class=\"spacer spacer--large\" style=\"height:100px\"><\/div>\n<div class=\"spacer spacer--medium\" style=\"height:75px\"><\/div>\n<div class=\"spacer spacer--small\" style=\"height:50px\"><\/div>\n[vc_row_inner][vc_column_inner width=&#8221;2\/12&#8243;][\/vc_column_inner][vc_column_inner width=&#8221;8\/12&#8243;][vc_column_text css=&#8221;&#8221;]<\/p>\n<h2>NOVAweld<sup>\u00ae<\/sup> maakt materiaalhechting van spuitgietproducten mogelijk<\/h2>\n<p>[\/vc_column_text][\/vc_column_inner][vc_column_inner width=&#8221;2\/12&#8243;][\/vc_column_inner][\/vc_row_inner][vc_row_inner][vc_column_inner width=&#8221;2\/12&#8243;][\/vc_column_inner][vc_column_inner width=&#8221;8\/12&#8243;][vc_column_text css=&#8221;&#8221;]NOVAweld<sup>\u00ae<\/sup> is de naam die we geven aan het proces dat we gebruiken om een materiaalverbinding tot stand te brengen tussen de kunststof onderdelen die moeten worden samengevoegd. Hierdoor ontstaan veilige en stabiele samenstellingen en vooral geometrie\u00ebn en afmetingen van vormdelen die anders onmogelijk te produceren zouden zijn. Op deze manier kunnen we niet alleen de complexiteit van de afzonderlijke vormdelen, maar ook die van de schuimgereedschappen aanzienlijk verminderen.[\/vc_column_text][\/vc_column_inner][vc_column_inner width=&#8221;2\/12&#8243;][\/vc_column_inner][\/vc_row_inner][vc_row_inner][vc_column_inner width=&#8221;2\/12&#8243;][\/vc_column_inner][vc_column_inner width=&#8221;8\/12&#8243;]  <a class=\"btn-custom1\" href=\"https:\/\/www.ruch.de\/nl\/innovaties\/vormdelen-verbinden\/novaweld\/\" target=\"_self\" title=\"Meer over NOVAweld\u00ae\">Meer over NOVAweld<sup>\u00ae<\/sup><\/a>[\/vc_column_inner][vc_column_inner width=&#8221;2\/12&#8243;][\/vc_column_inner][\/vc_row_inner]\n<div class=\"spacer spacer--large\" style=\"height:100px\"><\/div>\n<div class=\"spacer spacer--medium\" style=\"height:75px\"><\/div>\n<div class=\"spacer spacer--small\" style=\"height:50px\"><\/div>\n[\/vc_column][\/vc_row][vc_row full_width=&#8221;stretch_row&#8221; el_class=&#8221;bg-yellow-bubbles-top-left&#8221;][vc_column]\n<div class=\"spacer spacer--large\" style=\"height:60px\"><\/div>\n<div class=\"spacer spacer--medium\" style=\"height:60px\"><\/div>\n<div class=\"spacer spacer--small\" style=\"height:60px\"><\/div>\n[vc_row_inner][vc_column_inner width=&#8221;1\/2&#8243;][vc_column_text css=&#8221;&#8221;]<\/p>\n<h2><span class=\"black--stroke\">Het verbinden van vormdelen heeft een aantal voordelen, vooral in de HVAC-sector<\/span><\/h2>\n<p>[\/vc_column_text][\/vc_column_inner][vc_column_inner width=&#8221;1\/2&#8243;][\/vc_column_inner][\/vc_row_inner][vc_row_inner][vc_column_inner width=&#8221;1\/2&#8243;][vc_column_text css=&#8221;&#8221;]Met de NOVAweld<sup>\u00ae<\/sup> technologie kunnen vormdelen thermisch worden verbonden om een materiaalverbinding te vormen die ideale isolatie en luchtdichtheid biedt &#8211; vooral belangrijk voor complexe systemen zoals die in de HVAC-sector. De specifieke materiaaleigenschappen blijven behouden.[\/vc_column_text][\/vc_column_inner][vc_column_inner width=&#8221;1\/2&#8243;][vc_column_text css=&#8221;&#8221;]Een ander hoogtepunt is het thermisch verbinden van vormdelen van partikelschuim, inclusief inzetstukken. Ze worden voor het samenvoegen in de deellijn geplaatst, gepositioneerd en vervolgens samengevoegd. Op deze manier integreren we de inzetstukken in de assemblage.[\/vc_column_text][\/vc_column_inner][\/vc_row_inner]\n<div class=\"spacer spacer--large\" style=\"height:60px\"><\/div>\n<div class=\"spacer spacer--medium\" style=\"height:60px\"><\/div>\n<div class=\"spacer spacer--small\" style=\"height:60px\"><\/div>\n[\/vc_column][\/vc_row][vc_row][vc_column]\n<div class=\"spacer spacer--large\" style=\"height:60px\"><\/div>\n<div class=\"spacer spacer--medium\" style=\"height:60px\"><\/div>\n<div class=\"spacer spacer--small\" style=\"height:60px\"><\/div>\n[\/vc_column][\/vc_row][vc_row][vc_column]          <div class=\"teaser-container teaser-container--two-colum\">\n\n        \n    <div class=\"ruch-teaser-card bg--gray  wpb_animate_when_almost_visible wpb_fadeInLeft fadeInLeft\">\n        <div class=\"teaser-card-content\">\n          <h3>Componenten monteren<\/h3>\n<p>Met NOVAplex<sup>\u00ae<\/sup> stellen we nieuwe normen voor assemblage: met dit proces kunnen onderdelen snel en eenvoudig in vormstukken worden geplaatst &#8211; zonder ingewikkeld schroeven. Ontdek hoe onze innovatieve ontwerpfilosofie het assemblageproces aanzienlijk effici\u00ebnter maakt.<\/p>\n        <\/div>\n                <div class=\"teaser-card-button\">\n          <a href=\"https:\/\/www.ruch.de\/nl\/innovaties\/componenten-monteren\/\" title=\"Innovatie op het gebied van componentenassemblage\" target=\"_self\" class=\"a--jump\">\n              Innovatie op het gebied van componentenassemblage          <\/a>\n        <\/div>\n            <\/div>\n\n  \n    <div class=\"ruch-teaser-card bg--yellow  wpb_animate_when_almost_visible wpb_fadeInRight fadeInRight\">\n        <div class=\"teaser-card-content\">\n          <h3>Apparaten isoleren<\/h3>\n<p>Met NOVAetherm<sup>\u00ae<\/sup> veranderen we de hele verwarmingstechnologie: onze innovatieve oplossing combineert thermische isolatie en verwarmingsfunctie in slechts \u00e9\u00e9n vormdeel. Ontdek hoe deze technologie de effici\u00ebntie van verwarmingssystemen enorm kan verbeteren.<\/p>\n        <\/div>\n                <div class=\"teaser-card-button\">\n          <a href=\"https:\/\/www.ruch.de\/nl\/innovaties\/apparaten-isoleren\/\" title=\"Innovatie op het gebied van isolatietoestellen\" target=\"_self\" class=\"a--jump\">\n              Innovatie op het gebied van isolatietoestellen          <\/a>\n        <\/div>\n            <\/div>\n\n  \n    <div class=\"ruch-teaser-card bg--yellow  wpb_animate_when_almost_visible wpb_fadeInLeft fadeInLeft\">\n        <div class=\"teaser-card-content\">\n          <h3>Elementen bevestigen<\/h3>\n<p>Met NOVAfeed&amp;fix<sup>\u00ae<\/sup> en NOVAson<sup>\u00ae<\/sup> bieden we innovatieve oplossingen voor het bevestigen van elementen in kunststof onderdelen. Ontdek hoe onze twee technologie\u00ebn op twee verschillende manieren nauwkeurige en flexibele bevestigingsmiddelen integreren in behuizingssystemen.<\/p>\n        <\/div>\n                <div class=\"teaser-card-button\">\n          <a href=\"https:\/\/www.ruch.de\/nl\/innovaties\/elementen-bevestigen\/\" title=\"Innovaties op het gebied van bevestigingselementen\" target=\"_self\" class=\"a--jump\">\n              Innovaties op het gebied van bevestigingselementen          <\/a>\n        <\/div>\n            <\/div>\n\n  \n    <div class=\"ruch-teaser-card bg--gray  wpb_animate_when_almost_visible wpb_fadeInRight fadeInRight\">\n        <div class=\"teaser-card-content\">\n          <h3>Oppervlakken veredelen<\/h3>\n<p>Met NOVAtexture<sup>\u00ae<\/sup> verfijnen we vormdelen van partikelschuim tijdens de productie. Ontdek hoe onze innovatieve technologie prachtig gevormde en functionele oppervlakken cre\u00ebert die er ook beter uitzien en aanvoelen.<\/p>\n        <\/div>\n                <div class=\"teaser-card-button\">\n          <a href=\"https:\/\/www.ruch.de\/nl\/innovaties\/oppervlakken-veredelen\/\" title=\"Innovatie op het gebied van oppervlakteafwerking\" target=\"_self\" class=\"a--jump\">\n              Innovatie op het gebied van oppervlakteafwerking          <\/a>\n        <\/div>\n            <\/div>\n      <\/div>\n    [\/vc_column][\/vc_row][vc_row][vc_column]\n<div class=\"spacer spacer--large\" style=\"height:60px\"><\/div>\n<div class=\"spacer spacer--medium\" style=\"height:60px\"><\/div>\n<div class=\"spacer spacer--small\" style=\"height:60px\"><\/div>\n[\/vc_column][\/vc_row]<\/p>\n<\/div>","protected":false},"excerpt":{"rendered":"<p>[vc_row][vc_column][vc_row_inner][vc_column_inner][vc_column_text css=&#8221;&#8221;] Vormdelen verbinden: materiaalhechting en duurzaam [\/vc_column_text][\/vc_column_inner][\/vc_row_inner][vc_row_inner][vc_column_inner width=&#8221;1\/2&#8243;][vc_column_text css=&#8221;&#8221;]RUCH NOVAPLAST is onder andere gespecialiseerd in het verbinden van vormdelen tot een systeem. De verbindingstechniek staat<span class=\"excerpt-hellip\"> [\u2026]<\/span><\/p>\n","protected":false},"author":1,"featured_media":-1,"parent":2099,"menu_order":0,"comment_status":"closed","ping_status":"closed","template":"","meta":{"_acf_changed":false,"footnotes":""},"class_list":["post-2152","page","type-page","status-publish","has-post-thumbnail","hentry"],"acf":[],"yoast_head":"<!-- This site is optimized with the Yoast SEO plugin v27.3 - https:\/\/yoast.com\/product\/yoast-seo-wordpress\/ -->\n<title>Vormdelen verbinden | RUCH NOVAPLAST GmbH<\/title>\n<meta name=\"description\" content=\"Ontdek hoe we spuitgietproducten op verschillende manieren verbinden. Bij het kiezen van de verbinding laten we ons leiden door uw vereisten.\" \/>\n<meta name=\"robots\" content=\"index, follow, max-snippet:-1, max-image-preview:large, max-video-preview:-1\" \/>\n<link rel=\"canonical\" href=\"https:\/\/www.ruch.de\/nl\/innovaties\/vormdelen-verbinden\/\" \/>\n<meta property=\"og:locale\" content=\"nl_NL\" \/>\n<meta property=\"og:type\" content=\"article\" \/>\n<meta property=\"og:title\" content=\"Vormdelen verbinden | RUCH NOVAPLAST GmbH\" \/>\n<meta property=\"og:description\" content=\"Ontdek hoe we spuitgietproducten op verschillende manieren verbinden. Bij het kiezen van de verbinding laten we ons leiden door uw vereisten.\" \/>\n<meta property=\"og:url\" content=\"https:\/\/www.ruch.de\/nl\/innovaties\/vormdelen-verbinden\/\" \/>\n<meta property=\"og:site_name\" content=\"RUCH NOVAPLAST\" \/>\n<meta property=\"article:publisher\" content=\"https:\/\/www.facebook.com\/ruchnovaplast\" \/>\n<meta property=\"article:modified_time\" content=\"2025-08-07T13:50:59+00:00\" \/>\n<meta name=\"twitter:card\" content=\"summary_large_image\" \/>\n<meta name=\"twitter:label1\" content=\"Geschatte leestijd\" \/>\n\t<meta name=\"twitter:data1\" content=\"4 minuten\" \/>\n<script type=\"application\/ld+json\" class=\"yoast-schema-graph\">{\"@context\":\"https:\\\/\\\/schema.org\",\"@graph\":[{\"@type\":\"WebPage\",\"@id\":\"https:\\\/\\\/www.ruch.de\\\/nl\\\/innovaties\\\/vormdelen-verbinden\\\/\",\"url\":\"https:\\\/\\\/www.ruch.de\\\/nl\\\/innovaties\\\/vormdelen-verbinden\\\/\",\"name\":\"Vormdelen verbinden | RUCH NOVAPLAST GmbH\",\"isPartOf\":{\"@id\":\"https:\\\/\\\/www.ruch.de\\\/nl\\\/#website\"},\"datePublished\":\"2024-11-13T14:17:31+00:00\",\"dateModified\":\"2025-08-07T13:50:59+00:00\",\"description\":\"Ontdek hoe we spuitgietproducten op verschillende manieren verbinden. Bij het kiezen van de verbinding laten we ons leiden door uw vereisten.\",\"breadcrumb\":{\"@id\":\"https:\\\/\\\/www.ruch.de\\\/nl\\\/innovaties\\\/vormdelen-verbinden\\\/#breadcrumb\"},\"inLanguage\":\"nl-NL\",\"potentialAction\":[{\"@type\":\"ReadAction\",\"target\":[\"https:\\\/\\\/www.ruch.de\\\/nl\\\/innovaties\\\/vormdelen-verbinden\\\/\"]}]},{\"@type\":\"BreadcrumbList\",\"@id\":\"https:\\\/\\\/www.ruch.de\\\/nl\\\/innovaties\\\/vormdelen-verbinden\\\/#breadcrumb\",\"itemListElement\":[{\"@type\":\"ListItem\",\"position\":1,\"name\":\"Home\",\"item\":\"https:\\\/\\\/www.ruch.de\\\/nl\\\/\"},{\"@type\":\"ListItem\",\"position\":2,\"name\":\"Innovaties\",\"item\":\"https:\\\/\\\/www.ruch.de\\\/nl\\\/innovaties\\\/\"},{\"@type\":\"ListItem\",\"position\":3,\"name\":\"Vormdelen verbinden\"}]},{\"@type\":\"WebSite\",\"@id\":\"https:\\\/\\\/www.ruch.de\\\/nl\\\/#website\",\"url\":\"https:\\\/\\\/www.ruch.de\\\/nl\\\/\",\"name\":\"www.ruch.de\",\"description\":\"\",\"publisher\":{\"@id\":\"https:\\\/\\\/www.ruch.de\\\/nl\\\/#organization\"},\"potentialAction\":[{\"@type\":\"SearchAction\",\"target\":{\"@type\":\"EntryPoint\",\"urlTemplate\":\"https:\\\/\\\/www.ruch.de\\\/nl\\\/?s={search_term_string}\"},\"query-input\":{\"@type\":\"PropertyValueSpecification\",\"valueRequired\":true,\"valueName\":\"search_term_string\"}}],\"inLanguage\":\"nl-NL\"},{\"@type\":\"Organization\",\"@id\":\"https:\\\/\\\/www.ruch.de\\\/nl\\\/#organization\",\"name\":\"RUCH NOVAPLAST GmbH\",\"url\":\"https:\\\/\\\/www.ruch.de\\\/nl\\\/\",\"logo\":{\"@type\":\"ImageObject\",\"inLanguage\":\"nl-NL\",\"@id\":\"https:\\\/\\\/www.ruch.de\\\/nl\\\/#\\\/schema\\\/logo\\\/image\\\/\",\"url\":\"https:\\\/\\\/www.ruch.de\\\/wp-content\\\/uploads\\\/2024\\\/11\\\/ruch-novaplast-logo-black.svg\",\"contentUrl\":\"https:\\\/\\\/www.ruch.de\\\/wp-content\\\/uploads\\\/2024\\\/11\\\/ruch-novaplast-logo-black.svg\",\"width\":1802,\"height\":338,\"caption\":\"RUCH NOVAPLAST GmbH\"},\"image\":{\"@id\":\"https:\\\/\\\/www.ruch.de\\\/nl\\\/#\\\/schema\\\/logo\\\/image\\\/\"},\"sameAs\":[\"https:\\\/\\\/www.facebook.com\\\/ruchnovaplast\",\"https:\\\/\\\/www.instagram.com\\\/ruchnovaplast\\\/\",\"https:\\\/\\\/www.linkedin.com\\\/company\\\/ruch-novaplast-gmbh\"]}]}<\/script>\n<!-- \/ Yoast SEO plugin. -->","yoast_head_json":{"title":"Vormdelen verbinden | RUCH NOVAPLAST GmbH","description":"Ontdek hoe we spuitgietproducten op verschillende manieren verbinden. Bij het kiezen van de verbinding laten we ons leiden door uw vereisten.","robots":{"index":"index","follow":"follow","max-snippet":"max-snippet:-1","max-image-preview":"max-image-preview:large","max-video-preview":"max-video-preview:-1"},"canonical":"https:\/\/www.ruch.de\/nl\/innovaties\/vormdelen-verbinden\/","og_locale":"nl_NL","og_type":"article","og_title":"Vormdelen verbinden | RUCH NOVAPLAST GmbH","og_description":"Ontdek hoe we spuitgietproducten op verschillende manieren verbinden. Bij het kiezen van de verbinding laten we ons leiden door uw vereisten.","og_url":"https:\/\/www.ruch.de\/nl\/innovaties\/vormdelen-verbinden\/","og_site_name":"RUCH NOVAPLAST","article_publisher":"https:\/\/www.facebook.com\/ruchnovaplast","article_modified_time":"2025-08-07T13:50:59+00:00","twitter_card":"summary_large_image","twitter_misc":{"Geschatte leestijd":"4 minuten"},"schema":{"@context":"https:\/\/schema.org","@graph":[{"@type":"WebPage","@id":"https:\/\/www.ruch.de\/nl\/innovaties\/vormdelen-verbinden\/","url":"https:\/\/www.ruch.de\/nl\/innovaties\/vormdelen-verbinden\/","name":"Vormdelen verbinden | RUCH NOVAPLAST GmbH","isPartOf":{"@id":"https:\/\/www.ruch.de\/nl\/#website"},"datePublished":"2024-11-13T14:17:31+00:00","dateModified":"2025-08-07T13:50:59+00:00","description":"Ontdek hoe we spuitgietproducten op verschillende manieren verbinden. Bij het kiezen van de verbinding laten we ons leiden door uw vereisten.","breadcrumb":{"@id":"https:\/\/www.ruch.de\/nl\/innovaties\/vormdelen-verbinden\/#breadcrumb"},"inLanguage":"nl-NL","potentialAction":[{"@type":"ReadAction","target":["https:\/\/www.ruch.de\/nl\/innovaties\/vormdelen-verbinden\/"]}]},{"@type":"BreadcrumbList","@id":"https:\/\/www.ruch.de\/nl\/innovaties\/vormdelen-verbinden\/#breadcrumb","itemListElement":[{"@type":"ListItem","position":1,"name":"Home","item":"https:\/\/www.ruch.de\/nl\/"},{"@type":"ListItem","position":2,"name":"Innovaties","item":"https:\/\/www.ruch.de\/nl\/innovaties\/"},{"@type":"ListItem","position":3,"name":"Vormdelen verbinden"}]},{"@type":"WebSite","@id":"https:\/\/www.ruch.de\/nl\/#website","url":"https:\/\/www.ruch.de\/nl\/","name":"www.ruch.de","description":"","publisher":{"@id":"https:\/\/www.ruch.de\/nl\/#organization"},"potentialAction":[{"@type":"SearchAction","target":{"@type":"EntryPoint","urlTemplate":"https:\/\/www.ruch.de\/nl\/?s={search_term_string}"},"query-input":{"@type":"PropertyValueSpecification","valueRequired":true,"valueName":"search_term_string"}}],"inLanguage":"nl-NL"},{"@type":"Organization","@id":"https:\/\/www.ruch.de\/nl\/#organization","name":"RUCH NOVAPLAST GmbH","url":"https:\/\/www.ruch.de\/nl\/","logo":{"@type":"ImageObject","inLanguage":"nl-NL","@id":"https:\/\/www.ruch.de\/nl\/#\/schema\/logo\/image\/","url":"https:\/\/www.ruch.de\/wp-content\/uploads\/2024\/11\/ruch-novaplast-logo-black.svg","contentUrl":"https:\/\/www.ruch.de\/wp-content\/uploads\/2024\/11\/ruch-novaplast-logo-black.svg","width":1802,"height":338,"caption":"RUCH NOVAPLAST GmbH"},"image":{"@id":"https:\/\/www.ruch.de\/nl\/#\/schema\/logo\/image\/"},"sameAs":["https:\/\/www.facebook.com\/ruchnovaplast","https:\/\/www.instagram.com\/ruchnovaplast\/","https:\/\/www.linkedin.com\/company\/ruch-novaplast-gmbh"]}]}},"_links":{"self":[{"href":"https:\/\/www.ruch.de\/nl\/wp-json\/wp\/v2\/pages\/2152","targetHints":{"allow":["GET"]}}],"collection":[{"href":"https:\/\/www.ruch.de\/nl\/wp-json\/wp\/v2\/pages"}],"about":[{"href":"https:\/\/www.ruch.de\/nl\/wp-json\/wp\/v2\/types\/page"}],"author":[{"embeddable":true,"href":"https:\/\/www.ruch.de\/nl\/wp-json\/wp\/v2\/users\/1"}],"replies":[{"embeddable":true,"href":"https:\/\/www.ruch.de\/nl\/wp-json\/wp\/v2\/comments?post=2152"}],"version-history":[{"count":0,"href":"https:\/\/www.ruch.de\/nl\/wp-json\/wp\/v2\/pages\/2152\/revisions"}],"up":[{"embeddable":true,"href":"https:\/\/www.ruch.de\/nl\/wp-json\/wp\/v2\/pages\/2099"}],"wp:featuredmedia":[{"embeddable":true,"href":"https:\/\/www.ruch.de\/nl\/wp-json\/"}],"wp:attachment":[{"href":"https:\/\/www.ruch.de\/nl\/wp-json\/wp\/v2\/media?parent=2152"}],"curies":[{"name":"wp","href":"https:\/\/api.w.org\/{rel}","templated":true}]}}