{"id":2126,"date":"2024-11-13T15:16:23","date_gmt":"2024-11-13T14:16:23","guid":{"rendered":"https:\/\/www.ruch.de\/innovaties\/bevestigingselementen\/"},"modified":"2026-01-15T11:26:41","modified_gmt":"2026-01-15T10:26:41","slug":"elementen-bevestigen","status":"publish","type":"page","link":"https:\/\/www.ruch.de\/nl\/innovaties\/elementen-bevestigen\/","title":{"rendered":"Elementen bevestigen"},"content":{"rendered":"<div class=\"wpb-content-wrapper\"><p>[vc_row][vc_column]\n<div class=\"spacer spacer--large\" style=\"height:100px\"><\/div>\n<div class=\"spacer spacer--medium\" style=\"height:60px\"><\/div>\n<div class=\"spacer spacer--small\" style=\"height:60px\"><\/div>\n[vc_row_inner][vc_column_inner][vc_column_text css=&#8221;&#8221;]<\/p>\n<h1>Bevestigingselementen: gestandaardiseerd en veilig<\/h1>\n<p>[\/vc_column_text][\/vc_column_inner][\/vc_row_inner][vc_row_inner][vc_column_inner width=&#8221;1\/2&#8243;][vc_column_text css=&#8221;&#8221;]RUCH NOVAPLAST is toonaangevend in de ontwikkeling van innovatieve technologie\u00ebn voor bevestigingselementen in vormdelen. Zij brengen immers essenti\u00eble functies op een economische manier in het partikelschuim en dragen zo bij tot de functionalisering ervan. Op dit gebied beschikken we over een universeel modulair systeem van verschillende bevestigingselementen, die afhankelijk van het toepassingsgebied worden gebruikt. Zo zijn bijvoorbeeld drukbestendige en drukdichte kabeldoorvoeren met trekontlasting en knikbeveiliging, slangkoppelingen en sensorbevestigingen direct in het EPP-chassis mogelijk. Op het gebied van bevestiging is het bijvoorbeeld mogelijk om met scharnieraanslagpunten te werken. <a href=\"https:\/\/www.ruch.de\/nl\/expertise\/functionele-productexpertise\/#functionalisatie-met-inzetstukken\">Functionalisering met inserts<\/a> is een essentieel onderdeel van onze productexpertise.[\/vc_column_text][\/vc_column_inner][vc_column_inner width=&#8221;1\/2&#8243;][vc_column_text css=&#8221;&#8221;]NOVAfeed&amp;fix<sup>\u00ae<\/sup> en NOVAson<sup>\u00ae<\/sup> zijn twee door ons ontwikkelde innovaties. Met onze NOVAfeed&amp;fix<sup>\u00ae<\/sup>serie bieden we gestandaardiseerde doorvoeren en bevestigingselementen voor behuizingen die ontstaan door <a href=\"https:\/\/www.ruch.de\/nl\/expertise\/procesexpertise\/#spuitgieten-van-composietschuim\">PVSG<\/a> standaard onderdelente combineren met lichtgewicht composiet onderdelen. Daarnaast vormen NOVAson<sup>\u00ae<\/sup> oplossingen de basis voor zelftappende schroefdraden.[\/vc_column_text][\/vc_column_inner][\/vc_row_inner]\n<div class=\"spacer spacer--large\" style=\"height:60px\"><\/div>\n<div class=\"spacer spacer--medium\" style=\"height:60px\"><\/div>\n<div class=\"spacer spacer--small\" style=\"height:60px\"><\/div>\n[\/vc_column][\/vc_row][vc_row full_width=&#8221;stretch_row_content_no_spaces&#8221; css=&#8221;.vc_custom_1731591164725{background-color: #F5F5F5 !important;}&#8221;][vc_column css=&#8221;.vc_custom_1731592154304{padding-top: 0px !important;}&#8221;][vc_single_image image=&#8221;2128&#8243; img_size=&#8221;full&#8221; alignment=&#8221;right&#8221; css=&#8221;&#8221;][\/vc_column][\/vc_row][vc_row full_width=&#8221;stretch_row&#8221; css=&#8221;.vc_custom_1732110331260{background-color: #F5F5F5 !important;}&#8221;][vc_column]\n<div class=\"spacer spacer--large\" style=\"height:100px\"><\/div>\n<div class=\"spacer spacer--medium\" style=\"height:75px\"><\/div>\n<div class=\"spacer spacer--small\" style=\"height:50px\"><\/div>\n[vc_row_inner][vc_column_inner width=&#8221;2\/12&#8243;][\/vc_column_inner][vc_column_inner width=&#8221;8\/12&#8243;][vc_column_text css=&#8221;&#8221;]<\/p>\n<h2>NOVAfeed&amp;fix<sup>\u00ae<\/sup> cre\u00ebert veerkrachtige verbindingen<\/h2>\n<p>[\/vc_column_text][\/vc_column_inner][vc_column_inner width=&#8221;2\/12&#8243;][\/vc_column_inner][\/vc_row_inner][vc_row_inner][vc_column_inner width=&#8221;2\/12&#8243;][\/vc_column_inner][vc_column_inner width=&#8221;8\/12&#8243;][vc_column_text css=&#8221;&#8221;]De NOVAfeed&amp;fix<sup>\u00ae<\/sup>-serie van RUCH NOVAPLAST stelt nieuwe normen voor de integratie van gestandaardiseerde behuizingsdoorvoeren en bevestigingselementen in spuitgietonderdelen van spaanplaat. Deze innovatie combineert functionaliteit en effici\u00ebntie: dankzij de vergrendelende verbinding direct in de behuizing maken de NOVAfeed&amp;fix<sup>\u00ae<\/sup>elementen een duurzame en veerkrachtige verbinding mogelijk die bestand is tegen zowel mechanische als thermische belastingen.[\/vc_column_text][\/vc_column_inner][vc_column_inner width=&#8221;2\/12&#8243;][\/vc_column_inner][\/vc_row_inner][vc_row_inner][vc_column_inner width=&#8221;2\/12&#8243;][\/vc_column_inner][vc_column_inner width=&#8221;8\/12&#8243;]  <a class=\"btn-custom1\" href=\"https:\/\/www.ruch.de\/nl\/innovaties\/elementen-bevestigen\/novafeedfix\/\" target=\"_self\" title=\"Meer over NOVAfeed&amp;fix\u00ae\">Meer over NOVAfeed&amp;fix<sup>\u00ae<\/sup><\/a>[\/vc_column_inner][vc_column_inner width=&#8221;2\/12&#8243;][\/vc_column_inner][\/vc_row_inner]\n<div class=\"spacer spacer--large\" style=\"height:100px\"><\/div>\n<div class=\"spacer spacer--medium\" style=\"height:75px\"><\/div>\n<div class=\"spacer spacer--small\" style=\"height:50px\"><\/div>\n[\/vc_column][\/vc_row][vc_row full_width=&#8221;stretch_row_content_no_spaces&#8221; css=&#8221;.vc_custom_1731591164725{background-color: #F5F5F5 !important;}&#8221;][vc_column css=&#8221;.vc_custom_1731592154304{padding-top: 0px !important;}&#8221;][vc_single_image image=&#8221;2127&#8243; img_size=&#8221;full&#8221; alignment=&#8221;right&#8221; css=&#8221;&#8221;][\/vc_column][\/vc_row][vc_row full_width=&#8221;stretch_row&#8221; css=&#8221;.vc_custom_1732110331260{background-color: #F5F5F5 !important;}&#8221;][vc_column]\n<div class=\"spacer spacer--large\" style=\"height:100px\"><\/div>\n<div class=\"spacer spacer--medium\" style=\"height:75px\"><\/div>\n<div class=\"spacer spacer--small\" style=\"height:50px\"><\/div>\n[vc_row_inner][vc_column_inner width=&#8221;2\/12&#8243;][\/vc_column_inner][vc_column_inner width=&#8221;8\/12&#8243;][vc_column_text css=&#8221;&#8221;]<\/p>\n<h2>NOVAson<sup>\u00ae<\/sup> gebruikt zelftappende schroefdraden<\/h2>\n<p>[\/vc_column_text][\/vc_column_inner][vc_column_inner width=&#8221;2\/12&#8243;][\/vc_column_inner][\/vc_row_inner][vc_row_inner][vc_column_inner width=&#8221;2\/12&#8243;][\/vc_column_inner][vc_column_inner width=&#8221;8\/12&#8243;][vc_column_text css=&#8221;&#8221;]Met NOVAson<sup>\u00ae<\/sup> richt RUCH NOVAPLAST zich op het innovatief functionaliseren van vormdelen van partikelschuim met behulp van geavanceerde ultrasoontechnologie. Deze methode maakt het mogelijk om LiteWeight<sup>\u00ae<\/sup> zEPP\u2122 elementen gelijktijdig vorm- en materiaalvast in het schuim te integreren, wat resulteert in een uitzonderlijk stabiele en nauwkeurige verbinding. Als aanvulling op de NOVAfeed&amp;fix<sup>\u00ae<\/sup> serie vormen NOVAson<sup>\u00ae<\/sup> oplossingen de basis voor het gebruik van zelftappende PT<sup>\u00ae<\/sup> schroeven. Deze techniek zorgt niet alleen voor maximale duurzaamheid, maar optimaliseert ook de procestijden door een effici\u00ebntere integratie.[\/vc_column_text][\/vc_column_inner][vc_column_inner width=&#8221;2\/12&#8243;][\/vc_column_inner][\/vc_row_inner][vc_row_inner][vc_column_inner width=&#8221;2\/12&#8243;][\/vc_column_inner][vc_column_inner width=&#8221;8\/12&#8243;]  <a class=\"btn-custom1\" href=\"https:\/\/www.ruch.de\/nl\/innovaties\/elementen-bevestigen\/novason\/\" target=\"_self\" title=\"Meer over NOVAson\u00ae\">Meer over NOVAson<sup>\u00ae<\/sup><\/a>[\/vc_column_inner][vc_column_inner width=&#8221;2\/12&#8243;][\/vc_column_inner][\/vc_row_inner]\n<div class=\"spacer spacer--large\" style=\"height:100px\"><\/div>\n<div class=\"spacer spacer--medium\" style=\"height:75px\"><\/div>\n<div class=\"spacer spacer--small\" style=\"height:50px\"><\/div>\n[\/vc_column][\/vc_row][vc_row full_width=&#8221;stretch_row&#8221; el_class=&#8221;bg-yellow-bubbles-top-left&#8221;][vc_column]\n<div class=\"spacer spacer--large\" style=\"height:60px\"><\/div>\n<div class=\"spacer spacer--medium\" style=\"height:60px\"><\/div>\n<div class=\"spacer spacer--small\" style=\"height:60px\"><\/div>\n[vc_row_inner][vc_column_inner width=&#8221;1\/2&#8243;][vc_column_text css=&#8221;&#8221;]<\/p>\n<h2><span class=\"black--stroke\">Onze innovaties bieden een breed scala aan mogelijke toepassingen<\/span><\/h2>\n<p>[\/vc_column_text][\/vc_column_inner][vc_column_inner width=&#8221;1\/2&#8243;][\/vc_column_inner][\/vc_row_inner][vc_row_inner][vc_column_inner width=&#8221;1\/2&#8243;][vc_column_text css=&#8221;&#8221;]Onze innovaties zijn vooral indrukwekkend op het gebied van huis- en gebouwtechnologie en mobiliteit &#8211; bijvoorbeeld in de vorm van nauwkeurige, veilige muurdoorvoeren voor kabels, slangen en sensoren.[\/vc_column_text][\/vc_column_inner][vc_column_inner width=&#8221;1\/2&#8243;][vc_column_text css=&#8221;&#8221;]Hetzelfde geldt voor het bevestigen van comfortartikelen zoals stoffen en kussentjes in motorhelmen.[\/vc_column_text][\/vc_column_inner][\/vc_row_inner]\n<div class=\"spacer spacer--large\" style=\"height:60px\"><\/div>\n<div class=\"spacer spacer--medium\" style=\"height:60px\"><\/div>\n<div class=\"spacer spacer--small\" style=\"height:60px\"><\/div>\n[\/vc_column][\/vc_row][vc_row][vc_column]\n    <div class=\"ruch-blogteaser single-post\">\n        <div class=\"wysiwyg\">\n                    <\/div>\n                                    <div class=\"ruch-blogteaser__inner\">\n                                            \n    <div class=\"ruch-blogteaser__post\">\n        <div class=\"ruch-blogteaser__img\">\n            <img loading=\"lazy\" decoding=\"async\" width=\"892\" height=\"664\" src=\"https:\/\/www.ruch.de\/wp-content\/uploads\/2025\/01\/novafeed-and-fix-befestigungselemente-ruch-novaplast.jpg\" class=\"attachment-full size-full wp-post-image\" alt=\"NOVAfeed&amp;fix bevestigingselementen M6, M8, M25 en M40 | Nieuws | RUCH NOVAPLAST GmbH in Oberkirch\" srcset=\"https:\/\/www.ruch.de\/wp-content\/uploads\/2025\/01\/novafeed-and-fix-befestigungselemente-ruch-novaplast.jpg 892w, https:\/\/www.ruch.de\/wp-content\/uploads\/2025\/01\/novafeed-and-fix-befestigungselemente-ruch-novaplast-300x223.jpg 300w, https:\/\/www.ruch.de\/wp-content\/uploads\/2025\/01\/novafeed-and-fix-befestigungselemente-ruch-novaplast-768x572.jpg 768w, https:\/\/www.ruch.de\/wp-content\/uploads\/2025\/01\/novafeed-and-fix-befestigungselemente-ruch-novaplast-101x75.jpg 101w, https:\/\/www.ruch.de\/wp-content\/uploads\/2025\/01\/novafeed-and-fix-befestigungselemente-ruch-novaplast-480x357.jpg 480w\" sizes=\"auto, (max-width:767px) 480px, (max-width:892px) 100vw, 892px\" \/>        <\/div>\n\n        <div class=\"ruch-blogteaser__text\">\n                            <p class=\"ruch-blogteaser__child-category\">Bevestigen<\/p>\n            \n            <h3>Precisie en stabiliteit met NOVAfeed&amp;fix\u00ae bevestigingselementen<\/h3>\n            <p>Een sterke verbinding voor elk project: de NOVAfeed&amp;fix\u00ae bevestigingselementen van RUCH NOVAPLAST staan voor maximale effici\u00ebntie in montage- en verbindingstechniek.<\/p>\n\n            <a href=\"https:\/\/www.ruch.de\/nl\/news\/bevestigingselementen\/\" class=\"btn-custom2\">\n                naar het blogbericht            <\/a>\n        <\/div>\n    <\/div>\n\n                                        <\/div>\n            \n                        <\/div>\n\n    [\/vc_column][\/vc_row][vc_row][vc_column]\n<div class=\"spacer spacer--large\" style=\"height:60px\"><\/div>\n<div class=\"spacer spacer--medium\" style=\"height:60px\"><\/div>\n<div class=\"spacer spacer--small\" style=\"height:60px\"><\/div>\n[\/vc_column][\/vc_row][vc_row][vc_column]          <div class=\"teaser-container teaser-container--two-colum\">\n\n        \n    <div class=\"ruch-teaser-card bg--gray  wpb_animate_when_almost_visible wpb_fadeInLeft fadeInLeft\">\n        <div class=\"teaser-card-content\">\n          <h3>Componenten monteren<\/h3>\n<p>Met NOVAplex<sup>\u00ae<\/sup> stellen we nieuwe normen voor assemblage: onderdelen worden snel en eenvoudig in vormstukken geplaatst &#8211; zonder ingewikkeld schroeven. Ontdek hoe onze innovatieve ontwerpfilosofie het assemblageproces aanzienlijk effici\u00ebnter maakt.<\/p>\n        <\/div>\n                <div class=\"teaser-card-button\">\n          <a href=\"https:\/\/www.ruch.de\/nl\/innovaties\/componenten-monteren\/\" title=\"Innovatie op het gebied van componentenassemblage\" target=\"_self\" class=\"a--jump\">\n              Innovatie op het gebied van componentenassemblage          <\/a>\n        <\/div>\n            <\/div>\n\n  \n    <div class=\"ruch-teaser-card bg--yellow  wpb_animate_when_almost_visible wpb_fadeInRight fadeInRight\">\n        <div class=\"teaser-card-content\">\n          <h3>Apparaten isoleren<\/h3>\n<p>Met NOVAetherm<sup>\u00ae<\/sup> veranderen we de verwarmingstechnologie: onze innovatieve oplossing combineert thermische isolatie en verwarmingsfunctie in \u00e9\u00e9n enkel vormstuk. Ontdek hoe deze technologie de effici\u00ebntie van verwarmingssystemen aanzienlijk verbetert.<\/p>\n        <\/div>\n                <div class=\"teaser-card-button\">\n          <a href=\"https:\/\/www.ruch.de\/nl\/innovaties\/apparaten-isoleren\/\" title=\"Innovatie op het gebied van isolatietoestellen\" target=\"_self\" class=\"a--jump\">\n              Innovatie op het gebied van isolatietoestellen          <\/a>\n        <\/div>\n            <\/div>\n\n  \n    <div class=\"ruch-teaser-card bg--yellow  wpb_animate_when_almost_visible wpb_fadeInLeft fadeInLeft\">\n        <div class=\"teaser-card-content\">\n          <h3>Vormdelen verbinden<\/h3>\n<p>Met NOVAweld<sup>\u00ae<\/sup> hebben we een innovatieve technologie ontwikkeld voor het lijmen van vormschuimonderdelen. Ontdek hoe dit proces complexe onderdelen effici\u00ebnt verbindt zonder hun unieke eigenschappen te veranderen.<\/p>\n        <\/div>\n                <div class=\"teaser-card-button\">\n          <a href=\"https:\/\/www.ruch.de\/nl\/innovaties\/vormdelen-verbinden\/\" title=\"Innovatie in de sector voor vormdelen verbinden\" target=\"_self\" class=\"a--jump\">\n              Innovatie in de sector voor vormdelen verbinden          <\/a>\n        <\/div>\n            <\/div>\n\n  \n    <div class=\"ruch-teaser-card bg--gray  wpb_animate_when_almost_visible wpb_fadeInRight fadeInRight\">\n        <div class=\"teaser-card-content\">\n          <h3>Oppervlakken veredelen<\/h3>\n<p>Met NOVAtexture<sup>\u00ae<\/sup> verfijnen we vormdelen van partikelschuim tijdens de productie. Ontdek hoe onze innovatieve technologie prachtig gevormde en functionele oppervlakken cre\u00ebert die zowel het uiterlijk als het gevoel verbeteren.<\/p>\n        <\/div>\n                <div class=\"teaser-card-button\">\n          <a href=\"https:\/\/www.ruch.de\/nl\/innovaties\/oppervlakken-veredelen\/\" title=\"Innovatie op het gebied van oppervlakteafwerking\" target=\"_self\" class=\"a--jump\">\n              Innovatie op het gebied van oppervlakteafwerking          <\/a>\n        <\/div>\n            <\/div>\n      <\/div>\n    [\/vc_column][\/vc_row][vc_row][vc_column]\n<div class=\"spacer spacer--large\" style=\"height:60px\"><\/div>\n<div class=\"spacer spacer--medium\" style=\"height:60px\"><\/div>\n<div class=\"spacer spacer--small\" style=\"height:60px\"><\/div>\n[\/vc_column][\/vc_row]<\/p>\n<\/div>","protected":false},"excerpt":{"rendered":"<p>[vc_row][vc_column][vc_row_inner][vc_column_inner][vc_column_text css=&#8221;&#8221;] Bevestigingselementen: gestandaardiseerd en veilig [\/vc_column_text][\/vc_column_inner][\/vc_row_inner][vc_row_inner][vc_column_inner width=&#8221;1\/2&#8243;][vc_column_text css=&#8221;&#8221;]RUCH NOVAPLAST is toonaangevend in de ontwikkeling van innovatieve technologie\u00ebn voor bevestigingselementen in vormdelen. Zij brengen immers essenti\u00eble<span class=\"excerpt-hellip\"> [\u2026]<\/span><\/p>\n","protected":false},"author":1,"featured_media":-1,"parent":2099,"menu_order":0,"comment_status":"closed","ping_status":"closed","template":"","meta":{"_acf_changed":false,"footnotes":""},"class_list":["post-2126","page","type-page","status-publish","has-post-thumbnail","hentry"],"acf":[],"yoast_head":"<!-- This site is optimized with the Yoast SEO plugin v27.3 - https:\/\/yoast.com\/product\/yoast-seo-wordpress\/ -->\n<title>Bevestigingselementen | RUCH NOVAPLAST GmbH<\/title>\n<meta name=\"description\" content=\"Een overzicht van de beschikbare opties voor bevestigingselementen in vormstukken.\" \/>\n<meta name=\"robots\" content=\"index, follow, max-snippet:-1, max-image-preview:large, max-video-preview:-1\" \/>\n<link rel=\"canonical\" href=\"https:\/\/www.ruch.de\/nl\/innovaties\/elementen-bevestigen\/\" \/>\n<meta property=\"og:locale\" content=\"nl_NL\" \/>\n<meta property=\"og:type\" content=\"article\" \/>\n<meta property=\"og:title\" content=\"Bevestigingselementen | RUCH NOVAPLAST GmbH\" \/>\n<meta property=\"og:description\" content=\"Een overzicht van de beschikbare opties voor bevestigingselementen in vormstukken.\" \/>\n<meta property=\"og:url\" content=\"https:\/\/www.ruch.de\/nl\/innovaties\/elementen-bevestigen\/\" \/>\n<meta property=\"og:site_name\" content=\"RUCH NOVAPLAST\" \/>\n<meta property=\"article:publisher\" content=\"https:\/\/www.facebook.com\/ruchnovaplast\" \/>\n<meta property=\"article:modified_time\" content=\"2026-01-15T10:26:41+00:00\" \/>\n<meta name=\"twitter:card\" content=\"summary_large_image\" \/>\n<meta name=\"twitter:label1\" content=\"Geschatte leestijd\" \/>\n\t<meta name=\"twitter:data1\" content=\"4 minuten\" \/>\n<script type=\"application\/ld+json\" class=\"yoast-schema-graph\">{\"@context\":\"https:\\\/\\\/schema.org\",\"@graph\":[{\"@type\":\"WebPage\",\"@id\":\"https:\\\/\\\/www.ruch.de\\\/nl\\\/innovaties\\\/elementen-bevestigen\\\/\",\"url\":\"https:\\\/\\\/www.ruch.de\\\/nl\\\/innovaties\\\/elementen-bevestigen\\\/\",\"name\":\"Bevestigingselementen | RUCH NOVAPLAST GmbH\",\"isPartOf\":{\"@id\":\"https:\\\/\\\/www.ruch.de\\\/nl\\\/#website\"},\"datePublished\":\"2024-11-13T14:16:23+00:00\",\"dateModified\":\"2026-01-15T10:26:41+00:00\",\"description\":\"Een overzicht van de beschikbare opties voor bevestigingselementen in vormstukken.\",\"breadcrumb\":{\"@id\":\"https:\\\/\\\/www.ruch.de\\\/nl\\\/innovaties\\\/elementen-bevestigen\\\/#breadcrumb\"},\"inLanguage\":\"nl-NL\",\"potentialAction\":[{\"@type\":\"ReadAction\",\"target\":[\"https:\\\/\\\/www.ruch.de\\\/nl\\\/innovaties\\\/elementen-bevestigen\\\/\"]}]},{\"@type\":\"BreadcrumbList\",\"@id\":\"https:\\\/\\\/www.ruch.de\\\/nl\\\/innovaties\\\/elementen-bevestigen\\\/#breadcrumb\",\"itemListElement\":[{\"@type\":\"ListItem\",\"position\":1,\"name\":\"Home\",\"item\":\"https:\\\/\\\/www.ruch.de\\\/nl\\\/\"},{\"@type\":\"ListItem\",\"position\":2,\"name\":\"Innovaties\",\"item\":\"https:\\\/\\\/www.ruch.de\\\/nl\\\/innovaties\\\/\"},{\"@type\":\"ListItem\",\"position\":3,\"name\":\"Elementen bevestigen\"}]},{\"@type\":\"WebSite\",\"@id\":\"https:\\\/\\\/www.ruch.de\\\/nl\\\/#website\",\"url\":\"https:\\\/\\\/www.ruch.de\\\/nl\\\/\",\"name\":\"www.ruch.de\",\"description\":\"\",\"publisher\":{\"@id\":\"https:\\\/\\\/www.ruch.de\\\/nl\\\/#organization\"},\"potentialAction\":[{\"@type\":\"SearchAction\",\"target\":{\"@type\":\"EntryPoint\",\"urlTemplate\":\"https:\\\/\\\/www.ruch.de\\\/nl\\\/?s={search_term_string}\"},\"query-input\":{\"@type\":\"PropertyValueSpecification\",\"valueRequired\":true,\"valueName\":\"search_term_string\"}}],\"inLanguage\":\"nl-NL\"},{\"@type\":\"Organization\",\"@id\":\"https:\\\/\\\/www.ruch.de\\\/nl\\\/#organization\",\"name\":\"RUCH NOVAPLAST GmbH\",\"url\":\"https:\\\/\\\/www.ruch.de\\\/nl\\\/\",\"logo\":{\"@type\":\"ImageObject\",\"inLanguage\":\"nl-NL\",\"@id\":\"https:\\\/\\\/www.ruch.de\\\/nl\\\/#\\\/schema\\\/logo\\\/image\\\/\",\"url\":\"https:\\\/\\\/www.ruch.de\\\/wp-content\\\/uploads\\\/2024\\\/11\\\/ruch-novaplast-logo-black.svg\",\"contentUrl\":\"https:\\\/\\\/www.ruch.de\\\/wp-content\\\/uploads\\\/2024\\\/11\\\/ruch-novaplast-logo-black.svg\",\"width\":1802,\"height\":338,\"caption\":\"RUCH NOVAPLAST GmbH\"},\"image\":{\"@id\":\"https:\\\/\\\/www.ruch.de\\\/nl\\\/#\\\/schema\\\/logo\\\/image\\\/\"},\"sameAs\":[\"https:\\\/\\\/www.facebook.com\\\/ruchnovaplast\",\"https:\\\/\\\/www.instagram.com\\\/ruchnovaplast\\\/\",\"https:\\\/\\\/www.linkedin.com\\\/company\\\/ruch-novaplast-gmbh\"]}]}<\/script>\n<!-- \/ Yoast SEO plugin. -->","yoast_head_json":{"title":"Bevestigingselementen | RUCH NOVAPLAST GmbH","description":"Een overzicht van de beschikbare opties voor bevestigingselementen in vormstukken.","robots":{"index":"index","follow":"follow","max-snippet":"max-snippet:-1","max-image-preview":"max-image-preview:large","max-video-preview":"max-video-preview:-1"},"canonical":"https:\/\/www.ruch.de\/nl\/innovaties\/elementen-bevestigen\/","og_locale":"nl_NL","og_type":"article","og_title":"Bevestigingselementen | RUCH NOVAPLAST GmbH","og_description":"Een overzicht van de beschikbare opties voor bevestigingselementen in vormstukken.","og_url":"https:\/\/www.ruch.de\/nl\/innovaties\/elementen-bevestigen\/","og_site_name":"RUCH NOVAPLAST","article_publisher":"https:\/\/www.facebook.com\/ruchnovaplast","article_modified_time":"2026-01-15T10:26:41+00:00","twitter_card":"summary_large_image","twitter_misc":{"Geschatte leestijd":"4 minuten"},"schema":{"@context":"https:\/\/schema.org","@graph":[{"@type":"WebPage","@id":"https:\/\/www.ruch.de\/nl\/innovaties\/elementen-bevestigen\/","url":"https:\/\/www.ruch.de\/nl\/innovaties\/elementen-bevestigen\/","name":"Bevestigingselementen | RUCH NOVAPLAST GmbH","isPartOf":{"@id":"https:\/\/www.ruch.de\/nl\/#website"},"datePublished":"2024-11-13T14:16:23+00:00","dateModified":"2026-01-15T10:26:41+00:00","description":"Een overzicht van de beschikbare opties voor bevestigingselementen in vormstukken.","breadcrumb":{"@id":"https:\/\/www.ruch.de\/nl\/innovaties\/elementen-bevestigen\/#breadcrumb"},"inLanguage":"nl-NL","potentialAction":[{"@type":"ReadAction","target":["https:\/\/www.ruch.de\/nl\/innovaties\/elementen-bevestigen\/"]}]},{"@type":"BreadcrumbList","@id":"https:\/\/www.ruch.de\/nl\/innovaties\/elementen-bevestigen\/#breadcrumb","itemListElement":[{"@type":"ListItem","position":1,"name":"Home","item":"https:\/\/www.ruch.de\/nl\/"},{"@type":"ListItem","position":2,"name":"Innovaties","item":"https:\/\/www.ruch.de\/nl\/innovaties\/"},{"@type":"ListItem","position":3,"name":"Elementen bevestigen"}]},{"@type":"WebSite","@id":"https:\/\/www.ruch.de\/nl\/#website","url":"https:\/\/www.ruch.de\/nl\/","name":"www.ruch.de","description":"","publisher":{"@id":"https:\/\/www.ruch.de\/nl\/#organization"},"potentialAction":[{"@type":"SearchAction","target":{"@type":"EntryPoint","urlTemplate":"https:\/\/www.ruch.de\/nl\/?s={search_term_string}"},"query-input":{"@type":"PropertyValueSpecification","valueRequired":true,"valueName":"search_term_string"}}],"inLanguage":"nl-NL"},{"@type":"Organization","@id":"https:\/\/www.ruch.de\/nl\/#organization","name":"RUCH NOVAPLAST GmbH","url":"https:\/\/www.ruch.de\/nl\/","logo":{"@type":"ImageObject","inLanguage":"nl-NL","@id":"https:\/\/www.ruch.de\/nl\/#\/schema\/logo\/image\/","url":"https:\/\/www.ruch.de\/wp-content\/uploads\/2024\/11\/ruch-novaplast-logo-black.svg","contentUrl":"https:\/\/www.ruch.de\/wp-content\/uploads\/2024\/11\/ruch-novaplast-logo-black.svg","width":1802,"height":338,"caption":"RUCH NOVAPLAST GmbH"},"image":{"@id":"https:\/\/www.ruch.de\/nl\/#\/schema\/logo\/image\/"},"sameAs":["https:\/\/www.facebook.com\/ruchnovaplast","https:\/\/www.instagram.com\/ruchnovaplast\/","https:\/\/www.linkedin.com\/company\/ruch-novaplast-gmbh"]}]}},"_links":{"self":[{"href":"https:\/\/www.ruch.de\/nl\/wp-json\/wp\/v2\/pages\/2126","targetHints":{"allow":["GET"]}}],"collection":[{"href":"https:\/\/www.ruch.de\/nl\/wp-json\/wp\/v2\/pages"}],"about":[{"href":"https:\/\/www.ruch.de\/nl\/wp-json\/wp\/v2\/types\/page"}],"author":[{"embeddable":true,"href":"https:\/\/www.ruch.de\/nl\/wp-json\/wp\/v2\/users\/1"}],"replies":[{"embeddable":true,"href":"https:\/\/www.ruch.de\/nl\/wp-json\/wp\/v2\/comments?post=2126"}],"version-history":[{"count":1,"href":"https:\/\/www.ruch.de\/nl\/wp-json\/wp\/v2\/pages\/2126\/revisions"}],"predecessor-version":[{"id":7649,"href":"https:\/\/www.ruch.de\/nl\/wp-json\/wp\/v2\/pages\/2126\/revisions\/7649"}],"up":[{"embeddable":true,"href":"https:\/\/www.ruch.de\/nl\/wp-json\/wp\/v2\/pages\/2099"}],"wp:featuredmedia":[{"embeddable":true,"href":"https:\/\/www.ruch.de\/nl\/wp-json\/"}],"wp:attachment":[{"href":"https:\/\/www.ruch.de\/nl\/wp-json\/wp\/v2\/media?parent=2126"}],"curies":[{"name":"wp","href":"https:\/\/api.w.org\/{rel}","templated":true}]}}