{"id":2114,"date":"2024-11-13T15:15:05","date_gmt":"2024-11-13T14:15:05","guid":{"rendered":"https:\/\/www.ruch.de\/innovaties\/onderdelen-monteren\/"},"modified":"2025-08-07T10:57:59","modified_gmt":"2025-08-07T08:57:59","slug":"componenten-monteren","status":"publish","type":"page","link":"https:\/\/www.ruch.de\/nl\/innovaties\/componenten-monteren\/","title":{"rendered":"Componenten monteren"},"content":{"rendered":"<div class=\"wpb-content-wrapper\"><p>[vc_row][vc_column]\n<div class=\"spacer spacer--large\" style=\"height:100px\"><\/div>\n<div class=\"spacer spacer--medium\" style=\"height:60px\"><\/div>\n<div class=\"spacer spacer--small\" style=\"height:60px\"><\/div>\n[vc_row_inner][vc_column_inner][vc_column_text css=&#8221;&#8221;]<\/p>\n<h1>Componenten assembleren: effici\u00ebnt en kosteneffectief<\/h1>\n<p>[\/vc_column_text][\/vc_column_inner][\/vc_row_inner][vc_row_inner][vc_column_inner width=&#8221;1\/2&#8243;][vc_column_text css=&#8221;&#8221;]In ons assemblage- en afwerkingscentrum worden afzonderlijke onderdelen die verdere bewerkingsstappen vereisen in \u00e9\u00e9n enkele stroom omgevormd tot complete systemen. We assembleren vormdelen uit partikelschuim met behulp van verschillende processen en integreren andere componenten. Als ontwikkelings- en systeempartner nemen we taken van onze klanten over die ze niet meer zelf willen doen. We leveren bijvoorbeeld <a href=\"https:\/\/www.ruch.de\/nl\/toepassingen\/mobiliteit\/#luchtvaart\">modelvliegtuigen &#8220;ready to radio<\/a> &#8221; &#8211; d.w.z. volledig gebruiksklaar: ze zijn volledig in elkaar gezet en voorzien van de relevante stickers. Zelfs de servomotoren zijn ge\u00efnstalleerd, ingesteld en afgesteld.[\/vc_column_text][\/vc_column_inner][vc_column_inner width=&#8221;1\/2&#8243;][vc_column_text css=&#8221;&#8221;]Op verzoek produceren we ook <a href=\"https:\/\/www.ruch.de\/nl\/toepassingen\/huis-gebouwtechnologie\/#ventilatie-units\">ventilatie-units<\/a> volledig geassembleerd en op maat gemaakt. In combinatie met ons <a href=\"https:\/\/www.ruch.de\/nl\/innovaties\/elementen-bevestigen\/novafeedfix\/\">NOVAfeed&amp;fix<sup>\u00ae<\/sup> systeem<\/a> realiseren we dichte en isolerende doorvoeren en bevestigingen. Spuitschuim vormdelen, die we assembleren met andere componenten van andere materialen, worden montage-elementen in bijvoorbeeld de bouwsector.<\/p>\n<p><a href=\"https:\/\/www.ruch.de\/nl\/innovaties\/componenten-monteren\/novaplex\/\">NOVAplex<sup>\u00ae<\/sup><\/a> is een ontwerpfilosofie ontwikkeld door RUCH NOVAPLAST en partners. Hiermee geven we de toekomst van assemblageprocessen een nieuwe vorm. De componenten worden namelijk snel en eenvoudig in vormdelen geschoven in plaats van moeizaam in elkaar geschroefd. NOVAplex<sup>\u00ae<\/sup> vormt de basis voor bijna al onze spuitgiet- en chassisconcepten.[\/vc_column_text][\/vc_column_inner][\/vc_row_inner]\n<div class=\"spacer spacer--large\" style=\"height:60px\"><\/div>\n<div class=\"spacer spacer--medium\" style=\"height:60px\"><\/div>\n<div class=\"spacer spacer--small\" style=\"height:60px\"><\/div>\n[\/vc_column][\/vc_row][vc_row full_width=&#8221;stretch_row_content_no_spaces&#8221;][vc_column css=&#8221;.vc_custom_1731592154304{padding-top: 0px !important;}&#8221;][vc_single_image image=&#8221;2115&#8243; img_size=&#8221;full&#8221; alignment=&#8221;right&#8221; css=&#8221;&#8221;][\/vc_column][\/vc_row][vc_row full_width=&#8221;stretch_row&#8221;][vc_column]\n<div class=\"spacer spacer--large\" style=\"height:100px\"><\/div>\n<div class=\"spacer spacer--medium\" style=\"height:75px\"><\/div>\n<div class=\"spacer spacer--small\" style=\"height:50px\"><\/div>\n[vc_row_inner][vc_column_inner width=&#8221;2\/12&#8243;][\/vc_column_inner][vc_column_inner width=&#8221;8\/12&#8243;][vc_column_text css=&#8221;&#8221;]<\/p>\n<h2>Componenten effici\u00ebnt assembleren met NOVAplex<sup>\u00ae<\/sup><\/h2>\n<p>[\/vc_column_text][\/vc_column_inner][vc_column_inner width=&#8221;2\/12&#8243;][\/vc_column_inner][\/vc_row_inner][vc_row_inner][vc_column_inner width=&#8221;2\/12&#8243;][\/vc_column_inner][vc_column_inner width=&#8221;8\/12&#8243;][vc_column_text css=&#8221;&#8221;]Met NOVAplex<sup>\u00ae<\/sup> revolutioneren we de assemblage van apparaten en het hele assemblageproces door ons te richten op eenvoudige, snelle en veilige verbindingen. Dit verhoogt niet alleen de effici\u00ebntie, maar zorgt ook voor een hoge kwaliteit van de eindproducten. Assemblageoptimalisatie bespaart u tijd en geld, terwijl u tegelijkertijd profiteert van een grotere flexibiliteit in de productie. NOVAplex<sup>\u00ae<\/sup> is de sleutel om uw assemblageprocessen klaar te maken voor de toekomst en de effici\u00ebntie bij elke stap te maximaliseren.[\/vc_column_text][\/vc_column_inner][vc_column_inner width=&#8221;2\/12&#8243;][\/vc_column_inner][\/vc_row_inner][vc_row_inner][vc_column_inner width=&#8221;2\/12&#8243;][\/vc_column_inner][vc_column_inner width=&#8221;8\/12&#8243;]  <a class=\"btn-custom1\" href=\"https:\/\/www.ruch.de\/nl\/innovaties\/componenten-monteren\/novaplex\/\" target=\"_self\" title=\"Meer over NOVAplex\u00ae\">Meer over NOVAplex<sup>\u00ae<\/sup><\/a>[\/vc_column_inner][vc_column_inner width=&#8221;2\/12&#8243;][\/vc_column_inner][\/vc_row_inner]\n<div class=\"spacer spacer--large\" style=\"height:100px\"><\/div>\n<div class=\"spacer spacer--medium\" style=\"height:75px\"><\/div>\n<div class=\"spacer spacer--small\" style=\"height:50px\"><\/div>\n[\/vc_column][\/vc_row][vc_row full_width=&#8221;stretch_row&#8221; el_class=&#8221;bg-yellow-bubbles-top-left&#8221;][vc_column]\n<div class=\"spacer spacer--large\" style=\"height:60px\"><\/div>\n<div class=\"spacer spacer--medium\" style=\"height:60px\"><\/div>\n<div class=\"spacer spacer--small\" style=\"height:60px\"><\/div>\n[vc_row_inner][vc_column_inner width=&#8221;1\/2&#8243;][vc_column_text css=&#8221;&#8221;]<\/p>\n<h2><span class=\"black--stroke\">NOVAplex<sup>\u00ae<\/sup> in gebouwtechnologie<\/span><\/h2>\n<p>[\/vc_column_text][\/vc_column_inner][vc_column_inner width=&#8221;1\/2&#8243;][\/vc_column_inner][\/vc_row_inner][vc_row_inner][vc_column_inner width=&#8221;1\/2&#8243;][vc_column_text css=&#8221;&#8221;]Met NOVAplex<sup>\u00ae<\/sup> heeft RUCH NOVAPLAST een ontwerpfilosofie gecre\u00eberd die vooral op het gebied van <a href=\"https:\/\/www.ruch.de\/nl\/toepassingen\/huis-gebouwtechnologie\/#bouwdiensten\">gebouwtechnologie<\/a>\u00a0aanzienlijke voordelen biedt. Dankzij het innovatieve ontwerpprincipe kunnen apparaten zoals verwarmingssystemen niet alleen met aanzienlijke kosten- en montagevoordelen worden geproduceerd, maar ook met een betere integratie van de componenten. Het NOVAplex<sup>\u00ae<\/sup> concept maakt het mogelijk om componenten eenvoudig in de EPP vormdelen te plaatsen in plaats van ze aan elkaar te schroeven.[\/vc_column_text][\/vc_column_inner][vc_column_inner width=&#8221;1\/2&#8243;][vc_column_text css=&#8221;&#8221;]Elk onderdeel heeft zijn vaste plaats in het chassis, waardoor er orde en structuur in de toestellen ontstaat &#8211; een duidelijke en eenvoudige oplossing voor het assembleren van toestellen en het monteren van onderdelen. Vooral voor complexe toepassingen zoals warmtepompchassis of luchtbehandelingskasten zorgt NOVAplex<sup>\u00ae<\/sup> voor een soepel en effici\u00ebnt productieproces dat de kwaliteit en prestaties van uw toestellen verhoogt.[\/vc_column_text][\/vc_column_inner][\/vc_row_inner]\n<div class=\"spacer spacer--large\" style=\"height:60px\"><\/div>\n<div class=\"spacer spacer--medium\" style=\"height:60px\"><\/div>\n<div class=\"spacer spacer--small\" style=\"height:60px\"><\/div>\n[\/vc_column][\/vc_row][vc_row][vc_column]\n<div class=\"spacer spacer--large\" style=\"height:60px\"><\/div>\n<div class=\"spacer spacer--medium\" style=\"height:60px\"><\/div>\n<div class=\"spacer spacer--small\" style=\"height:60px\"><\/div>\n[\/vc_column][\/vc_row][vc_row][vc_column]          <div class=\"teaser-container teaser-container--two-colum\">\n\n        \n    <div class=\"ruch-teaser-card bg--gray  wpb_animate_when_almost_visible wpb_fadeInLeft fadeInLeft\">\n        <div class=\"teaser-card-content\">\n          <h3>Apparaten isoleren<\/h3>\n<p>Met NOVAetherm<sup>\u00ae<\/sup> veranderen we de verwarmingstechnologie: onze innovatieve oplossing combineert thermische isolatie en verwarmingsfunctie in \u00e9\u00e9n vormdeel. Ontdek hoe deze technologie de effici\u00ebntie van verwarmingssystemen verbetert.<\/p>\n        <\/div>\n                <div class=\"teaser-card-button\">\n          <a href=\"https:\/\/www.ruch.de\/nl\/innovaties\/apparaten-isoleren\/\" title=\"Innovatie op het gebied van isolatietoestellen\" target=\"_self\" class=\"a--jump\">\n              Innovatie op het gebied van isolatietoestellen          <\/a>\n        <\/div>\n            <\/div>\n\n  \n    <div class=\"ruch-teaser-card bg--yellow  wpb_animate_when_almost_visible wpb_fadeInRight fadeInRight\">\n        <div class=\"teaser-card-content\">\n          <h3>Elementen bevestigen<\/h3>\n<p>Met NOVAfeed&amp;fix<sup>\u00ae<\/sup> en NOVAson<sup>\u00ae<\/sup> bieden we geavanceerde oplossingen voor bevestigingselementen. Ontdek hoe onze technologie\u00ebn nauwkeurige en flexibele bevestigingsmiddelen integreren in behuizingssystemen.<\/p>\n        <\/div>\n                <div class=\"teaser-card-button\">\n          <a href=\"https:\/\/www.ruch.de\/nl\/innovaties\/elementen-bevestigen\/\" title=\"Innovaties op het gebied van bevestigingselementen\" target=\"_self\" class=\"a--jump\">\n              Innovaties op het gebied van bevestigingselementen          <\/a>\n        <\/div>\n            <\/div>\n\n  \n    <div class=\"ruch-teaser-card bg--yellow  wpb_animate_when_almost_visible wpb_fadeInLeft fadeInLeft\">\n        <div class=\"teaser-card-content\">\n          <h3>Vormdelen verbinden<\/h3>\n<p>Met NOVAweld<sup>\u00ae<\/sup> hebben we een innovatieve technologie ontwikkeld voor het lijmen van vormschuimonderdelen. Ontdek hoe dit proces complexe onderdelen effici\u00ebnt verbindt zonder hun unieke eigenschappen te veranderen.<\/p>\n        <\/div>\n                <div class=\"teaser-card-button\">\n          <a href=\"https:\/\/www.ruch.de\/nl\/innovaties\/vormdelen-verbinden\/\" title=\"Innovatie in de sector voor vormdelen verbinden\" target=\"_self\" class=\"a--jump\">\n              Innovatie in de sector voor vormdelen verbinden          <\/a>\n        <\/div>\n            <\/div>\n\n  \n    <div class=\"ruch-teaser-card bg--gray  wpb_animate_when_almost_visible wpb_fadeInRight fadeInRight\">\n        <div class=\"teaser-card-content\">\n          <h3>Oppervlakken veredelen<\/h3>\n<p>Met <sup>NOVAtexture<sup>\u00ae<\/sup> verfijnen we vormdelen van partikelschuim tijdens de productie. Ontdek hoe onze innovatieve technologie prachtig gevormde en functionele oppervlakken cre\u00ebert die zowel het uiterlijk als het gevoel verbeteren.<\/sup><\/p>\n        <\/div>\n                <div class=\"teaser-card-button\">\n          <a href=\"https:\/\/www.ruch.de\/nl\/innovaties\/oppervlakken-veredelen\/\" title=\"Innovatie op het gebied van oppervlakteafwerking\" target=\"_self\" class=\"a--jump\">\n              Innovatie op het gebied van oppervlakteafwerking          <\/a>\n        <\/div>\n            <\/div>\n      <\/div>\n    [\/vc_column][\/vc_row][vc_row][vc_column]\n<div class=\"spacer spacer--large\" style=\"height:60px\"><\/div>\n<div class=\"spacer spacer--medium\" style=\"height:60px\"><\/div>\n<div class=\"spacer spacer--small\" style=\"height:60px\"><\/div>\n[\/vc_column][\/vc_row][vc_row][vc_column][vc_column_text][\/vc_column_text][\/vc_column][\/vc_row]<\/p>\n<\/div>","protected":false},"excerpt":{"rendered":"<p>[vc_row][vc_column][vc_row_inner][vc_column_inner][vc_column_text css=&#8221;&#8221;] Componenten assembleren: effici\u00ebnt en kosteneffectief [\/vc_column_text][\/vc_column_inner][\/vc_row_inner][vc_row_inner][vc_column_inner width=&#8221;1\/2&#8243;][vc_column_text css=&#8221;&#8221;]In ons assemblage- en afwerkingscentrum worden afzonderlijke onderdelen die verdere bewerkingsstappen vereisen in \u00e9\u00e9n enkele stroom omgevormd<span class=\"excerpt-hellip\"> [\u2026]<\/span><\/p>\n","protected":false},"author":1,"featured_media":0,"parent":2099,"menu_order":0,"comment_status":"closed","ping_status":"closed","template":"","meta":{"_acf_changed":false,"footnotes":""},"class_list":["post-2114","page","type-page","status-publish","hentry"],"acf":[],"yoast_head":"<!-- This site is optimized with the Yoast SEO plugin v27.3 - https:\/\/yoast.com\/product\/yoast-seo-wordpress\/ -->\n<title>Onderdelen monteren | RUCH NOVAPLAST GmbH<\/title>\n<meta name=\"description\" content=\"Ontdek hoe we vormdelen van partikelschuimen in verschillende processen samenstellen en andere onderdelen voor u integreren.\" \/>\n<meta name=\"robots\" content=\"index, follow, max-snippet:-1, max-image-preview:large, max-video-preview:-1\" \/>\n<link rel=\"canonical\" href=\"https:\/\/www.ruch.de\/nl\/innovaties\/componenten-monteren\/\" \/>\n<meta property=\"og:locale\" content=\"nl_NL\" \/>\n<meta property=\"og:type\" content=\"article\" \/>\n<meta property=\"og:title\" content=\"Onderdelen monteren | RUCH NOVAPLAST GmbH\" \/>\n<meta property=\"og:description\" content=\"Ontdek hoe we vormdelen van partikelschuimen in verschillende processen samenstellen en andere onderdelen voor u integreren.\" \/>\n<meta property=\"og:url\" content=\"https:\/\/www.ruch.de\/nl\/innovaties\/componenten-monteren\/\" \/>\n<meta property=\"og:site_name\" content=\"RUCH NOVAPLAST\" \/>\n<meta property=\"article:publisher\" content=\"https:\/\/www.facebook.com\/ruchnovaplast\" \/>\n<meta property=\"article:modified_time\" content=\"2025-08-07T08:57:59+00:00\" \/>\n<meta name=\"twitter:card\" content=\"summary_large_image\" \/>\n<meta name=\"twitter:label1\" content=\"Geschatte leestijd\" \/>\n\t<meta name=\"twitter:data1\" content=\"4 minuten\" \/>\n<script type=\"application\/ld+json\" class=\"yoast-schema-graph\">{\"@context\":\"https:\\\/\\\/schema.org\",\"@graph\":[{\"@type\":\"WebPage\",\"@id\":\"https:\\\/\\\/www.ruch.de\\\/nl\\\/innovaties\\\/componenten-monteren\\\/\",\"url\":\"https:\\\/\\\/www.ruch.de\\\/nl\\\/innovaties\\\/componenten-monteren\\\/\",\"name\":\"Onderdelen monteren | RUCH NOVAPLAST GmbH\",\"isPartOf\":{\"@id\":\"https:\\\/\\\/www.ruch.de\\\/nl\\\/#website\"},\"datePublished\":\"2024-11-13T14:15:05+00:00\",\"dateModified\":\"2025-08-07T08:57:59+00:00\",\"description\":\"Ontdek hoe we vormdelen van partikelschuimen in verschillende processen samenstellen en andere onderdelen voor u integreren.\",\"breadcrumb\":{\"@id\":\"https:\\\/\\\/www.ruch.de\\\/nl\\\/innovaties\\\/componenten-monteren\\\/#breadcrumb\"},\"inLanguage\":\"nl-NL\",\"potentialAction\":[{\"@type\":\"ReadAction\",\"target\":[\"https:\\\/\\\/www.ruch.de\\\/nl\\\/innovaties\\\/componenten-monteren\\\/\"]}]},{\"@type\":\"BreadcrumbList\",\"@id\":\"https:\\\/\\\/www.ruch.de\\\/nl\\\/innovaties\\\/componenten-monteren\\\/#breadcrumb\",\"itemListElement\":[{\"@type\":\"ListItem\",\"position\":1,\"name\":\"Home\",\"item\":\"https:\\\/\\\/www.ruch.de\\\/nl\\\/\"},{\"@type\":\"ListItem\",\"position\":2,\"name\":\"Innovaties\",\"item\":\"https:\\\/\\\/www.ruch.de\\\/nl\\\/innovaties\\\/\"},{\"@type\":\"ListItem\",\"position\":3,\"name\":\"Componenten monteren\"}]},{\"@type\":\"WebSite\",\"@id\":\"https:\\\/\\\/www.ruch.de\\\/nl\\\/#website\",\"url\":\"https:\\\/\\\/www.ruch.de\\\/nl\\\/\",\"name\":\"www.ruch.de\",\"description\":\"\",\"publisher\":{\"@id\":\"https:\\\/\\\/www.ruch.de\\\/nl\\\/#organization\"},\"potentialAction\":[{\"@type\":\"SearchAction\",\"target\":{\"@type\":\"EntryPoint\",\"urlTemplate\":\"https:\\\/\\\/www.ruch.de\\\/nl\\\/?s={search_term_string}\"},\"query-input\":{\"@type\":\"PropertyValueSpecification\",\"valueRequired\":true,\"valueName\":\"search_term_string\"}}],\"inLanguage\":\"nl-NL\"},{\"@type\":\"Organization\",\"@id\":\"https:\\\/\\\/www.ruch.de\\\/nl\\\/#organization\",\"name\":\"RUCH NOVAPLAST GmbH\",\"url\":\"https:\\\/\\\/www.ruch.de\\\/nl\\\/\",\"logo\":{\"@type\":\"ImageObject\",\"inLanguage\":\"nl-NL\",\"@id\":\"https:\\\/\\\/www.ruch.de\\\/nl\\\/#\\\/schema\\\/logo\\\/image\\\/\",\"url\":\"https:\\\/\\\/www.ruch.de\\\/wp-content\\\/uploads\\\/2024\\\/11\\\/ruch-novaplast-logo-black.svg\",\"contentUrl\":\"https:\\\/\\\/www.ruch.de\\\/wp-content\\\/uploads\\\/2024\\\/11\\\/ruch-novaplast-logo-black.svg\",\"width\":1802,\"height\":338,\"caption\":\"RUCH NOVAPLAST GmbH\"},\"image\":{\"@id\":\"https:\\\/\\\/www.ruch.de\\\/nl\\\/#\\\/schema\\\/logo\\\/image\\\/\"},\"sameAs\":[\"https:\\\/\\\/www.facebook.com\\\/ruchnovaplast\",\"https:\\\/\\\/www.instagram.com\\\/ruchnovaplast\\\/\",\"https:\\\/\\\/www.linkedin.com\\\/company\\\/ruch-novaplast-gmbh\"]}]}<\/script>\n<!-- \/ Yoast SEO plugin. -->","yoast_head_json":{"title":"Onderdelen monteren | RUCH NOVAPLAST GmbH","description":"Ontdek hoe we vormdelen van partikelschuimen in verschillende processen samenstellen en andere onderdelen voor u integreren.","robots":{"index":"index","follow":"follow","max-snippet":"max-snippet:-1","max-image-preview":"max-image-preview:large","max-video-preview":"max-video-preview:-1"},"canonical":"https:\/\/www.ruch.de\/nl\/innovaties\/componenten-monteren\/","og_locale":"nl_NL","og_type":"article","og_title":"Onderdelen monteren | RUCH NOVAPLAST GmbH","og_description":"Ontdek hoe we vormdelen van partikelschuimen in verschillende processen samenstellen en andere onderdelen voor u integreren.","og_url":"https:\/\/www.ruch.de\/nl\/innovaties\/componenten-monteren\/","og_site_name":"RUCH NOVAPLAST","article_publisher":"https:\/\/www.facebook.com\/ruchnovaplast","article_modified_time":"2025-08-07T08:57:59+00:00","twitter_card":"summary_large_image","twitter_misc":{"Geschatte leestijd":"4 minuten"},"schema":{"@context":"https:\/\/schema.org","@graph":[{"@type":"WebPage","@id":"https:\/\/www.ruch.de\/nl\/innovaties\/componenten-monteren\/","url":"https:\/\/www.ruch.de\/nl\/innovaties\/componenten-monteren\/","name":"Onderdelen monteren | RUCH NOVAPLAST GmbH","isPartOf":{"@id":"https:\/\/www.ruch.de\/nl\/#website"},"datePublished":"2024-11-13T14:15:05+00:00","dateModified":"2025-08-07T08:57:59+00:00","description":"Ontdek hoe we vormdelen van partikelschuimen in verschillende processen samenstellen en andere onderdelen voor u integreren.","breadcrumb":{"@id":"https:\/\/www.ruch.de\/nl\/innovaties\/componenten-monteren\/#breadcrumb"},"inLanguage":"nl-NL","potentialAction":[{"@type":"ReadAction","target":["https:\/\/www.ruch.de\/nl\/innovaties\/componenten-monteren\/"]}]},{"@type":"BreadcrumbList","@id":"https:\/\/www.ruch.de\/nl\/innovaties\/componenten-monteren\/#breadcrumb","itemListElement":[{"@type":"ListItem","position":1,"name":"Home","item":"https:\/\/www.ruch.de\/nl\/"},{"@type":"ListItem","position":2,"name":"Innovaties","item":"https:\/\/www.ruch.de\/nl\/innovaties\/"},{"@type":"ListItem","position":3,"name":"Componenten monteren"}]},{"@type":"WebSite","@id":"https:\/\/www.ruch.de\/nl\/#website","url":"https:\/\/www.ruch.de\/nl\/","name":"www.ruch.de","description":"","publisher":{"@id":"https:\/\/www.ruch.de\/nl\/#organization"},"potentialAction":[{"@type":"SearchAction","target":{"@type":"EntryPoint","urlTemplate":"https:\/\/www.ruch.de\/nl\/?s={search_term_string}"},"query-input":{"@type":"PropertyValueSpecification","valueRequired":true,"valueName":"search_term_string"}}],"inLanguage":"nl-NL"},{"@type":"Organization","@id":"https:\/\/www.ruch.de\/nl\/#organization","name":"RUCH NOVAPLAST GmbH","url":"https:\/\/www.ruch.de\/nl\/","logo":{"@type":"ImageObject","inLanguage":"nl-NL","@id":"https:\/\/www.ruch.de\/nl\/#\/schema\/logo\/image\/","url":"https:\/\/www.ruch.de\/wp-content\/uploads\/2024\/11\/ruch-novaplast-logo-black.svg","contentUrl":"https:\/\/www.ruch.de\/wp-content\/uploads\/2024\/11\/ruch-novaplast-logo-black.svg","width":1802,"height":338,"caption":"RUCH NOVAPLAST GmbH"},"image":{"@id":"https:\/\/www.ruch.de\/nl\/#\/schema\/logo\/image\/"},"sameAs":["https:\/\/www.facebook.com\/ruchnovaplast","https:\/\/www.instagram.com\/ruchnovaplast\/","https:\/\/www.linkedin.com\/company\/ruch-novaplast-gmbh"]}]}},"_links":{"self":[{"href":"https:\/\/www.ruch.de\/nl\/wp-json\/wp\/v2\/pages\/2114","targetHints":{"allow":["GET"]}}],"collection":[{"href":"https:\/\/www.ruch.de\/nl\/wp-json\/wp\/v2\/pages"}],"about":[{"href":"https:\/\/www.ruch.de\/nl\/wp-json\/wp\/v2\/types\/page"}],"author":[{"embeddable":true,"href":"https:\/\/www.ruch.de\/nl\/wp-json\/wp\/v2\/users\/1"}],"replies":[{"embeddable":true,"href":"https:\/\/www.ruch.de\/nl\/wp-json\/wp\/v2\/comments?post=2114"}],"version-history":[{"count":0,"href":"https:\/\/www.ruch.de\/nl\/wp-json\/wp\/v2\/pages\/2114\/revisions"}],"up":[{"embeddable":true,"href":"https:\/\/www.ruch.de\/nl\/wp-json\/wp\/v2\/pages\/2099"}],"wp:attachment":[{"href":"https:\/\/www.ruch.de\/nl\/wp-json\/wp\/v2\/media?parent=2114"}],"curies":[{"name":"wp","href":"https:\/\/api.w.org\/{rel}","templated":true}]}}