{"id":2910,"date":"2024-11-13T15:23:27","date_gmt":"2024-11-13T14:23:27","guid":{"rendered":"https:\/\/www.ruch.de\/certificats-telechargements\/"},"modified":"2025-05-28T11:04:37","modified_gmt":"2025-05-28T09:04:37","slug":"certificats-telechargements","status":"publish","type":"page","link":"https:\/\/www.ruch.de\/fr\/certificats-telechargements\/","title":{"rendered":"Certificats &amp; t\u00e9l\u00e9chargements"},"content":{"rendered":"<div class=\"wpb-content-wrapper\"><p>[vc_row][vc_column]\n<div class=\"spacer spacer--large\" style=\"height:100px\"><\/div>\n<div class=\"spacer spacer--medium\" style=\"height:60px\"><\/div>\n<div class=\"spacer spacer--small\" style=\"height:60px\"><\/div>\n[vc_row_inner][vc_column_inner][vc_column_text css=\u00a0\u00bb\u00a0\u00bb]<\/p>\n<h1>Certificats et t\u00e9l\u00e9chargements<\/h1>\n<p>Vous trouverez ici des certificats importants, des fiches techniques et des documents utiles. Nous mettons \u00e0 votre disposition nos documents pertinents \u00e0 t\u00e9l\u00e9charger directement, afin que vous puissiez acc\u00e9der rapidement et \u00e0 tout moment aux informations dont vous avez besoin.[\/vc_column_text][\/vc_column_inner][\/vc_row_inner]\n<div class=\"spacer spacer--large\" style=\"height:60px\"><\/div>\n<div class=\"spacer spacer--medium\" style=\"height:60px\"><\/div>\n<div class=\"spacer spacer--small\" style=\"height:60px\"><\/div>\n[\/vc_column][\/vc_row][vc_row el_class=\u00a0\u00bbruch__downloads\u00a0\u00bb][vc_column][vc_row_inner][vc_column_inner width=\u00a0\u00bb1\/12&Prime; offset=\u00a0\u00bbvc_col-xs-1&Prime;][vc_icon icon_fontawesome=\u00a0\u00bbfas fa-download\u00a0\u00bb color=\u00a0\u00bbcustom\u00a0\u00bb size=\u00a0\u00bblg\u00a0\u00bb css=\u00a0\u00bb\u00a0\u00bb custom_color=\u00a0\u00bb#3201FF\u00a0\u00bb link=\u00a0\u00bburl:https%3A%2F%2Fwww.ruch.de%2Fwp-content%2Fuploads%2F2025%2F03%2FAllgemeine-Lieferbedingungen_D_E.pdf|title:Conditions%20g%C3%A9n%C3%A9rales%20de%20livraison|target:_blank\u00a0\u00bb][\/vc_column_inner][vc_column_inner width=\u00a0\u00bb11\/12&Prime; offset=\u00a0\u00bbvc_col-xs-11&Prime;][vc_column_text css=\u00a0\u00bb\u00a0\u00bb]<\/p>\n<p class=\"h4\" style=\"text-align: left\">Conditions g\u00e9n\u00e9rales de livraison<\/p>\n<p>[\/vc_column_text][\/vc_column_inner][\/vc_row_inner]\n<div class=\"spacer spacer--medium\" style=\"height:30px\"><\/div>\n<div class=\"spacer spacer--small\" style=\"height:30px\"><\/div>\n[vc_row_inner][vc_column_inner width=\u00a0\u00bb1\/12&Prime; offset=\u00a0\u00bbvc_col-xs-1&Prime;][vc_icon icon_fontawesome=\u00a0\u00bbfa fa-solid fa-download\u00a0\u00bb color=\u00a0\u00bbcustom\u00a0\u00bb size=\u00a0\u00bblg\u00a0\u00bb css=\u00a0\u00bb\u00a0\u00bb custom_color=\u00a0\u00bb#3201FF\u00a0\u00bb link=\u00a0\u00bburl:https%3A%2F%2Fwww.ruch.de%2Fwp-content%2Fuploads%2F2025%2F05%2Fruch_novaplast_informationspflicht_bewerbung_beschaeftigung_en.pdf|title:Protection%20des%20donn%C3%A9es%20-%20Obligation%20d&rsquo;information%20selon%20les%20articles%2013%20et%2014%20du%20RGPD%20-%20Candidature%20%26amp%3B%20emploi|target:_blank\u00a0\u00bb][\/vc_column_inner][vc_column_inner width=\u00a0\u00bb11\/12&Prime; offset=\u00a0\u00bbvc_col-xs-11&Prime;][vc_column_text css=\u00a0\u00bb\u00a0\u00bb]<\/p>\n<p class=\"h4\" style=\"text-align: left\">Protection des donn\u00e9es &#8211; Obligation d&rsquo;information (articles 13, 14 du RGPD) &#8211; Candidature &amp; emploi<\/p>\n<p>[\/vc_column_text][\/vc_column_inner][\/vc_row_inner]\n<div class=\"spacer spacer--medium\" style=\"height:30px\"><\/div>\n<div class=\"spacer spacer--small\" style=\"height:30px\"><\/div>\n[vc_row_inner content_placement=\u00a0\u00bbmiddle\u00a0\u00bb][vc_column_inner width=\u00a0\u00bb1\/12&Prime; offset=\u00a0\u00bbvc_col-xs-1&Prime;][vc_icon icon_fontawesome=\u00a0\u00bbfa fa-solid fa-download\u00a0\u00bb color=\u00a0\u00bbcustom\u00a0\u00bb size=\u00a0\u00bblg\u00a0\u00bb css=\u00a0\u00bb\u00a0\u00bb custom_color=\u00a0\u00bb#3201FF\u00a0\u00bb link=\u00a0\u00bburl:https%3A%2F%2Fwww.ruch.de%2Fwp-content%2Fuploads%2F2025%2F05%2Fruch_novaplast_informationspflicht_kontakte_ansprechpartner_en.pdf|title:Protection%20des%20donn%C3%A9es%20-%20Obligation%20d&rsquo;information%20selon%20les%20articles%2013%20et%2014%20du%20RGPD%20-%20Contacts%20%26amp%3B%20personnes%20%C3%A0%20contacter|target:_blank\u00a0\u00bb][\/vc_column_inner][vc_column_inner width=\u00a0\u00bb11\/12&Prime; offset=\u00a0\u00bbvc_col-xs-11&Prime;][vc_column_text css=\u00a0\u00bb\u00a0\u00bb]<\/p>\n<p class=\"h4\" style=\"text-align: left\">Protection des donn\u00e9es &#8211; Obligation d&rsquo;information (articles 13, 14 du RGPD) &#8211; Contacts et repr\u00e9sentants de l&rsquo;entreprise<\/p>\n<p>[\/vc_column_text][\/vc_column_inner][\/vc_row_inner]\n<div class=\"spacer spacer--medium\" style=\"height:30px\"><\/div>\n<div class=\"spacer spacer--small\" style=\"height:30px\"><\/div>\n[vc_row_inner content_placement=\u00a0\u00bbmiddle\u00a0\u00bb][vc_column_inner width=\u00a0\u00bb1\/12&Prime; offset=\u00a0\u00bbvc_col-xs-1&Prime;][vc_icon icon_fontawesome=\u00a0\u00bbfas fa-download\u00a0\u00bb color=\u00a0\u00bbcustom\u00a0\u00bb size=\u00a0\u00bblg\u00a0\u00bb css=\u00a0\u00bb\u00a0\u00bb custom_color=\u00a0\u00bb#3201FF\u00a0\u00bb link=\u00a0\u00bburl:https%3A%2F%2Fwww.ruch.de%2Fwp-content%2Fuploads%2F2025%2F01%2FVideoueberwachung_en.pdf|title:Protection%20des%20donn%C3%A9es%20-%20Vid%C3%A9osurveillance|target:_blank\u00a0\u00bb][\/vc_column_inner][vc_column_inner width=\u00a0\u00bb11\/12&Prime; offset=\u00a0\u00bbvc_col-xs-11&Prime;][vc_column_text css=\u00a0\u00bb\u00a0\u00bb]<\/p>\n<p class=\"h4\" style=\"text-align: left\">Protection des donn\u00e9es &#8211; Vid\u00e9osurveillance<\/p>\n<p>[\/vc_column_text][\/vc_column_inner][\/vc_row_inner]\n<div class=\"spacer spacer--medium\" style=\"height:30px\"><\/div>\n<div class=\"spacer spacer--small\" style=\"height:30px\"><\/div>\n[vc_row_inner content_placement=\u00a0\u00bbmiddle\u00a0\u00bb][vc_column_inner width=\u00a0\u00bb1\/12&Prime; offset=\u00a0\u00bbvc_col-xs-1&Prime;][vc_icon icon_fontawesome=\u00a0\u00bbfas fa-download\u00a0\u00bb color=\u00a0\u00bbcustom\u00a0\u00bb size=\u00a0\u00bblg\u00a0\u00bb css=\u00a0\u00bb\u00a0\u00bb custom_color=\u00a0\u00bb#3201FF\u00a0\u00bb link=\u00a0\u00bburl:https%3A%2F%2Fwww.ruch.de%2Fwp-content%2Fuploads%2F2025%2F03%2Fruch_novaplast_certificate_91_141_en_2025.pdf|title:DIN%20EN%20ISO%209001%20et%2014001|target:_blank\u00a0\u00bb][\/vc_column_inner][vc_column_inner width=\u00a0\u00bb11\/12&Prime; offset=\u00a0\u00bbvc_col-xs-11&Prime;][vc_column_text css=\u00a0\u00bb\u00a0\u00bb]<\/p>\n<p class=\"h4\" style=\"text-align: left\">DIN EN ISO 9001 et 14001<\/p>\n<p>[\/vc_column_text][\/vc_column_inner][\/vc_row_inner]\n<div class=\"spacer spacer--medium\" style=\"height:30px\"><\/div>\n<div class=\"spacer spacer--small\" style=\"height:30px\"><\/div>\n[vc_row_inner content_placement=\u00a0\u00bbmiddle\u00a0\u00bb][vc_column_inner width=\u00a0\u00bb1\/12&Prime; offset=\u00a0\u00bbvc_col-xs-1&Prime;][vc_icon icon_fontawesome=\u00a0\u00bbfas fa-download\u00a0\u00bb color=\u00a0\u00bbcustom\u00a0\u00bb size=\u00a0\u00bblg\u00a0\u00bb css=\u00a0\u00bb\u00a0\u00bb custom_color=\u00a0\u00bb#3201FF\u00a0\u00bb link=\u00a0\u00bburl:https%3A%2F%2Fwww.ruch.de%2Fwp-content%2Fuploads%2F2025%2F03%2Fruch_novaplast_certificate_50001_en_2025.pdf|title:DIN%20EN%20ISO%2050001|target:_blank\u00a0\u00bb][\/vc_column_inner][vc_column_inner width=\u00a0\u00bb11\/12&Prime; offset=\u00a0\u00bbvc_col-xs-11&Prime;][vc_column_text css=\u00a0\u00bb\u00a0\u00bb]<\/p>\n<p class=\"h4\" style=\"text-align: left\">DIN EN ISO 50001<\/p>\n<p>[\/vc_column_text][\/vc_column_inner][\/vc_row_inner]\n<div class=\"spacer spacer--medium\" style=\"height:30px\"><\/div>\n<div class=\"spacer spacer--small\" style=\"height:30px\"><\/div>\n[vc_row_inner content_placement=\u00a0\u00bbmiddle\u00a0\u00bb][vc_column_inner width=\u00a0\u00bb1\/12&Prime; offset=\u00a0\u00bbvc_col-xs-1&Prime;][vc_icon icon_fontawesome=\u00a0\u00bbfas fa-download\u00a0\u00bb color=\u00a0\u00bbcustom\u00a0\u00bb size=\u00a0\u00bblg\u00a0\u00bb css=\u00a0\u00bb\u00a0\u00bb custom_color=\u00a0\u00bb#3201FF\u00a0\u00bb link=\u00a0\u00bburl:https%3A%2F%2Fwww.ruch.de%2Fwp-content%2Fuploads%2F2025%2F01%2F20250109_gkv_Zertifikat_engl_2025_RUCH-NOVAPLAST-GmbH.pdf|title:Code%20de%20conduite%20de%20GKV|target:_blank\u00a0\u00bb][\/vc_column_inner][vc_column_inner width=\u00a0\u00bb11\/12&Prime; offset=\u00a0\u00bbvc_col-xs-11&Prime;][vc_column_text css=\u00a0\u00bb\u00a0\u00bb]<\/p>\n<p class=\"h4\" style=\"text-align: left\">Code de conduite de GKV<\/p>\n<p>[\/vc_column_text][\/vc_column_inner][\/vc_row_inner]\n<div class=\"spacer spacer--medium\" style=\"height:30px\"><\/div>\n<div class=\"spacer spacer--small\" style=\"height:30px\"><\/div>\n[vc_row_inner content_placement=\u00a0\u00bbmiddle\u00a0\u00bb][vc_column_inner width=\u00a0\u00bb1\/12&Prime; offset=\u00a0\u00bbvc_col-xs-1&Prime;][vc_icon icon_fontawesome=\u00a0\u00bbfas fa-download\u00a0\u00bb color=\u00a0\u00bbcustom\u00a0\u00bb size=\u00a0\u00bblg\u00a0\u00bb css=\u00a0\u00bb\u00a0\u00bb custom_color=\u00a0\u00bb#3201FF\u00a0\u00bb link=\u00a0\u00bburl:https%3A%2F%2Fwww.ruch.de%2Fwp-content%2Fuploads%2F2025%2F03%2F240475_Ruch_Novaplast_One_Pager_Nachhaltigkeit_DIN_A3_EN_KV4_0_WEB.pdf|title:Strat%C3%A9gie%20de%20d%C3%A9veloppement%20durable|target:_blank\u00a0\u00bb][\/vc_column_inner][vc_column_inner width=\u00a0\u00bb11\/12&Prime; offset=\u00a0\u00bbvc_col-xs-11&Prime;][vc_column_text css=\u00a0\u00bb\u00a0\u00bb]<\/p>\n<p class=\"h4\" style=\"text-align: left\">Strat\u00e9gie de d\u00e9veloppement durable<\/p>\n<p>[\/vc_column_text][\/vc_column_inner][\/vc_row_inner]\n<div class=\"spacer spacer--medium\" style=\"height:30px\"><\/div>\n<div class=\"spacer spacer--small\" style=\"height:30px\"><\/div>\n[vc_row_inner content_placement=\u00a0\u00bbmiddle\u00a0\u00bb][vc_column_inner width=\u00a0\u00bb1\/12&Prime; offset=\u00a0\u00bbvc_col-xs-1&Prime;][vc_icon icon_fontawesome=\u00a0\u00bbfas fa-download\u00a0\u00bb color=\u00a0\u00bbcustom\u00a0\u00bb size=\u00a0\u00bblg\u00a0\u00bb css=\u00a0\u00bb\u00a0\u00bb custom_color=\u00a0\u00bb#3201FF\u00a0\u00bb link=\u00a0\u00bburl:https%3A%2F%2Fwww.ruch.de%2Fwp-content%2Fuploads%2F2025%2F03%2Fruch_novaplast_broschuere_en.pdf|title:Brochure%20de%20l&rsquo;entreprise|target:_blank\u00a0\u00bb][\/vc_column_inner][vc_column_inner width=\u00a0\u00bb11\/12&Prime; offset=\u00a0\u00bbvc_col-xs-11&Prime;][vc_column_text css=\u00a0\u00bb\u00a0\u00bb]<\/p>\n<p class=\"h4\" style=\"text-align: left\">Brochure de l&rsquo;entreprise<\/p>\n<p>[\/vc_column_text][\/vc_column_inner][\/vc_row_inner][\/vc_column][\/vc_row][vc_row][vc_column]\n<div class=\"spacer spacer--large\" style=\"height:100px\"><\/div>\n<div class=\"spacer spacer--medium\" style=\"height:75px\"><\/div>\n<div class=\"spacer spacer--small\" style=\"height:50px\"><\/div>\n[\/vc_column][\/vc_row][vc_row full_width=\u00a0\u00bbstretch_row\u00a0\u00bb el_class=\u00a0\u00bbproject-teaser\u00a0\u00bb][vc_column width=\u00a0\u00bb1\/3&Prime;][vc_column_text css=\u00a0\u00bb\u00a0\u00bb]<\/p>\n<h2><span class=\"text--white\">Prendre contact<\/span><\/h2>\n<p>[\/vc_column_text][\/vc_column][vc_column width=\u00a0\u00bb1\/3&Prime;][vc_column_text css=\u00a0\u00bb\u00a0\u00bb]<span class=\"text--white\">Vous avez besoin d&rsquo;informations ou de documents suppl\u00e9mentaires ? N&rsquo;h\u00e9sitez pas \u00e0 nous contacter. <\/span>[\/vc_column_text][\/vc_column][vc_column width=\u00a0\u00bb1\/3&Prime;]  <div class=\"btn--align-right\"><a class=\"btn-default\" href=\"https:\/\/www.ruch.de\/fr\/contact\/\" target=\"_self\" title=\"Contact\">Contactez-nous maintenant<\/a><\/div>[\/vc_column][\/vc_row]<\/p>\n<\/div>","protected":false},"excerpt":{"rendered":"<p>[vc_row][vc_column][vc_row_inner][vc_column_inner][vc_column_text css=\u00a0\u00bb\u00a0\u00bb] Certificats et t\u00e9l\u00e9chargements Vous trouverez ici des certificats importants, des fiches techniques et des documents utiles. Nous mettons \u00e0 votre disposition nos documents pertinents<span class=\"excerpt-hellip\"> [\u2026]<\/span><\/p>\n","protected":false},"author":1,"featured_media":0,"parent":0,"menu_order":58,"comment_status":"closed","ping_status":"closed","template":"","meta":{"_acf_changed":false,"footnotes":""},"class_list":["post-2910","page","type-page","status-publish","hentry"],"acf":[],"yoast_head":"<!-- This site is optimized with the Yoast SEO plugin v27.3 - https:\/\/yoast.com\/product\/yoast-seo-wordpress\/ -->\n<title>Certificats &amp; T\u00e9l\u00e9chargements | RUCH NOVAPLAST GmbH<\/title>\n<meta name=\"description\" content=\"Vous trouverez ici des certificats importants, des fiches techniques et d&#039;autres documents utiles. T\u00e9l\u00e9chargez directement tout ce qui est important.\" \/>\n<meta name=\"robots\" content=\"index, follow, max-snippet:-1, max-image-preview:large, max-video-preview:-1\" \/>\n<link rel=\"canonical\" href=\"https:\/\/www.ruch.de\/fr\/certificats-telechargements\/\" \/>\n<meta property=\"og:locale\" content=\"fr_FR\" \/>\n<meta property=\"og:type\" content=\"article\" \/>\n<meta property=\"og:title\" content=\"Certificats &amp; T\u00e9l\u00e9chargements | RUCH NOVAPLAST GmbH\" \/>\n<meta property=\"og:description\" content=\"Vous trouverez ici des certificats importants, des fiches techniques et d&#039;autres documents utiles. T\u00e9l\u00e9chargez directement tout ce qui est important.\" \/>\n<meta property=\"og:url\" content=\"https:\/\/www.ruch.de\/fr\/certificats-telechargements\/\" \/>\n<meta property=\"og:site_name\" content=\"RUCH NOVAPLAST\" \/>\n<meta property=\"article:publisher\" content=\"https:\/\/www.facebook.com\/ruchnovaplast\" \/>\n<meta property=\"article:modified_time\" content=\"2025-05-28T09:04:37+00:00\" \/>\n<meta name=\"twitter:card\" content=\"summary_large_image\" \/>\n<meta name=\"twitter:label1\" content=\"Dur\u00e9e de lecture estim\u00e9e\" \/>\n\t<meta name=\"twitter:data1\" content=\"2 minutes\" \/>\n<script type=\"application\/ld+json\" class=\"yoast-schema-graph\">{\"@context\":\"https:\\\/\\\/schema.org\",\"@graph\":[{\"@type\":\"WebPage\",\"@id\":\"https:\\\/\\\/www.ruch.de\\\/fr\\\/certificats-telechargements\\\/\",\"url\":\"https:\\\/\\\/www.ruch.de\\\/fr\\\/certificats-telechargements\\\/\",\"name\":\"Certificats & T\u00e9l\u00e9chargements | RUCH NOVAPLAST GmbH\",\"isPartOf\":{\"@id\":\"https:\\\/\\\/www.ruch.de\\\/fr\\\/#website\"},\"datePublished\":\"2024-11-13T14:23:27+00:00\",\"dateModified\":\"2025-05-28T09:04:37+00:00\",\"description\":\"Vous trouverez ici des certificats importants, des fiches techniques et d'autres documents utiles. T\u00e9l\u00e9chargez directement tout ce qui est important.\",\"breadcrumb\":{\"@id\":\"https:\\\/\\\/www.ruch.de\\\/fr\\\/certificats-telechargements\\\/#breadcrumb\"},\"inLanguage\":\"fr-FR\",\"potentialAction\":[{\"@type\":\"ReadAction\",\"target\":[\"https:\\\/\\\/www.ruch.de\\\/fr\\\/certificats-telechargements\\\/\"]}]},{\"@type\":\"BreadcrumbList\",\"@id\":\"https:\\\/\\\/www.ruch.de\\\/fr\\\/certificats-telechargements\\\/#breadcrumb\",\"itemListElement\":[{\"@type\":\"ListItem\",\"position\":1,\"name\":\"Home\",\"item\":\"https:\\\/\\\/www.ruch.de\\\/fr\\\/\"},{\"@type\":\"ListItem\",\"position\":2,\"name\":\"Certificats &amp; t\u00e9l\u00e9chargements\"}]},{\"@type\":\"WebSite\",\"@id\":\"https:\\\/\\\/www.ruch.de\\\/fr\\\/#website\",\"url\":\"https:\\\/\\\/www.ruch.de\\\/fr\\\/\",\"name\":\"www.ruch.de\",\"description\":\"\",\"publisher\":{\"@id\":\"https:\\\/\\\/www.ruch.de\\\/fr\\\/#organization\"},\"potentialAction\":[{\"@type\":\"SearchAction\",\"target\":{\"@type\":\"EntryPoint\",\"urlTemplate\":\"https:\\\/\\\/www.ruch.de\\\/fr\\\/?s={search_term_string}\"},\"query-input\":{\"@type\":\"PropertyValueSpecification\",\"valueRequired\":true,\"valueName\":\"search_term_string\"}}],\"inLanguage\":\"fr-FR\"},{\"@type\":\"Organization\",\"@id\":\"https:\\\/\\\/www.ruch.de\\\/fr\\\/#organization\",\"name\":\"RUCH NOVAPLAST GmbH\",\"url\":\"https:\\\/\\\/www.ruch.de\\\/fr\\\/\",\"logo\":{\"@type\":\"ImageObject\",\"inLanguage\":\"fr-FR\",\"@id\":\"https:\\\/\\\/www.ruch.de\\\/fr\\\/#\\\/schema\\\/logo\\\/image\\\/\",\"url\":\"https:\\\/\\\/www.ruch.de\\\/wp-content\\\/uploads\\\/2024\\\/11\\\/ruch-novaplast-logo-black.svg\",\"contentUrl\":\"https:\\\/\\\/www.ruch.de\\\/wp-content\\\/uploads\\\/2024\\\/11\\\/ruch-novaplast-logo-black.svg\",\"width\":1802,\"height\":338,\"caption\":\"RUCH NOVAPLAST GmbH\"},\"image\":{\"@id\":\"https:\\\/\\\/www.ruch.de\\\/fr\\\/#\\\/schema\\\/logo\\\/image\\\/\"},\"sameAs\":[\"https:\\\/\\\/www.facebook.com\\\/ruchnovaplast\",\"https:\\\/\\\/www.instagram.com\\\/ruchnovaplast\\\/\",\"https:\\\/\\\/www.linkedin.com\\\/company\\\/ruch-novaplast-gmbh\"]}]}<\/script>\n<!-- \/ Yoast SEO plugin. -->","yoast_head_json":{"title":"Certificats & T\u00e9l\u00e9chargements | RUCH NOVAPLAST GmbH","description":"Vous trouverez ici des certificats importants, des fiches techniques et d'autres documents utiles. T\u00e9l\u00e9chargez directement tout ce qui est important.","robots":{"index":"index","follow":"follow","max-snippet":"max-snippet:-1","max-image-preview":"max-image-preview:large","max-video-preview":"max-video-preview:-1"},"canonical":"https:\/\/www.ruch.de\/fr\/certificats-telechargements\/","og_locale":"fr_FR","og_type":"article","og_title":"Certificats & T\u00e9l\u00e9chargements | RUCH NOVAPLAST GmbH","og_description":"Vous trouverez ici des certificats importants, des fiches techniques et d'autres documents utiles. T\u00e9l\u00e9chargez directement tout ce qui est important.","og_url":"https:\/\/www.ruch.de\/fr\/certificats-telechargements\/","og_site_name":"RUCH NOVAPLAST","article_publisher":"https:\/\/www.facebook.com\/ruchnovaplast","article_modified_time":"2025-05-28T09:04:37+00:00","twitter_card":"summary_large_image","twitter_misc":{"Dur\u00e9e de lecture estim\u00e9e":"2 minutes"},"schema":{"@context":"https:\/\/schema.org","@graph":[{"@type":"WebPage","@id":"https:\/\/www.ruch.de\/fr\/certificats-telechargements\/","url":"https:\/\/www.ruch.de\/fr\/certificats-telechargements\/","name":"Certificats & T\u00e9l\u00e9chargements | RUCH NOVAPLAST GmbH","isPartOf":{"@id":"https:\/\/www.ruch.de\/fr\/#website"},"datePublished":"2024-11-13T14:23:27+00:00","dateModified":"2025-05-28T09:04:37+00:00","description":"Vous trouverez ici des certificats importants, des fiches techniques et d'autres documents utiles. T\u00e9l\u00e9chargez directement tout ce qui est important.","breadcrumb":{"@id":"https:\/\/www.ruch.de\/fr\/certificats-telechargements\/#breadcrumb"},"inLanguage":"fr-FR","potentialAction":[{"@type":"ReadAction","target":["https:\/\/www.ruch.de\/fr\/certificats-telechargements\/"]}]},{"@type":"BreadcrumbList","@id":"https:\/\/www.ruch.de\/fr\/certificats-telechargements\/#breadcrumb","itemListElement":[{"@type":"ListItem","position":1,"name":"Home","item":"https:\/\/www.ruch.de\/fr\/"},{"@type":"ListItem","position":2,"name":"Certificats &amp; t\u00e9l\u00e9chargements"}]},{"@type":"WebSite","@id":"https:\/\/www.ruch.de\/fr\/#website","url":"https:\/\/www.ruch.de\/fr\/","name":"www.ruch.de","description":"","publisher":{"@id":"https:\/\/www.ruch.de\/fr\/#organization"},"potentialAction":[{"@type":"SearchAction","target":{"@type":"EntryPoint","urlTemplate":"https:\/\/www.ruch.de\/fr\/?s={search_term_string}"},"query-input":{"@type":"PropertyValueSpecification","valueRequired":true,"valueName":"search_term_string"}}],"inLanguage":"fr-FR"},{"@type":"Organization","@id":"https:\/\/www.ruch.de\/fr\/#organization","name":"RUCH NOVAPLAST GmbH","url":"https:\/\/www.ruch.de\/fr\/","logo":{"@type":"ImageObject","inLanguage":"fr-FR","@id":"https:\/\/www.ruch.de\/fr\/#\/schema\/logo\/image\/","url":"https:\/\/www.ruch.de\/wp-content\/uploads\/2024\/11\/ruch-novaplast-logo-black.svg","contentUrl":"https:\/\/www.ruch.de\/wp-content\/uploads\/2024\/11\/ruch-novaplast-logo-black.svg","width":1802,"height":338,"caption":"RUCH NOVAPLAST GmbH"},"image":{"@id":"https:\/\/www.ruch.de\/fr\/#\/schema\/logo\/image\/"},"sameAs":["https:\/\/www.facebook.com\/ruchnovaplast","https:\/\/www.instagram.com\/ruchnovaplast\/","https:\/\/www.linkedin.com\/company\/ruch-novaplast-gmbh"]}]}},"_links":{"self":[{"href":"https:\/\/www.ruch.de\/fr\/wp-json\/wp\/v2\/pages\/2910","targetHints":{"allow":["GET"]}}],"collection":[{"href":"https:\/\/www.ruch.de\/fr\/wp-json\/wp\/v2\/pages"}],"about":[{"href":"https:\/\/www.ruch.de\/fr\/wp-json\/wp\/v2\/types\/page"}],"author":[{"embeddable":true,"href":"https:\/\/www.ruch.de\/fr\/wp-json\/wp\/v2\/users\/1"}],"replies":[{"embeddable":true,"href":"https:\/\/www.ruch.de\/fr\/wp-json\/wp\/v2\/comments?post=2910"}],"version-history":[{"count":0,"href":"https:\/\/www.ruch.de\/fr\/wp-json\/wp\/v2\/pages\/2910\/revisions"}],"wp:attachment":[{"href":"https:\/\/www.ruch.de\/fr\/wp-json\/wp\/v2\/media?parent=2910"}],"curies":[{"name":"wp","href":"https:\/\/api.w.org\/{rel}","templated":true}]}}