{"id":2784,"date":"2024-11-13T15:21:54","date_gmt":"2024-11-13T14:21:54","guid":{"rendered":"https:\/\/www.ruch.de\/societe\/gestion-de-la-qualite\/"},"modified":"2025-08-08T14:19:04","modified_gmt":"2025-08-08T12:19:04","slug":"gestion-de-la-qualite","status":"publish","type":"page","link":"https:\/\/www.ruch.de\/fr\/entreprise\/gestion-de-la-qualite\/","title":{"rendered":"Gestion de la qualit\u00e9"},"content":{"rendered":"<div class=\"wpb-content-wrapper\"><p>[vc_row][vc_column]\n<div class=\"spacer spacer--large\" style=\"height:100px\"><\/div>\n<div class=\"spacer spacer--medium\" style=\"height:60px\"><\/div>\n<div class=\"spacer spacer--small\" style=\"height:60px\"><\/div>\n[vc_row_inner][vc_column_inner][vc_column_text css=\u00a0\u00bb\u00a0\u00bb]<\/p>\n<h1>Notre gestion de la qualit\u00e9 : voici comment nous assumons notre responsabilit\u00e9<\/h1>\n<p>[\/vc_column_text][\/vc_column_inner][\/vc_row_inner][vc_row_inner][vc_column_inner width=\u00a0\u00bb1\/2&Prime;][vc_column_text css=\u00a0\u00bb\u00a0\u00bb]Nos produits sont synonymes de qualit\u00e9 et de fiabilit\u00e9. Qu&rsquo;il s&rsquo;agisse de la vie quotidienne, de la technologie m\u00e9dicale ou des solutions de mobilit\u00e9 du futur, la gestion de la qualit\u00e9 est le fondement de notre succ\u00e8s chez RUCH NOVAPLAST depuis plus de 140 ans. Nos pi\u00e8ces moul\u00e9es innovantes et nos syst\u00e8mes de bo\u00eetiers complexes en mousse de particules r\u00e9pondent aux exigences les plus \u00e9lev\u00e9es et contribuent de mani\u00e8re d\u00e9cisive \u00e0 la long\u00e9vit\u00e9 de vos produits finis.[\/vc_column_text][\/vc_column_inner][vc_column_inner width=\u00a0\u00bb1\/2&Prime;][vc_column_text css=\u00a0\u00bb\u00a0\u00bb]Pour garantir cette qualit\u00e9, nous nous appuyons sur des processus optimis\u00e9s de bout en bout : De l&rsquo;achat \u00e0 la livraison dans les d\u00e9lais, en passant par le d\u00e9veloppement et la production, nous travaillons selon les normes les plus strictes. La qualit\u00e9 n&rsquo;est pas seulement notre marque de fabrique &#8211; c&rsquo;est notre promesse envers vous.[\/vc_column_text][\/vc_column_inner][\/vc_row_inner][\/vc_column][\/vc_row][vc_row][vc_column][vc_column_text css_animation=\u00a0\u00bbfadeInLeft\u00a0\u00bb css=\u00a0\u00bb\u00a0\u00bb]<a class=\"a--jump\" href=\"#bras-de-mesure-3d\">Technologie de bras de mesure 3D<\/a> <a class=\"a--jump\" href=\"#tracabilite-des-lots\">Tra\u00e7abilit\u00e9 des lots<\/a> <a class=\"a--jump\" href=\"#examen-dynamique-des-composants\">Contr\u00f4le dynamique des composants<\/a> <a class=\"a--jump\" href=\"#banc-de-test\">Banc d&rsquo;essai d&rsquo;\u00e9tanch\u00e9it\u00e9 enti\u00e8rement automatique<\/a> <a class=\"a--jump\" href=\"#certificats\">Certificats &amp; t\u00e9l\u00e9chargements<\/a>[\/vc_column_text][\/vc_column][\/vc_row][vc_row][vc_column]\n<div class=\"spacer spacer--large\" style=\"height:60px\"><\/div>\n<div class=\"spacer spacer--medium\" style=\"height:60px\"><\/div>\n<div class=\"spacer spacer--small\" style=\"height:60px\"><\/div>\n[\/vc_column][\/vc_row][vc_row full_width=\u00a0\u00bbstretch_row\u00a0\u00bb content_placement=\u00a0\u00bbmiddle\u00a0\u00bb css=\u00a0\u00bb.vc_custom_1731940199490{background-color: #F5F5F5 !important;}\u00a0\u00bb][vc_column]\n<div class=\"spacer spacer--large\" style=\"height:60px\"><\/div>\n<div class=\"spacer spacer--medium\" style=\"height:60px\"><\/div>\n<div class=\"spacer spacer--small\" style=\"height:60px\"><\/div>\n[vc_row_inner content_placement=\u00a0\u00bbmiddle\u00a0\u00bb][vc_column_inner width=\u00a0\u00bb5\/12&Prime;][vc_column_text css=\u00a0\u00bb\u00a0\u00bb]<\/p>\n<h2>Naturellement certifi\u00e9s<\/h2>\n<p>[\/vc_column_text][\/vc_column_inner][vc_column_inner width=\u00a0\u00bb3\/12&Prime;][vc_single_image image=\u00a0\u00bb2790&Prime; img_size=\u00a0\u00bbfull\u00a0\u00bb css=\u00a0\u00bb\u00a0\u00bb][\/vc_column_inner][vc_column_inner width=\u00a0\u00bb4\/12&Prime;][vc_column_text css=\u00a0\u00bb\u00a0\u00bb]Tous les processus internes de RUCH NOVAPLAST r\u00e9pondent aux normes de qualit\u00e9 les plus \u00e9lev\u00e9es. Toute l&rsquo;entreprise est certifi\u00e9e DIN EN ISO 9001.[\/vc_column_text][\/vc_column_inner][\/vc_row_inner]\n<div class=\"spacer spacer--large\" style=\"height:60px\"><\/div>\n<div class=\"spacer spacer--medium\" style=\"height:60px\"><\/div>\n<div class=\"spacer spacer--small\" style=\"height:60px\"><\/div>\n[\/vc_column][\/vc_row][vc_row el_id=\u00a0\u00bbbras-de-mesure-3d\u00a0\u00bb][vc_column]\n<div class=\"spacer spacer--large\" style=\"height:100px\"><\/div>\n<div class=\"spacer spacer--medium\" style=\"height:75px\"><\/div>\n<div class=\"spacer spacer--small\" style=\"height:50px\"><\/div>\n[\/vc_column][\/vc_row][vc_row content_placement=\u00a0\u00bbmiddle\u00a0\u00bb][vc_column offset=\u00a0\u00bbvc_col-lg-6 vc_col-md-6 vc_col-xs-12&Prime;][vc_single_image image=\u00a0\u00bb2787&Prime; img_size=\u00a0\u00bbfull\u00a0\u00bb css=\u00a0\u00bb\u00a0\u00bb][\/vc_column][vc_column offset=\u00a0\u00bbvc_col-lg-5 vc_col-md-5 vc_col-xs-12&Prime;][vc_column_text css=\u00a0\u00bb\u00a0\u00bb]<\/p>\n<h3>La pr\u00e9cision gr\u00e2ce \u00e0 une technologie de mesure 3D de pointe<\/h3>\n<p>Notre technologie de bras de mesure 3D ultramoderne garantit une pr\u00e9cision maximale lors du contr\u00f4le qualit\u00e9. Elle permet de v\u00e9rifier les \u00e9carts entre les pi\u00e8ces qui ne peuvent pas \u00eatre d\u00e9tect\u00e9s par les techniques de mesure traditionnelles. Gr\u00e2ce \u00e0 une num\u00e9risation pr\u00e9cise, les pi\u00e8ces moul\u00e9es sont saisies num\u00e9riquement, mesur\u00e9es et compar\u00e9es directement avec les donn\u00e9es de r\u00e9f\u00e9rence, avec une pr\u00e9cision impressionnante de moins de 0,5 mm.<\/p>\n<p>Cette technologie permet de r\u00e9pondre avec pr\u00e9cision aux besoins de mesure les plus exigeants. Gr\u00e2ce \u00e0 ce que l&rsquo;on appelle la correspondance des couleurs, m\u00eame les plus petits \u00e9carts peuvent \u00eatre visualis\u00e9s en temps r\u00e9el. Les outils de moussage peuvent \u00e9galement \u00eatre palp\u00e9s ou scann\u00e9s avec cette technique. Cela permet une \u00e9valuation d\u00e9taill\u00e9e en comparaison directe avec les donn\u00e9es CAO &#8211; pour une pr\u00e9cision maximale \u00e0 chaque \u00e9tape de la production.[\/vc_column_text]\n<div class=\"spacer spacer--small\" style=\"height:30px\"><\/div>\n[\/vc_column][vc_column width=\u00a0\u00bb1\/12&Prime; offset=\u00a0\u00bbvc_col-lg-1 vc_col-md-1 vc_hidden-sm vc_hidden-xs\u00a0\u00bb][\/vc_column][\/vc_row][vc_row el_id=\u00a0\u00bbtracabilite-des-lots\u00a0\u00bb][vc_column]\n<div class=\"spacer spacer--large\" style=\"height:100px\"><\/div>\n<div class=\"spacer spacer--medium\" style=\"height:75px\"><\/div>\n<div class=\"spacer spacer--small\" style=\"height:50px\"><\/div>\n[\/vc_column][\/vc_row][vc_row content_placement=\u00a0\u00bbmiddle\u00a0\u00bb el_class=\u00a0\u00bbimage-next-to-text-reverse\u00a0\u00bb][vc_column width=\u00a0\u00bb1\/12&Prime; offset=\u00a0\u00bbvc_col-lg-1 vc_col-md-1 vc_hidden-sm vc_hidden-xs\u00a0\u00bb][\/vc_column][vc_column offset=\u00a0\u00bbvc_col-lg-5 vc_col-md-5 vc_col-xs-12&Prime;][vc_column_text css=\u00a0\u00bb\u00a0\u00bb]<\/p>\n<h3>Tra\u00e7abilit\u00e9 transparente des lots<\/h3>\n<p>Si vous souhaitez une tra\u00e7abilit\u00e9 de vos lots, nous la rendons possible. Nous vous offrons une transparence totale sur l&rsquo;origine et le parcours de chaque produit. Notre tra\u00e7abilit\u00e9 des lots permet de savoir \u00e0 tout moment d&rsquo;o\u00f9 vient chaque ingr\u00e9dient et comment il se d\u00e9place tout au long de la cha\u00eene d&rsquo;approvisionnement. Nous pouvons ainsi retracer chaque produit jusqu&rsquo;au producteur, aux ingr\u00e9dients utilis\u00e9s ou aux caract\u00e9ristiques sp\u00e9cifiques des processus et des produits, pour une s\u00e9curit\u00e9 et une qualit\u00e9 maximales \u00e0 chaque \u00e9tape.[\/vc_column_text]\n<div class=\"spacer spacer--small\" style=\"height:30px\"><\/div>\n[\/vc_column][vc_column offset=\u00a0\u00bbvc_col-lg-6 vc_col-md-6 vc_col-xs-12&Prime;][vc_single_image image=\u00a0\u00bb2785&Prime; img_size=\u00a0\u00bbfull\u00a0\u00bb css=\u00a0\u00bb\u00a0\u00bb][\/vc_column][\/vc_row][vc_row el_id=\u00a0\u00bbexamen-dynamique-des-composants\u00a0\u00bb][vc_column]\n<div class=\"spacer spacer--large\" style=\"height:100px\"><\/div>\n<div class=\"spacer spacer--medium\" style=\"height:75px\"><\/div>\n<div class=\"spacer spacer--small\" style=\"height:50px\"><\/div>\n[\/vc_column][\/vc_row][vc_row content_placement=\u00a0\u00bbmiddle\u00a0\u00bb][vc_column offset=\u00a0\u00bbvc_col-lg-6 vc_col-md-6 vc_col-xs-12&Prime;][vc_single_image image=\u00a0\u00bb2786&Prime; img_size=\u00a0\u00bbfull\u00a0\u00bb css=\u00a0\u00bb\u00a0\u00bb][\/vc_column][vc_column offset=\u00a0\u00bbvc_col-lg-5 vc_col-md-5 vc_col-xs-12&Prime;][vc_column_text css=\u00a0\u00bb\u00a0\u00bb]<\/p>\n<h3>Contr\u00f4le dynamique des composants pour une s\u00e9curit\u00e9 maximale<\/h3>\n<p>Le contr\u00f4le dynamique des composants permet de tester la qualit\u00e9 des produits dans des conditions r\u00e9alistes. Pour ce faire, des \u00e9chantillons sont g\u00e9n\u00e9ralement pr\u00e9lev\u00e9s dans la production. Les m\u00e9thodes d&rsquo;essai d\u00e9pendent alors du composant concern\u00e9.<\/p>\n<p>Dans le domaine des protections corporelles et des protecteurs, nous effectuons souvent des tests de destruction afin de simuler de mani\u00e8re r\u00e9aliste le comportement en cas d&rsquo;utilisation extr\u00eame et de garantir que les composants r\u00e9sistent aux exigences les plus \u00e9lev\u00e9es. Pour les protections de transport, il suffit souvent d&rsquo;un test de chute pour v\u00e9rifier comment le composant r\u00e9agit sous la charge et dans quelle mesure il prot\u00e8ge efficacement contre les dommages.[\/vc_column_text]\n<div class=\"spacer spacer--small\" style=\"height:30px\"><\/div>\n[\/vc_column][vc_column width=\u00a0\u00bb1\/12&Prime; offset=\u00a0\u00bbvc_col-lg-1 vc_col-md-1 vc_hidden-sm vc_hidden-xs\u00a0\u00bb][\/vc_column][\/vc_row][vc_row el_id=\u00a0\u00bbbanc-de-test\u00a0\u00bb][vc_column]\n<div class=\"spacer spacer--large\" style=\"height:100px\"><\/div>\n<div class=\"spacer spacer--medium\" style=\"height:75px\"><\/div>\n<div class=\"spacer spacer--small\" style=\"height:50px\"><\/div>\n[\/vc_column][\/vc_row][vc_row content_placement=\u00a0\u00bbmiddle\u00a0\u00bb el_class=\u00a0\u00bbimage-next-to-text-reverse\u00a0\u00bb][vc_column width=\u00a0\u00bb1\/12&Prime; offset=\u00a0\u00bbvc_col-lg-1 vc_col-md-1 vc_hidden-sm vc_hidden-xs\u00a0\u00bb][\/vc_column][vc_column offset=\u00a0\u00bbvc_col-lg-5 vc_col-md-5 vc_col-xs-12&Prime;][vc_column_text css=\u00a0\u00bb\u00a0\u00bb]<\/p>\n<h3>Banc d&rsquo;essai d&rsquo;\u00e9tanch\u00e9it\u00e9 enti\u00e8rement automatique pour les assemblages EPP<\/h3>\n<p>Lorsque nous utilisons des ensembles de bo\u00eetiers en EPP dans des appareils qui transportent de l&rsquo;eau, leur \u00e9tanch\u00e9it\u00e9 est cruciale. Pour s&rsquo;en assurer, RUCH NOVAPLAST a d\u00e9velopp\u00e9 un banc d&rsquo;essai d&rsquo;\u00e9tanch\u00e9it\u00e9 enti\u00e8rement automatis\u00e9. Les ensembles de bo\u00eetiers en EPP y sont soumis \u00e0 un test pr\u00e9cis qui nous permet de d\u00e9tecter les fuites avec une pr\u00e9cision absolue.<\/p>\n<p>Dans la cellule de contr\u00f4le, l&rsquo;impression des \u00e9tiquettes de qualit\u00e9 en fonction des r\u00e9sultats est automatique. Sur chaque assemblage, nous apposons un code QR qui contient toutes les donn\u00e9es pertinentes sur le produit, la production et la qualit\u00e9. Nous pouvons ainsi suivre de mani\u00e8re transparente toutes les \u00e9tapes de la fabrication, des mati\u00e8res premi\u00e8res aux tests d&rsquo;\u00e9tanch\u00e9it\u00e9. L&rsquo;ensemble du processus de contr\u00f4le est int\u00e9gr\u00e9 dans nos syst\u00e8mes ERP\/MES et CAQ. Ainsi, nous enregistrons et documentons toutes les donn\u00e9es sans faille.[\/vc_column_text]\n<div class=\"spacer spacer--small\" style=\"height:30px\"><\/div>\n[\/vc_column][vc_column offset=\u00a0\u00bbvc_col-lg-6 vc_col-md-6 vc_col-xs-12&Prime;][vc_single_image image=\u00a0\u00bb2788&Prime; img_size=\u00a0\u00bbfull\u00a0\u00bb css=\u00a0\u00bb\u00a0\u00bb][\/vc_column][\/vc_row][vc_row el_id=\u00a0\u00bbcertificats\u00a0\u00bb][vc_column]\n<div class=\"spacer spacer--large\" style=\"height:60px\"><\/div>\n<div class=\"spacer spacer--medium\" style=\"height:60px\"><\/div>\n<div class=\"spacer spacer--small\" style=\"height:60px\"><\/div>\n[\/vc_column][\/vc_row][vc_row][vc_column]\n<div class=\"spacer spacer--large\" style=\"height:60px\"><\/div>\n<div class=\"spacer spacer--medium\" style=\"height:60px\"><\/div>\n<div class=\"spacer spacer--small\" style=\"height:60px\"><\/div>\n[vc_row_inner][vc_column_inner width=\u00a0\u00bb1\/2&Prime;][vc_column_text css=\u00a0\u00bb\u00a0\u00bb]<\/p>\n<h2>Certificats et t\u00e9l\u00e9chargements importants<\/h2>\n<p>[\/vc_column_text][\/vc_column_inner][vc_column_inner width=\u00a0\u00bb1\/2&Prime;][\/vc_column_inner][\/vc_row_inner][vc_row_inner][vc_column_inner width=\u00a0\u00bb1\/2&Prime;][vc_column_text css=\u00a0\u00bb\u00a0\u00bb]Notre exigence de qualit\u00e9 se refl\u00e8te dans chacun de nos produits. En tant que fabricant leader de pi\u00e8ces moul\u00e9es innovantes et de syst\u00e8mes de bo\u00eetiers complexes en mousse de particules, nous attachons la plus grande importance aux processus et mat\u00e9riaux certifi\u00e9s.[\/vc_column_text][\/vc_column_inner][vc_column_inner width=\u00a0\u00bb1\/2&Prime;][vc_column_text css=\u00a0\u00bb\u00a0\u00bb]Cliquez pour voir tous les certificats, fiches techniques et documents importants en un coup d&rsquo;\u0153il. Vous pouvez non seulement y consulter les documents, mais aussi les t\u00e9l\u00e9charger directement.[\/vc_column_text][\/vc_column_inner][\/vc_row_inner]  <a class=\"btn-custom1\" href=\"https:\/\/www.ruch.de\/fr\/certificats-telechargements\/\" target=\"_self\" title=\"Vers les certificats et les t\u00e9l\u00e9chargements\">Vers les certificats et les t\u00e9l\u00e9chargements<\/a>\n<div class=\"spacer spacer--large\" style=\"height:60px\"><\/div>\n<div class=\"spacer spacer--medium\" style=\"height:60px\"><\/div>\n<div class=\"spacer spacer--small\" style=\"height:60px\"><\/div>\n[\/vc_column][\/vc_row][vc_row][vc_column]\n<div class=\"spacer spacer--large\" style=\"height:60px\"><\/div>\n<div class=\"spacer spacer--medium\" style=\"height:60px\"><\/div>\n<div class=\"spacer spacer--small\" style=\"height:60px\"><\/div>\n[\/vc_column][\/vc_row][vc_row][vc_column]          <div class=\"teaser-container teaser-container--two-colum\">\n\n        \n    <div class=\"ruch-teaser-card bg--gray  wpb_animate_when_almost_visible wpb_fadeInLeft fadeInLeft\">\n        <div class=\"teaser-card-content\">\n          <h3>Expertises<\/h3>\n<p>Depuis plus de 140 ans, nous combinons notre expertise en mati\u00e8re de produits et de mat\u00e9riaux, ainsi que notre savoir-faire en mati\u00e8re de fabrication et de processus, afin de cr\u00e9er pour vous des solutions de mousse \u00e0 particules leaders sur le march\u00e9. En savoir plus sur nos comp\u00e9tences.<\/p>\n        <\/div>\n                <div class=\"teaser-card-button\">\n          <a href=\"https:\/\/www.ruch.de\/fr\/expertises\/\" title=\"Vers les expertises\" target=\"_self\" class=\"a--jump\">\n              Vers les expertises          <\/a>\n        <\/div>\n            <\/div>\n\n  \n    <div class=\"ruch-teaser-card bg--blue  wpb_animate_when_almost_visible wpb_fadeInRight fadeInRight\">\n        <div class=\"teaser-card-content\">\n          <h3>Contact<\/h3>\n<p>Vous avez des questions sur notre gestion de la qualit\u00e9 ou vous souhaitez un conseil personnalis\u00e9 ? Nous sommes \u00e0 votre disposition. N&rsquo;h\u00e9sitez pas \u00e0 nous contacter.<\/p>\n        <\/div>\n                <div class=\"teaser-card-button\">\n          <a href=\"https:\/\/www.ruch.de\/fr\/contact\/\" title=\"Vers le contact\" target=\"_self\" class=\"a--jump\">\n              Vers le contact          <\/a>\n        <\/div>\n            <\/div>\n      <\/div>\n    [\/vc_column][\/vc_row][vc_row][vc_column]\n<div class=\"spacer spacer--large\" style=\"height:60px\"><\/div>\n<div class=\"spacer spacer--medium\" style=\"height:60px\"><\/div>\n<div class=\"spacer spacer--small\" style=\"height:60px\"><\/div>\n[\/vc_column][\/vc_row]<\/p>\n<\/div>","protected":false},"excerpt":{"rendered":"<p>[vc_row][vc_column][vc_row_inner][vc_column_inner][vc_column_text css=\u00a0\u00bb\u00a0\u00bb] Notre gestion de la qualit\u00e9 : voici comment nous assumons notre responsabilit\u00e9 [\/vc_column_text][\/vc_column_inner][\/vc_row_inner][vc_row_inner][vc_column_inner width=\u00a0\u00bb1\/2&Prime;][vc_column_text css=\u00a0\u00bb\u00a0\u00bb]Nos produits sont synonymes de qualit\u00e9 et de fiabilit\u00e9. Qu&rsquo;il<span class=\"excerpt-hellip\"> [\u2026]<\/span><\/p>\n","protected":false},"author":1,"featured_media":-1,"parent":2751,"menu_order":0,"comment_status":"closed","ping_status":"closed","template":"","meta":{"_acf_changed":false,"footnotes":""},"class_list":["post-2784","page","type-page","status-publish","has-post-thumbnail","hentry"],"acf":[],"yoast_head":"<!-- This site is optimized with the Yoast SEO plugin v27.3 - https:\/\/yoast.com\/product\/yoast-seo-wordpress\/ -->\n<title>Notre gestion de la qualit\u00e9 | RUCH NOVAPLAST GmbH<\/title>\n<meta name=\"description\" content=\"Notre gestion de la qualit\u00e9 est le fondement de notre succ\u00e8s. En savoir plus sur nos processus optimis\u00e9s de bout en bout.\" \/>\n<meta name=\"robots\" content=\"index, follow, max-snippet:-1, max-image-preview:large, max-video-preview:-1\" \/>\n<link rel=\"canonical\" href=\"https:\/\/www.ruch.de\/fr\/entreprise\/gestion-de-la-qualite\/\" \/>\n<meta property=\"og:locale\" content=\"fr_FR\" \/>\n<meta property=\"og:type\" content=\"article\" \/>\n<meta property=\"og:title\" content=\"Notre gestion de la qualit\u00e9 | RUCH NOVAPLAST GmbH\" \/>\n<meta property=\"og:description\" content=\"Notre gestion de la qualit\u00e9 est le fondement de notre succ\u00e8s. En savoir plus sur nos processus optimis\u00e9s de bout en bout.\" \/>\n<meta property=\"og:url\" content=\"https:\/\/www.ruch.de\/fr\/entreprise\/gestion-de-la-qualite\/\" \/>\n<meta property=\"og:site_name\" content=\"RUCH NOVAPLAST\" \/>\n<meta property=\"article:publisher\" content=\"https:\/\/www.facebook.com\/ruchnovaplast\" \/>\n<meta property=\"article:modified_time\" content=\"2025-08-08T12:19:04+00:00\" \/>\n<meta name=\"twitter:card\" content=\"summary_large_image\" \/>\n<meta name=\"twitter:label1\" content=\"Dur\u00e9e de lecture estim\u00e9e\" \/>\n\t<meta name=\"twitter:data1\" content=\"7 minutes\" \/>\n<script type=\"application\/ld+json\" class=\"yoast-schema-graph\">{\"@context\":\"https:\\\/\\\/schema.org\",\"@graph\":[{\"@type\":\"WebPage\",\"@id\":\"https:\\\/\\\/www.ruch.de\\\/fr\\\/entreprise\\\/gestion-de-la-qualite\\\/\",\"url\":\"https:\\\/\\\/www.ruch.de\\\/fr\\\/entreprise\\\/gestion-de-la-qualite\\\/\",\"name\":\"Notre gestion de la qualit\u00e9 | RUCH NOVAPLAST GmbH\",\"isPartOf\":{\"@id\":\"https:\\\/\\\/www.ruch.de\\\/fr\\\/#website\"},\"datePublished\":\"2024-11-13T14:21:54+00:00\",\"dateModified\":\"2025-08-08T12:19:04+00:00\",\"description\":\"Notre gestion de la qualit\u00e9 est le fondement de notre succ\u00e8s. En savoir plus sur nos processus optimis\u00e9s de bout en bout.\",\"breadcrumb\":{\"@id\":\"https:\\\/\\\/www.ruch.de\\\/fr\\\/entreprise\\\/gestion-de-la-qualite\\\/#breadcrumb\"},\"inLanguage\":\"fr-FR\",\"potentialAction\":[{\"@type\":\"ReadAction\",\"target\":[\"https:\\\/\\\/www.ruch.de\\\/fr\\\/entreprise\\\/gestion-de-la-qualite\\\/\"]}]},{\"@type\":\"BreadcrumbList\",\"@id\":\"https:\\\/\\\/www.ruch.de\\\/fr\\\/entreprise\\\/gestion-de-la-qualite\\\/#breadcrumb\",\"itemListElement\":[{\"@type\":\"ListItem\",\"position\":1,\"name\":\"Home\",\"item\":\"https:\\\/\\\/www.ruch.de\\\/fr\\\/\"},{\"@type\":\"ListItem\",\"position\":2,\"name\":\"Entreprise\",\"item\":\"https:\\\/\\\/www.ruch.de\\\/fr\\\/entreprise\\\/\"},{\"@type\":\"ListItem\",\"position\":3,\"name\":\"Gestion de la qualit\u00e9\"}]},{\"@type\":\"WebSite\",\"@id\":\"https:\\\/\\\/www.ruch.de\\\/fr\\\/#website\",\"url\":\"https:\\\/\\\/www.ruch.de\\\/fr\\\/\",\"name\":\"www.ruch.de\",\"description\":\"\",\"publisher\":{\"@id\":\"https:\\\/\\\/www.ruch.de\\\/fr\\\/#organization\"},\"potentialAction\":[{\"@type\":\"SearchAction\",\"target\":{\"@type\":\"EntryPoint\",\"urlTemplate\":\"https:\\\/\\\/www.ruch.de\\\/fr\\\/?s={search_term_string}\"},\"query-input\":{\"@type\":\"PropertyValueSpecification\",\"valueRequired\":true,\"valueName\":\"search_term_string\"}}],\"inLanguage\":\"fr-FR\"},{\"@type\":\"Organization\",\"@id\":\"https:\\\/\\\/www.ruch.de\\\/fr\\\/#organization\",\"name\":\"RUCH NOVAPLAST GmbH\",\"url\":\"https:\\\/\\\/www.ruch.de\\\/fr\\\/\",\"logo\":{\"@type\":\"ImageObject\",\"inLanguage\":\"fr-FR\",\"@id\":\"https:\\\/\\\/www.ruch.de\\\/fr\\\/#\\\/schema\\\/logo\\\/image\\\/\",\"url\":\"https:\\\/\\\/www.ruch.de\\\/wp-content\\\/uploads\\\/2024\\\/11\\\/ruch-novaplast-logo-black.svg\",\"contentUrl\":\"https:\\\/\\\/www.ruch.de\\\/wp-content\\\/uploads\\\/2024\\\/11\\\/ruch-novaplast-logo-black.svg\",\"width\":1802,\"height\":338,\"caption\":\"RUCH NOVAPLAST GmbH\"},\"image\":{\"@id\":\"https:\\\/\\\/www.ruch.de\\\/fr\\\/#\\\/schema\\\/logo\\\/image\\\/\"},\"sameAs\":[\"https:\\\/\\\/www.facebook.com\\\/ruchnovaplast\",\"https:\\\/\\\/www.instagram.com\\\/ruchnovaplast\\\/\",\"https:\\\/\\\/www.linkedin.com\\\/company\\\/ruch-novaplast-gmbh\"]}]}<\/script>\n<!-- \/ Yoast SEO plugin. -->","yoast_head_json":{"title":"Notre gestion de la qualit\u00e9 | RUCH NOVAPLAST GmbH","description":"Notre gestion de la qualit\u00e9 est le fondement de notre succ\u00e8s. En savoir plus sur nos processus optimis\u00e9s de bout en bout.","robots":{"index":"index","follow":"follow","max-snippet":"max-snippet:-1","max-image-preview":"max-image-preview:large","max-video-preview":"max-video-preview:-1"},"canonical":"https:\/\/www.ruch.de\/fr\/entreprise\/gestion-de-la-qualite\/","og_locale":"fr_FR","og_type":"article","og_title":"Notre gestion de la qualit\u00e9 | RUCH NOVAPLAST GmbH","og_description":"Notre gestion de la qualit\u00e9 est le fondement de notre succ\u00e8s. En savoir plus sur nos processus optimis\u00e9s de bout en bout.","og_url":"https:\/\/www.ruch.de\/fr\/entreprise\/gestion-de-la-qualite\/","og_site_name":"RUCH NOVAPLAST","article_publisher":"https:\/\/www.facebook.com\/ruchnovaplast","article_modified_time":"2025-08-08T12:19:04+00:00","twitter_card":"summary_large_image","twitter_misc":{"Dur\u00e9e de lecture estim\u00e9e":"7 minutes"},"schema":{"@context":"https:\/\/schema.org","@graph":[{"@type":"WebPage","@id":"https:\/\/www.ruch.de\/fr\/entreprise\/gestion-de-la-qualite\/","url":"https:\/\/www.ruch.de\/fr\/entreprise\/gestion-de-la-qualite\/","name":"Notre gestion de la qualit\u00e9 | RUCH NOVAPLAST GmbH","isPartOf":{"@id":"https:\/\/www.ruch.de\/fr\/#website"},"datePublished":"2024-11-13T14:21:54+00:00","dateModified":"2025-08-08T12:19:04+00:00","description":"Notre gestion de la qualit\u00e9 est le fondement de notre succ\u00e8s. En savoir plus sur nos processus optimis\u00e9s de bout en bout.","breadcrumb":{"@id":"https:\/\/www.ruch.de\/fr\/entreprise\/gestion-de-la-qualite\/#breadcrumb"},"inLanguage":"fr-FR","potentialAction":[{"@type":"ReadAction","target":["https:\/\/www.ruch.de\/fr\/entreprise\/gestion-de-la-qualite\/"]}]},{"@type":"BreadcrumbList","@id":"https:\/\/www.ruch.de\/fr\/entreprise\/gestion-de-la-qualite\/#breadcrumb","itemListElement":[{"@type":"ListItem","position":1,"name":"Home","item":"https:\/\/www.ruch.de\/fr\/"},{"@type":"ListItem","position":2,"name":"Entreprise","item":"https:\/\/www.ruch.de\/fr\/entreprise\/"},{"@type":"ListItem","position":3,"name":"Gestion de la qualit\u00e9"}]},{"@type":"WebSite","@id":"https:\/\/www.ruch.de\/fr\/#website","url":"https:\/\/www.ruch.de\/fr\/","name":"www.ruch.de","description":"","publisher":{"@id":"https:\/\/www.ruch.de\/fr\/#organization"},"potentialAction":[{"@type":"SearchAction","target":{"@type":"EntryPoint","urlTemplate":"https:\/\/www.ruch.de\/fr\/?s={search_term_string}"},"query-input":{"@type":"PropertyValueSpecification","valueRequired":true,"valueName":"search_term_string"}}],"inLanguage":"fr-FR"},{"@type":"Organization","@id":"https:\/\/www.ruch.de\/fr\/#organization","name":"RUCH NOVAPLAST GmbH","url":"https:\/\/www.ruch.de\/fr\/","logo":{"@type":"ImageObject","inLanguage":"fr-FR","@id":"https:\/\/www.ruch.de\/fr\/#\/schema\/logo\/image\/","url":"https:\/\/www.ruch.de\/wp-content\/uploads\/2024\/11\/ruch-novaplast-logo-black.svg","contentUrl":"https:\/\/www.ruch.de\/wp-content\/uploads\/2024\/11\/ruch-novaplast-logo-black.svg","width":1802,"height":338,"caption":"RUCH NOVAPLAST GmbH"},"image":{"@id":"https:\/\/www.ruch.de\/fr\/#\/schema\/logo\/image\/"},"sameAs":["https:\/\/www.facebook.com\/ruchnovaplast","https:\/\/www.instagram.com\/ruchnovaplast\/","https:\/\/www.linkedin.com\/company\/ruch-novaplast-gmbh"]}]}},"_links":{"self":[{"href":"https:\/\/www.ruch.de\/fr\/wp-json\/wp\/v2\/pages\/2784","targetHints":{"allow":["GET"]}}],"collection":[{"href":"https:\/\/www.ruch.de\/fr\/wp-json\/wp\/v2\/pages"}],"about":[{"href":"https:\/\/www.ruch.de\/fr\/wp-json\/wp\/v2\/types\/page"}],"author":[{"embeddable":true,"href":"https:\/\/www.ruch.de\/fr\/wp-json\/wp\/v2\/users\/1"}],"replies":[{"embeddable":true,"href":"https:\/\/www.ruch.de\/fr\/wp-json\/wp\/v2\/comments?post=2784"}],"version-history":[{"count":0,"href":"https:\/\/www.ruch.de\/fr\/wp-json\/wp\/v2\/pages\/2784\/revisions"}],"up":[{"embeddable":true,"href":"https:\/\/www.ruch.de\/fr\/wp-json\/wp\/v2\/pages\/2751"}],"wp:featuredmedia":[{"embeddable":true,"href":"https:\/\/www.ruch.de\/fr\/wp-json\/"}],"wp:attachment":[{"href":"https:\/\/www.ruch.de\/fr\/wp-json\/wp\/v2\/media?parent=2784"}],"curies":[{"name":"wp","href":"https:\/\/api.w.org\/{rel}","templated":true}]}}