{"id":2767,"date":"2024-11-13T15:19:54","date_gmt":"2024-11-13T14:19:54","guid":{"rendered":"https:\/\/www.ruch.de\/societe\/faits-historique\/"},"modified":"2025-09-12T10:59:11","modified_gmt":"2025-09-12T08:59:11","slug":"faits-histoire","status":"publish","type":"page","link":"https:\/\/www.ruch.de\/fr\/entreprise\/faits-histoire\/","title":{"rendered":"Faits &amp; Histoire"},"content":{"rendered":"<div class=\"wpb-content-wrapper\"><p>[vc_row][vc_column]\n<div class=\"spacer spacer--large\" style=\"height:100px\"><\/div>\n<div class=\"spacer spacer--medium\" style=\"height:60px\"><\/div>\n<div class=\"spacer spacer--small\" style=\"height:60px\"><\/div>\n[vc_row_inner][vc_column_inner][vc_column_text css=\u00a0\u00bb\u00a0\u00bb]<\/p>\n<h1>Faits et histoire : c&rsquo;est RUCH NOVAPLAST<\/h1>\n<p>[\/vc_column_text][\/vc_column_inner][\/vc_row_inner][vc_row_inner][vc_column_inner width=\u00a0\u00bb1\/2&Prime;][vc_column_text css=\u00a0\u00bb\u00a0\u00bb]Depuis des d\u00e9cennies, RUCH NOVAPLAST est synonyme d&rsquo;expertise de haut niveau dans le d\u00e9veloppement et la fabrication de pi\u00e8ces moul\u00e9es innovantes et de syst\u00e8mes de bo\u00eetiers complexes en mousse de particules. Ce qui nous motive ? Notre capacit\u00e9 \u00e0 capter les impulsions du march\u00e9, \u00e0 en comprendre l&rsquo;essence et \u00e0 les transformer en solutions d&rsquo;avenir.<\/p>\n<p>Notre longue histoire est marqu\u00e9e par le changement, le progr\u00e8s et un sens infatigable de l&rsquo;innovation avec du potentiel. Nous n&rsquo;avons cess\u00e9 d&rsquo;\u00e9voluer et nous sommes fiers de vous proposer des solutions personnalis\u00e9es de haute qualit\u00e9 qui ont toujours une longueur d&rsquo;avance.[\/vc_column_text][\/vc_column_inner][vc_column_inner width=\u00a0\u00bb1\/2&Prime;][vc_column_text css=\u00a0\u00bb\u00a0\u00bb]D\u00e9couvrez nos principales \u00e9tapes et ce qui nous rend sp\u00e9ciaux depuis le d\u00e9but : une forte combinaison d&rsquo;exp\u00e9rience, de cr\u00e9ativit\u00e9 et de pr\u00e9cision technologique.[\/vc_column_text][\/vc_column_inner][\/vc_row_inner]\n<div class=\"spacer spacer--large\" style=\"height:60px\"><\/div>\n<div class=\"spacer spacer--medium\" style=\"height:60px\"><\/div>\n<div class=\"spacer spacer--small\" style=\"height:60px\"><\/div>\n[\/vc_column][\/vc_row][vc_row full_width=\u00a0\u00bbstretch_row\u00a0\u00bb css=\u00a0\u00bb.vc_custom_1737384057345{background-color: #F5F5F5 !important;}\u00a0\u00bb][vc_column]\n<div class=\"spacer spacer--large\" style=\"height:60px\"><\/div>\n<div class=\"spacer spacer--medium\" style=\"height:60px\"><\/div>\n<div class=\"spacer spacer--small\" style=\"height:60px\"><\/div>\n[\/vc_column][\/vc_row][vc_row full_width=\u00a0\u00bbstretch_row\u00a0\u00bb css=\u00a0\u00bb.vc_custom_1737384046655{background-color: #F5F5F5 !important;}\u00a0\u00bb][vc_column][vc_column_text css=\u00a0\u00bb\u00a0\u00bb]<\/p>\n<h2>Les faits les plus importants sur notre entreprise<\/h2>\n<p>[\/vc_column_text][\/vc_column][\/vc_row][vc_row full_width=\u00a0\u00bbstretch_row\u00a0\u00bb css=\u00a0\u00bb.vc_custom_1737384071693{background-color: #F5F5F5 !important;}\u00a0\u00bb][vc_column width=\u00a0\u00bb1\/2&Prime;][vc_column_text css=\u00a0\u00bb\u00a0\u00bb]<\/p>\n<ul>\n<li>50 millions d&rsquo;euros de chiffre d&rsquo;affaires<\/li>\n<li>400 employ\u00e9s dans toute l&rsquo;Europe<\/li>\n<li>300 nouveaux produits par an<\/li>\n<li>120 000 pi\u00e8ces moul\u00e9es par jour<\/li>\n<\/ul>\n<p>[\/vc_column_text][\/vc_column][vc_column width=\u00a0\u00bb1\/2&Prime;][vc_column_text css=\u00a0\u00bb\u00a0\u00bb]<\/p>\n<ul>\n<li>5 centres de fraisage CNC<\/li>\n<li>8 postes de travail CAO dans la construction<\/li>\n<li>43 Mousses automatiques<\/li>\n<li>9 m\u00e9tiers de formation avec 30 apprentis<\/li>\n<\/ul>\n<p>[\/vc_column_text][\/vc_column][\/vc_row][vc_row full_width=\u00a0\u00bbstretch_row\u00a0\u00bb css=\u00a0\u00bb.vc_custom_1737384057345{background-color: #F5F5F5 !important;}\u00a0\u00bb][vc_column]\n<div class=\"spacer spacer--large\" style=\"height:60px\"><\/div>\n<div class=\"spacer spacer--medium\" style=\"height:60px\"><\/div>\n<div class=\"spacer spacer--small\" style=\"height:60px\"><\/div>\n[\/vc_column][\/vc_row][vc_row][vc_column]\n<div class=\"spacer spacer--large\" style=\"height:60px\"><\/div>\n<div class=\"spacer spacer--medium\" style=\"height:60px\"><\/div>\n<div class=\"spacer spacer--small\" style=\"height:60px\"><\/div>\n[\/vc_column][\/vc_row][vc_row][vc_column width=\u00a0\u00bb1\/2&Prime;][vc_column_text css=\u00a0\u00bb\u00a0\u00bb]<\/p>\n<h2>Notre histoire : 140 ans de progr\u00e8s et d&rsquo;innovation<\/h2>\n<p>Depuis plus de 140 ans, nous \u00e9crivons l&rsquo;histoire d&rsquo;une r\u00e9ussite marqu\u00e9e par un esprit pionnier, des perc\u00e9es technologiques et une qu\u00eate permanente de l&rsquo;excellence. Pour vous, nous avons toujours regard\u00e9 vers l&rsquo;avant. Chaque \u00e9tape de notre histoire raconte les jalons qui ont marqu\u00e9 de mani\u00e8re d\u00e9cisive non seulement notre d\u00e9veloppement, mais aussi celui de notre secteur.[\/vc_column_text][\/vc_column][vc_column width=\u00a0\u00bb1\/2&Prime;][\/vc_column][\/vc_row][vc_row][vc_column]\n<div class=\"spacer spacer--large\" style=\"height:60px\"><\/div>\n<div class=\"spacer spacer--medium\" style=\"height:60px\"><\/div>\n<div class=\"spacer spacer--small\" style=\"height:60px\"><\/div>\n[\/vc_column][\/vc_row][vc_row equal_height=\u00a0\u00bbyes\u00a0\u00bb content_placement=\u00a0\u00bbtop\u00a0\u00bb][vc_column width=\u00a0\u00bb1\/2&Prime;][vc_column_text css=\u00a0\u00bb\u00a0\u00bb]<strong>2025<\/strong><br \/>\nAujourd&rsquo;hui encore, notre esprit pionnier nous pousse \u00e0 d\u00e9velopper de grandes solutions bas\u00e9es sur la mousse \u00e0 particules et des compl\u00e9ments rentables \u00e0 notre portefeuille de services.<\/p>\n<p><strong>2020<\/strong><br \/>\nRUCH NOVAPLAST change de statut juridique et devient une soci\u00e9t\u00e9 \u00e0 responsabilit\u00e9 limit\u00e9e.<\/p>\n<p><strong><strong>2017<br \/>\n<\/strong><\/strong>D\u00e9sormais, nous sommes \u00e9galement certifi\u00e9s DIN EN ISO 50001 (\u00e9nergie).<\/p>\n<p><strong>2014<\/strong><br \/>\nLe d\u00e9veloppement de nos innovations se poursuit : nous sp\u00e9cifions notre syst\u00e8me de fixation brevet\u00e9 NOVAfeed&amp;fix<sup>\u00ae<\/sup>.<\/p>\n<p><strong>2012<\/strong><br \/>\nNous obtenons \u00e9galement la certification DIN ISO 14001 (environnement).<\/p>\n<p><strong>2001<\/strong><br \/>\nPeu apr\u00e8s le passage au nouveau mill\u00e9naire, nous fondons MORAplast s.r.o. en R\u00e9publique tch\u00e8que.[\/vc_column_text][\/vc_column][vc_column width=\u00a0\u00bb1\/2&Prime;][vc_column_text css=\u00a0\u00bb\u00a0\u00bb]<strong>1997<\/strong><br \/>\nTrois ans plus tard, nous obtenons la certification DIN ISO 9001 (qualit\u00e9).<\/p>\n<p><strong>1994<\/strong><br \/>\nCette ann\u00e9e marque la naissance de NOVAplex<sup>\u00ae<\/sup>.<\/p>\n<p><strong>1988<\/strong><br \/>\nCette ann\u00e9e-l\u00e0, nous commen\u00e7ons \u00e0 fabriquer des pi\u00e8ces moul\u00e9es en polypropyl\u00e8ne expans\u00e9 (EPP) &#8211; nous sommes l&rsquo;un des pionniers.<\/p>\n<p><strong>1960<\/strong><br \/>\nQuelques ann\u00e9es plus tard, Heinrich Ruch pose la premi\u00e8re pierre de notre usine de plastique actuelle, RUCH NOVAPLAST. C&rsquo;est le d\u00e9but de la production industrielle de pi\u00e8ces moul\u00e9es en polystyr\u00e8ne expans\u00e9 (PSE).<\/p>\n<p><strong>1879<\/strong><br \/>\nNotre entreprise a \u00e9t\u00e9 fond\u00e9e en Suisse en tant qu&rsquo;atelier m\u00e9canique pour la fabrication de broches en fil m\u00e9tallique et des machines n\u00e9cessaires \u00e0 leur fabrication. Deux ans plus tard, nous d\u00e9m\u00e9nageons \u00e0 Oberkirch et \u00e9largissons notre gamme de produits aux turbines hydrauliques et aux scies alternatives.<\/p>\n<div class=\"vc_separator wpb_content_element vc_separator_align_center vc_sep_width_100 vc_sep_border_width_2 vc_sep_pos_align_center vc_separator_no_text wpb_content_element wpb_content_element\"><\/div>\n<p>[\/vc_column_text][\/vc_column][\/vc_row][vc_row][vc_column]\n<div class=\"spacer spacer--large\" style=\"height:60px\"><\/div>\n<div class=\"spacer spacer--medium\" style=\"height:60px\"><\/div>\n<div class=\"spacer spacer--small\" style=\"height:60px\"><\/div>\n[\/vc_column][\/vc_row][vc_row][vc_column]\n  <div class=\"ruch__three-images-grid\">\n    <div class=\"img1\"><img loading=\"lazy\" decoding=\"async\" width=\"1383\" height=\"938\" src=\"https:\/\/www.ruch.de\/wp-content\/uploads\/2024\/12\/1960-grundsteinlegung-firma-fahrzeug-fakten-und-historie-ruch-novaplast.jpg\" class=\"attachment-full size-full\" alt=\"Drahtwerk | Historie | RUCH NOVAPLAST GmbH in Oberkirch\" srcset=\"https:\/\/www.ruch.de\/wp-content\/uploads\/2024\/12\/1960-grundsteinlegung-firma-fahrzeug-fakten-und-historie-ruch-novaplast.jpg 1383w, https:\/\/www.ruch.de\/wp-content\/uploads\/2024\/12\/1960-grundsteinlegung-firma-fahrzeug-fakten-und-historie-ruch-novaplast-300x203.jpg 300w, https:\/\/www.ruch.de\/wp-content\/uploads\/2024\/12\/1960-grundsteinlegung-firma-fahrzeug-fakten-und-historie-ruch-novaplast-1024x695.jpg 1024w, https:\/\/www.ruch.de\/wp-content\/uploads\/2024\/12\/1960-grundsteinlegung-firma-fahrzeug-fakten-und-historie-ruch-novaplast-768x521.jpg 768w, https:\/\/www.ruch.de\/wp-content\/uploads\/2024\/12\/1960-grundsteinlegung-firma-fahrzeug-fakten-und-historie-ruch-novaplast-111x75.jpg 111w, https:\/\/www.ruch.de\/wp-content\/uploads\/2024\/12\/1960-grundsteinlegung-firma-fahrzeug-fakten-und-historie-ruch-novaplast-480x326.jpg 480w\" sizes=\"auto, (max-width:767px) 480px, (max-width:1383px) 100vw, 1383px\" \/><\/div>\n    <div class=\"img2\"><img loading=\"lazy\" decoding=\"async\" width=\"669\" height=\"446\" src=\"https:\/\/www.ruch.de\/wp-content\/uploads\/2024\/12\/1960-grundsteinlegung-maschinen-fakten-und-historie-ruch-novaplast.jpg\" class=\"attachment-full size-full\" alt=\"Frauen in der Fertigung | Historie | RUCH NOVAPLAST GmbH in Oberkirch\" srcset=\"https:\/\/www.ruch.de\/wp-content\/uploads\/2024\/12\/1960-grundsteinlegung-maschinen-fakten-und-historie-ruch-novaplast.jpg 669w, https:\/\/www.ruch.de\/wp-content\/uploads\/2024\/12\/1960-grundsteinlegung-maschinen-fakten-und-historie-ruch-novaplast-300x200.jpg 300w, https:\/\/www.ruch.de\/wp-content\/uploads\/2024\/12\/1960-grundsteinlegung-maschinen-fakten-und-historie-ruch-novaplast-113x75.jpg 113w, https:\/\/www.ruch.de\/wp-content\/uploads\/2024\/12\/1960-grundsteinlegung-maschinen-fakten-und-historie-ruch-novaplast-480x320.jpg 480w\" sizes=\"auto, (max-width:767px) 480px, 669px\" \/><\/div>\n    <div class=\"img3\"><img loading=\"lazy\" decoding=\"async\" width=\"669\" height=\"446\" src=\"https:\/\/www.ruch.de\/wp-content\/uploads\/2024\/12\/1960-grundsteinlegung-frau-arbeitet-fakten-und-historie-ruch-novaplast.jpg\" class=\"attachment-full size-full\" alt=\"Frau in der EPS-Fertigung | Historie | RUCH NOVAPLAST GmbH in Oberkirch\" srcset=\"https:\/\/www.ruch.de\/wp-content\/uploads\/2024\/12\/1960-grundsteinlegung-frau-arbeitet-fakten-und-historie-ruch-novaplast.jpg 669w, https:\/\/www.ruch.de\/wp-content\/uploads\/2024\/12\/1960-grundsteinlegung-frau-arbeitet-fakten-und-historie-ruch-novaplast-300x200.jpg 300w, https:\/\/www.ruch.de\/wp-content\/uploads\/2024\/12\/1960-grundsteinlegung-frau-arbeitet-fakten-und-historie-ruch-novaplast-113x75.jpg 113w, https:\/\/www.ruch.de\/wp-content\/uploads\/2024\/12\/1960-grundsteinlegung-frau-arbeitet-fakten-und-historie-ruch-novaplast-480x320.jpg 480w\" sizes=\"auto, (max-width:767px) 480px, 669px\" \/><\/div>\n  <\/div>\n\n  [\/vc_column][\/vc_row][vc_row][vc_column]\n<div class=\"spacer spacer--large\" style=\"height:60px\"><\/div>\n<div class=\"spacer spacer--medium\" style=\"height:60px\"><\/div>\n<div class=\"spacer spacer--small\" style=\"height:60px\"><\/div>\n[\/vc_column][\/vc_row][vc_row][vc_column]          <div class=\"teaser-container teaser-container--two-colum\">\n\n        \n    <div class=\"ruch-teaser-card bg--gray  wpb_animate_when_almost_visible wpb_fadeInLeft fadeInLeft\">\n        <div class=\"teaser-card-content\">\n          <h3>Soci\u00e9t\u00e9<\/h3>\n<p>Sur notre page d&rsquo;entreprise, vous trouverez d&rsquo;autres d\u00e9tails passionnants sur notre philosophie, nos innovations et notre engagement envers la qualit\u00e9. D\u00e9couvrez ce qui nous motive et comment nous construisons l&rsquo;avenir.<\/p>\n        <\/div>\n                <div class=\"teaser-card-button\">\n          <a href=\"https:\/\/www.ruch.de\/fr\/entreprise\/\" title=\"En savoir plus sur notre entreprise\" target=\"_self\" class=\"a--jump\">\n              En savoir plus sur notre entreprise          <\/a>\n        <\/div>\n            <\/div>\n\n  \n    <div class=\"ruch-teaser-card bg--blue  wpb_animate_when_almost_visible wpb_fadeInRight fadeInRight\">\n        <div class=\"teaser-card-content\">\n          <h3>Actualit\u00e9s<\/h3>\n<p>Restez inform\u00e9 de nos derniers d\u00e9veloppements, innovations et projets passionnants. Sur notre page Actualit\u00e9s, vous trouverez les derni\u00e8res nouvelles et de nombreux aper\u00e7us int\u00e9ressants sur notre entreprise.<\/p>\n        <\/div>\n                <div class=\"teaser-card-button\">\n          <a href=\"https:\/\/www.ruch.de\/fr\/actualites\/\" title=\"Voir nos actualit\u00e9s\" target=\"_self\" class=\"a--jump\">\n              Voir nos actualit\u00e9s          <\/a>\n        <\/div>\n            <\/div>\n      <\/div>\n    [\/vc_column][\/vc_row][vc_row][vc_column]\n<div class=\"spacer spacer--large\" style=\"height:60px\"><\/div>\n<div class=\"spacer spacer--medium\" style=\"height:60px\"><\/div>\n<div class=\"spacer spacer--small\" style=\"height:60px\"><\/div>\n[\/vc_column][\/vc_row]<\/p>\n<\/div>","protected":false},"excerpt":{"rendered":"<p>[vc_row][vc_column][vc_row_inner][vc_column_inner][vc_column_text css=\u00a0\u00bb\u00a0\u00bb] Faits et histoire : c&rsquo;est RUCH NOVAPLAST [\/vc_column_text][\/vc_column_inner][\/vc_row_inner][vc_row_inner][vc_column_inner width=\u00a0\u00bb1\/2&Prime;][vc_column_text css=\u00a0\u00bb\u00a0\u00bb]Depuis des d\u00e9cennies, RUCH NOVAPLAST est synonyme d&rsquo;expertise de haut niveau dans le d\u00e9veloppement et<span class=\"excerpt-hellip\"> [\u2026]<\/span><\/p>\n","protected":false},"author":1,"featured_media":-1,"parent":2751,"menu_order":0,"comment_status":"closed","ping_status":"closed","template":"","meta":{"_acf_changed":false,"footnotes":""},"class_list":["post-2767","page","type-page","status-publish","has-post-thumbnail","hentry"],"acf":[],"yoast_head":"<!-- This site is optimized with the Yoast SEO plugin v27.3 - https:\/\/yoast.com\/product\/yoast-seo-wordpress\/ -->\n<title>Faits &amp; Histoire | RUCH NOVAPLAST GmbH<\/title>\n<meta name=\"description\" content=\"D\u00e9couvrez les faits marquants et les \u00e9tapes cl\u00e9s de notre entreprise en plus de 140 ans d\u2019histoire.\" \/>\n<meta name=\"robots\" content=\"index, follow, max-snippet:-1, max-image-preview:large, max-video-preview:-1\" \/>\n<link rel=\"canonical\" href=\"https:\/\/www.ruch.de\/fr\/entreprise\/faits-histoire\/\" \/>\n<meta property=\"og:locale\" content=\"fr_FR\" \/>\n<meta property=\"og:type\" content=\"article\" \/>\n<meta property=\"og:title\" content=\"Faits &amp; Histoire | RUCH NOVAPLAST GmbH\" \/>\n<meta property=\"og:description\" content=\"D\u00e9couvrez les faits marquants et les \u00e9tapes cl\u00e9s de notre entreprise en plus de 140 ans d\u2019histoire.\" \/>\n<meta property=\"og:url\" content=\"https:\/\/www.ruch.de\/fr\/entreprise\/faits-histoire\/\" \/>\n<meta property=\"og:site_name\" content=\"RUCH NOVAPLAST\" \/>\n<meta property=\"article:publisher\" content=\"https:\/\/www.facebook.com\/ruchnovaplast\" \/>\n<meta property=\"article:modified_time\" content=\"2025-09-12T08:59:11+00:00\" \/>\n<meta name=\"twitter:card\" content=\"summary_large_image\" \/>\n<meta name=\"twitter:label1\" content=\"Dur\u00e9e de lecture estim\u00e9e\" \/>\n\t<meta name=\"twitter:data1\" content=\"4 minutes\" \/>\n<script type=\"application\/ld+json\" class=\"yoast-schema-graph\">{\"@context\":\"https:\\\/\\\/schema.org\",\"@graph\":[{\"@type\":\"WebPage\",\"@id\":\"https:\\\/\\\/www.ruch.de\\\/fr\\\/entreprise\\\/faits-histoire\\\/\",\"url\":\"https:\\\/\\\/www.ruch.de\\\/fr\\\/entreprise\\\/faits-histoire\\\/\",\"name\":\"Faits & Histoire | RUCH NOVAPLAST GmbH\",\"isPartOf\":{\"@id\":\"https:\\\/\\\/www.ruch.de\\\/fr\\\/#website\"},\"datePublished\":\"2024-11-13T14:19:54+00:00\",\"dateModified\":\"2025-09-12T08:59:11+00:00\",\"description\":\"D\u00e9couvrez les faits marquants et les \u00e9tapes cl\u00e9s de notre entreprise en plus de 140 ans d\u2019histoire.\",\"breadcrumb\":{\"@id\":\"https:\\\/\\\/www.ruch.de\\\/fr\\\/entreprise\\\/faits-histoire\\\/#breadcrumb\"},\"inLanguage\":\"fr-FR\",\"potentialAction\":[{\"@type\":\"ReadAction\",\"target\":[\"https:\\\/\\\/www.ruch.de\\\/fr\\\/entreprise\\\/faits-histoire\\\/\"]}]},{\"@type\":\"BreadcrumbList\",\"@id\":\"https:\\\/\\\/www.ruch.de\\\/fr\\\/entreprise\\\/faits-histoire\\\/#breadcrumb\",\"itemListElement\":[{\"@type\":\"ListItem\",\"position\":1,\"name\":\"Home\",\"item\":\"https:\\\/\\\/www.ruch.de\\\/fr\\\/\"},{\"@type\":\"ListItem\",\"position\":2,\"name\":\"Entreprise\",\"item\":\"https:\\\/\\\/www.ruch.de\\\/fr\\\/entreprise\\\/\"},{\"@type\":\"ListItem\",\"position\":3,\"name\":\"Faits &amp; Histoire\"}]},{\"@type\":\"WebSite\",\"@id\":\"https:\\\/\\\/www.ruch.de\\\/fr\\\/#website\",\"url\":\"https:\\\/\\\/www.ruch.de\\\/fr\\\/\",\"name\":\"www.ruch.de\",\"description\":\"\",\"publisher\":{\"@id\":\"https:\\\/\\\/www.ruch.de\\\/fr\\\/#organization\"},\"potentialAction\":[{\"@type\":\"SearchAction\",\"target\":{\"@type\":\"EntryPoint\",\"urlTemplate\":\"https:\\\/\\\/www.ruch.de\\\/fr\\\/?s={search_term_string}\"},\"query-input\":{\"@type\":\"PropertyValueSpecification\",\"valueRequired\":true,\"valueName\":\"search_term_string\"}}],\"inLanguage\":\"fr-FR\"},{\"@type\":\"Organization\",\"@id\":\"https:\\\/\\\/www.ruch.de\\\/fr\\\/#organization\",\"name\":\"RUCH NOVAPLAST GmbH\",\"url\":\"https:\\\/\\\/www.ruch.de\\\/fr\\\/\",\"logo\":{\"@type\":\"ImageObject\",\"inLanguage\":\"fr-FR\",\"@id\":\"https:\\\/\\\/www.ruch.de\\\/fr\\\/#\\\/schema\\\/logo\\\/image\\\/\",\"url\":\"https:\\\/\\\/www.ruch.de\\\/wp-content\\\/uploads\\\/2024\\\/11\\\/ruch-novaplast-logo-black.svg\",\"contentUrl\":\"https:\\\/\\\/www.ruch.de\\\/wp-content\\\/uploads\\\/2024\\\/11\\\/ruch-novaplast-logo-black.svg\",\"width\":1802,\"height\":338,\"caption\":\"RUCH NOVAPLAST GmbH\"},\"image\":{\"@id\":\"https:\\\/\\\/www.ruch.de\\\/fr\\\/#\\\/schema\\\/logo\\\/image\\\/\"},\"sameAs\":[\"https:\\\/\\\/www.facebook.com\\\/ruchnovaplast\",\"https:\\\/\\\/www.instagram.com\\\/ruchnovaplast\\\/\",\"https:\\\/\\\/www.linkedin.com\\\/company\\\/ruch-novaplast-gmbh\"]}]}<\/script>\n<!-- \/ Yoast SEO plugin. -->","yoast_head_json":{"title":"Faits & Histoire | RUCH NOVAPLAST GmbH","description":"D\u00e9couvrez les faits marquants et les \u00e9tapes cl\u00e9s de notre entreprise en plus de 140 ans d\u2019histoire.","robots":{"index":"index","follow":"follow","max-snippet":"max-snippet:-1","max-image-preview":"max-image-preview:large","max-video-preview":"max-video-preview:-1"},"canonical":"https:\/\/www.ruch.de\/fr\/entreprise\/faits-histoire\/","og_locale":"fr_FR","og_type":"article","og_title":"Faits & Histoire | RUCH NOVAPLAST GmbH","og_description":"D\u00e9couvrez les faits marquants et les \u00e9tapes cl\u00e9s de notre entreprise en plus de 140 ans d\u2019histoire.","og_url":"https:\/\/www.ruch.de\/fr\/entreprise\/faits-histoire\/","og_site_name":"RUCH NOVAPLAST","article_publisher":"https:\/\/www.facebook.com\/ruchnovaplast","article_modified_time":"2025-09-12T08:59:11+00:00","twitter_card":"summary_large_image","twitter_misc":{"Dur\u00e9e de lecture estim\u00e9e":"4 minutes"},"schema":{"@context":"https:\/\/schema.org","@graph":[{"@type":"WebPage","@id":"https:\/\/www.ruch.de\/fr\/entreprise\/faits-histoire\/","url":"https:\/\/www.ruch.de\/fr\/entreprise\/faits-histoire\/","name":"Faits & Histoire | RUCH NOVAPLAST GmbH","isPartOf":{"@id":"https:\/\/www.ruch.de\/fr\/#website"},"datePublished":"2024-11-13T14:19:54+00:00","dateModified":"2025-09-12T08:59:11+00:00","description":"D\u00e9couvrez les faits marquants et les \u00e9tapes cl\u00e9s de notre entreprise en plus de 140 ans d\u2019histoire.","breadcrumb":{"@id":"https:\/\/www.ruch.de\/fr\/entreprise\/faits-histoire\/#breadcrumb"},"inLanguage":"fr-FR","potentialAction":[{"@type":"ReadAction","target":["https:\/\/www.ruch.de\/fr\/entreprise\/faits-histoire\/"]}]},{"@type":"BreadcrumbList","@id":"https:\/\/www.ruch.de\/fr\/entreprise\/faits-histoire\/#breadcrumb","itemListElement":[{"@type":"ListItem","position":1,"name":"Home","item":"https:\/\/www.ruch.de\/fr\/"},{"@type":"ListItem","position":2,"name":"Entreprise","item":"https:\/\/www.ruch.de\/fr\/entreprise\/"},{"@type":"ListItem","position":3,"name":"Faits &amp; Histoire"}]},{"@type":"WebSite","@id":"https:\/\/www.ruch.de\/fr\/#website","url":"https:\/\/www.ruch.de\/fr\/","name":"www.ruch.de","description":"","publisher":{"@id":"https:\/\/www.ruch.de\/fr\/#organization"},"potentialAction":[{"@type":"SearchAction","target":{"@type":"EntryPoint","urlTemplate":"https:\/\/www.ruch.de\/fr\/?s={search_term_string}"},"query-input":{"@type":"PropertyValueSpecification","valueRequired":true,"valueName":"search_term_string"}}],"inLanguage":"fr-FR"},{"@type":"Organization","@id":"https:\/\/www.ruch.de\/fr\/#organization","name":"RUCH NOVAPLAST GmbH","url":"https:\/\/www.ruch.de\/fr\/","logo":{"@type":"ImageObject","inLanguage":"fr-FR","@id":"https:\/\/www.ruch.de\/fr\/#\/schema\/logo\/image\/","url":"https:\/\/www.ruch.de\/wp-content\/uploads\/2024\/11\/ruch-novaplast-logo-black.svg","contentUrl":"https:\/\/www.ruch.de\/wp-content\/uploads\/2024\/11\/ruch-novaplast-logo-black.svg","width":1802,"height":338,"caption":"RUCH NOVAPLAST GmbH"},"image":{"@id":"https:\/\/www.ruch.de\/fr\/#\/schema\/logo\/image\/"},"sameAs":["https:\/\/www.facebook.com\/ruchnovaplast","https:\/\/www.instagram.com\/ruchnovaplast\/","https:\/\/www.linkedin.com\/company\/ruch-novaplast-gmbh"]}]}},"_links":{"self":[{"href":"https:\/\/www.ruch.de\/fr\/wp-json\/wp\/v2\/pages\/2767","targetHints":{"allow":["GET"]}}],"collection":[{"href":"https:\/\/www.ruch.de\/fr\/wp-json\/wp\/v2\/pages"}],"about":[{"href":"https:\/\/www.ruch.de\/fr\/wp-json\/wp\/v2\/types\/page"}],"author":[{"embeddable":true,"href":"https:\/\/www.ruch.de\/fr\/wp-json\/wp\/v2\/users\/1"}],"replies":[{"embeddable":true,"href":"https:\/\/www.ruch.de\/fr\/wp-json\/wp\/v2\/comments?post=2767"}],"version-history":[{"count":0,"href":"https:\/\/www.ruch.de\/fr\/wp-json\/wp\/v2\/pages\/2767\/revisions"}],"up":[{"embeddable":true,"href":"https:\/\/www.ruch.de\/fr\/wp-json\/wp\/v2\/pages\/2751"}],"wp:featuredmedia":[{"embeddable":true,"href":"https:\/\/www.ruch.de\/fr\/wp-json\/"}],"wp:attachment":[{"href":"https:\/\/www.ruch.de\/fr\/wp-json\/wp\/v2\/media?parent=2767"}],"curies":[{"name":"wp","href":"https:\/\/api.w.org\/{rel}","templated":true}]}}