{"id":2733,"date":"2024-12-19T14:39:06","date_gmt":"2024-12-19T13:39:06","guid":{"rendered":"https:\/\/www.ruch.de\/bulletin-dinformation\/"},"modified":"2025-03-12T16:18:06","modified_gmt":"2025-03-12T15:18:06","slug":"bulletin-dinformation","status":"publish","type":"page","link":"https:\/\/www.ruch.de\/fr\/bulletin-dinformation\/","title":{"rendered":"Bulletin d&rsquo;information"},"content":{"rendered":"<div class=\"wpb-content-wrapper\"><p>[vc_row][vc_column]\n<div class=\"spacer spacer--large\" style=\"height:100px\"><\/div>\n<div class=\"spacer spacer--medium\" style=\"height:60px\"><\/div>\n<div class=\"spacer spacer--small\" style=\"height:60px\"><\/div>\n[vc_row_inner][vc_column_inner][vc_column_text css=\u00a0\u00bb\u00a0\u00bb]<\/p>\n<h1>LETTRE D&rsquo;INFORMATION RUCH NOVAPLAST<\/h1>\n<p>[\/vc_column_text][\/vc_column_inner][\/vc_row_inner][vc_row_inner][vc_column_inner][vc_column_text css=\u00a0\u00bb\u00a0\u00bb]Nous sommes tr\u00e8s heureux de l&rsquo;int\u00e9r\u00eat que vous portez \u00e0 RUCH NOVAPLAST.<\/p>\n<p>Restez inform\u00e9 des derniers d\u00e9veloppements et des innovations passionnantes concernant notre entreprise. Abonnez-vous \u00e0 notre newsletter et ne manquez plus aucune mise \u00e0 jour importante.[\/vc_column_text][\/vc_column_inner][\/vc_row_inner]\n<div class=\"spacer spacer--large\" style=\"height:60px\"><\/div>\n<div class=\"spacer spacer--medium\" style=\"height:60px\"><\/div>\n<div class=\"spacer spacer--small\" style=\"height:60px\"><\/div>\n[\/vc_column][\/vc_row][vc_row full_width=\u00a0\u00bbstretch_row\u00a0\u00bb css=\u00a0\u00bb.vc_custom_1734616165129{background-color: #0000FF !important;}\u00a0\u00bb][vc_column][vc_raw_html css=\u00a0\u00bb\u00a0\u00bb]JTNDaWZyYW1lJTIwd2lkdGglM0QlMjI1NDAlMjIlMjBoZWlnaHQlM0QlMjI3NTAlMjIlMjBzcmMlM0RodHRwcyUzQSUyRiUyRmJiZDBmMjFiLnNpYmZvcm1zLmNvbSUyRnNlcnZlJTJGTVVJRkFGYjZ3azR1V0xzNmx3eGVIcmphdzZZekV2YjF1RnBwRi1tcE94T2EwNlZSUERKOGluUnhfWmV1Z0RoM2U4R19XS29HV2dPRmVTcXhHM1k2VmZfVlZicUo3Qkg4TGU4SG5UQ3Z1YjBNdjZOQnN6eHBoSmNCelo2S1g1S1dTVVlpbkxaQjlRTUh2c2ZXVjJXb29ySE1NcmpqWVVxeGhoZ3FLazdLRHF6blFUb3kwNlBvUHo4Vk5QUnh0OGdWeFpyWTc4MnVxTzFCV3lYNCUyMGZyYW1lYm9yZGVyJTNEJTIyMCUyMiUyMHNjcm9sbGluZyUzRCUyMmF1dG8lMjIlMjBhbGxvd2Z1bGxzY3JlZW4lMjBzdHlsZSUzRCUyMmRpc3BsYXklM0ElMjBibG9jayUzQm1hcmdpbi1sZWZ0JTNBJTIwYXV0byUzQm1hcmdpbi1yaWdodCUzQSUyMGF1dG8lM0JtYXgtd2lkdGglM0ElMjAxMDAlMjUlM0IlMjIlM0UlM0MlMkZpZnJhbWUlM0U=[\/vc_raw_html][\/vc_column][\/vc_row][vc_row full_width=\u00a0\u00bbstretch_row\u00a0\u00bb css=\u00a0\u00bb.vc_custom_1734616182848{background-color: #0000FF !important;}\u00a0\u00bb][vc_column]\n<div class=\"spacer spacer--large\" style=\"height:100px\"><\/div>\n<div class=\"spacer spacer--medium\" style=\"height:60px\"><\/div>\n<div class=\"spacer spacer--small\" style=\"height:60px\"><\/div>\n[\/vc_column][\/vc_row]<\/p>\n<\/div>","protected":false},"excerpt":{"rendered":"<p>[vc_row][vc_column][vc_row_inner][vc_column_inner][vc_column_text css=\u00a0\u00bb\u00a0\u00bb] LETTRE D&rsquo;INFORMATION RUCH NOVAPLAST [\/vc_column_text][\/vc_column_inner][\/vc_row_inner][vc_row_inner][vc_column_inner][vc_column_text css=\u00a0\u00bb\u00a0\u00bb]Nous sommes tr\u00e8s heureux de l&rsquo;int\u00e9r\u00eat que vous portez \u00e0 RUCH NOVAPLAST. Restez inform\u00e9 des derniers d\u00e9veloppements et des<span class=\"excerpt-hellip\"> [\u2026]<\/span><\/p>\n","protected":false},"author":1,"featured_media":0,"parent":0,"menu_order":51,"comment_status":"closed","ping_status":"closed","template":"","meta":{"_acf_changed":false,"footnotes":""},"class_list":["post-2733","page","type-page","status-publish","hentry"],"acf":[],"yoast_head":"<!-- This site is optimized with the Yoast SEO plugin v26.7 - https:\/\/yoast.com\/wordpress\/plugins\/seo\/ -->\n<title>Bulletin d&#039;information | RUCH NOVAPLAST GmbH<\/title>\n<meta name=\"description\" content=\"Restez inform\u00e9 des derniers d\u00e9veloppements et innovations concernant notre entreprise. Abonnez-vous \u00e0 notre newsletter !\" \/>\n<meta name=\"robots\" content=\"index, follow, max-snippet:-1, max-image-preview:large, max-video-preview:-1\" \/>\n<link rel=\"canonical\" href=\"https:\/\/www.ruch.de\/fr\/bulletin-dinformation\/\" \/>\n<meta property=\"og:locale\" content=\"fr_FR\" \/>\n<meta property=\"og:type\" content=\"article\" \/>\n<meta property=\"og:title\" content=\"Bulletin d&#039;information | RUCH NOVAPLAST GmbH\" \/>\n<meta property=\"og:description\" content=\"Restez inform\u00e9 des derniers d\u00e9veloppements et innovations concernant notre entreprise. Abonnez-vous \u00e0 notre newsletter !\" \/>\n<meta property=\"og:url\" content=\"https:\/\/www.ruch.de\/fr\/bulletin-dinformation\/\" \/>\n<meta property=\"og:site_name\" content=\"RUCH NOVAPLAST\" \/>\n<meta property=\"article:publisher\" content=\"https:\/\/www.facebook.com\/ruchnovaplast\" \/>\n<meta property=\"article:modified_time\" content=\"2025-03-12T15:18:06+00:00\" \/>\n<meta name=\"twitter:card\" content=\"summary_large_image\" \/>\n<meta name=\"twitter:label1\" content=\"Dur\u00e9e de lecture estim\u00e9e\" \/>\n\t<meta name=\"twitter:data1\" content=\"1 minute\" \/>\n<script type=\"application\/ld+json\" class=\"yoast-schema-graph\">{\"@context\":\"https:\/\/schema.org\",\"@graph\":[{\"@type\":\"WebPage\",\"@id\":\"https:\/\/www.ruch.de\/fr\/bulletin-dinformation\/\",\"url\":\"https:\/\/www.ruch.de\/fr\/bulletin-dinformation\/\",\"name\":\"Bulletin d'information | RUCH NOVAPLAST GmbH\",\"isPartOf\":{\"@id\":\"https:\/\/www.ruch.de\/fr\/#website\"},\"datePublished\":\"2024-12-19T13:39:06+00:00\",\"dateModified\":\"2025-03-12T15:18:06+00:00\",\"description\":\"Restez inform\u00e9 des derniers d\u00e9veloppements et innovations concernant notre entreprise. Abonnez-vous \u00e0 notre newsletter !\",\"breadcrumb\":{\"@id\":\"https:\/\/www.ruch.de\/fr\/bulletin-dinformation\/#breadcrumb\"},\"inLanguage\":\"fr-FR\",\"potentialAction\":[{\"@type\":\"ReadAction\",\"target\":[\"https:\/\/www.ruch.de\/fr\/bulletin-dinformation\/\"]}]},{\"@type\":\"BreadcrumbList\",\"@id\":\"https:\/\/www.ruch.de\/fr\/bulletin-dinformation\/#breadcrumb\",\"itemListElement\":[{\"@type\":\"ListItem\",\"position\":1,\"name\":\"Home\",\"item\":\"https:\/\/www.ruch.de\/fr\/\"},{\"@type\":\"ListItem\",\"position\":2,\"name\":\"Bulletin d&#8217;information\"}]},{\"@type\":\"WebSite\",\"@id\":\"https:\/\/www.ruch.de\/fr\/#website\",\"url\":\"https:\/\/www.ruch.de\/fr\/\",\"name\":\"www.ruch.de\",\"description\":\"\",\"publisher\":{\"@id\":\"https:\/\/www.ruch.de\/fr\/#organization\"},\"potentialAction\":[{\"@type\":\"SearchAction\",\"target\":{\"@type\":\"EntryPoint\",\"urlTemplate\":\"https:\/\/www.ruch.de\/fr\/?s={search_term_string}\"},\"query-input\":{\"@type\":\"PropertyValueSpecification\",\"valueRequired\":true,\"valueName\":\"search_term_string\"}}],\"inLanguage\":\"fr-FR\"},{\"@type\":\"Organization\",\"@id\":\"https:\/\/www.ruch.de\/fr\/#organization\",\"name\":\"RUCH NOVAPLAST GmbH\",\"url\":\"https:\/\/www.ruch.de\/fr\/\",\"logo\":{\"@type\":\"ImageObject\",\"inLanguage\":\"fr-FR\",\"@id\":\"https:\/\/www.ruch.de\/fr\/#\/schema\/logo\/image\/\",\"url\":\"https:\/\/www.ruch.de\/wp-content\/uploads\/2024\/11\/ruch-novaplast-logo-black.svg\",\"contentUrl\":\"https:\/\/www.ruch.de\/wp-content\/uploads\/2024\/11\/ruch-novaplast-logo-black.svg\",\"width\":1802,\"height\":338,\"caption\":\"RUCH NOVAPLAST GmbH\"},\"image\":{\"@id\":\"https:\/\/www.ruch.de\/fr\/#\/schema\/logo\/image\/\"},\"sameAs\":[\"https:\/\/www.facebook.com\/ruchnovaplast\",\"https:\/\/www.instagram.com\/ruchnovaplast\/\",\"https:\/\/www.linkedin.com\/company\/ruch-novaplast-gmbh\"]}]}<\/script>\n<!-- \/ Yoast SEO plugin. -->","yoast_head_json":{"title":"Bulletin d'information | RUCH NOVAPLAST GmbH","description":"Restez inform\u00e9 des derniers d\u00e9veloppements et innovations concernant notre entreprise. Abonnez-vous \u00e0 notre newsletter !","robots":{"index":"index","follow":"follow","max-snippet":"max-snippet:-1","max-image-preview":"max-image-preview:large","max-video-preview":"max-video-preview:-1"},"canonical":"https:\/\/www.ruch.de\/fr\/bulletin-dinformation\/","og_locale":"fr_FR","og_type":"article","og_title":"Bulletin d'information | RUCH NOVAPLAST GmbH","og_description":"Restez inform\u00e9 des derniers d\u00e9veloppements et innovations concernant notre entreprise. Abonnez-vous \u00e0 notre newsletter !","og_url":"https:\/\/www.ruch.de\/fr\/bulletin-dinformation\/","og_site_name":"RUCH NOVAPLAST","article_publisher":"https:\/\/www.facebook.com\/ruchnovaplast","article_modified_time":"2025-03-12T15:18:06+00:00","twitter_card":"summary_large_image","twitter_misc":{"Dur\u00e9e de lecture estim\u00e9e":"1 minute"},"schema":{"@context":"https:\/\/schema.org","@graph":[{"@type":"WebPage","@id":"https:\/\/www.ruch.de\/fr\/bulletin-dinformation\/","url":"https:\/\/www.ruch.de\/fr\/bulletin-dinformation\/","name":"Bulletin d'information | RUCH NOVAPLAST GmbH","isPartOf":{"@id":"https:\/\/www.ruch.de\/fr\/#website"},"datePublished":"2024-12-19T13:39:06+00:00","dateModified":"2025-03-12T15:18:06+00:00","description":"Restez inform\u00e9 des derniers d\u00e9veloppements et innovations concernant notre entreprise. Abonnez-vous \u00e0 notre newsletter !","breadcrumb":{"@id":"https:\/\/www.ruch.de\/fr\/bulletin-dinformation\/#breadcrumb"},"inLanguage":"fr-FR","potentialAction":[{"@type":"ReadAction","target":["https:\/\/www.ruch.de\/fr\/bulletin-dinformation\/"]}]},{"@type":"BreadcrumbList","@id":"https:\/\/www.ruch.de\/fr\/bulletin-dinformation\/#breadcrumb","itemListElement":[{"@type":"ListItem","position":1,"name":"Home","item":"https:\/\/www.ruch.de\/fr\/"},{"@type":"ListItem","position":2,"name":"Bulletin d&#8217;information"}]},{"@type":"WebSite","@id":"https:\/\/www.ruch.de\/fr\/#website","url":"https:\/\/www.ruch.de\/fr\/","name":"www.ruch.de","description":"","publisher":{"@id":"https:\/\/www.ruch.de\/fr\/#organization"},"potentialAction":[{"@type":"SearchAction","target":{"@type":"EntryPoint","urlTemplate":"https:\/\/www.ruch.de\/fr\/?s={search_term_string}"},"query-input":{"@type":"PropertyValueSpecification","valueRequired":true,"valueName":"search_term_string"}}],"inLanguage":"fr-FR"},{"@type":"Organization","@id":"https:\/\/www.ruch.de\/fr\/#organization","name":"RUCH NOVAPLAST GmbH","url":"https:\/\/www.ruch.de\/fr\/","logo":{"@type":"ImageObject","inLanguage":"fr-FR","@id":"https:\/\/www.ruch.de\/fr\/#\/schema\/logo\/image\/","url":"https:\/\/www.ruch.de\/wp-content\/uploads\/2024\/11\/ruch-novaplast-logo-black.svg","contentUrl":"https:\/\/www.ruch.de\/wp-content\/uploads\/2024\/11\/ruch-novaplast-logo-black.svg","width":1802,"height":338,"caption":"RUCH NOVAPLAST GmbH"},"image":{"@id":"https:\/\/www.ruch.de\/fr\/#\/schema\/logo\/image\/"},"sameAs":["https:\/\/www.facebook.com\/ruchnovaplast","https:\/\/www.instagram.com\/ruchnovaplast\/","https:\/\/www.linkedin.com\/company\/ruch-novaplast-gmbh"]}]}},"_links":{"self":[{"href":"https:\/\/www.ruch.de\/fr\/wp-json\/wp\/v2\/pages\/2733","targetHints":{"allow":["GET"]}}],"collection":[{"href":"https:\/\/www.ruch.de\/fr\/wp-json\/wp\/v2\/pages"}],"about":[{"href":"https:\/\/www.ruch.de\/fr\/wp-json\/wp\/v2\/types\/page"}],"author":[{"embeddable":true,"href":"https:\/\/www.ruch.de\/fr\/wp-json\/wp\/v2\/users\/1"}],"replies":[{"embeddable":true,"href":"https:\/\/www.ruch.de\/fr\/wp-json\/wp\/v2\/comments?post=2733"}],"version-history":[{"count":0,"href":"https:\/\/www.ruch.de\/fr\/wp-json\/wp\/v2\/pages\/2733\/revisions"}],"wp:attachment":[{"href":"https:\/\/www.ruch.de\/fr\/wp-json\/wp\/v2\/media?parent=2733"}],"curies":[{"name":"wp","href":"https:\/\/api.w.org\/{rel}","templated":true}]}}