{"id":2704,"date":"2024-11-13T15:13:16","date_gmt":"2024-11-13T14:13:16","guid":{"rendered":"https:\/\/www.ruch.de\/competences\/competence-en-materiaux\/"},"modified":"2026-01-12T14:02:49","modified_gmt":"2026-01-12T13:02:49","slug":"expertise-des-materiaux","status":"publish","type":"page","link":"https:\/\/www.ruch.de\/fr\/expertises\/expertise-des-materiaux\/","title":{"rendered":"Expertise des mat\u00e9riaux"},"content":{"rendered":"<div class=\"wpb-content-wrapper\"><p>[vc_row][vc_column]\n<div class=\"spacer spacer--large\" style=\"height:100px\"><\/div>\n<div class=\"spacer spacer--medium\" style=\"height:60px\"><\/div>\n<div class=\"spacer spacer--small\" style=\"height:60px\"><\/div>\n[vc_row_inner][vc_column_inner width=\u00a0\u00bb1\/2&Prime;][vc_column_text css=\u00a0\u00bb\u00a0\u00bb]<\/p>\n<h1>Notre expterise en mati\u00e8re de mat\u00e9riaux est \u00e0 la base de toutes les \u00e9tapes de fabrication suivantes<\/h1>\n<p>[\/vc_column_text][\/vc_column_inner][vc_column_inner width=\u00a0\u00bb1\/2&Prime;][\/vc_column_inner][\/vc_row_inner][vc_row_inner][vc_column_inner width=\u00a0\u00bb1\/2&Prime;][vc_column_text css=\u00a0\u00bb\u00a0\u00bb]En tant que leader technologique dans le domaine des mousses de particules, nous associons une connaissance approfondie des mat\u00e9riaux \u00e0 une technologie de pointe pour d\u00e9velopper pour vous des pi\u00e8ces moul\u00e9es performantes et des syst\u00e8mes de bo\u00eetiers complexes aux propri\u00e9t\u00e9s exceptionnelles. Les granul\u00e9s thermoplastiques, compos\u00e9s \u00e0 95 % d&rsquo;air, convainquent par leur faible densit\u00e9 (15 \u00e0 400 g\/l), leur grande r\u00e9sistance m\u00e9canique et leur excellente capacit\u00e9 d&rsquo;isolation thermique. Ils offrent donc un \u00e9norme potentiel pour la construction l\u00e9g\u00e8re.[\/vc_column_text][\/vc_column_inner][vc_column_inner width=\u00a0\u00bb1\/2&Prime;][vc_column_text css=\u00a0\u00bb\u00a0\u00bb]Les granul\u00e9s sont produits soit dans un r\u00e9acteur (polym\u00e9risation en suspension), soit sur une ligne d&rsquo;extrusion avec chargement de gaz et granulation sous eau pour g\u00e9n\u00e9rer des billes aussi sph\u00e9riques que possible. Quoi qu&rsquo;il en soit, nous utilisons des granul\u00e9s parfaitement adapt\u00e9s \u00e0 vos besoins sp\u00e9cifiques. Notre expertise en mati\u00e8re de mat\u00e9riaux cr\u00e9e des solutions qui sont \u00e0 la fois techniques et \u00e9conomiques. Elle constitue la base de produits durables et innovants dans les secteurs les plus divers.[\/vc_column_text][\/vc_column_inner][\/vc_row_inner]\n<div class=\"spacer spacer--large\" style=\"height:60px\"><\/div>\n<div class=\"spacer spacer--medium\" style=\"height:60px\"><\/div>\n<div class=\"spacer spacer--small\" style=\"height:60px\"><\/div>\n[\/vc_column][\/vc_row][vc_row full_width=\u00a0\u00bbstretch_row\u00a0\u00bb content_placement=\u00a0\u00bbmiddle\u00a0\u00bb css=\u00a0\u00bb.vc_custom_1731940199490{background-color: #F5F5F5 !important;}\u00a0\u00bb][vc_column]\n<div class=\"spacer spacer--large\" style=\"height:60px\"><\/div>\n<div class=\"spacer spacer--medium\" style=\"height:60px\"><\/div>\n<div class=\"spacer spacer--small\" style=\"height:60px\"><\/div>\n[vc_row_inner][vc_column_inner width=\u00a0\u00bb1\/4&Prime;][vc_single_image image=\u00a0\u00bb2709&Prime; img_size=\u00a0\u00bbfull\u00a0\u00bb css=\u00a0\u00bb\u00a0\u00bb][\/vc_column_inner][vc_column_inner width=\u00a0\u00bb1\/4&Prime;][vc_single_image image=\u00a0\u00bb2710&Prime; img_size=\u00a0\u00bbfull\u00a0\u00bb css=\u00a0\u00bb\u00a0\u00bb][\/vc_column_inner][vc_column_inner width=\u00a0\u00bb2\/4&Prime;][vc_column_text css=\u00a0\u00bb\u00a0\u00bb]<\/p>\n<h2>Innovation gr\u00e2ce \u00e0 la modification des mat\u00e9riaux et au d\u00e9veloppement de nouveaux produits<\/h2>\n<p>Le d\u00e9veloppement de nouveaux mat\u00e9riaux commence par la connaissance de leurs limites. Ce n&rsquo;est que lorsque nous les comprenons que nous pouvons choisir le mat\u00e9riau appropri\u00e9 sur la base d&rsquo;applications sp\u00e9cifiques. Mais que faire lorsque les exigences d\u00e9passent les propri\u00e9t\u00e9s connues du mat\u00e9riau ? Dans de tels cas, des solutions innovantes sont n\u00e9cessaires. Gr\u00e2ce \u00e0 l&rsquo;am\u00e9lioration des mat\u00e9riaux et \u00e0 l&rsquo;\u00e9troite collaboration avec nos <a href=\"https:\/\/www.ruch.de\/fr\/entreprise\/reseau\/\">partenaires de r\u00e9seau<\/a>, nous proposons de nombreuses approches pour le perfectionnement des mat\u00e9riaux.[\/vc_column_text][\/vc_column_inner][\/vc_row_inner]\n<div class=\"spacer spacer--large\" style=\"height:60px\"><\/div>\n<div class=\"spacer spacer--medium\" style=\"height:60px\"><\/div>\n<div class=\"spacer spacer--small\" style=\"height:60px\"><\/div>\n[\/vc_column][\/vc_row][vc_row][vc_column]\n<div class=\"spacer spacer--large\" style=\"height:100px\"><\/div>\n<div class=\"spacer spacer--medium\" style=\"height:75px\"><\/div>\n<div class=\"spacer spacer--small\" style=\"height:50px\"><\/div>\n[\/vc_column][\/vc_row][vc_row content_placement=\u00a0\u00bbmiddle\u00a0\u00bb][vc_column offset=\u00a0\u00bbvc_col-lg-6 vc_col-md-6 vc_col-xs-12&Prime;][vc_single_image image=\u00a0\u00bb2705&Prime; img_size=\u00a0\u00bbfull\u00a0\u00bb css=\u00a0\u00bb\u00a0\u00bb][\/vc_column][vc_column offset=\u00a0\u00bbvc_col-lg-5 vc_col-md-5 vc_col-xs-12&Prime;][vc_column_text css=\u00a0\u00bb\u00a0\u00bb]<\/p>\n<h3>Le bon choix de mat\u00e9riaux pour des solutions produits optimales<\/h3>\n<p>Un facteur d\u00e9cisif pour le succ\u00e8s d&rsquo;un produit est le choix du bon mat\u00e9riau. Celui-ci doit non seulement r\u00e9pondre aux exigences sp\u00e9cifiques du produit final, mais aussi aux exigences r\u00e9glementaires. Chez RUCH NOVAPLAST, la s\u00e9lection pr\u00e9cise des mat\u00e9riaux est au c\u0153ur de nos pr\u00e9occupations. Gr\u00e2ce \u00e0 des ann\u00e9es de recherche intensive et \u00e0 une caract\u00e9risation compl\u00e8te des mat\u00e9riaux, nous sommes en mesure de comparer les diff\u00e9rents <a href=\"https:\/\/www.ruch.de\/fr\/materiaux\/\">mat\u00e9riaux<\/a> en fonction de leurs propri\u00e9t\u00e9s et de trouver la meilleure solution pour chaque projet individuel. Cette d\u00e9marche est compl\u00e9t\u00e9e par l&rsquo;expertise de longue date de nos sp\u00e9cialistes, qui mettent leur exp\u00e9rience au service du processus de s\u00e9lection et vous offrent ainsi des conseils avis\u00e9s.[\/vc_column_text][\/vc_column][vc_column width=\u00a0\u00bb1\/12&Prime; offset=\u00a0\u00bbvc_col-lg-1 vc_col-md-1 vc_hidden-sm vc_hidden-xs\u00a0\u00bb][\/vc_column][\/vc_row][vc_row][vc_column]\n<div class=\"spacer spacer--large\" style=\"height:100px\"><\/div>\n<div class=\"spacer spacer--medium\" style=\"height:75px\"><\/div>\n<div class=\"spacer spacer--small\" style=\"height:50px\"><\/div>\n[\/vc_column][\/vc_row][vc_row content_placement=\u00a0\u00bbmiddle\u00a0\u00bb][vc_column width=\u00a0\u00bb1\/12&Prime; offset=\u00a0\u00bbvc_col-lg-1 vc_col-md-1 vc_hidden-sm vc_hidden-xs\u00a0\u00bb][\/vc_column][vc_column width=\u00a0\u00bb1\/2&Prime; offset=\u00a0\u00bbvc_col-lg-3 vc_col-md-3 vc_col-xs-12&Prime;][vc_single_image image=\u00a0\u00bb2707&Prime; img_size=\u00a0\u00bbfull\u00a0\u00bb css=\u00a0\u00bb\u00a0\u00bb][\/vc_column][vc_column width=\u00a0\u00bb1\/12&Prime; offset=\u00a0\u00bbvc_col-lg-1 vc_col-md-1 vc_hidden-sm vc_hidden-xs\u00a0\u00bb][\/vc_column][vc_column width=\u00a0\u00bb1\/2&Prime; offset=\u00a0\u00bbvc_col-lg-6 vc_col-md-6 vc_col-xs-12&Prime;]<div class=\"blockquote\"><span class=\"mfn-blockquote-icon\"><i class=\"icon-quote\" aria-hidden=\"true\"><\/i><\/span><blockquote class=\"mfn-inline-editor\">Nous ne nous laissons pas enfermer dans les limites des mat\u00e9riaux existants pour nos solutions de produits. Au contraire, nous repoussons les limites des mat\u00e9riaux pour cr\u00e9er nos solutions de produits innovantes.<\/blockquote><p class=\"author\"><i class=\"icon-user\"><\/i><span>Thomas Doll \u2013 CTO \u2013 Directeur technique<\/span><\/p><\/div>\n[\/vc_column][vc_column width=\u00a0\u00bb1\/12&Prime; offset=\u00a0\u00bbvc_col-lg-1 vc_col-md-1 vc_hidden-sm vc_hidden-xs\u00a0\u00bb][\/vc_column][\/vc_row][vc_row][vc_column]\n    <div class=\"ruch-blogteaser single-post\">\n        <div class=\"wysiwyg\">\n                    <\/div>\n                                    <div class=\"ruch-blogteaser__inner\">\n                                            \n    <div class=\"ruch-blogteaser__post\">\n        <div class=\"ruch-blogteaser__img\">\n            <img loading=\"lazy\" decoding=\"async\" width=\"892\" height=\"664\" src=\"https:\/\/www.ruch.de\/wp-content\/uploads\/2025\/01\/epp-konfettimaterial-farbmuster-ruch-novaplast-1.png\" class=\"attachment-full size-full wp-post-image\" alt=\"\u00c9chantillon de couleur du mat\u00e9riau EPP Confetti | Actualit\u00e9s | RUCH NOVAPLAST GmbH \u00e0 Oberkirch\" srcset=\"https:\/\/www.ruch.de\/wp-content\/uploads\/2025\/01\/epp-konfettimaterial-farbmuster-ruch-novaplast-1.png 892w, https:\/\/www.ruch.de\/wp-content\/uploads\/2025\/01\/epp-konfettimaterial-farbmuster-ruch-novaplast-1-300x223.png 300w, https:\/\/www.ruch.de\/wp-content\/uploads\/2025\/01\/epp-konfettimaterial-farbmuster-ruch-novaplast-1-768x572.png 768w, https:\/\/www.ruch.de\/wp-content\/uploads\/2025\/01\/epp-konfettimaterial-farbmuster-ruch-novaplast-1-101x75.png 101w, https:\/\/www.ruch.de\/wp-content\/uploads\/2025\/01\/epp-konfettimaterial-farbmuster-ruch-novaplast-1-480x357.png 480w\" sizes=\"auto, (max-width:767px) 480px, (max-width:892px) 100vw, 892px\" \/>        <\/div>\n\n        <div class=\"ruch-blogteaser__text\">\n                            <p class=\"ruch-blogteaser__child-category\">Expertise des mat\u00e8riaux<\/p>\n            \n            <h3>Mat\u00e9riau de confettis durable pour des composants EPP respectueux de l&rsquo;environnement<\/h3>\n            <p>La production de pi\u00e8ces moul\u00e9es en EPP g\u00e9n\u00e8re r\u00e9guli\u00e8rement des mati\u00e8res premi\u00e8res r\u00e9siduelles en raison des changements de couleur et de lot, qui ne doivent en aucun cas finir \u00e0 la poubelle.<\/p>\n\n            <a href=\"https:\/\/www.ruch.de\/fr\/news\/sustainable-confetti-material-for-environmentally-friendly-epp-components\/\" class=\"btn-custom2\">\n                Vers l'article du blog            <\/a>\n        <\/div>\n    <\/div>\n\n                                        <\/div>\n            \n                        <\/div>\n\n    [\/vc_column][\/vc_row][vc_row][vc_column]\n<div class=\"spacer spacer--large\" style=\"height:60px\"><\/div>\n<div class=\"spacer spacer--medium\" style=\"height:60px\"><\/div>\n<div class=\"spacer spacer--small\" style=\"height:60px\"><\/div>\n[\/vc_column][\/vc_row][vc_row][vc_column]          <div class=\"teaser-container teaser-container--two-colum\">\n\n        \n    <div class=\"ruch-teaser-card bg--gray  wpb_animate_when_almost_visible wpb_fadeInLeft fadeInLeft\">\n        <div class=\"teaser-card-content\">\n          <h3>Mat\u00e9riaux<\/h3>\n<p>Avec des polym\u00e8res innovants comme le PPE et l&rsquo;EPS, nous proposons des solutions qui s\u00e9duisent par leur grande fonctionnalit\u00e9. D\u00e9couvrez les propri\u00e9t\u00e9s particuli\u00e8res de ces mat\u00e9riaux et apprenez comment nous les adaptons de mani\u00e8re cibl\u00e9e \u00e0 vos exigences individuelles.<\/p>\n        <\/div>\n                <div class=\"teaser-card-button\">\n          <a href=\"https:\/\/www.ruch.de\/fr\/materiaux\/\" title=\"Vers les mat\u00e9riaux\" target=\"_self\" class=\"a--jump\">\n              Vers les mat\u00e9riaux          <\/a>\n        <\/div>\n            <\/div>\n\n  \n    <div class=\"ruch-teaser-card bg--blue  wpb_animate_when_almost_visible wpb_fadeInRight fadeInRight\">\n        <div class=\"teaser-card-content\">\n          <h3>Expertise en fabrication<\/h3>\n<p>D\u00e9couvrez comment nous cr\u00e9ons des solutions sur mesure pour r\u00e9pondre \u00e0 vos besoins gr\u00e2ce \u00e0 une technologie de fabrication de pointe et \u00e0 des ann\u00e9es d&rsquo;exp\u00e9rience. D\u00e9couvrez \u00e9galement comment nous combinons pr\u00e9cision, efficacit\u00e9 et innovation \u00e0 chaque \u00e9tape de la fabrication.<\/p>\n        <\/div>\n                <div class=\"teaser-card-button\">\n          <a href=\"https:\/\/www.ruch.de\/fr\/expertises\/expertise-en-fabrication\/\" title=\"En savoir plus sur nos expertises en mati\u00e8re de fabrication\" target=\"_self\" class=\"a--jump\">\n              En savoir plus sur nos expertises en mati\u00e8re de fabrication          <\/a>\n        <\/div>\n            <\/div>\n      <\/div>\n    [\/vc_column][\/vc_row][vc_row][vc_column]\n<div class=\"spacer spacer--large\" style=\"height:60px\"><\/div>\n<div class=\"spacer spacer--medium\" style=\"height:60px\"><\/div>\n<div class=\"spacer spacer--small\" style=\"height:60px\"><\/div>\n[\/vc_column][\/vc_row]<\/p>\n<\/div>","protected":false},"excerpt":{"rendered":"<p>[vc_row][vc_column][vc_row_inner][vc_column_inner width=\u00a0\u00bb1\/2&Prime;][vc_column_text css=\u00a0\u00bb\u00a0\u00bb] Notre expterise en mati\u00e8re de mat\u00e9riaux est \u00e0 la base de toutes les \u00e9tapes de fabrication suivantes [\/vc_column_text][\/vc_column_inner][vc_column_inner width=\u00a0\u00bb1\/2&Prime;][\/vc_column_inner][\/vc_row_inner][vc_row_inner][vc_column_inner width=\u00a0\u00bb1\/2&Prime;][vc_column_text css=\u00a0\u00bb\u00a0\u00bb]En tant que<span class=\"excerpt-hellip\"> [\u2026]<\/span><\/p>\n","protected":false},"author":1,"featured_media":-1,"parent":2658,"menu_order":0,"comment_status":"closed","ping_status":"closed","template":"","meta":{"_acf_changed":false,"footnotes":""},"class_list":["post-2704","page","type-page","status-publish","has-post-thumbnail","hentry"],"acf":[],"yoast_head":"<!-- This site is optimized with the Yoast SEO plugin v27.3 - https:\/\/yoast.com\/product\/yoast-seo-wordpress\/ -->\n<title>Notre expertise en mat\u00e9riaux | RUCH NOVAPLAST GmbH<\/title>\n<meta name=\"description\" content=\"Notre expertise des mat\u00e9riaux cr\u00e9e des solutions qui sont convaincantes sur le plan technique et \u00e9conomique.\" \/>\n<meta name=\"robots\" content=\"index, follow, max-snippet:-1, max-image-preview:large, max-video-preview:-1\" \/>\n<link rel=\"canonical\" href=\"https:\/\/www.ruch.de\/fr\/expertises\/expertise-des-materiaux\/\" \/>\n<meta property=\"og:locale\" content=\"fr_FR\" \/>\n<meta property=\"og:type\" content=\"article\" \/>\n<meta property=\"og:title\" content=\"Notre expertise en mat\u00e9riaux | RUCH NOVAPLAST GmbH\" \/>\n<meta property=\"og:description\" content=\"Notre expertise des mat\u00e9riaux cr\u00e9e des solutions qui sont convaincantes sur le plan technique et \u00e9conomique.\" \/>\n<meta property=\"og:url\" content=\"https:\/\/www.ruch.de\/fr\/expertises\/expertise-des-materiaux\/\" \/>\n<meta property=\"og:site_name\" content=\"RUCH NOVAPLAST\" \/>\n<meta property=\"article:publisher\" content=\"https:\/\/www.facebook.com\/ruchnovaplast\" \/>\n<meta property=\"article:modified_time\" content=\"2026-01-12T13:02:49+00:00\" \/>\n<meta name=\"twitter:card\" content=\"summary_large_image\" \/>\n<meta name=\"twitter:label1\" content=\"Dur\u00e9e de lecture estim\u00e9e\" \/>\n\t<meta name=\"twitter:data1\" content=\"5 minutes\" \/>\n<script type=\"application\/ld+json\" class=\"yoast-schema-graph\">{\"@context\":\"https:\\\/\\\/schema.org\",\"@graph\":[{\"@type\":\"WebPage\",\"@id\":\"https:\\\/\\\/www.ruch.de\\\/fr\\\/expertises\\\/expertise-des-materiaux\\\/\",\"url\":\"https:\\\/\\\/www.ruch.de\\\/fr\\\/expertises\\\/expertise-des-materiaux\\\/\",\"name\":\"Notre expertise en mat\u00e9riaux | RUCH NOVAPLAST GmbH\",\"isPartOf\":{\"@id\":\"https:\\\/\\\/www.ruch.de\\\/fr\\\/#website\"},\"datePublished\":\"2024-11-13T14:13:16+00:00\",\"dateModified\":\"2026-01-12T13:02:49+00:00\",\"description\":\"Notre expertise des mat\u00e9riaux cr\u00e9e des solutions qui sont convaincantes sur le plan technique et \u00e9conomique.\",\"breadcrumb\":{\"@id\":\"https:\\\/\\\/www.ruch.de\\\/fr\\\/expertises\\\/expertise-des-materiaux\\\/#breadcrumb\"},\"inLanguage\":\"fr-FR\",\"potentialAction\":[{\"@type\":\"ReadAction\",\"target\":[\"https:\\\/\\\/www.ruch.de\\\/fr\\\/expertises\\\/expertise-des-materiaux\\\/\"]}]},{\"@type\":\"BreadcrumbList\",\"@id\":\"https:\\\/\\\/www.ruch.de\\\/fr\\\/expertises\\\/expertise-des-materiaux\\\/#breadcrumb\",\"itemListElement\":[{\"@type\":\"ListItem\",\"position\":1,\"name\":\"Home\",\"item\":\"https:\\\/\\\/www.ruch.de\\\/fr\\\/\"},{\"@type\":\"ListItem\",\"position\":2,\"name\":\"Expertises\",\"item\":\"https:\\\/\\\/www.ruch.de\\\/fr\\\/expertises\\\/\"},{\"@type\":\"ListItem\",\"position\":3,\"name\":\"Expertise des mat\u00e9riaux\"}]},{\"@type\":\"WebSite\",\"@id\":\"https:\\\/\\\/www.ruch.de\\\/fr\\\/#website\",\"url\":\"https:\\\/\\\/www.ruch.de\\\/fr\\\/\",\"name\":\"www.ruch.de\",\"description\":\"\",\"publisher\":{\"@id\":\"https:\\\/\\\/www.ruch.de\\\/fr\\\/#organization\"},\"potentialAction\":[{\"@type\":\"SearchAction\",\"target\":{\"@type\":\"EntryPoint\",\"urlTemplate\":\"https:\\\/\\\/www.ruch.de\\\/fr\\\/?s={search_term_string}\"},\"query-input\":{\"@type\":\"PropertyValueSpecification\",\"valueRequired\":true,\"valueName\":\"search_term_string\"}}],\"inLanguage\":\"fr-FR\"},{\"@type\":\"Organization\",\"@id\":\"https:\\\/\\\/www.ruch.de\\\/fr\\\/#organization\",\"name\":\"RUCH NOVAPLAST GmbH\",\"url\":\"https:\\\/\\\/www.ruch.de\\\/fr\\\/\",\"logo\":{\"@type\":\"ImageObject\",\"inLanguage\":\"fr-FR\",\"@id\":\"https:\\\/\\\/www.ruch.de\\\/fr\\\/#\\\/schema\\\/logo\\\/image\\\/\",\"url\":\"https:\\\/\\\/www.ruch.de\\\/wp-content\\\/uploads\\\/2024\\\/11\\\/ruch-novaplast-logo-black.svg\",\"contentUrl\":\"https:\\\/\\\/www.ruch.de\\\/wp-content\\\/uploads\\\/2024\\\/11\\\/ruch-novaplast-logo-black.svg\",\"width\":1802,\"height\":338,\"caption\":\"RUCH NOVAPLAST GmbH\"},\"image\":{\"@id\":\"https:\\\/\\\/www.ruch.de\\\/fr\\\/#\\\/schema\\\/logo\\\/image\\\/\"},\"sameAs\":[\"https:\\\/\\\/www.facebook.com\\\/ruchnovaplast\",\"https:\\\/\\\/www.instagram.com\\\/ruchnovaplast\\\/\",\"https:\\\/\\\/www.linkedin.com\\\/company\\\/ruch-novaplast-gmbh\"]}]}<\/script>\n<!-- \/ Yoast SEO plugin. -->","yoast_head_json":{"title":"Notre expertise en mat\u00e9riaux | RUCH NOVAPLAST GmbH","description":"Notre expertise des mat\u00e9riaux cr\u00e9e des solutions qui sont convaincantes sur le plan technique et \u00e9conomique.","robots":{"index":"index","follow":"follow","max-snippet":"max-snippet:-1","max-image-preview":"max-image-preview:large","max-video-preview":"max-video-preview:-1"},"canonical":"https:\/\/www.ruch.de\/fr\/expertises\/expertise-des-materiaux\/","og_locale":"fr_FR","og_type":"article","og_title":"Notre expertise en mat\u00e9riaux | RUCH NOVAPLAST GmbH","og_description":"Notre expertise des mat\u00e9riaux cr\u00e9e des solutions qui sont convaincantes sur le plan technique et \u00e9conomique.","og_url":"https:\/\/www.ruch.de\/fr\/expertises\/expertise-des-materiaux\/","og_site_name":"RUCH NOVAPLAST","article_publisher":"https:\/\/www.facebook.com\/ruchnovaplast","article_modified_time":"2026-01-12T13:02:49+00:00","twitter_card":"summary_large_image","twitter_misc":{"Dur\u00e9e de lecture estim\u00e9e":"5 minutes"},"schema":{"@context":"https:\/\/schema.org","@graph":[{"@type":"WebPage","@id":"https:\/\/www.ruch.de\/fr\/expertises\/expertise-des-materiaux\/","url":"https:\/\/www.ruch.de\/fr\/expertises\/expertise-des-materiaux\/","name":"Notre expertise en mat\u00e9riaux | RUCH NOVAPLAST GmbH","isPartOf":{"@id":"https:\/\/www.ruch.de\/fr\/#website"},"datePublished":"2024-11-13T14:13:16+00:00","dateModified":"2026-01-12T13:02:49+00:00","description":"Notre expertise des mat\u00e9riaux cr\u00e9e des solutions qui sont convaincantes sur le plan technique et \u00e9conomique.","breadcrumb":{"@id":"https:\/\/www.ruch.de\/fr\/expertises\/expertise-des-materiaux\/#breadcrumb"},"inLanguage":"fr-FR","potentialAction":[{"@type":"ReadAction","target":["https:\/\/www.ruch.de\/fr\/expertises\/expertise-des-materiaux\/"]}]},{"@type":"BreadcrumbList","@id":"https:\/\/www.ruch.de\/fr\/expertises\/expertise-des-materiaux\/#breadcrumb","itemListElement":[{"@type":"ListItem","position":1,"name":"Home","item":"https:\/\/www.ruch.de\/fr\/"},{"@type":"ListItem","position":2,"name":"Expertises","item":"https:\/\/www.ruch.de\/fr\/expertises\/"},{"@type":"ListItem","position":3,"name":"Expertise des mat\u00e9riaux"}]},{"@type":"WebSite","@id":"https:\/\/www.ruch.de\/fr\/#website","url":"https:\/\/www.ruch.de\/fr\/","name":"www.ruch.de","description":"","publisher":{"@id":"https:\/\/www.ruch.de\/fr\/#organization"},"potentialAction":[{"@type":"SearchAction","target":{"@type":"EntryPoint","urlTemplate":"https:\/\/www.ruch.de\/fr\/?s={search_term_string}"},"query-input":{"@type":"PropertyValueSpecification","valueRequired":true,"valueName":"search_term_string"}}],"inLanguage":"fr-FR"},{"@type":"Organization","@id":"https:\/\/www.ruch.de\/fr\/#organization","name":"RUCH NOVAPLAST GmbH","url":"https:\/\/www.ruch.de\/fr\/","logo":{"@type":"ImageObject","inLanguage":"fr-FR","@id":"https:\/\/www.ruch.de\/fr\/#\/schema\/logo\/image\/","url":"https:\/\/www.ruch.de\/wp-content\/uploads\/2024\/11\/ruch-novaplast-logo-black.svg","contentUrl":"https:\/\/www.ruch.de\/wp-content\/uploads\/2024\/11\/ruch-novaplast-logo-black.svg","width":1802,"height":338,"caption":"RUCH NOVAPLAST GmbH"},"image":{"@id":"https:\/\/www.ruch.de\/fr\/#\/schema\/logo\/image\/"},"sameAs":["https:\/\/www.facebook.com\/ruchnovaplast","https:\/\/www.instagram.com\/ruchnovaplast\/","https:\/\/www.linkedin.com\/company\/ruch-novaplast-gmbh"]}]}},"_links":{"self":[{"href":"https:\/\/www.ruch.de\/fr\/wp-json\/wp\/v2\/pages\/2704","targetHints":{"allow":["GET"]}}],"collection":[{"href":"https:\/\/www.ruch.de\/fr\/wp-json\/wp\/v2\/pages"}],"about":[{"href":"https:\/\/www.ruch.de\/fr\/wp-json\/wp\/v2\/types\/page"}],"author":[{"embeddable":true,"href":"https:\/\/www.ruch.de\/fr\/wp-json\/wp\/v2\/users\/1"}],"replies":[{"embeddable":true,"href":"https:\/\/www.ruch.de\/fr\/wp-json\/wp\/v2\/comments?post=2704"}],"version-history":[{"count":4,"href":"https:\/\/www.ruch.de\/fr\/wp-json\/wp\/v2\/pages\/2704\/revisions"}],"predecessor-version":[{"id":7624,"href":"https:\/\/www.ruch.de\/fr\/wp-json\/wp\/v2\/pages\/2704\/revisions\/7624"}],"up":[{"embeddable":true,"href":"https:\/\/www.ruch.de\/fr\/wp-json\/wp\/v2\/pages\/2658"}],"wp:featuredmedia":[{"embeddable":true,"href":"https:\/\/www.ruch.de\/fr\/wp-json\/"}],"wp:attachment":[{"href":"https:\/\/www.ruch.de\/fr\/wp-json\/wp\/v2\/media?parent=2704"}],"curies":[{"name":"wp","href":"https:\/\/api.w.org\/{rel}","templated":true}]}}