{"id":2642,"date":"2024-11-13T15:19:31","date_gmt":"2024-11-13T14:19:31","guid":{"rendered":"https:\/\/www.ruch.de\/innovations\/finition-de-surface\/novatexture\/"},"modified":"2025-12-30T11:29:59","modified_gmt":"2025-12-30T10:29:59","slug":"novatexture","status":"publish","type":"page","link":"https:\/\/www.ruch.de\/fr\/innovations\/traiter-des-surfaces\/novatexture\/","title":{"rendered":"NOVAtexture\u00ae"},"content":{"rendered":"<div class=\"wpb-content-wrapper\"><p>[vc_row][vc_column]\n<div class=\"spacer spacer--large\" style=\"height:100px\"><\/div>\n<div class=\"spacer spacer--medium\" style=\"height:60px\"><\/div>\n<div class=\"spacer spacer--small\" style=\"height:60px\"><\/div>\n[vc_row_inner][vc_column_inner][vc_column_text css=\u00a0\u00bb\u00a0\u00bb]<\/p>\n<h1>NOVAtexture<sup>\u00ae<\/sup>: personnalisation de surfaces esth\u00e9tiques<\/h1>\n<p>[\/vc_column_text][\/vc_column_inner][\/vc_row_inner][vc_row_inner][vc_column_inner width=\u00a0\u00bb1\/2&Prime;][vc_column_text css=\u00a0\u00bb\u00a0\u00bb]Avec NOVAtexture<sup>\u00ae<\/sup>, RUCH NOVAPLAST r\u00e9volutionne la conception des surfaces de pi\u00e8ces moul\u00e9es en mousse de particules. Cette technique innovante de finition de surface ouvre de nombreuses possibilit\u00e9s pour valoriser les pi\u00e8ces moul\u00e9es sur le plan esth\u00e9tique et fonctionnel.[\/vc_column_text][\/vc_column_inner][vc_column_inner width=\u00a0\u00bb1\/2&Prime;][vc_column_text css=\u00a0\u00bb\u00a0\u00bb]D\u00e8s la fabrication des pi\u00e8ces, la texturation permet de faire dispara\u00eetre les limites typiques entre les billes de mousse et d&rsquo;obtenir une surface homog\u00e8ne au brillant satin\u00e9, sans aucune op\u00e9ration suppl\u00e9mentaire.[\/vc_column_text][\/vc_column_inner][\/vc_row_inner]\n<div class=\"spacer spacer--large\" style=\"height:60px\"><\/div>\n<div class=\"spacer spacer--medium\" style=\"height:40px\"><\/div>\n<div class=\"spacer spacer--small\" style=\"height:30px\"><\/div>\n[vc_row_inner][vc_column_inner width=\u00a0\u00bb1\/3&Prime;][vc_single_image image=\u00a0\u00bb2748&Prime; img_size=\u00a0\u00bbfull\u00a0\u00bb css=\u00a0\u00bb\u00a0\u00bb][\/vc_column_inner][vc_column_inner width=\u00a0\u00bb2\/3&Prime;][\/vc_column_inner][\/vc_row_inner]\n<div class=\"spacer spacer--large\" style=\"height:100px\"><\/div>\n<div class=\"spacer spacer--medium\" style=\"height:60px\"><\/div>\n<div class=\"spacer spacer--small\" style=\"height:60px\"><\/div>\n[\/vc_column][\/vc_row][vc_row full_width=\u00a0\u00bbstretch_row\u00a0\u00bb el_class=\u00a0\u00bbbg-yellow-bubbles-top-left\u00a0\u00bb][vc_column]\n<div class=\"spacer spacer--large\" style=\"height:60px\"><\/div>\n<div class=\"spacer spacer--medium\" style=\"height:60px\"><\/div>\n<div class=\"spacer spacer--small\" style=\"height:60px\"><\/div>\n[vc_row_inner][vc_column_inner width=\u00a0\u00bb1\/2&Prime;][vc_column_text css=\u00a0\u00bb\u00a0\u00bb]<\/p>\n<h2><span class=\"black--stroke\">NOVAtexture<sup>\u00ae<\/sup> donne \u00e0 votre produit un petit quelque chose en plus<\/span><\/h2>\n<p>[\/vc_column_text][\/vc_column_inner][vc_column_inner width=\u00a0\u00bb1\/2&Prime;][\/vc_column_inner][\/vc_row_inner][vc_row_inner][vc_column_inner width=\u00a0\u00bb1\/2&Prime;][vc_column_text css=\u00a0\u00bb\u00a0\u00bb]Mais NOVAtexture<sup>\u00ae<\/sup> peut faire encore mieux : sa surface \u00e0 cellules ferm\u00e9es rend les pi\u00e8ces moul\u00e9es 100 % imperm\u00e9ables, lavables et r\u00e9sistantes \u00e0 l&rsquo;abrasion. Cela signifie qu&rsquo;ils sont donc particuli\u00e8rement robustes et hygi\u00e9niques. De plus, elle offre une excellente r\u00e9sistance m\u00e9canique et chimique, r\u00e9pondant ainsi aux exigences les plus strictes. Cette technique vous permet une grande libert\u00e9 de cr\u00e9ation &#8211; tout est envisageable, des textures existantes aux designs personnalis\u00e9s.[\/vc_column_text][\/vc_column_inner][vc_column_inner width=\u00a0\u00bb1\/2&Prime;][vc_column_text css=\u00a0\u00bb\u00a0\u00bb]La surface trait\u00e9e peut \u00e9galement \u00eatre facilement retravaill\u00e9e, par exemple par peinture, pour offrir des possibilit\u00e9s de conception suppl\u00e9mentaires. Cette flexibilit\u00e9 et cette polyvalence font de NOVAtexture<sup>\u00ae<\/sup> la solution id\u00e9ale pour les applications exigeantes dans les domaines qui requi\u00e8rent non seulement des performances techniques, mais aussi un design attrayant.[\/vc_column_text][\/vc_column_inner][\/vc_row_inner]\n<div class=\"spacer spacer--large\" style=\"height:60px\"><\/div>\n<div class=\"spacer spacer--medium\" style=\"height:60px\"><\/div>\n<div class=\"spacer spacer--small\" style=\"height:60px\"><\/div>\n[\/vc_column][\/vc_row][vc_row][vc_column]\n<div class=\"spacer spacer--large\" style=\"height:100px\"><\/div>\n<div class=\"spacer spacer--medium\" style=\"height:75px\"><\/div>\n<div class=\"spacer spacer--small\" style=\"height:50px\"><\/div>\n[\/vc_column][\/vc_row][vc_row content_placement=\u00a0\u00bbmiddle\u00a0\u00bb][vc_column offset=\u00a0\u00bbvc_col-lg-6 vc_col-md-6 vc_col-xs-12&Prime;][vc_single_image image=\u00a0\u00bb2644&Prime; img_size=\u00a0\u00bbfull\u00a0\u00bb css=\u00a0\u00bb\u00a0\u00bb][\/vc_column][vc_column offset=\u00a0\u00bbvc_col-lg-5 vc_col-md-5 vc_col-xs-12&Prime;][vc_column_text css=\u00a0\u00bb\u00a0\u00bb]<\/p>\n<h3>Une protection parfaite pour les caisses de transport Cargobike<\/h3>\n<p>Notre technologie NOVAtexture<sup>\u00ae<\/sup> conf\u00e8re aux caisses de transport pour cargobikes une surface hydrofuge \u00e0 pores ferm\u00e9s. Elle offre non seulement une protection optimale contre l&rsquo;humidit\u00e9, mais aussi un aspect attrayant et un toucher agr\u00e9able.[\/vc_column_text]  <a class=\"btn-custom2\" href=\"https:\/\/www.ruch.de\/fr\/applications\/mobilite\/\" target=\"_self\" title=\"Applications dans le domaine de la mobilit\u00e9\">Applications dans le domaine de la mobilit\u00e9<\/a>\n<div class=\"spacer spacer--small\" style=\"height:30px\"><\/div>\n[\/vc_column][vc_column width=\u00a0\u00bb1\/12&Prime; offset=\u00a0\u00bbvc_col-lg-1 vc_col-md-1 vc_hidden-sm vc_hidden-xs\u00a0\u00bb][\/vc_column][\/vc_row][vc_row][vc_column]\n<div class=\"spacer spacer--large\" style=\"height:100px\"><\/div>\n<div class=\"spacer spacer--medium\" style=\"height:75px\"><\/div>\n<div class=\"spacer spacer--small\" style=\"height:50px\"><\/div>\n[\/vc_column][\/vc_row][vc_row content_placement=\u00a0\u00bbmiddle\u00a0\u00bb el_class=\u00a0\u00bbimage-next-to-text-reverse\u00a0\u00bb][vc_column width=\u00a0\u00bb1\/12&Prime; offset=\u00a0\u00bbvc_col-lg-1 vc_col-md-1 vc_hidden-sm vc_hidden-xs\u00a0\u00bb][\/vc_column][vc_column offset=\u00a0\u00bbvc_col-lg-5 vc_col-md-5 vc_col-xs-12&Prime;][vc_column_text css=\u00a0\u00bb\u00a0\u00bb]<\/p>\n<h3>Ch\u00e2ssis de la pompe \u00e0 chaleur dans le champ de vision<\/h3>\n<p>Gr\u00e2ce \u00e0 la technologie NOVAtexture<sup>\u00ae<\/sup>, nous am\u00e9liorons les ch\u00e2ssis visibles des pompes \u00e0 chaleur avec des surfaces ferm\u00e9es et non poreuses. Celles-ci sont non seulement hydrofuges et robustes, mais \u00e9galement convaincantes sur le plan visuel et tactile.[\/vc_column_text]  <a class=\"btn-custom2\" href=\"https:\/\/www.ruch.de\/fr\/applications\/technique-du-batiment\/\" target=\"_self\" title=\"Applications dans le domaine de la domotique et du b\u00e2timent\">Applications dans le domaine de la domotique et du b\u00e2timent<\/a>\n<div class=\"spacer spacer--small\" style=\"height:30px\"><\/div>\n[\/vc_column][vc_column offset=\u00a0\u00bbvc_col-lg-6 vc_col-md-6 vc_col-xs-12&Prime;][vc_single_image image=\u00a0\u00bb2645&Prime; img_size=\u00a0\u00bbfull\u00a0\u00bb css=\u00a0\u00bb\u00a0\u00bb][\/vc_column][\/vc_row][vc_row][vc_column]\n<div class=\"spacer spacer--large\" style=\"height:100px\"><\/div>\n<div class=\"spacer spacer--medium\" style=\"height:75px\"><\/div>\n<div class=\"spacer spacer--small\" style=\"height:50px\"><\/div>\n[\/vc_column][\/vc_row][vc_row][vc_column]          <div class=\"teaser-container teaser-container--two-colum\">\n\n        \n    <div class=\"ruch-teaser-card bg--gray  wpb_animate_when_almost_visible wpb_fadeInLeft fadeInLeft\">\n        <div class=\"teaser-card-content\">\n          <h3>Applications<\/h3>\n<p>Nous d\u00e9veloppons et fabriquons des pi\u00e8ces moul\u00e9es isolantes, des ensembles complets et des syst\u00e8mes de bo\u00eetiers complexes en mousse de particules pour les secteurs les plus divers. Nos produits sont notamment utilis\u00e9s dans les secteurs de la domotique, de la technique m\u00e9dicale et de l&rsquo;analyse, ainsi que dans les domaines de la protection de la t\u00eate et du corps et de la mobilit\u00e9. D\u00e9couvrez plus en d\u00e9tail les produits fabriqu\u00e9s \u00e0 partir de nos mat\u00e9riaux.<\/p>\n        <\/div>\n                <div class=\"teaser-card-button\">\n          <a href=\"https:\/\/www.ruch.de\/fr\/applications\/\" title=\"Vers les applications\" target=\"_self\" class=\"a--jump\">\n              Vers les applications          <\/a>\n        <\/div>\n            <\/div>\n\n  \n    <div class=\"ruch-teaser-card bg--blue  wpb_animate_when_almost_visible wpb_fadeInRight fadeInRight\">\n        <div class=\"teaser-card-content\">\n          <h3>Expertises<\/h3>\n<p>Depuis plus de 140 ans, RUCH NOVAPLAST combine une connaissance approfondie des produits, une connaissance approfondie des mat\u00e9riaux et d&rsquo;excellentes comp\u00e9tences en mati\u00e8re de fabrication et de processus pour d\u00e9velopper des solutions innovantes de mousse de particules pour vous. Pour en savoir plus sur nos comp\u00e9tences dans les diff\u00e9rents domaines, cliquez ici.<\/p>\n        <\/div>\n                <div class=\"teaser-card-button\">\n          <a href=\"https:\/\/www.ruch.de\/fr\/expertises\/\" title=\"Vers les expertises\" target=\"_self\" class=\"a--jump\">\n              Vers les expertises          <\/a>\n        <\/div>\n            <\/div>\n      <\/div>\n    [\/vc_column][\/vc_row][vc_row][vc_column]\n<div class=\"spacer spacer--large\" style=\"height:60px\"><\/div>\n<div class=\"spacer spacer--medium\" style=\"height:60px\"><\/div>\n<div class=\"spacer spacer--small\" style=\"height:60px\"><\/div>\n[\/vc_column][\/vc_row]<\/p>\n<\/div>","protected":false},"excerpt":{"rendered":"<p>[vc_row][vc_column][vc_row_inner][vc_column_inner][vc_column_text css=\u00a0\u00bb\u00a0\u00bb] NOVAtexture\u00ae: personnalisation de surfaces esth\u00e9tiques [\/vc_column_text][\/vc_column_inner][\/vc_row_inner][vc_row_inner][vc_column_inner width=\u00a0\u00bb1\/2&Prime;][vc_column_text css=\u00a0\u00bb\u00a0\u00bb]Avec NOVAtexture\u00ae, RUCH NOVAPLAST r\u00e9volutionne la conception des surfaces de pi\u00e8ces moul\u00e9es en mousse de particules. Cette<span class=\"excerpt-hellip\"> [\u2026]<\/span><\/p>\n","protected":false},"author":1,"featured_media":0,"parent":2637,"menu_order":0,"comment_status":"closed","ping_status":"closed","template":"","meta":{"_acf_changed":false,"footnotes":""},"class_list":["post-2642","page","type-page","status-publish","hentry"],"acf":[],"yoast_head":"<!-- This site is optimized with the Yoast SEO plugin v27.3 - https:\/\/yoast.com\/product\/yoast-seo-wordpress\/ -->\n<title>NOVAtexture\u00ae | RUCH NOVAPLAST GmbH<\/title>\n<meta name=\"description\" content=\"NOVAtexture\u00ae am\u00e9liore les pi\u00e8ces moul\u00e9es en \u00e9liminant les fronti\u00e8res typiques entre les billes de mousse.\" \/>\n<meta name=\"robots\" content=\"index, follow, max-snippet:-1, max-image-preview:large, max-video-preview:-1\" \/>\n<link rel=\"canonical\" href=\"https:\/\/www.ruch.de\/fr\/innovations\/traiter-des-surfaces\/novatexture\/\" \/>\n<meta property=\"og:locale\" content=\"fr_FR\" \/>\n<meta property=\"og:type\" content=\"article\" \/>\n<meta property=\"og:title\" content=\"NOVAtexture\u00ae | RUCH NOVAPLAST GmbH\" \/>\n<meta property=\"og:description\" content=\"NOVAtexture\u00ae am\u00e9liore les pi\u00e8ces moul\u00e9es en \u00e9liminant les fronti\u00e8res typiques entre les billes de mousse.\" \/>\n<meta property=\"og:url\" content=\"https:\/\/www.ruch.de\/fr\/innovations\/traiter-des-surfaces\/novatexture\/\" \/>\n<meta property=\"og:site_name\" content=\"RUCH NOVAPLAST\" \/>\n<meta property=\"article:publisher\" content=\"https:\/\/www.facebook.com\/ruchnovaplast\" \/>\n<meta property=\"article:modified_time\" content=\"2025-12-30T10:29:59+00:00\" \/>\n<meta name=\"twitter:card\" content=\"summary_large_image\" \/>\n<meta name=\"twitter:label1\" content=\"Dur\u00e9e de lecture estim\u00e9e\" \/>\n\t<meta name=\"twitter:data1\" content=\"4 minutes\" \/>\n<script type=\"application\/ld+json\" class=\"yoast-schema-graph\">{\"@context\":\"https:\\\/\\\/schema.org\",\"@graph\":[{\"@type\":\"WebPage\",\"@id\":\"https:\\\/\\\/www.ruch.de\\\/fr\\\/innovations\\\/traiter-des-surfaces\\\/novatexture\\\/\",\"url\":\"https:\\\/\\\/www.ruch.de\\\/fr\\\/innovations\\\/traiter-des-surfaces\\\/novatexture\\\/\",\"name\":\"NOVAtexture\u00ae | RUCH NOVAPLAST GmbH\",\"isPartOf\":{\"@id\":\"https:\\\/\\\/www.ruch.de\\\/fr\\\/#website\"},\"datePublished\":\"2024-11-13T14:19:31+00:00\",\"dateModified\":\"2025-12-30T10:29:59+00:00\",\"description\":\"NOVAtexture\u00ae am\u00e9liore les pi\u00e8ces moul\u00e9es en \u00e9liminant les fronti\u00e8res typiques entre les billes de mousse.\",\"breadcrumb\":{\"@id\":\"https:\\\/\\\/www.ruch.de\\\/fr\\\/innovations\\\/traiter-des-surfaces\\\/novatexture\\\/#breadcrumb\"},\"inLanguage\":\"fr-FR\",\"potentialAction\":[{\"@type\":\"ReadAction\",\"target\":[\"https:\\\/\\\/www.ruch.de\\\/fr\\\/innovations\\\/traiter-des-surfaces\\\/novatexture\\\/\"]}]},{\"@type\":\"BreadcrumbList\",\"@id\":\"https:\\\/\\\/www.ruch.de\\\/fr\\\/innovations\\\/traiter-des-surfaces\\\/novatexture\\\/#breadcrumb\",\"itemListElement\":[{\"@type\":\"ListItem\",\"position\":1,\"name\":\"Home\",\"item\":\"https:\\\/\\\/www.ruch.de\\\/fr\\\/\"},{\"@type\":\"ListItem\",\"position\":2,\"name\":\"Innovations\",\"item\":\"https:\\\/\\\/www.ruch.de\\\/fr\\\/innovations\\\/\"},{\"@type\":\"ListItem\",\"position\":3,\"name\":\"Traiter des surfaces\",\"item\":\"https:\\\/\\\/www.ruch.de\\\/fr\\\/innovations\\\/traiter-des-surfaces\\\/\"},{\"@type\":\"ListItem\",\"position\":4,\"name\":\"NOVAtexture\u00ae\"}]},{\"@type\":\"WebSite\",\"@id\":\"https:\\\/\\\/www.ruch.de\\\/fr\\\/#website\",\"url\":\"https:\\\/\\\/www.ruch.de\\\/fr\\\/\",\"name\":\"www.ruch.de\",\"description\":\"\",\"publisher\":{\"@id\":\"https:\\\/\\\/www.ruch.de\\\/fr\\\/#organization\"},\"potentialAction\":[{\"@type\":\"SearchAction\",\"target\":{\"@type\":\"EntryPoint\",\"urlTemplate\":\"https:\\\/\\\/www.ruch.de\\\/fr\\\/?s={search_term_string}\"},\"query-input\":{\"@type\":\"PropertyValueSpecification\",\"valueRequired\":true,\"valueName\":\"search_term_string\"}}],\"inLanguage\":\"fr-FR\"},{\"@type\":\"Organization\",\"@id\":\"https:\\\/\\\/www.ruch.de\\\/fr\\\/#organization\",\"name\":\"RUCH NOVAPLAST GmbH\",\"url\":\"https:\\\/\\\/www.ruch.de\\\/fr\\\/\",\"logo\":{\"@type\":\"ImageObject\",\"inLanguage\":\"fr-FR\",\"@id\":\"https:\\\/\\\/www.ruch.de\\\/fr\\\/#\\\/schema\\\/logo\\\/image\\\/\",\"url\":\"https:\\\/\\\/www.ruch.de\\\/wp-content\\\/uploads\\\/2024\\\/11\\\/ruch-novaplast-logo-black.svg\",\"contentUrl\":\"https:\\\/\\\/www.ruch.de\\\/wp-content\\\/uploads\\\/2024\\\/11\\\/ruch-novaplast-logo-black.svg\",\"width\":1802,\"height\":338,\"caption\":\"RUCH NOVAPLAST GmbH\"},\"image\":{\"@id\":\"https:\\\/\\\/www.ruch.de\\\/fr\\\/#\\\/schema\\\/logo\\\/image\\\/\"},\"sameAs\":[\"https:\\\/\\\/www.facebook.com\\\/ruchnovaplast\",\"https:\\\/\\\/www.instagram.com\\\/ruchnovaplast\\\/\",\"https:\\\/\\\/www.linkedin.com\\\/company\\\/ruch-novaplast-gmbh\"]}]}<\/script>\n<!-- \/ Yoast SEO plugin. -->","yoast_head_json":{"title":"NOVAtexture\u00ae | RUCH NOVAPLAST GmbH","description":"NOVAtexture\u00ae am\u00e9liore les pi\u00e8ces moul\u00e9es en \u00e9liminant les fronti\u00e8res typiques entre les billes de mousse.","robots":{"index":"index","follow":"follow","max-snippet":"max-snippet:-1","max-image-preview":"max-image-preview:large","max-video-preview":"max-video-preview:-1"},"canonical":"https:\/\/www.ruch.de\/fr\/innovations\/traiter-des-surfaces\/novatexture\/","og_locale":"fr_FR","og_type":"article","og_title":"NOVAtexture\u00ae | RUCH NOVAPLAST GmbH","og_description":"NOVAtexture\u00ae am\u00e9liore les pi\u00e8ces moul\u00e9es en \u00e9liminant les fronti\u00e8res typiques entre les billes de mousse.","og_url":"https:\/\/www.ruch.de\/fr\/innovations\/traiter-des-surfaces\/novatexture\/","og_site_name":"RUCH NOVAPLAST","article_publisher":"https:\/\/www.facebook.com\/ruchnovaplast","article_modified_time":"2025-12-30T10:29:59+00:00","twitter_card":"summary_large_image","twitter_misc":{"Dur\u00e9e de lecture estim\u00e9e":"4 minutes"},"schema":{"@context":"https:\/\/schema.org","@graph":[{"@type":"WebPage","@id":"https:\/\/www.ruch.de\/fr\/innovations\/traiter-des-surfaces\/novatexture\/","url":"https:\/\/www.ruch.de\/fr\/innovations\/traiter-des-surfaces\/novatexture\/","name":"NOVAtexture\u00ae | RUCH NOVAPLAST GmbH","isPartOf":{"@id":"https:\/\/www.ruch.de\/fr\/#website"},"datePublished":"2024-11-13T14:19:31+00:00","dateModified":"2025-12-30T10:29:59+00:00","description":"NOVAtexture\u00ae am\u00e9liore les pi\u00e8ces moul\u00e9es en \u00e9liminant les fronti\u00e8res typiques entre les billes de mousse.","breadcrumb":{"@id":"https:\/\/www.ruch.de\/fr\/innovations\/traiter-des-surfaces\/novatexture\/#breadcrumb"},"inLanguage":"fr-FR","potentialAction":[{"@type":"ReadAction","target":["https:\/\/www.ruch.de\/fr\/innovations\/traiter-des-surfaces\/novatexture\/"]}]},{"@type":"BreadcrumbList","@id":"https:\/\/www.ruch.de\/fr\/innovations\/traiter-des-surfaces\/novatexture\/#breadcrumb","itemListElement":[{"@type":"ListItem","position":1,"name":"Home","item":"https:\/\/www.ruch.de\/fr\/"},{"@type":"ListItem","position":2,"name":"Innovations","item":"https:\/\/www.ruch.de\/fr\/innovations\/"},{"@type":"ListItem","position":3,"name":"Traiter des surfaces","item":"https:\/\/www.ruch.de\/fr\/innovations\/traiter-des-surfaces\/"},{"@type":"ListItem","position":4,"name":"NOVAtexture\u00ae"}]},{"@type":"WebSite","@id":"https:\/\/www.ruch.de\/fr\/#website","url":"https:\/\/www.ruch.de\/fr\/","name":"www.ruch.de","description":"","publisher":{"@id":"https:\/\/www.ruch.de\/fr\/#organization"},"potentialAction":[{"@type":"SearchAction","target":{"@type":"EntryPoint","urlTemplate":"https:\/\/www.ruch.de\/fr\/?s={search_term_string}"},"query-input":{"@type":"PropertyValueSpecification","valueRequired":true,"valueName":"search_term_string"}}],"inLanguage":"fr-FR"},{"@type":"Organization","@id":"https:\/\/www.ruch.de\/fr\/#organization","name":"RUCH NOVAPLAST GmbH","url":"https:\/\/www.ruch.de\/fr\/","logo":{"@type":"ImageObject","inLanguage":"fr-FR","@id":"https:\/\/www.ruch.de\/fr\/#\/schema\/logo\/image\/","url":"https:\/\/www.ruch.de\/wp-content\/uploads\/2024\/11\/ruch-novaplast-logo-black.svg","contentUrl":"https:\/\/www.ruch.de\/wp-content\/uploads\/2024\/11\/ruch-novaplast-logo-black.svg","width":1802,"height":338,"caption":"RUCH NOVAPLAST GmbH"},"image":{"@id":"https:\/\/www.ruch.de\/fr\/#\/schema\/logo\/image\/"},"sameAs":["https:\/\/www.facebook.com\/ruchnovaplast","https:\/\/www.instagram.com\/ruchnovaplast\/","https:\/\/www.linkedin.com\/company\/ruch-novaplast-gmbh"]}]}},"_links":{"self":[{"href":"https:\/\/www.ruch.de\/fr\/wp-json\/wp\/v2\/pages\/2642","targetHints":{"allow":["GET"]}}],"collection":[{"href":"https:\/\/www.ruch.de\/fr\/wp-json\/wp\/v2\/pages"}],"about":[{"href":"https:\/\/www.ruch.de\/fr\/wp-json\/wp\/v2\/types\/page"}],"author":[{"embeddable":true,"href":"https:\/\/www.ruch.de\/fr\/wp-json\/wp\/v2\/users\/1"}],"replies":[{"embeddable":true,"href":"https:\/\/www.ruch.de\/fr\/wp-json\/wp\/v2\/comments?post=2642"}],"version-history":[{"count":1,"href":"https:\/\/www.ruch.de\/fr\/wp-json\/wp\/v2\/pages\/2642\/revisions"}],"predecessor-version":[{"id":7558,"href":"https:\/\/www.ruch.de\/fr\/wp-json\/wp\/v2\/pages\/2642\/revisions\/7558"}],"up":[{"embeddable":true,"href":"https:\/\/www.ruch.de\/fr\/wp-json\/wp\/v2\/pages\/2637"}],"wp:attachment":[{"href":"https:\/\/www.ruch.de\/fr\/wp-json\/wp\/v2\/media?parent=2642"}],"curies":[{"name":"wp","href":"https:\/\/api.w.org\/{rel}","templated":true}]}}