{"id":2637,"date":"2024-11-13T15:19:13","date_gmt":"2024-11-13T14:19:13","guid":{"rendered":"https:\/\/www.ruch.de\/innovations\/finition-de-surface\/"},"modified":"2026-02-02T11:26:23","modified_gmt":"2026-02-02T10:26:23","slug":"traiter-des-surfaces","status":"publish","type":"page","link":"https:\/\/www.ruch.de\/fr\/innovations\/traiter-des-surfaces\/","title":{"rendered":"Traiter des surfaces"},"content":{"rendered":"<div class=\"wpb-content-wrapper\"><p>[vc_row][vc_column]\n<div class=\"spacer spacer--large\" style=\"height:100px\"><\/div>\n<div class=\"spacer spacer--medium\" style=\"height:60px\"><\/div>\n<div class=\"spacer spacer--small\" style=\"height:60px\"><\/div>\n[vc_row_inner][vc_column_inner][vc_column_text css=\u00a0\u00bb\u00a0\u00bb]<\/p>\n<h1>Traiter des surface : polyvalence et esth\u00e9tique<\/h1>\n<p>[\/vc_column_text][\/vc_column_inner][\/vc_row_inner][vc_row_inner][vc_column_inner width=\u00a0\u00bb1\/2&Prime;][vc_column_text css=\u00a0\u00bb\u00a0\u00bb]RUCH NOVAPLAST sait comment traiter des surfaces en mettant en \u0153uvre diff\u00e9rentes variantes selon les exigences et l\u2019application.\u202f Mais pourquoi l&rsquo;\u00e9tape de la finition est-elle importante ? Les surfaces des pi\u00e8ces moul\u00e9es sur lesquelles la structure de la mousse de particules, les buses de vapeur et les pi\u00e8ces de l&rsquo;outillage sont visibles ne sont pas tol\u00e9r\u00e9es dans toutes les <a href=\"https:\/\/www.ruch.de\/fr\/applications\/\">applications<\/a>. C&rsquo;est pourquoi il est important de r\u00e9aliser des surfaces de belle forme qui soient \u00e9galement convaincantes au toucher. Outre le <a href=\"https:\/\/www.ruch.de\/fr\/expertises\/expertise-des-procedes\/#moussant\">moussage de films sur la face arri\u00e8re<\/a>, le <a href=\"https:\/\/www.ruch.de\/fr\/expertises\/expertise-des-procedes\/#revetement-pur\">contrecollage PUR<\/a> et la <a href=\"https:\/\/www.ruch.de\/fr\/expertises\/expertise-des-procedes\/#peau\">peau<\/a>, il est \u00e9galement possible de peindre les pi\u00e8ces moul\u00e9es. Dans ce cas, nous utilisons une laque qui adh\u00e8re parfaitement et qui s&rsquo;accorde tr\u00e8s bien avec les propri\u00e9t\u00e9s m\u00e9caniques de la mousse de particules \u00e9lastique. Nous pouvons \u00e9galement rendre les surfaces peintes antibact\u00e9riennes ou actives en termes de compatibilit\u00e9 \u00e9lectromagn\u00e9tique. La peinture physiologiquement inoffensive peut \u00eatre utilis\u00e9e sans probl\u00e8me dans les h\u00f4pitaux, les magasins et les appareils m\u00e9dicaux.[\/vc_column_text][\/vc_column_inner][vc_column_inner width=\u00a0\u00bb1\/2&Prime;][vc_column_text css=\u00a0\u00bb\u00a0\u00bb]NOVAtexture\u00ae offre une solution innovante pour traiter efficacement les surfaces des pi\u00e8ces moul\u00e9es en mousse de particules. La texturation de surface cibl\u00e9e permet d&rsquo;obtenir des surfaces textur\u00e9es esth\u00e9tiques et fonctionnelles qui am\u00e9liorent consid\u00e9rablement l&rsquo;aspect et le toucher des pi\u00e8ces. Cette technique permet d&rsquo;am\u00e9liorer les surfaces des pi\u00e8ces moul\u00e9es pendant leur fabrication &#8211; sans \u00e9tapes de travail suppl\u00e9mentaires.[\/vc_column_text][\/vc_column_inner][\/vc_row_inner]\n<div class=\"spacer spacer--large\" style=\"height:60px\"><\/div>\n<div class=\"spacer spacer--medium\" style=\"height:60px\"><\/div>\n<div class=\"spacer spacer--small\" style=\"height:60px\"><\/div>\n[\/vc_column][\/vc_row][vc_row full_width=\u00a0\u00bbstretch_row_content_no_spaces\u00a0\u00bb css=\u00a0\u00bb.vc_custom_1731591164725{background-color: #F5F5F5 !important;}\u00a0\u00bb][vc_column css=\u00a0\u00bb.vc_custom_1731592154304{padding-top: 0px !important;}\u00a0\u00bb][vc_single_image image=\u00a0\u00bb2638&Prime; img_size=\u00a0\u00bbfull\u00a0\u00bb alignment=\u00a0\u00bbright\u00a0\u00bb css=\u00a0\u00bb\u00a0\u00bb][\/vc_column][\/vc_row][vc_row full_width=\u00a0\u00bbstretch_row\u00a0\u00bb css=\u00a0\u00bb.vc_custom_1732110331260{background-color: #F5F5F5 !important;}\u00a0\u00bb][vc_column]\n<div class=\"spacer spacer--large\" style=\"height:100px\"><\/div>\n<div class=\"spacer spacer--medium\" style=\"height:75px\"><\/div>\n<div class=\"spacer spacer--small\" style=\"height:50px\"><\/div>\n[vc_row_inner][vc_column_inner width=\u00a0\u00bb2\/12&Prime;][\/vc_column_inner][vc_column_inner width=\u00a0\u00bb8\/12&Prime;][vc_column_text css=\u00a0\u00bb\u00a0\u00bb]<\/p>\n<h2>NOVAtexture<sup>\u00ae<\/sup> pr\u00e9sente plusieurs avantages fonctionnels<\/h2>\n<p>[\/vc_column_text][\/vc_column_inner][vc_column_inner width=\u00a0\u00bb2\/12&Prime;][\/vc_column_inner][\/vc_row_inner][vc_row_inner][vc_column_inner width=\u00a0\u00bb2\/12&Prime;][\/vc_column_inner][vc_column_inner width=\u00a0\u00bb8\/12&Prime;][vc_column_text css=\u00a0\u00bb\u00a0\u00bb]Gr\u00e2ce \u00e0 NOVAtexture<sup>\u00ae<\/sup>, les pi\u00e8ces moul\u00e9es en mousse de particules ne se contentent pas de s\u00e9duire par leur aspect, mais offrent \u00e9galement des avantages fonctionnels, tels qu&rsquo;une meilleure adh\u00e9rence pour la peinture de l&rsquo;EPP ou une adh\u00e9rence optimis\u00e9e. La texturation de surface ouvre de nombreuses possibilit\u00e9s pour adapter parfaitement les pi\u00e8ces moul\u00e9es aux exigences des applications modernes, que ce soit dans le domaine des techniques m\u00e9dicales et d&rsquo;analyse, de la domotique ou d&rsquo;autres domaines n\u00e9cessitant des surfaces de haute qualit\u00e9.[\/vc_column_text][\/vc_column_inner][vc_column_inner width=\u00a0\u00bb2\/12&Prime;][\/vc_column_inner][\/vc_row_inner][vc_row_inner][vc_column_inner width=\u00a0\u00bb2\/12&Prime;][\/vc_column_inner][vc_column_inner width=\u00a0\u00bb8\/12&Prime;]  <a class=\"btn-custom1\" href=\"https:\/\/www.ruch.de\/fr\/innovations\/traiter-des-surfaces\/novatexture\/\" target=\"_self\" title=\"En savoir plus sur NOVAtexture\u00ae\">En savoir plus sur NOVAtexture<sup>\u00ae<\/sup><\/a>[\/vc_column_inner][vc_column_inner width=\u00a0\u00bb2\/12&Prime;][\/vc_column_inner][\/vc_row_inner]\n<div class=\"spacer spacer--large\" style=\"height:100px\"><\/div>\n<div class=\"spacer spacer--medium\" style=\"height:75px\"><\/div>\n<div class=\"spacer spacer--small\" style=\"height:50px\"><\/div>\n[\/vc_column][\/vc_row][vc_row full_width=\u00a0\u00bbstretch_row\u00a0\u00bb el_class=\u00a0\u00bbbg-yellow-bubbles-top-left\u00a0\u00bb][vc_column]\n<div class=\"spacer spacer--large\" style=\"height:60px\"><\/div>\n<div class=\"spacer spacer--medium\" style=\"height:60px\"><\/div>\n<div class=\"spacer spacer--small\" style=\"height:60px\"><\/div>\n[vc_row_inner][vc_column_inner width=\u00a0\u00bb1\/2&Prime;][vc_column_text css=\u00a0\u00bb\u00a0\u00bb]<\/p>\n<h2><span class=\"black--stroke\">Applications multiples de la finition de surface NOVAtexture<sup>\u00ae<\/sup><\/span><\/h2>\n<p>[\/vc_column_text][\/vc_column_inner][vc_column_inner width=\u00a0\u00bb1\/2&Prime;][\/vc_column_inner][\/vc_row_inner][vc_row_inner][vc_column_inner width=\u00a0\u00bb1\/2&Prime;][vc_column_text css=\u00a0\u00bb\u00a0\u00bb]NOVAtexture<sup>\u00ae<\/sup> offre de nombreuses possibilit\u00e9s d&rsquo;application. Nous l&rsquo;utilisons dans un grand nombre d&rsquo;industries et pour diff\u00e9rents composants. Par exemple, la texturation ou la gravure au laser sur la surface en aluminium de l&rsquo;outil de moussage peut fournir des structures de surface tr\u00e8s vari\u00e9es. En particulier pour les pi\u00e8ces moul\u00e9es en EPP, les limites des particules et des goussets sont masqu\u00e9es par la surface textur\u00e9e, ce qui donne un aspect particuli\u00e8rement attrayant et technique.[\/vc_column_text][\/vc_column_inner][vc_column_inner width=\u00a0\u00bb1\/2&Prime;][vc_column_text css=\u00a0\u00bb\u00a0\u00bb]Le catalogue des possibilit\u00e9s offertes par les textures de surface existantes augmente quasiment en permanence et permet une grande libert\u00e9 de cr\u00e9ation. Si cela ne suffit pas, il est \u00e9galement possible de cr\u00e9er ses propres textures, par exemple en s&rsquo;inspirant du logo de l&rsquo;entreprise.[\/vc_column_text][\/vc_column_inner][\/vc_row_inner]\n<div class=\"spacer spacer--large\" style=\"height:60px\"><\/div>\n<div class=\"spacer spacer--medium\" style=\"height:60px\"><\/div>\n<div class=\"spacer spacer--small\" style=\"height:60px\"><\/div>\n[\/vc_column][\/vc_row][vc_row][vc_column]<div class=\"ruch-blogteaser\"><div class=\"wysiwyg\"><\/div><\/div>[\/vc_column][\/vc_row][vc_row][vc_column]\n<div class=\"spacer spacer--large\" style=\"height:60px\"><\/div>\n<div class=\"spacer spacer--medium\" style=\"height:60px\"><\/div>\n<div class=\"spacer spacer--small\" style=\"height:60px\"><\/div>\n[\/vc_column][\/vc_row][vc_row][vc_column]          <div class=\"teaser-container teaser-container--two-colum\">\n\n        \n    <div class=\"ruch-teaser-card bg--gray  wpb_animate_when_almost_visible wpb_fadeInLeft fadeInLeft\">\n        <div class=\"teaser-card-content\">\n          <h3>Assembler des composants<\/h3>\n<p>Avec NOVAplex<sup>\u00ae<\/sup>, nous \u00e9tablissons de nouvelles normes en mati\u00e8re d&rsquo;assemblage : ce proc\u00e9d\u00e9 permet d&rsquo;ins\u00e9rer rapidement et facilement des composants dans des pi\u00e8ces moul\u00e9es, sans avoir recours \u00e0 un vissage compliqu\u00e9. D\u00e9couvrez comment notre philosophie de conception innovante rend le processus d&rsquo;assemblage beaucoup plus efficace.<\/p>\n        <\/div>\n                <div class=\"teaser-card-button\">\n          <a href=\"https:\/\/www.ruch.de\/fr\/innovations\/assembler-des-composants\/\" title=\"Innovation dans le domaine de l'assemblage de composants\" target=\"_self\" class=\"a--jump\">\n              Innovation dans le domaine de l'assemblage de composants          <\/a>\n        <\/div>\n            <\/div>\n\n  \n    <div class=\"ruch-teaser-card bg--yellow  wpb_animate_when_almost_visible wpb_fadeInRight fadeInRight\">\n        <div class=\"teaser-card-content\">\n          <h3>Isoler des appareils<\/h3>\n<p>Avec NOVAetherm<sup>\u00ae<\/sup>, nous changeons radicalement la technique de chauffage : Notre solution innovante combine l&rsquo;isolation thermique et la fonction de chauffage en une seule pi\u00e8ce moul\u00e9e. D\u00e9couvrez comment cette technologie parvient \u00e0 am\u00e9liorer consid\u00e9rablement l&rsquo;efficacit\u00e9 des syst\u00e8mes de chauffage.<\/p>\n        <\/div>\n                <div class=\"teaser-card-button\">\n          <a href=\"https:\/\/www.ruch.de\/fr\/innovations\/isoler-des-appareils\/\" title=\"Innovation dans le domaine de l'isolation des appareils\" target=\"_self\" class=\"a--jump\">\n              Innovation dans le domaine de l'isolation des appareils          <\/a>\n        <\/div>\n            <\/div>\n\n  \n    <div class=\"ruch-teaser-card bg--yellow  wpb_animate_when_almost_visible wpb_fadeInLeft fadeInLeft\">\n        <div class=\"teaser-card-content\">\n          <h3>Fixer des \u00e9l\u00e9ments<\/h3>\n<p>Avec NOVAfeed&amp;fix<sup>\u00ae<\/sup> et NOVAson<sup>\u00ae<\/sup>, nous proposons deux solutions innovantes pour la fixation d&rsquo;\u00e9l\u00e9ments dans des pi\u00e8ces en plastique. D\u00e9couvrez comment nos deux technologies int\u00e8grent des fixations pr\u00e9cises et flexibles dans les syst\u00e8mes de bo\u00eetiers de deux mani\u00e8res diff\u00e9rentes.<\/p>\n        <\/div>\n                <div class=\"teaser-card-button\">\n          <a href=\"https:\/\/www.ruch.de\/fr\/innovations\/fixer-des-elements\/\" title=\"Innovations dans le domaine de la fixation des \u00e9l\u00e9ments\" target=\"_self\" class=\"a--jump\">\n              Innovations dans le domaine de la fixation des \u00e9l\u00e9ments          <\/a>\n        <\/div>\n            <\/div>\n\n  \n    <div class=\"ruch-teaser-card bg--gray  wpb_animate_when_almost_visible wpb_fadeInRight fadeInRight\">\n        <div class=\"teaser-card-content\">\n          <h3>Connecter des pi\u00e8ces moul\u00e9es<\/h3>\n<p>Avec NOVAweld<sup>\u00ae<\/sup>, nous avons d\u00e9velopp\u00e9 une technologie innovante pour l&rsquo;assemblage par liaison de mati\u00e8re de pi\u00e8ces moul\u00e9es en mousse de particules. D\u00e9couvrez comment ce proc\u00e9d\u00e9 permet d&rsquo;assembler efficacement plusieurs pi\u00e8ces complexes sans alt\u00e9rer leurs propri\u00e9t\u00e9s uniques.<\/p>\n        <\/div>\n                <div class=\"teaser-card-button\">\n          <a href=\"https:\/\/www.ruch.de\/fr\/innovations\/connecter-des-pieces-moulees\/\" title=\"Connecter l'innovation dans le domaine des pi\u00e8ces moul\u00e9es\" target=\"_self\" class=\"a--jump\">\n              Connecter l'innovation dans le domaine des pi\u00e8ces moul\u00e9es          <\/a>\n        <\/div>\n            <\/div>\n      <\/div>\n    [\/vc_column][\/vc_row][vc_row][vc_column]\n<div class=\"spacer spacer--large\" style=\"height:60px\"><\/div>\n<div class=\"spacer spacer--medium\" style=\"height:60px\"><\/div>\n<div class=\"spacer spacer--small\" style=\"height:60px\"><\/div>\n[\/vc_column][\/vc_row]<\/p>\n<\/div>","protected":false},"excerpt":{"rendered":"<p>[vc_row][vc_column][vc_row_inner][vc_column_inner][vc_column_text css=\u00a0\u00bb\u00a0\u00bb] Traiter des surface : polyvalence et esth\u00e9tique [\/vc_column_text][\/vc_column_inner][\/vc_row_inner][vc_row_inner][vc_column_inner width=\u00a0\u00bb1\/2&Prime;][vc_column_text css=\u00a0\u00bb\u00a0\u00bb]RUCH NOVAPLAST sait comment traiter des surfaces en mettant en \u0153uvre diff\u00e9rentes variantes selon les<span class=\"excerpt-hellip\"> [\u2026]<\/span><\/p>\n","protected":false},"author":1,"featured_media":-1,"parent":2572,"menu_order":0,"comment_status":"closed","ping_status":"closed","template":"","meta":{"_acf_changed":false,"footnotes":""},"class_list":["post-2637","page","type-page","status-publish","has-post-thumbnail","hentry"],"acf":[],"yoast_head":"<!-- This site is optimized with the Yoast SEO plugin v27.3 - https:\/\/yoast.com\/product\/yoast-seo-wordpress\/ -->\n<title>Traiter des surfaces | RUCH NOVAPLAST GmbH<\/title>\n<meta name=\"description\" content=\"D\u00e9couvrez les nombreuses possibilit\u00e9s pour traiter efficacement les surfaces, selon l\u2019application choisie.\" \/>\n<meta name=\"robots\" content=\"index, follow, max-snippet:-1, max-image-preview:large, max-video-preview:-1\" \/>\n<link rel=\"canonical\" href=\"https:\/\/www.ruch.de\/fr\/innovations\/traiter-des-surfaces\/\" \/>\n<meta property=\"og:locale\" content=\"fr_FR\" \/>\n<meta property=\"og:type\" content=\"article\" \/>\n<meta property=\"og:title\" content=\"Traiter des surfaces | RUCH NOVAPLAST GmbH\" \/>\n<meta property=\"og:description\" content=\"D\u00e9couvrez les nombreuses possibilit\u00e9s pour traiter efficacement les surfaces, selon l\u2019application choisie.\" \/>\n<meta property=\"og:url\" content=\"https:\/\/www.ruch.de\/fr\/innovations\/traiter-des-surfaces\/\" \/>\n<meta property=\"og:site_name\" content=\"RUCH NOVAPLAST\" \/>\n<meta property=\"article:publisher\" content=\"https:\/\/www.facebook.com\/ruchnovaplast\" \/>\n<meta property=\"article:modified_time\" content=\"2026-02-02T10:26:23+00:00\" \/>\n<meta name=\"twitter:card\" content=\"summary_large_image\" \/>\n<meta name=\"twitter:label1\" content=\"Dur\u00e9e de lecture estim\u00e9e\" \/>\n\t<meta name=\"twitter:data1\" content=\"5 minutes\" \/>\n<script type=\"application\/ld+json\" class=\"yoast-schema-graph\">{\"@context\":\"https:\\\/\\\/schema.org\",\"@graph\":[{\"@type\":\"WebPage\",\"@id\":\"https:\\\/\\\/www.ruch.de\\\/fr\\\/innovations\\\/traiter-des-surfaces\\\/\",\"url\":\"https:\\\/\\\/www.ruch.de\\\/fr\\\/innovations\\\/traiter-des-surfaces\\\/\",\"name\":\"Traiter des surfaces | RUCH NOVAPLAST GmbH\",\"isPartOf\":{\"@id\":\"https:\\\/\\\/www.ruch.de\\\/fr\\\/#website\"},\"datePublished\":\"2024-11-13T14:19:13+00:00\",\"dateModified\":\"2026-02-02T10:26:23+00:00\",\"description\":\"D\u00e9couvrez les nombreuses possibilit\u00e9s pour traiter efficacement les surfaces, selon l\u2019application choisie.\",\"breadcrumb\":{\"@id\":\"https:\\\/\\\/www.ruch.de\\\/fr\\\/innovations\\\/traiter-des-surfaces\\\/#breadcrumb\"},\"inLanguage\":\"fr-FR\",\"potentialAction\":[{\"@type\":\"ReadAction\",\"target\":[\"https:\\\/\\\/www.ruch.de\\\/fr\\\/innovations\\\/traiter-des-surfaces\\\/\"]}]},{\"@type\":\"BreadcrumbList\",\"@id\":\"https:\\\/\\\/www.ruch.de\\\/fr\\\/innovations\\\/traiter-des-surfaces\\\/#breadcrumb\",\"itemListElement\":[{\"@type\":\"ListItem\",\"position\":1,\"name\":\"Home\",\"item\":\"https:\\\/\\\/www.ruch.de\\\/fr\\\/\"},{\"@type\":\"ListItem\",\"position\":2,\"name\":\"Innovations\",\"item\":\"https:\\\/\\\/www.ruch.de\\\/fr\\\/innovations\\\/\"},{\"@type\":\"ListItem\",\"position\":3,\"name\":\"Traiter des surfaces\"}]},{\"@type\":\"WebSite\",\"@id\":\"https:\\\/\\\/www.ruch.de\\\/fr\\\/#website\",\"url\":\"https:\\\/\\\/www.ruch.de\\\/fr\\\/\",\"name\":\"www.ruch.de\",\"description\":\"\",\"publisher\":{\"@id\":\"https:\\\/\\\/www.ruch.de\\\/fr\\\/#organization\"},\"potentialAction\":[{\"@type\":\"SearchAction\",\"target\":{\"@type\":\"EntryPoint\",\"urlTemplate\":\"https:\\\/\\\/www.ruch.de\\\/fr\\\/?s={search_term_string}\"},\"query-input\":{\"@type\":\"PropertyValueSpecification\",\"valueRequired\":true,\"valueName\":\"search_term_string\"}}],\"inLanguage\":\"fr-FR\"},{\"@type\":\"Organization\",\"@id\":\"https:\\\/\\\/www.ruch.de\\\/fr\\\/#organization\",\"name\":\"RUCH NOVAPLAST GmbH\",\"url\":\"https:\\\/\\\/www.ruch.de\\\/fr\\\/\",\"logo\":{\"@type\":\"ImageObject\",\"inLanguage\":\"fr-FR\",\"@id\":\"https:\\\/\\\/www.ruch.de\\\/fr\\\/#\\\/schema\\\/logo\\\/image\\\/\",\"url\":\"https:\\\/\\\/www.ruch.de\\\/wp-content\\\/uploads\\\/2024\\\/11\\\/ruch-novaplast-logo-black.svg\",\"contentUrl\":\"https:\\\/\\\/www.ruch.de\\\/wp-content\\\/uploads\\\/2024\\\/11\\\/ruch-novaplast-logo-black.svg\",\"width\":1802,\"height\":338,\"caption\":\"RUCH NOVAPLAST GmbH\"},\"image\":{\"@id\":\"https:\\\/\\\/www.ruch.de\\\/fr\\\/#\\\/schema\\\/logo\\\/image\\\/\"},\"sameAs\":[\"https:\\\/\\\/www.facebook.com\\\/ruchnovaplast\",\"https:\\\/\\\/www.instagram.com\\\/ruchnovaplast\\\/\",\"https:\\\/\\\/www.linkedin.com\\\/company\\\/ruch-novaplast-gmbh\"]}]}<\/script>\n<!-- \/ Yoast SEO plugin. -->","yoast_head_json":{"title":"Traiter des surfaces | RUCH NOVAPLAST GmbH","description":"D\u00e9couvrez les nombreuses possibilit\u00e9s pour traiter efficacement les surfaces, selon l\u2019application choisie.","robots":{"index":"index","follow":"follow","max-snippet":"max-snippet:-1","max-image-preview":"max-image-preview:large","max-video-preview":"max-video-preview:-1"},"canonical":"https:\/\/www.ruch.de\/fr\/innovations\/traiter-des-surfaces\/","og_locale":"fr_FR","og_type":"article","og_title":"Traiter des surfaces | RUCH NOVAPLAST GmbH","og_description":"D\u00e9couvrez les nombreuses possibilit\u00e9s pour traiter efficacement les surfaces, selon l\u2019application choisie.","og_url":"https:\/\/www.ruch.de\/fr\/innovations\/traiter-des-surfaces\/","og_site_name":"RUCH NOVAPLAST","article_publisher":"https:\/\/www.facebook.com\/ruchnovaplast","article_modified_time":"2026-02-02T10:26:23+00:00","twitter_card":"summary_large_image","twitter_misc":{"Dur\u00e9e de lecture estim\u00e9e":"5 minutes"},"schema":{"@context":"https:\/\/schema.org","@graph":[{"@type":"WebPage","@id":"https:\/\/www.ruch.de\/fr\/innovations\/traiter-des-surfaces\/","url":"https:\/\/www.ruch.de\/fr\/innovations\/traiter-des-surfaces\/","name":"Traiter des surfaces | RUCH NOVAPLAST GmbH","isPartOf":{"@id":"https:\/\/www.ruch.de\/fr\/#website"},"datePublished":"2024-11-13T14:19:13+00:00","dateModified":"2026-02-02T10:26:23+00:00","description":"D\u00e9couvrez les nombreuses possibilit\u00e9s pour traiter efficacement les surfaces, selon l\u2019application choisie.","breadcrumb":{"@id":"https:\/\/www.ruch.de\/fr\/innovations\/traiter-des-surfaces\/#breadcrumb"},"inLanguage":"fr-FR","potentialAction":[{"@type":"ReadAction","target":["https:\/\/www.ruch.de\/fr\/innovations\/traiter-des-surfaces\/"]}]},{"@type":"BreadcrumbList","@id":"https:\/\/www.ruch.de\/fr\/innovations\/traiter-des-surfaces\/#breadcrumb","itemListElement":[{"@type":"ListItem","position":1,"name":"Home","item":"https:\/\/www.ruch.de\/fr\/"},{"@type":"ListItem","position":2,"name":"Innovations","item":"https:\/\/www.ruch.de\/fr\/innovations\/"},{"@type":"ListItem","position":3,"name":"Traiter des surfaces"}]},{"@type":"WebSite","@id":"https:\/\/www.ruch.de\/fr\/#website","url":"https:\/\/www.ruch.de\/fr\/","name":"www.ruch.de","description":"","publisher":{"@id":"https:\/\/www.ruch.de\/fr\/#organization"},"potentialAction":[{"@type":"SearchAction","target":{"@type":"EntryPoint","urlTemplate":"https:\/\/www.ruch.de\/fr\/?s={search_term_string}"},"query-input":{"@type":"PropertyValueSpecification","valueRequired":true,"valueName":"search_term_string"}}],"inLanguage":"fr-FR"},{"@type":"Organization","@id":"https:\/\/www.ruch.de\/fr\/#organization","name":"RUCH NOVAPLAST GmbH","url":"https:\/\/www.ruch.de\/fr\/","logo":{"@type":"ImageObject","inLanguage":"fr-FR","@id":"https:\/\/www.ruch.de\/fr\/#\/schema\/logo\/image\/","url":"https:\/\/www.ruch.de\/wp-content\/uploads\/2024\/11\/ruch-novaplast-logo-black.svg","contentUrl":"https:\/\/www.ruch.de\/wp-content\/uploads\/2024\/11\/ruch-novaplast-logo-black.svg","width":1802,"height":338,"caption":"RUCH NOVAPLAST GmbH"},"image":{"@id":"https:\/\/www.ruch.de\/fr\/#\/schema\/logo\/image\/"},"sameAs":["https:\/\/www.facebook.com\/ruchnovaplast","https:\/\/www.instagram.com\/ruchnovaplast\/","https:\/\/www.linkedin.com\/company\/ruch-novaplast-gmbh"]}]}},"_links":{"self":[{"href":"https:\/\/www.ruch.de\/fr\/wp-json\/wp\/v2\/pages\/2637","targetHints":{"allow":["GET"]}}],"collection":[{"href":"https:\/\/www.ruch.de\/fr\/wp-json\/wp\/v2\/pages"}],"about":[{"href":"https:\/\/www.ruch.de\/fr\/wp-json\/wp\/v2\/types\/page"}],"author":[{"embeddable":true,"href":"https:\/\/www.ruch.de\/fr\/wp-json\/wp\/v2\/users\/1"}],"replies":[{"embeddable":true,"href":"https:\/\/www.ruch.de\/fr\/wp-json\/wp\/v2\/comments?post=2637"}],"version-history":[{"count":1,"href":"https:\/\/www.ruch.de\/fr\/wp-json\/wp\/v2\/pages\/2637\/revisions"}],"predecessor-version":[{"id":7702,"href":"https:\/\/www.ruch.de\/fr\/wp-json\/wp\/v2\/pages\/2637\/revisions\/7702"}],"up":[{"embeddable":true,"href":"https:\/\/www.ruch.de\/fr\/wp-json\/wp\/v2\/pages\/2572"}],"wp:featuredmedia":[{"embeddable":true,"href":"https:\/\/www.ruch.de\/fr\/wp-json\/"}],"wp:attachment":[{"href":"https:\/\/www.ruch.de\/fr\/wp-json\/wp\/v2\/media?parent=2637"}],"curies":[{"name":"wp","href":"https:\/\/api.w.org\/{rel}","templated":true}]}}