{"id":2633,"date":"2024-11-13T15:16:02","date_gmt":"2024-11-13T14:16:02","guid":{"rendered":"https:\/\/www.ruch.de\/innovations\/isoler-les-appareils\/novaetherm\/"},"modified":"2025-08-07T13:30:27","modified_gmt":"2025-08-07T11:30:27","slug":"novaetherm","status":"publish","type":"page","link":"https:\/\/www.ruch.de\/fr\/innovations\/isoler-des-appareils\/novaetherm\/","title":{"rendered":"NOVAetherm\u00ae"},"content":{"rendered":"<div class=\"wpb-content-wrapper\"><p>[vc_row][vc_column]\n<div class=\"spacer spacer--large\" style=\"height:100px\"><\/div>\n<div class=\"spacer spacer--medium\" style=\"height:60px\"><\/div>\n<div class=\"spacer spacer--small\" style=\"height:60px\"><\/div>\n[vc_row_inner][vc_column_inner][vc_column_text css=\u00a0\u00bb\u00a0\u00bb]<\/p>\n<h1>NOVAetherm<sup>\u00ae<\/sup>: notre innovation pour l&rsquo;isolation et le chauffage<\/h1>\n<p>[\/vc_column_text][\/vc_column_inner][\/vc_row_inner][vc_row_inner][vc_column_inner width=\u00a0\u00bb1\/2&Prime;][vc_column_text css=\u00a0\u00bb\u00a0\u00bb]Avec NOVAetherm<sup>\u00ae<\/sup>, RUCH NOVAPLAST a d\u00e9velopp\u00e9 une solution r\u00e9volutionnaire dans le domaine des techniques de chauffage innovantes, qui combine les meilleures propri\u00e9t\u00e9s des mat\u00e9riaux d&rsquo;isolation thermique avec un chauffage \u00e9lectrique de surface tr\u00e8s efficace. Ce proc\u00e9d\u00e9 combine de mani\u00e8re \u00e9l\u00e9gante des pi\u00e8ces moul\u00e9es pour l&rsquo;isolation et des pi\u00e8ces moul\u00e9es pour le chauffage afin de cr\u00e9er une solution de chauffage performante qui isole et chauffe \u00e0 la fois.[\/vc_column_text][\/vc_column_inner][vc_column_inner width=\u00a0\u00bb1\/2&Prime;][vc_column_text css=\u00a0\u00bb\u00a0\u00bb]Cette technologie est id\u00e9ale pour les syst\u00e8mes de chauffage innovants dans diverses applications. La combinaison d&rsquo;une excellente isolation et d&rsquo;une diffusion uniforme de la chaleur permet non seulement d&rsquo;obtenir une temp\u00e9rature ambiante agr\u00e9able, mais aussi une efficacit\u00e9 \u00e9nerg\u00e9tique \u00e9lev\u00e9e et une r\u00e9duction des co\u00fbts de chauffage.[\/vc_column_text][\/vc_column_inner][\/vc_row_inner]\n<div class=\"spacer spacer--large\" style=\"height:60px\"><\/div>\n<div class=\"spacer spacer--medium\" style=\"height:40px\"><\/div>\n<div class=\"spacer spacer--small\" style=\"height:30px\"><\/div>\n[vc_row_inner][vc_column_inner width=\u00a0\u00bb1\/3&Prime;][vc_single_image image=\u00a0\u00bb2743&Prime; img_size=\u00a0\u00bbfull\u00a0\u00bb css=\u00a0\u00bb\u00a0\u00bb][\/vc_column_inner][vc_column_inner width=\u00a0\u00bb2\/3&Prime;][\/vc_column_inner][\/vc_row_inner]\n<div class=\"spacer spacer--large\" style=\"height:100px\"><\/div>\n<div class=\"spacer spacer--medium\" style=\"height:60px\"><\/div>\n<div class=\"spacer spacer--small\" style=\"height:60px\"><\/div>\n[\/vc_column][\/vc_row][vc_row full_width=\u00a0\u00bbstretch_row\u00a0\u00bb el_class=\u00a0\u00bbbg-yellow-bubbles-top-left\u00a0\u00bb][vc_column]\n<div class=\"spacer spacer--large\" style=\"height:60px\"><\/div>\n<div class=\"spacer spacer--medium\" style=\"height:60px\"><\/div>\n<div class=\"spacer spacer--small\" style=\"height:60px\"><\/div>\n[vc_row_inner][vc_column_inner width=\u00a0\u00bb1\/2&Prime;][vc_column_text css=\u00a0\u00bb\u00a0\u00bb]<\/p>\n<h2><span class=\"black--stroke\">Possibilit\u00e9s techniques et applications de NOVAetherm<sup>\u00ae<\/sup>.<\/span><\/h2>\n<p>[\/vc_column_text][\/vc_column_inner][vc_column_inner width=\u00a0\u00bb1\/2&Prime;][\/vc_column_inner][\/vc_row_inner][vc_row_inner][vc_column_inner width=\u00a0\u00bb1\/2&Prime;][vc_column_text css=\u00a0\u00bb\u00a0\u00bb]NOVAetherm<sup>\u00ae<\/sup> utilise la combinaison d&rsquo;un mat\u00e9riau d&rsquo;isolation thermique tel que l&rsquo;EPP et d&rsquo;une couche mince de peinture ou de film chauffante \u00e9lectriquement, directement connect\u00e9e \u00e0 une alimentation \u00e9lectrique. Avec une puissance thermique sp\u00e9cifique pouvant atteindre 1 W\/cm\u00b2, cette technologie assure un contr\u00f4le efficace de la temp\u00e9rature avec une consommation d&rsquo;\u00e9nergie minimale. Le rev\u00eatement, d&rsquo;une \u00e9paisseur comprise entre 50 et 200 \u00b5m, est aliment\u00e9 par une tr\u00e8s basse tension de protection (jusqu&rsquo;\u00e0 24V AC ou 48V DC), ce qui rend son utilisation particuli\u00e8rement s\u00fbre et \u00e9conomique.<\/p>\n<p>Un avantage d\u00e9cisif de NOVAetherm<sup>\u00ae<\/sup> est qu&rsquo;il peut \u00eatre aliment\u00e9 directement \u00e0 partir d&rsquo;accumulateurs ou de modules photovolta\u00efques, sans qu&rsquo;un onduleur soit n\u00e9cessaire. Cela ouvre de nombreuses possibilit\u00e9s d&rsquo;utilisation, en particulier dans les domaines o\u00f9 une solution flexible et autonome en \u00e9nergie est n\u00e9cessaire. La large plage de temp\u00e9ratures de -20 \u00b0C \u00e0 100 \u00b0C rend NOVAetherm<sup>\u00ae<\/sup> particuli\u00e8rement robuste et polyvalent.[\/vc_column_text][\/vc_column_inner][vc_column_inner width=\u00a0\u00bb1\/2&Prime;][vc_column_text css=\u00a0\u00bb\u00a0\u00bb]Dans le domaine de la ventilation r\u00e9sidentielle, NOVAetherm<sup>\u00ae<\/sup> permet de rev\u00eatir les tuyauteries d&rsquo;alimentation en air et les surfaces int\u00e9rieures des unit\u00e9s de ventilation comme chauffage d&rsquo;appoint. Il permet \u00e9galement de chauffer le bac \u00e0 condensats des unit\u00e9s de ventilation r\u00e9sidentielle pour les prot\u00e9ger contre le givrage. En outre, NOVAetherm<sup>\u00ae<\/sup> est parfaitement adapt\u00e9 aux fonctions de r\u00e9gulation de la temp\u00e9rature, comme dans les applications ext\u00e9rieures de protection contre le gel ou dans le pr\u00e9chauffage de gaz et de liquides dans les ensembles de processus qui exigent des niveaux \u00e9lev\u00e9s d&rsquo;isolation, d&rsquo;efficacit\u00e9 et de r\u00e9sistance aux solvants &#8211; \u00e0 des temp\u00e9ratures allant jusqu&rsquo;\u00e0 100\u00b0C.[\/vc_column_text][\/vc_column_inner][\/vc_row_inner]\n<div class=\"spacer spacer--large\" style=\"height:60px\"><\/div>\n<div class=\"spacer spacer--medium\" style=\"height:60px\"><\/div>\n<div class=\"spacer spacer--small\" style=\"height:60px\"><\/div>\n[\/vc_column][\/vc_row][vc_row][vc_column]\n<div class=\"spacer spacer--large\" style=\"height:100px\"><\/div>\n<div class=\"spacer spacer--medium\" style=\"height:75px\"><\/div>\n<div class=\"spacer spacer--small\" style=\"height:50px\"><\/div>\n[\/vc_column][\/vc_row][vc_row][vc_column][vc_column_text css=\u00a0\u00bb\u00a0\u00bb]<\/p>\n<h2>Avantages de <sup>NOVAetherm<\/sup><\/h2>\n<p>[\/vc_column_text][\/vc_column][\/vc_row][vc_row][vc_column width=\u00a0\u00bb1\/2&Prime;][vc_column_text css=\u00a0\u00bb\u00a0\u00bb]<\/p>\n<ul>\n<li>Pi\u00e8ces moul\u00e9es sur mesure pour l&rsquo;isolation ou le chauffage de corps de n&rsquo;importe quelle forme<\/li>\n<li>Syst\u00e8mes de construction l\u00e9g\u00e8re \u00e0 haut rendement dans les domaines du chauffage \/ de la climatisation \/ de la ventilation et conception d&rsquo;appareils avec chauffage actif<\/li>\n<li>Combinaison des propri\u00e9t\u00e9s positives d&rsquo;une isolation thermique avec celles d&rsquo;un chauffage \u00e9lectrique de surface \u00e0 haut rendement<\/li>\n<\/ul>\n<p>[\/vc_column_text][\/vc_column][vc_column width=\u00a0\u00bb1\/2&Prime;][vc_column_text css=\u00a0\u00bb\u00a0\u00bb]<\/p>\n<ul>\n<li>Une faible tension d&rsquo;alimentation g\u00e9n\u00e8re un flux d&rsquo;air chaud \u00e9lev\u00e9<\/li>\n<li>Possibilit\u00e9 de couplage direct avec des syst\u00e8mes PV<\/li>\n<li>Plage de temp\u00e9ratures d&rsquo;utilisation de -18 \u00b0C \u00e0 +100 \u00b0C<\/li>\n<\/ul>\n<p>[\/vc_column_text][\/vc_column][\/vc_row][vc_row][vc_column]\n<div class=\"spacer spacer--large\" style=\"height:100px\"><\/div>\n<div class=\"spacer spacer--medium\" style=\"height:75px\"><\/div>\n<div class=\"spacer spacer--small\" style=\"height:50px\"><\/div>\n[\/vc_column][\/vc_row][vc_row][vc_column][vc_single_image image=\u00a0\u00bb2634&Prime; img_size=\u00a0\u00bbfull\u00a0\u00bb alignment=\u00a0\u00bbcenter\u00a0\u00bb css=\u00a0\u00bb\u00a0\u00bb][\/vc_column][\/vc_row][vc_row][vc_column]\n<div class=\"spacer spacer--large\" style=\"height:100px\"><\/div>\n<div class=\"spacer spacer--medium\" style=\"height:75px\"><\/div>\n<div class=\"spacer spacer--small\" style=\"height:50px\"><\/div>\n[\/vc_column][\/vc_row][vc_row][vc_column]          <div class=\"teaser-container teaser-container--two-colum\">\n\n        \n    <div class=\"ruch-teaser-card bg--gray  wpb_animate_when_almost_visible wpb_fadeInLeft fadeInLeft\">\n        <div class=\"teaser-card-content\">\n          <h3>Applications<\/h3>\n<p>Nous d\u00e9veloppons et produisons des pi\u00e8ces moul\u00e9es isolantes, des ensembles complets et des syst\u00e8mes de bo\u00eetiers complexes en mousse de particules pour un grand nombre de secteurs &#8211; et ce depuis des d\u00e9cennies. Nos produits sont notamment utilis\u00e9s dans les domaines de la domotique et de la technique du b\u00e2timent et de la technique m\u00e9dicale et d&rsquo;analyse, ainsi que dans les domaines de la protection de la t\u00eate et du corps et de la mobilit\u00e9.<\/p>\n        <\/div>\n                <div class=\"teaser-card-button\">\n          <a href=\"https:\/\/www.ruch.de\/fr\/applications\/\" title=\"Vers les applications\" target=\"_self\" class=\"a--jump\">\n              Vers les applications          <\/a>\n        <\/div>\n            <\/div>\n\n  \n    <div class=\"ruch-teaser-card bg--blue  wpb_animate_when_almost_visible wpb_fadeInRight fadeInRight\">\n        <div class=\"teaser-card-content\">\n          <h3>Expertise<\/h3>\n<p>Depuis plus de 140 ans, RUCH NOVAPLAST allie comp\u00e9tence produit, connaissance des mat\u00e9riaux et savoir-faire en mati\u00e8re de fabrication et de processus pour cr\u00e9er pour vous des solutions innovantes en mousse de particules. Pour en savoir plus sur nos points forts, cliquez ici.<\/p>\n        <\/div>\n                <div class=\"teaser-card-button\">\n          <a href=\"https:\/\/www.ruch.de\/fr\/expertises\/\" title=\"Vers les expertises\" target=\"_self\" class=\"a--jump\">\n              Vers les expertises          <\/a>\n        <\/div>\n            <\/div>\n      <\/div>\n    [\/vc_column][\/vc_row][vc_row][vc_column]\n<div class=\"spacer spacer--large\" style=\"height:60px\"><\/div>\n<div class=\"spacer spacer--medium\" style=\"height:60px\"><\/div>\n<div class=\"spacer spacer--small\" style=\"height:60px\"><\/div>\n[\/vc_column][\/vc_row]<\/p>\n<\/div>","protected":false},"excerpt":{"rendered":"<p>[vc_row][vc_column][vc_row_inner][vc_column_inner][vc_column_text css=\u00a0\u00bb\u00a0\u00bb] NOVAetherm\u00ae: notre innovation pour l&rsquo;isolation et le chauffage [\/vc_column_text][\/vc_column_inner][\/vc_row_inner][vc_row_inner][vc_column_inner width=\u00a0\u00bb1\/2&Prime;][vc_column_text css=\u00a0\u00bb\u00a0\u00bb]Avec NOVAetherm\u00ae, RUCH NOVAPLAST a d\u00e9velopp\u00e9 une solution r\u00e9volutionnaire dans le domaine des techniques<span class=\"excerpt-hellip\"> [\u2026]<\/span><\/p>\n","protected":false},"author":1,"featured_media":-1,"parent":2628,"menu_order":0,"comment_status":"closed","ping_status":"closed","template":"","meta":{"_acf_changed":false,"footnotes":""},"class_list":["post-2633","page","type-page","status-publish","has-post-thumbnail","hentry"],"acf":[],"yoast_head":"<!-- This site is optimized with the Yoast SEO plugin v27.3 - https:\/\/yoast.com\/product\/yoast-seo-wordpress\/ -->\n<title>NOVAetherm\u00ae | RUCH NOVAPLAST GmbH<\/title>\n<meta name=\"description\" content=\"Avec NOVAetherm\u00ae, nous cr\u00e9ons des solutions de chauffage performantes qui isolent et chauffent \u00e0 la fois. Obtenez tous les d\u00e9tails importants.\" \/>\n<meta name=\"robots\" content=\"index, follow, max-snippet:-1, max-image-preview:large, max-video-preview:-1\" \/>\n<link rel=\"canonical\" href=\"https:\/\/www.ruch.de\/fr\/innovations\/isoler-des-appareils\/novaetherm\/\" \/>\n<meta property=\"og:locale\" content=\"fr_FR\" \/>\n<meta property=\"og:type\" content=\"article\" \/>\n<meta property=\"og:title\" content=\"NOVAetherm\u00ae | RUCH NOVAPLAST GmbH\" \/>\n<meta property=\"og:description\" content=\"Avec NOVAetherm\u00ae, nous cr\u00e9ons des solutions de chauffage performantes qui isolent et chauffent \u00e0 la fois. Obtenez tous les d\u00e9tails importants.\" \/>\n<meta property=\"og:url\" content=\"https:\/\/www.ruch.de\/fr\/innovations\/isoler-des-appareils\/novaetherm\/\" \/>\n<meta property=\"og:site_name\" content=\"RUCH NOVAPLAST\" \/>\n<meta property=\"article:publisher\" content=\"https:\/\/www.facebook.com\/ruchnovaplast\" \/>\n<meta property=\"article:modified_time\" content=\"2025-08-07T11:30:27+00:00\" \/>\n<meta name=\"twitter:card\" content=\"summary_large_image\" \/>\n<meta name=\"twitter:label1\" content=\"Dur\u00e9e de lecture estim\u00e9e\" \/>\n\t<meta name=\"twitter:data1\" content=\"5 minutes\" \/>\n<script type=\"application\/ld+json\" class=\"yoast-schema-graph\">{\"@context\":\"https:\\\/\\\/schema.org\",\"@graph\":[{\"@type\":\"WebPage\",\"@id\":\"https:\\\/\\\/www.ruch.de\\\/fr\\\/innovations\\\/isoler-des-appareils\\\/novaetherm\\\/\",\"url\":\"https:\\\/\\\/www.ruch.de\\\/fr\\\/innovations\\\/isoler-des-appareils\\\/novaetherm\\\/\",\"name\":\"NOVAetherm\u00ae | RUCH NOVAPLAST GmbH\",\"isPartOf\":{\"@id\":\"https:\\\/\\\/www.ruch.de\\\/fr\\\/#website\"},\"datePublished\":\"2024-11-13T14:16:02+00:00\",\"dateModified\":\"2025-08-07T11:30:27+00:00\",\"description\":\"Avec NOVAetherm\u00ae, nous cr\u00e9ons des solutions de chauffage performantes qui isolent et chauffent \u00e0 la fois. Obtenez tous les d\u00e9tails importants.\",\"breadcrumb\":{\"@id\":\"https:\\\/\\\/www.ruch.de\\\/fr\\\/innovations\\\/isoler-des-appareils\\\/novaetherm\\\/#breadcrumb\"},\"inLanguage\":\"fr-FR\",\"potentialAction\":[{\"@type\":\"ReadAction\",\"target\":[\"https:\\\/\\\/www.ruch.de\\\/fr\\\/innovations\\\/isoler-des-appareils\\\/novaetherm\\\/\"]}]},{\"@type\":\"BreadcrumbList\",\"@id\":\"https:\\\/\\\/www.ruch.de\\\/fr\\\/innovations\\\/isoler-des-appareils\\\/novaetherm\\\/#breadcrumb\",\"itemListElement\":[{\"@type\":\"ListItem\",\"position\":1,\"name\":\"Home\",\"item\":\"https:\\\/\\\/www.ruch.de\\\/fr\\\/\"},{\"@type\":\"ListItem\",\"position\":2,\"name\":\"Innovations\",\"item\":\"https:\\\/\\\/www.ruch.de\\\/fr\\\/innovations\\\/\"},{\"@type\":\"ListItem\",\"position\":3,\"name\":\"Isoler des appareils\",\"item\":\"https:\\\/\\\/www.ruch.de\\\/fr\\\/innovations\\\/isoler-des-appareils\\\/\"},{\"@type\":\"ListItem\",\"position\":4,\"name\":\"NOVAetherm\u00ae\"}]},{\"@type\":\"WebSite\",\"@id\":\"https:\\\/\\\/www.ruch.de\\\/fr\\\/#website\",\"url\":\"https:\\\/\\\/www.ruch.de\\\/fr\\\/\",\"name\":\"www.ruch.de\",\"description\":\"\",\"publisher\":{\"@id\":\"https:\\\/\\\/www.ruch.de\\\/fr\\\/#organization\"},\"potentialAction\":[{\"@type\":\"SearchAction\",\"target\":{\"@type\":\"EntryPoint\",\"urlTemplate\":\"https:\\\/\\\/www.ruch.de\\\/fr\\\/?s={search_term_string}\"},\"query-input\":{\"@type\":\"PropertyValueSpecification\",\"valueRequired\":true,\"valueName\":\"search_term_string\"}}],\"inLanguage\":\"fr-FR\"},{\"@type\":\"Organization\",\"@id\":\"https:\\\/\\\/www.ruch.de\\\/fr\\\/#organization\",\"name\":\"RUCH NOVAPLAST GmbH\",\"url\":\"https:\\\/\\\/www.ruch.de\\\/fr\\\/\",\"logo\":{\"@type\":\"ImageObject\",\"inLanguage\":\"fr-FR\",\"@id\":\"https:\\\/\\\/www.ruch.de\\\/fr\\\/#\\\/schema\\\/logo\\\/image\\\/\",\"url\":\"https:\\\/\\\/www.ruch.de\\\/wp-content\\\/uploads\\\/2024\\\/11\\\/ruch-novaplast-logo-black.svg\",\"contentUrl\":\"https:\\\/\\\/www.ruch.de\\\/wp-content\\\/uploads\\\/2024\\\/11\\\/ruch-novaplast-logo-black.svg\",\"width\":1802,\"height\":338,\"caption\":\"RUCH NOVAPLAST GmbH\"},\"image\":{\"@id\":\"https:\\\/\\\/www.ruch.de\\\/fr\\\/#\\\/schema\\\/logo\\\/image\\\/\"},\"sameAs\":[\"https:\\\/\\\/www.facebook.com\\\/ruchnovaplast\",\"https:\\\/\\\/www.instagram.com\\\/ruchnovaplast\\\/\",\"https:\\\/\\\/www.linkedin.com\\\/company\\\/ruch-novaplast-gmbh\"]}]}<\/script>\n<!-- \/ Yoast SEO plugin. -->","yoast_head_json":{"title":"NOVAetherm\u00ae | RUCH NOVAPLAST GmbH","description":"Avec NOVAetherm\u00ae, nous cr\u00e9ons des solutions de chauffage performantes qui isolent et chauffent \u00e0 la fois. Obtenez tous les d\u00e9tails importants.","robots":{"index":"index","follow":"follow","max-snippet":"max-snippet:-1","max-image-preview":"max-image-preview:large","max-video-preview":"max-video-preview:-1"},"canonical":"https:\/\/www.ruch.de\/fr\/innovations\/isoler-des-appareils\/novaetherm\/","og_locale":"fr_FR","og_type":"article","og_title":"NOVAetherm\u00ae | RUCH NOVAPLAST GmbH","og_description":"Avec NOVAetherm\u00ae, nous cr\u00e9ons des solutions de chauffage performantes qui isolent et chauffent \u00e0 la fois. Obtenez tous les d\u00e9tails importants.","og_url":"https:\/\/www.ruch.de\/fr\/innovations\/isoler-des-appareils\/novaetherm\/","og_site_name":"RUCH NOVAPLAST","article_publisher":"https:\/\/www.facebook.com\/ruchnovaplast","article_modified_time":"2025-08-07T11:30:27+00:00","twitter_card":"summary_large_image","twitter_misc":{"Dur\u00e9e de lecture estim\u00e9e":"5 minutes"},"schema":{"@context":"https:\/\/schema.org","@graph":[{"@type":"WebPage","@id":"https:\/\/www.ruch.de\/fr\/innovations\/isoler-des-appareils\/novaetherm\/","url":"https:\/\/www.ruch.de\/fr\/innovations\/isoler-des-appareils\/novaetherm\/","name":"NOVAetherm\u00ae | RUCH NOVAPLAST GmbH","isPartOf":{"@id":"https:\/\/www.ruch.de\/fr\/#website"},"datePublished":"2024-11-13T14:16:02+00:00","dateModified":"2025-08-07T11:30:27+00:00","description":"Avec NOVAetherm\u00ae, nous cr\u00e9ons des solutions de chauffage performantes qui isolent et chauffent \u00e0 la fois. Obtenez tous les d\u00e9tails importants.","breadcrumb":{"@id":"https:\/\/www.ruch.de\/fr\/innovations\/isoler-des-appareils\/novaetherm\/#breadcrumb"},"inLanguage":"fr-FR","potentialAction":[{"@type":"ReadAction","target":["https:\/\/www.ruch.de\/fr\/innovations\/isoler-des-appareils\/novaetherm\/"]}]},{"@type":"BreadcrumbList","@id":"https:\/\/www.ruch.de\/fr\/innovations\/isoler-des-appareils\/novaetherm\/#breadcrumb","itemListElement":[{"@type":"ListItem","position":1,"name":"Home","item":"https:\/\/www.ruch.de\/fr\/"},{"@type":"ListItem","position":2,"name":"Innovations","item":"https:\/\/www.ruch.de\/fr\/innovations\/"},{"@type":"ListItem","position":3,"name":"Isoler des appareils","item":"https:\/\/www.ruch.de\/fr\/innovations\/isoler-des-appareils\/"},{"@type":"ListItem","position":4,"name":"NOVAetherm\u00ae"}]},{"@type":"WebSite","@id":"https:\/\/www.ruch.de\/fr\/#website","url":"https:\/\/www.ruch.de\/fr\/","name":"www.ruch.de","description":"","publisher":{"@id":"https:\/\/www.ruch.de\/fr\/#organization"},"potentialAction":[{"@type":"SearchAction","target":{"@type":"EntryPoint","urlTemplate":"https:\/\/www.ruch.de\/fr\/?s={search_term_string}"},"query-input":{"@type":"PropertyValueSpecification","valueRequired":true,"valueName":"search_term_string"}}],"inLanguage":"fr-FR"},{"@type":"Organization","@id":"https:\/\/www.ruch.de\/fr\/#organization","name":"RUCH NOVAPLAST GmbH","url":"https:\/\/www.ruch.de\/fr\/","logo":{"@type":"ImageObject","inLanguage":"fr-FR","@id":"https:\/\/www.ruch.de\/fr\/#\/schema\/logo\/image\/","url":"https:\/\/www.ruch.de\/wp-content\/uploads\/2024\/11\/ruch-novaplast-logo-black.svg","contentUrl":"https:\/\/www.ruch.de\/wp-content\/uploads\/2024\/11\/ruch-novaplast-logo-black.svg","width":1802,"height":338,"caption":"RUCH NOVAPLAST GmbH"},"image":{"@id":"https:\/\/www.ruch.de\/fr\/#\/schema\/logo\/image\/"},"sameAs":["https:\/\/www.facebook.com\/ruchnovaplast","https:\/\/www.instagram.com\/ruchnovaplast\/","https:\/\/www.linkedin.com\/company\/ruch-novaplast-gmbh"]}]}},"_links":{"self":[{"href":"https:\/\/www.ruch.de\/fr\/wp-json\/wp\/v2\/pages\/2633","targetHints":{"allow":["GET"]}}],"collection":[{"href":"https:\/\/www.ruch.de\/fr\/wp-json\/wp\/v2\/pages"}],"about":[{"href":"https:\/\/www.ruch.de\/fr\/wp-json\/wp\/v2\/types\/page"}],"author":[{"embeddable":true,"href":"https:\/\/www.ruch.de\/fr\/wp-json\/wp\/v2\/users\/1"}],"replies":[{"embeddable":true,"href":"https:\/\/www.ruch.de\/fr\/wp-json\/wp\/v2\/comments?post=2633"}],"version-history":[{"count":0,"href":"https:\/\/www.ruch.de\/fr\/wp-json\/wp\/v2\/pages\/2633\/revisions"}],"up":[{"embeddable":true,"href":"https:\/\/www.ruch.de\/fr\/wp-json\/wp\/v2\/pages\/2628"}],"wp:featuredmedia":[{"embeddable":true,"href":"https:\/\/www.ruch.de\/fr\/wp-json\/"}],"wp:attachment":[{"href":"https:\/\/www.ruch.de\/fr\/wp-json\/wp\/v2\/media?parent=2633"}],"curies":[{"name":"wp","href":"https:\/\/api.w.org\/{rel}","templated":true}]}}