{"id":2628,"date":"2024-11-13T15:15:47","date_gmt":"2024-11-13T14:15:47","guid":{"rendered":"https:\/\/www.ruch.de\/innovations\/isoler-les-appareils\/"},"modified":"2025-12-30T11:18:18","modified_gmt":"2025-12-30T10:18:18","slug":"isoler-des-appareils","status":"publish","type":"page","link":"https:\/\/www.ruch.de\/fr\/innovations\/isoler-des-appareils\/","title":{"rendered":"Isoler des appareils"},"content":{"rendered":"<div class=\"wpb-content-wrapper\"><p>[vc_row][vc_column]\n<div class=\"spacer spacer--large\" style=\"height:100px\"><\/div>\n<div class=\"spacer spacer--medium\" style=\"height:60px\"><\/div>\n<div class=\"spacer spacer--small\" style=\"height:60px\"><\/div>\n[vc_row_inner][vc_column_inner][vc_column_text css=\u00a0\u00bb\u00a0\u00bb]<\/p>\n<h1>Isoler les appareils : innovant et performant<\/h1>\n<p>[\/vc_column_text][\/vc_column_inner][\/vc_row_inner][vc_row_inner][vc_column_inner width=\u00a0\u00bb1\/2&Prime;][vc_column_text css=\u00a0\u00bb\u00a0\u00bb]Les mousses \u00e0 particules font partie des mat\u00e9riaux isolants, mais pourquoi les trouve-t-on \u00e0 l&rsquo;int\u00e9rieur des appareils ? La r\u00e9ponse est aussi simple que les mat\u00e9riaux eux-m\u00eames : Un refroidissement pr\u00e9cis. Gr\u00e2ce \u00e0 leur mall\u00e9abilit\u00e9 tridimensionnelle, les canaux de refroidissement peuvent \u00eatre parfaitement con\u00e7us. Cela permet d&rsquo;optimiser la circulation de l&rsquo;air et d&rsquo;\u00e9vacuer la chaleur directement \u00e0 sa source. R\u00e9sultat : un refroidissement fiable gr\u00e2ce \u00e0 une vitesse d&rsquo;\u00e9coulement accrue, qui prot\u00e8ge les composants sensibles contre la surchauffe.[\/vc_column_text][\/vc_column_inner][vc_column_inner width=\u00a0\u00bb1\/2&Prime;][vc_column_text css=\u00a0\u00bb\u00a0\u00bb]Avec NOVAetherm<sup>\u00ae<\/sup>, RUCH NOVAPLAST \u00e9tablit de nouvelles normes innovantes. Cette technologie r\u00e9volutionnaire combine les meilleures propri\u00e9t\u00e9s des mat\u00e9riaux d&rsquo;isolation thermique avec l&rsquo;efficacit\u00e9 d&rsquo;un chauffage \u00e9lectrique de surface. En associant des pi\u00e8ces moul\u00e9es pour l&rsquo;isolation et des pi\u00e8ces moul\u00e9es pour le chauffage, on obtient une solution performante qui isole et chauffe \u00e0 la fois &#8211; id\u00e9ale pour les syst\u00e8mes de chauffage innovants.[\/vc_column_text][\/vc_column_inner][\/vc_row_inner]\n<div class=\"spacer spacer--large\" style=\"height:60px\"><\/div>\n<div class=\"spacer spacer--medium\" style=\"height:60px\"><\/div>\n<div class=\"spacer spacer--small\" style=\"height:60px\"><\/div>\n[\/vc_column][\/vc_row][vc_row full_width=\u00a0\u00bbstretch_row_content_no_spaces\u00a0\u00bb css=\u00a0\u00bb.vc_custom_1731591164725{background-color: #F5F5F5 !important;}\u00a0\u00bb][vc_column css=\u00a0\u00bb.vc_custom_1731592154304{padding-top: 0px !important;}\u00a0\u00bb][vc_single_image image=\u00a0\u00bb2629&Prime; img_size=\u00a0\u00bbfull\u00a0\u00bb alignment=\u00a0\u00bbright\u00a0\u00bb css=\u00a0\u00bb\u00a0\u00bb][\/vc_column][\/vc_row][vc_row full_width=\u00a0\u00bbstretch_row\u00a0\u00bb css=\u00a0\u00bb.vc_custom_1732110331260{background-color: #F5F5F5 !important;}\u00a0\u00bb][vc_column]\n<div class=\"spacer spacer--large\" style=\"height:100px\"><\/div>\n<div class=\"spacer spacer--medium\" style=\"height:75px\"><\/div>\n<div class=\"spacer spacer--small\" style=\"height:50px\"><\/div>\n[vc_row_inner][vc_column_inner width=\u00a0\u00bb2\/12&Prime;][\/vc_column_inner][vc_column_inner width=\u00a0\u00bb8\/12&Prime;][vc_column_text css=\u00a0\u00bb\u00a0\u00bb]<\/p>\n<h2>Isoler des \u00e9quipements cibl\u00e9s avec NOVAetherm<sup>\u00ae<\/sup><\/h2>\n<p>[\/vc_column_text][\/vc_column_inner][vc_column_inner width=\u00a0\u00bb2\/12&Prime;][\/vc_column_inner][\/vc_row_inner][vc_row_inner][vc_column_inner width=\u00a0\u00bb2\/12&Prime;][\/vc_column_inner][vc_column_inner width=\u00a0\u00bb8\/12&Prime;][vc_column_text css=\u00a0\u00bb\u00a0\u00bb]Le proc\u00e9d\u00e9 est bas\u00e9 sur un mat\u00e9riau thermiquement isolant tel que l&rsquo;EPP, sur lequel une couche de peinture ou de film chauffante est appliqu\u00e9e. Cette couche est reli\u00e9e \u00e0 une alimentation \u00e9lectrique et permet ainsi une diffusion efficace de la chaleur. NOVAetherm<sup>\u00ae<\/sup> ouvre de nouvelles possibilit\u00e9s, en particulier dans le domaine de la ventilation r\u00e9sidentielle, car il offre non seulement une excellente isolation, mais peut \u00e9galement \u00eatre utilis\u00e9 comme solution de chauffage int\u00e9gr\u00e9e dans les syst\u00e8mes modernes.[\/vc_column_text][\/vc_column_inner][vc_column_inner width=\u00a0\u00bb2\/12&Prime;][\/vc_column_inner][\/vc_row_inner][vc_row_inner][vc_column_inner width=\u00a0\u00bb2\/12&Prime;][\/vc_column_inner][vc_column_inner width=\u00a0\u00bb8\/12&Prime;]  <a class=\"btn-custom1\" href=\"https:\/\/www.ruch.de\/innovationen\/geraete-isolieren\/novaetherm\/\" target=\"_self\" title=\"En savoir plus sur NOVAetherm\u00ae.\">En savoir plus sur NOVAetherm<sup>\u00ae<\/sup><\/a>[\/vc_column_inner][vc_column_inner width=\u00a0\u00bb2\/12&Prime;][\/vc_column_inner][\/vc_row_inner]\n<div class=\"spacer spacer--large\" style=\"height:100px\"><\/div>\n<div class=\"spacer spacer--medium\" style=\"height:75px\"><\/div>\n<div class=\"spacer spacer--small\" style=\"height:50px\"><\/div>\n[\/vc_column][\/vc_row][vc_row][vc_column]\n<div class=\"spacer spacer--large\" style=\"height:60px\"><\/div>\n<div class=\"spacer spacer--medium\" style=\"height:60px\"><\/div>\n<div class=\"spacer spacer--small\" style=\"height:60px\"><\/div>\n[\/vc_column][\/vc_row][vc_row][vc_column]          <div class=\"teaser-container teaser-container--two-colum\">\n\n        \n    <div class=\"ruch-teaser-card bg--gray  wpb_animate_when_almost_visible wpb_fadeInLeft fadeInLeft\">\n        <div class=\"teaser-card-content\">\n          <h3>Assembler des composants<\/h3>\n<p>Avec NOVAplex<sup>\u00ae<\/sup>, nous \u00e9tablissons de nouvelles normes en mati\u00e8re d&rsquo;assemblage : les composants sont ins\u00e9r\u00e9s rapidement et facilement dans les pi\u00e8ces moul\u00e9es &#8211; sans aucun vissage compliqu\u00e9. D\u00e9couvrez comment notre philosophie de conception innovante rend le processus d&rsquo;assemblage plus efficace.<\/p>\n        <\/div>\n                <div class=\"teaser-card-button\">\n          <a href=\"https:\/\/www.ruch.de\/fr\/innovations\/assembler-des-composants\/\" title=\"Innovation dans le domaine de l'assemblage de composants\" target=\"_self\" class=\"a--jump\">\n              Innovation dans le domaine de l'assemblage de composants          <\/a>\n        <\/div>\n            <\/div>\n\n  \n    <div class=\"ruch-teaser-card bg--yellow  wpb_animate_when_almost_visible wpb_fadeInRight fadeInRight\">\n        <div class=\"teaser-card-content\">\n          <h3>Fixer des \u00e9l\u00e9ments<\/h3>\n<p>Avec NOVAfeed&amp;fix<sup>\u00ae<\/sup> et NOVAson<sup>\u00ae<\/sup>, nous proposons des solutions innovantes pour la fixation d&rsquo;\u00e9l\u00e9ments dans des pi\u00e8ces en plastique. D\u00e9couvrez comment nos deux technologies int\u00e8grent des fixations pr\u00e9cises et flexibles dans les syst\u00e8mes de bo\u00eetiers.<\/p>\n        <\/div>\n                <div class=\"teaser-card-button\">\n          <a href=\"https:\/\/www.ruch.de\/fr\/innovations\/fixer-des-elements\/\" title=\"Innovations dans le domaine de la fixation des \u00e9l\u00e9ments\" target=\"_self\" class=\"a--jump\">\n              Innovations dans le domaine de la fixation des \u00e9l\u00e9ments          <\/a>\n        <\/div>\n            <\/div>\n\n  \n    <div class=\"ruch-teaser-card bg--yellow  wpb_animate_when_almost_visible wpb_fadeInLeft fadeInLeft\">\n        <div class=\"teaser-card-content\">\n          <h3>Connecter des pi\u00e8ces moul\u00e9es<\/h3>\n<p>Avec NOVAweld<sup>\u00ae<\/sup>, nous avons d\u00e9velopp\u00e9 une technologie innovante pour l&rsquo;assemblage par liaison de mati\u00e8re de pi\u00e8ces moul\u00e9es en mousse de particules. D\u00e9couvrez comment ce proc\u00e9d\u00e9 permet d&rsquo;assembler efficacement des pi\u00e8ces complexes sans alt\u00e9rer leurs propri\u00e9t\u00e9s uniques.<\/p>\n        <\/div>\n                <div class=\"teaser-card-button\">\n          <a href=\"https:\/\/www.ruch.de\/fr\/innovations\/connecter-des-pieces-moulees\/\" title=\"Connecter l'innovation dans le domaine des pi\u00e8ces moul\u00e9es\" target=\"_self\" class=\"a--jump\">\n              Connecter l'innovation dans le domaine des pi\u00e8ces moul\u00e9es          <\/a>\n        <\/div>\n            <\/div>\n\n  \n    <div class=\"ruch-teaser-card bg--gray  wpb_animate_when_almost_visible wpb_fadeInRight fadeInRight\">\n        <div class=\"teaser-card-content\">\n          <h3>Traiter des surfaces<\/h3>\n<p>Avec NOVAtexture<sup>\u00ae<\/sup>, nous am\u00e9liorons les pi\u00e8ces moul\u00e9es en mousse de particules pendant leur fabrication. D\u00e9couvrez comment notre technologie innovante cr\u00e9e des surfaces esth\u00e9tiques et fonctionnelles qui am\u00e9liorent \u00e0 la fois l&rsquo;apparence et le toucher.<\/p>\n        <\/div>\n                <div class=\"teaser-card-button\">\n          <a href=\"https:\/\/www.ruch.de\/fr\/innovations\/traiter-des-surfaces\/\" title=\"Innovation dans le domaine de la finition de surface\" target=\"_self\" class=\"a--jump\">\n              Innovation dans le domaine de la finition de surface          <\/a>\n        <\/div>\n            <\/div>\n      <\/div>\n    [\/vc_column][\/vc_row][vc_row][vc_column]\n<div class=\"spacer spacer--large\" style=\"height:60px\"><\/div>\n<div class=\"spacer spacer--medium\" style=\"height:60px\"><\/div>\n<div class=\"spacer spacer--small\" style=\"height:60px\"><\/div>\n[\/vc_column][\/vc_row]<\/p>\n<\/div>","protected":false},"excerpt":{"rendered":"<p>[vc_row][vc_column][vc_row_inner][vc_column_inner][vc_column_text css=\u00a0\u00bb\u00a0\u00bb] Isoler les appareils : innovant et performant [\/vc_column_text][\/vc_column_inner][\/vc_row_inner][vc_row_inner][vc_column_inner width=\u00a0\u00bb1\/2&Prime;][vc_column_text css=\u00a0\u00bb\u00a0\u00bb]Les mousses \u00e0 particules font partie des mat\u00e9riaux isolants, mais pourquoi les trouve-t-on \u00e0 l&rsquo;int\u00e9rieur<span class=\"excerpt-hellip\"> [\u2026]<\/span><\/p>\n","protected":false},"author":1,"featured_media":-1,"parent":2572,"menu_order":0,"comment_status":"closed","ping_status":"closed","template":"","meta":{"_acf_changed":false,"footnotes":""},"class_list":["post-2628","page","type-page","status-publish","has-post-thumbnail","hentry"],"acf":[],"yoast_head":"<!-- This site is optimized with the Yoast SEO plugin v27.3 - https:\/\/yoast.com\/product\/yoast-seo-wordpress\/ -->\n<title>Isoler les appareils | RUCH NOVAPLAST GmbH<\/title>\n<meta name=\"description\" content=\"Isolation innovante et performante gr\u00e2ce \u00e0 nos pi\u00e8ces moul\u00e9es et syst\u00e8mes de bo\u00eetiers en mousse de particules.\" \/>\n<meta name=\"robots\" content=\"index, follow, max-snippet:-1, max-image-preview:large, max-video-preview:-1\" \/>\n<link rel=\"canonical\" href=\"https:\/\/www.ruch.de\/fr\/innovations\/isoler-des-appareils\/\" \/>\n<meta property=\"og:locale\" content=\"fr_FR\" \/>\n<meta property=\"og:type\" content=\"article\" \/>\n<meta property=\"og:title\" content=\"Isoler les appareils | RUCH NOVAPLAST GmbH\" \/>\n<meta property=\"og:description\" content=\"Isolation innovante et performante gr\u00e2ce \u00e0 nos pi\u00e8ces moul\u00e9es et syst\u00e8mes de bo\u00eetiers en mousse de particules.\" \/>\n<meta property=\"og:url\" content=\"https:\/\/www.ruch.de\/fr\/innovations\/isoler-des-appareils\/\" \/>\n<meta property=\"og:site_name\" content=\"RUCH NOVAPLAST\" \/>\n<meta property=\"article:publisher\" content=\"https:\/\/www.facebook.com\/ruchnovaplast\" \/>\n<meta property=\"article:modified_time\" content=\"2025-12-30T10:18:18+00:00\" \/>\n<meta name=\"twitter:card\" content=\"summary_large_image\" \/>\n<meta name=\"twitter:label1\" content=\"Dur\u00e9e de lecture estim\u00e9e\" \/>\n\t<meta name=\"twitter:data1\" content=\"3 minutes\" \/>\n<script type=\"application\/ld+json\" class=\"yoast-schema-graph\">{\"@context\":\"https:\\\/\\\/schema.org\",\"@graph\":[{\"@type\":\"WebPage\",\"@id\":\"https:\\\/\\\/www.ruch.de\\\/fr\\\/innovations\\\/isoler-des-appareils\\\/\",\"url\":\"https:\\\/\\\/www.ruch.de\\\/fr\\\/innovations\\\/isoler-des-appareils\\\/\",\"name\":\"Isoler les appareils | RUCH NOVAPLAST GmbH\",\"isPartOf\":{\"@id\":\"https:\\\/\\\/www.ruch.de\\\/fr\\\/#website\"},\"datePublished\":\"2024-11-13T14:15:47+00:00\",\"dateModified\":\"2025-12-30T10:18:18+00:00\",\"description\":\"Isolation innovante et performante gr\u00e2ce \u00e0 nos pi\u00e8ces moul\u00e9es et syst\u00e8mes de bo\u00eetiers en mousse de particules.\",\"breadcrumb\":{\"@id\":\"https:\\\/\\\/www.ruch.de\\\/fr\\\/innovations\\\/isoler-des-appareils\\\/#breadcrumb\"},\"inLanguage\":\"fr-FR\",\"potentialAction\":[{\"@type\":\"ReadAction\",\"target\":[\"https:\\\/\\\/www.ruch.de\\\/fr\\\/innovations\\\/isoler-des-appareils\\\/\"]}]},{\"@type\":\"BreadcrumbList\",\"@id\":\"https:\\\/\\\/www.ruch.de\\\/fr\\\/innovations\\\/isoler-des-appareils\\\/#breadcrumb\",\"itemListElement\":[{\"@type\":\"ListItem\",\"position\":1,\"name\":\"Home\",\"item\":\"https:\\\/\\\/www.ruch.de\\\/fr\\\/\"},{\"@type\":\"ListItem\",\"position\":2,\"name\":\"Innovations\",\"item\":\"https:\\\/\\\/www.ruch.de\\\/fr\\\/innovations\\\/\"},{\"@type\":\"ListItem\",\"position\":3,\"name\":\"Isoler des appareils\"}]},{\"@type\":\"WebSite\",\"@id\":\"https:\\\/\\\/www.ruch.de\\\/fr\\\/#website\",\"url\":\"https:\\\/\\\/www.ruch.de\\\/fr\\\/\",\"name\":\"www.ruch.de\",\"description\":\"\",\"publisher\":{\"@id\":\"https:\\\/\\\/www.ruch.de\\\/fr\\\/#organization\"},\"potentialAction\":[{\"@type\":\"SearchAction\",\"target\":{\"@type\":\"EntryPoint\",\"urlTemplate\":\"https:\\\/\\\/www.ruch.de\\\/fr\\\/?s={search_term_string}\"},\"query-input\":{\"@type\":\"PropertyValueSpecification\",\"valueRequired\":true,\"valueName\":\"search_term_string\"}}],\"inLanguage\":\"fr-FR\"},{\"@type\":\"Organization\",\"@id\":\"https:\\\/\\\/www.ruch.de\\\/fr\\\/#organization\",\"name\":\"RUCH NOVAPLAST GmbH\",\"url\":\"https:\\\/\\\/www.ruch.de\\\/fr\\\/\",\"logo\":{\"@type\":\"ImageObject\",\"inLanguage\":\"fr-FR\",\"@id\":\"https:\\\/\\\/www.ruch.de\\\/fr\\\/#\\\/schema\\\/logo\\\/image\\\/\",\"url\":\"https:\\\/\\\/www.ruch.de\\\/wp-content\\\/uploads\\\/2024\\\/11\\\/ruch-novaplast-logo-black.svg\",\"contentUrl\":\"https:\\\/\\\/www.ruch.de\\\/wp-content\\\/uploads\\\/2024\\\/11\\\/ruch-novaplast-logo-black.svg\",\"width\":1802,\"height\":338,\"caption\":\"RUCH NOVAPLAST GmbH\"},\"image\":{\"@id\":\"https:\\\/\\\/www.ruch.de\\\/fr\\\/#\\\/schema\\\/logo\\\/image\\\/\"},\"sameAs\":[\"https:\\\/\\\/www.facebook.com\\\/ruchnovaplast\",\"https:\\\/\\\/www.instagram.com\\\/ruchnovaplast\\\/\",\"https:\\\/\\\/www.linkedin.com\\\/company\\\/ruch-novaplast-gmbh\"]}]}<\/script>\n<!-- \/ Yoast SEO plugin. -->","yoast_head_json":{"title":"Isoler les appareils | RUCH NOVAPLAST GmbH","description":"Isolation innovante et performante gr\u00e2ce \u00e0 nos pi\u00e8ces moul\u00e9es et syst\u00e8mes de bo\u00eetiers en mousse de particules.","robots":{"index":"index","follow":"follow","max-snippet":"max-snippet:-1","max-image-preview":"max-image-preview:large","max-video-preview":"max-video-preview:-1"},"canonical":"https:\/\/www.ruch.de\/fr\/innovations\/isoler-des-appareils\/","og_locale":"fr_FR","og_type":"article","og_title":"Isoler les appareils | RUCH NOVAPLAST GmbH","og_description":"Isolation innovante et performante gr\u00e2ce \u00e0 nos pi\u00e8ces moul\u00e9es et syst\u00e8mes de bo\u00eetiers en mousse de particules.","og_url":"https:\/\/www.ruch.de\/fr\/innovations\/isoler-des-appareils\/","og_site_name":"RUCH NOVAPLAST","article_publisher":"https:\/\/www.facebook.com\/ruchnovaplast","article_modified_time":"2025-12-30T10:18:18+00:00","twitter_card":"summary_large_image","twitter_misc":{"Dur\u00e9e de lecture estim\u00e9e":"3 minutes"},"schema":{"@context":"https:\/\/schema.org","@graph":[{"@type":"WebPage","@id":"https:\/\/www.ruch.de\/fr\/innovations\/isoler-des-appareils\/","url":"https:\/\/www.ruch.de\/fr\/innovations\/isoler-des-appareils\/","name":"Isoler les appareils | RUCH NOVAPLAST GmbH","isPartOf":{"@id":"https:\/\/www.ruch.de\/fr\/#website"},"datePublished":"2024-11-13T14:15:47+00:00","dateModified":"2025-12-30T10:18:18+00:00","description":"Isolation innovante et performante gr\u00e2ce \u00e0 nos pi\u00e8ces moul\u00e9es et syst\u00e8mes de bo\u00eetiers en mousse de particules.","breadcrumb":{"@id":"https:\/\/www.ruch.de\/fr\/innovations\/isoler-des-appareils\/#breadcrumb"},"inLanguage":"fr-FR","potentialAction":[{"@type":"ReadAction","target":["https:\/\/www.ruch.de\/fr\/innovations\/isoler-des-appareils\/"]}]},{"@type":"BreadcrumbList","@id":"https:\/\/www.ruch.de\/fr\/innovations\/isoler-des-appareils\/#breadcrumb","itemListElement":[{"@type":"ListItem","position":1,"name":"Home","item":"https:\/\/www.ruch.de\/fr\/"},{"@type":"ListItem","position":2,"name":"Innovations","item":"https:\/\/www.ruch.de\/fr\/innovations\/"},{"@type":"ListItem","position":3,"name":"Isoler des appareils"}]},{"@type":"WebSite","@id":"https:\/\/www.ruch.de\/fr\/#website","url":"https:\/\/www.ruch.de\/fr\/","name":"www.ruch.de","description":"","publisher":{"@id":"https:\/\/www.ruch.de\/fr\/#organization"},"potentialAction":[{"@type":"SearchAction","target":{"@type":"EntryPoint","urlTemplate":"https:\/\/www.ruch.de\/fr\/?s={search_term_string}"},"query-input":{"@type":"PropertyValueSpecification","valueRequired":true,"valueName":"search_term_string"}}],"inLanguage":"fr-FR"},{"@type":"Organization","@id":"https:\/\/www.ruch.de\/fr\/#organization","name":"RUCH NOVAPLAST GmbH","url":"https:\/\/www.ruch.de\/fr\/","logo":{"@type":"ImageObject","inLanguage":"fr-FR","@id":"https:\/\/www.ruch.de\/fr\/#\/schema\/logo\/image\/","url":"https:\/\/www.ruch.de\/wp-content\/uploads\/2024\/11\/ruch-novaplast-logo-black.svg","contentUrl":"https:\/\/www.ruch.de\/wp-content\/uploads\/2024\/11\/ruch-novaplast-logo-black.svg","width":1802,"height":338,"caption":"RUCH NOVAPLAST GmbH"},"image":{"@id":"https:\/\/www.ruch.de\/fr\/#\/schema\/logo\/image\/"},"sameAs":["https:\/\/www.facebook.com\/ruchnovaplast","https:\/\/www.instagram.com\/ruchnovaplast\/","https:\/\/www.linkedin.com\/company\/ruch-novaplast-gmbh"]}]}},"_links":{"self":[{"href":"https:\/\/www.ruch.de\/fr\/wp-json\/wp\/v2\/pages\/2628","targetHints":{"allow":["GET"]}}],"collection":[{"href":"https:\/\/www.ruch.de\/fr\/wp-json\/wp\/v2\/pages"}],"about":[{"href":"https:\/\/www.ruch.de\/fr\/wp-json\/wp\/v2\/types\/page"}],"author":[{"embeddable":true,"href":"https:\/\/www.ruch.de\/fr\/wp-json\/wp\/v2\/users\/1"}],"replies":[{"embeddable":true,"href":"https:\/\/www.ruch.de\/fr\/wp-json\/wp\/v2\/comments?post=2628"}],"version-history":[{"count":1,"href":"https:\/\/www.ruch.de\/fr\/wp-json\/wp\/v2\/pages\/2628\/revisions"}],"predecessor-version":[{"id":7555,"href":"https:\/\/www.ruch.de\/fr\/wp-json\/wp\/v2\/pages\/2628\/revisions\/7555"}],"up":[{"embeddable":true,"href":"https:\/\/www.ruch.de\/fr\/wp-json\/wp\/v2\/pages\/2572"}],"wp:featuredmedia":[{"embeddable":true,"href":"https:\/\/www.ruch.de\/fr\/wp-json\/"}],"wp:attachment":[{"href":"https:\/\/www.ruch.de\/fr\/wp-json\/wp\/v2\/media?parent=2628"}],"curies":[{"name":"wp","href":"https:\/\/api.w.org\/{rel}","templated":true}]}}