{"id":2624,"date":"2024-11-13T15:17:59","date_gmt":"2024-11-13T14:17:59","guid":{"rendered":"https:\/\/www.ruch.de\/innovations\/relier-les-pieces-moulees\/novaweld\/"},"modified":"2025-08-07T16:28:13","modified_gmt":"2025-08-07T14:28:13","slug":"novaweld","status":"publish","type":"page","link":"https:\/\/www.ruch.de\/fr\/innovations\/connecter-des-pieces-moulees\/novaweld\/","title":{"rendered":"NOVAweld\u00ae"},"content":{"rendered":"<div class=\"wpb-content-wrapper\"><p>[vc_row][vc_column]\n<div class=\"spacer spacer--large\" style=\"height:100px\"><\/div>\n<div class=\"spacer spacer--medium\" style=\"height:60px\"><\/div>\n<div class=\"spacer spacer--small\" style=\"height:60px\"><\/div>\n[vc_row_inner][vc_column_inner][vc_column_text css=\u00a0\u00bb\u00a0\u00bb]<\/p>\n<h1>NOVAweld<sup>\u00ae<\/sup>: notre innovation pour l&rsquo;assemblage par liaison de mati\u00e8re de pi\u00e8ces moul\u00e9es en mousse de particules<\/h1>\n<p>[\/vc_column_text][\/vc_column_inner][\/vc_row_inner][vc_row_inner][vc_column_inner width=\u00a0\u00bb1\/2&Prime;][vc_column_text css=\u00a0\u00bb\u00a0\u00bb]Avec NOVAweld<sup>\u00ae<\/sup>, RUCH NOVAPLAST \u00e9tablit de nouvelles normes en mati\u00e8re d&rsquo;assemblage par liaison de mati\u00e8re de pi\u00e8ces moul\u00e9es en mousse de particules. Ce proc\u00e9d\u00e9 permet d&rsquo;assembler des pi\u00e8ces complexes tout en r\u00e9duisant la complexit\u00e9 de l&rsquo;outillage. Le r\u00e9sultat est un assemblage par liaison de mati\u00e8re qui ne peut plus \u00eatre d\u00e9fait sans destruction. Les propri\u00e9t\u00e9s sp\u00e9cifiques des pi\u00e8ces moul\u00e9es sont ainsi pr\u00e9serv\u00e9es.<\/p>\n<p>Dans le processus d&rsquo;assemblage thermique, les surfaces des pi\u00e8ces \u00e0 assembler sont chauff\u00e9es \u00e0 l&rsquo;aide d&rsquo;un \u00e9l\u00e9ment chauffant, de sorte que la mousse de particules se plastifie \u00e0 cet endroit. Les pi\u00e8ces sont ensuite soud\u00e9es sur la surface d&rsquo;assemblage fondue.[\/vc_column_text][\/vc_column_inner][vc_column_inner width=\u00a0\u00bb1\/2&Prime;][vc_column_text css=\u00a0\u00bb\u00a0\u00bb]Nous obtenons ainsi une liaison stable entre les composants &#8211; sans utiliser de produits chimiques tels que des primaires, des agents de liaison ou d&rsquo;autres mat\u00e9riaux \u00e9trangers. Il s&rsquo;agit d&rsquo;une solution mono-mati\u00e8re qui est durablement \u00e9tanche et reproductible. C&rsquo;est particuli\u00e8rement crucial dans des domaines tels que <a href=\"https:\/\/www.ruch.de\/fr\/applications\/technique-du-batiment\/\">la domotique<\/a>\u00a0ou les <a href=\"https:\/\/www.ruch.de\/fr\/applications\/technique-danalyse-medicale\/\">techniques m\u00e9dicales et d&rsquo;analyse<\/a>.[\/vc_column_text][\/vc_column_inner][\/vc_row_inner]\n<div class=\"spacer spacer--large\" style=\"height:60px\"><\/div>\n<div class=\"spacer spacer--medium\" style=\"height:40px\"><\/div>\n<div class=\"spacer spacer--small\" style=\"height:30px\"><\/div>\n[vc_row_inner][vc_column_inner width=\u00a0\u00bb1\/3&Prime;][vc_single_image image=\u00a0\u00bb2747&Prime; img_size=\u00a0\u00bbfull\u00a0\u00bb css=\u00a0\u00bb\u00a0\u00bb][\/vc_column_inner][vc_column_inner width=\u00a0\u00bb2\/3&Prime;][\/vc_column_inner][\/vc_row_inner]\n<div class=\"spacer spacer--large\" style=\"height:100px\"><\/div>\n<div class=\"spacer spacer--medium\" style=\"height:60px\"><\/div>\n<div class=\"spacer spacer--small\" style=\"height:60px\"><\/div>\n[\/vc_column][\/vc_row][vc_row full_width=\u00a0\u00bbstretch_row\u00a0\u00bb el_class=\u00a0\u00bbbg-yellow-bubbles-top-left\u00a0\u00bb][vc_column]\n<div class=\"spacer spacer--large\" style=\"height:60px\"><\/div>\n<div class=\"spacer spacer--medium\" style=\"height:60px\"><\/div>\n<div class=\"spacer spacer--small\" style=\"height:60px\"><\/div>\n[vc_row_inner][vc_column_inner width=\u00a0\u00bb1\/2&Prime;][vc_column_text css=\u00a0\u00bb\u00a0\u00bb]<\/p>\n<h2><span class=\"black--stroke\">NOVAweld<sup>\u00ae<\/sup>, une solution flexible pour la fabrication de syst\u00e8mes de bo\u00eetiers<\/span><\/h2>\n<p>[\/vc_column_text][\/vc_column_inner][vc_column_inner width=\u00a0\u00bb1\/2&Prime;][\/vc_column_inner][\/vc_row_inner][vc_row_inner][vc_column_inner width=\u00a0\u00bb1\/2&Prime;][vc_column_text css=\u00a0\u00bb\u00a0\u00bb]NOVAweld<sup>\u00ae<\/sup> pr\u00e9sente de nombreux autres avantages : Le processus est plus automatis\u00e9 et plus \u00e9conomique, ce qui permet de r\u00e9aliser des \u00e9conomies sur l&rsquo;achat d&rsquo;outils de moussage. Nous pouvons par exemple r\u00e9soudre les contre-d\u00e9pouilles, ce qui permet d&rsquo;\u00e9viter les coulisseaux et donc de r\u00e9aliser des \u00e9conomies.[\/vc_column_text][\/vc_column_inner][vc_column_inner width=\u00a0\u00bb1\/2&Prime;][vc_column_text css=\u00a0\u00bb\u00a0\u00bb]De plus, gr\u00e2ce \u00e0 l&rsquo;innovation, nous pouvons d\u00e9velopper des pi\u00e8ces en mousse de particules qui ne peuvent pas \u00eatre fabriqu\u00e9es de mani\u00e8re conventionnelle en raison de leurs dimensions ou de leur g\u00e9om\u00e9trie. NOVAweld<sup>\u00ae<\/sup> est une solution \u00e9conomique, automatis\u00e9e et flexible qui ouvre de nouvelles possibilit\u00e9s pour la fabrication de syst\u00e8mes de bo\u00eetiers complexes.[\/vc_column_text][\/vc_column_inner][\/vc_row_inner]\n<div class=\"spacer spacer--large\" style=\"height:60px\"><\/div>\n<div class=\"spacer spacer--medium\" style=\"height:60px\"><\/div>\n<div class=\"spacer spacer--small\" style=\"height:60px\"><\/div>\n[\/vc_column][\/vc_row][vc_row][vc_column]\n<div class=\"spacer spacer--large\" style=\"height:100px\"><\/div>\n<div class=\"spacer spacer--medium\" style=\"height:75px\"><\/div>\n<div class=\"spacer spacer--small\" style=\"height:50px\"><\/div>\n[\/vc_column][\/vc_row][vc_row][vc_column][vc_column_text css=\u00a0\u00bb\u00a0\u00bb]<\/p>\n<h2>Domaines d&rsquo;application de NOVAweld<sup>\u00ae<\/sup><\/h2>\n<p>[\/vc_column_text][\/vc_column][\/vc_row][vc_row][vc_column width=\u00a0\u00bb1\/2&Prime;][vc_column_text css=\u00a0\u00bb\u00a0\u00bb]<\/p>\n<ul>\n<li>Substitution de l&rsquo;assemblage par collage<\/li>\n<li>\u00c9tanch\u00e9it\u00e9 durable<\/li>\n<li>R\u00e9duction de la complexit\u00e9 des outils de moussage<\/li>\n<li>Possibilit\u00e9 de r\u00e9aliser des composants impossibles \u00e0 fabriquer autrement<\/li>\n<\/ul>\n<p>[\/vc_column_text][\/vc_column][vc_column width=\u00a0\u00bb1\/2&Prime;][vc_column_text css=\u00a0\u00bb\u00a0\u00bb]<\/p>\n<ul>\n<li>Possibilit\u00e9 d&rsquo;assemblage sur mesure gr\u00e2ce \u00e0 des proc\u00e9d\u00e9s sp\u00e9ciaux<\/li>\n<li>Assemblage bi-composant possible (2 joints, thermoplastique comme couche de finition)<\/li>\n<li>Assemblage avec inserts<\/li>\n<\/ul>\n<p>[\/vc_column_text][\/vc_column][\/vc_row][vc_row][vc_column]\n<div class=\"spacer spacer--large\" style=\"height:100px\"><\/div>\n<div class=\"spacer spacer--medium\" style=\"height:75px\"><\/div>\n<div class=\"spacer spacer--small\" style=\"height:50px\"><\/div>\n[\/vc_column][\/vc_row][vc_row full_width=\u00a0\u00bbstretch_row_content_no_spaces\u00a0\u00bb][vc_column][vc_single_image image=\u00a0\u00bb2625&Prime; img_size=\u00a0\u00bbfull\u00a0\u00bb alignment=\u00a0\u00bbright\u00a0\u00bb css=\u00a0\u00bb\u00a0\u00bb][\/vc_column][\/vc_row][vc_row][vc_column]\n<div class=\"spacer spacer--large\" style=\"height:100px\"><\/div>\n<div class=\"spacer spacer--medium\" style=\"height:75px\"><\/div>\n<div class=\"spacer spacer--small\" style=\"height:50px\"><\/div>\n[\/vc_column][\/vc_row][vc_row][vc_column]          <div class=\"teaser-container teaser-container--two-colum\">\n\n        \n    <div class=\"ruch-teaser-card bg--gray  wpb_animate_when_almost_visible wpb_fadeInLeft fadeInLeft\">\n        <div class=\"teaser-card-content\">\n          <h3>Applications<\/h3>\n<p>Depuis de nombreuses ann\u00e9es, nous d\u00e9veloppons et fabriquons des pi\u00e8ces moul\u00e9es isolantes, des ensembles complets et des syst\u00e8mes de bo\u00eetiers complexes en mousse de particules pour les secteurs les plus divers. Nos produits sont notamment utilis\u00e9s dans les secteurs de la domotique et de la construction, de la technique m\u00e9dicale et d&rsquo;analyse, ainsi que dans les domaines de la protection de la t\u00eate et du corps et de la mobilit\u00e9.<\/p>\n        <\/div>\n                <div class=\"teaser-card-button\">\n          <a href=\"https:\/\/www.ruch.de\/fr\/applications\/\" title=\"Vers les applications\" target=\"_self\" class=\"a--jump\">\n              Vers les applications          <\/a>\n        <\/div>\n            <\/div>\n\n  \n    <div class=\"ruch-teaser-card bg--blue  wpb_animate_when_almost_visible wpb_fadeInRight fadeInRight\">\n        <div class=\"teaser-card-content\">\n          <h3>Expertises<\/h3>\n<p>Depuis plus de 140 ans, RUCH NOVAPLAST combine une connaissance approfondie des produits, une connaissance approfondie des mat\u00e9riaux et d&rsquo;excellentes comp\u00e9tences en mati\u00e8re de fabrication et de processus pour d\u00e9velopper des solutions innovantes de mousse de particules. Pour en savoir plus sur notre expertise dans chacun de ces domaines, cliquez ici.<\/p>\n        <\/div>\n                <div class=\"teaser-card-button\">\n          <a href=\"https:\/\/www.ruch.de\/fr\/expertises\/\" title=\"Vers les expertises\" target=\"_self\" class=\"a--jump\">\n              Vers les expertises          <\/a>\n        <\/div>\n            <\/div>\n      <\/div>\n    [\/vc_column][\/vc_row][vc_row][vc_column]\n<div class=\"spacer spacer--large\" style=\"height:60px\"><\/div>\n<div class=\"spacer spacer--medium\" style=\"height:60px\"><\/div>\n<div class=\"spacer spacer--small\" style=\"height:60px\"><\/div>\n[\/vc_column][\/vc_row]<\/p>\n<\/div>","protected":false},"excerpt":{"rendered":"<p>[vc_row][vc_column][vc_row_inner][vc_column_inner][vc_column_text css=\u00a0\u00bb\u00a0\u00bb] NOVAweld\u00ae: notre innovation pour l&rsquo;assemblage par liaison de mati\u00e8re de pi\u00e8ces moul\u00e9es en mousse de particules [\/vc_column_text][\/vc_column_inner][\/vc_row_inner][vc_row_inner][vc_column_inner width=\u00a0\u00bb1\/2&Prime;][vc_column_text css=\u00a0\u00bb\u00a0\u00bb]Avec NOVAweld\u00ae, RUCH NOVAPLAST \u00e9tablit de<span class=\"excerpt-hellip\"> [\u2026]<\/span><\/p>\n","protected":false},"author":1,"featured_media":0,"parent":2619,"menu_order":0,"comment_status":"closed","ping_status":"closed","template":"","meta":{"_acf_changed":false,"footnotes":""},"class_list":["post-2624","page","type-page","status-publish","hentry"],"acf":[],"yoast_head":"<!-- This site is optimized with the Yoast SEO plugin v27.3 - https:\/\/yoast.com\/product\/yoast-seo-wordpress\/ -->\n<title>NOVAweld\u00ae | RUCH NOVAPLAST GmbH<\/title>\n<meta name=\"description\" content=\"Avec NOVAweld\u00ae, nous assemblons des pi\u00e8ces complexes tout en r\u00e9duisant la complexit\u00e9 des outils. Lisez plus de d\u00e9tails.\" \/>\n<meta name=\"robots\" content=\"index, follow, max-snippet:-1, max-image-preview:large, max-video-preview:-1\" \/>\n<link rel=\"canonical\" href=\"https:\/\/www.ruch.de\/fr\/innovations\/connecter-des-pieces-moulees\/novaweld\/\" \/>\n<meta property=\"og:locale\" content=\"fr_FR\" \/>\n<meta property=\"og:type\" content=\"article\" \/>\n<meta property=\"og:title\" content=\"NOVAweld\u00ae | RUCH NOVAPLAST GmbH\" \/>\n<meta property=\"og:description\" content=\"Avec NOVAweld\u00ae, nous assemblons des pi\u00e8ces complexes tout en r\u00e9duisant la complexit\u00e9 des outils. Lisez plus de d\u00e9tails.\" \/>\n<meta property=\"og:url\" content=\"https:\/\/www.ruch.de\/fr\/innovations\/connecter-des-pieces-moulees\/novaweld\/\" \/>\n<meta property=\"og:site_name\" content=\"RUCH NOVAPLAST\" \/>\n<meta property=\"article:publisher\" content=\"https:\/\/www.facebook.com\/ruchnovaplast\" \/>\n<meta property=\"article:modified_time\" content=\"2025-08-07T14:28:13+00:00\" \/>\n<meta name=\"twitter:card\" content=\"summary_large_image\" \/>\n<meta name=\"twitter:label1\" content=\"Dur\u00e9e de lecture estim\u00e9e\" \/>\n\t<meta name=\"twitter:data1\" content=\"4 minutes\" \/>\n<script type=\"application\/ld+json\" class=\"yoast-schema-graph\">{\"@context\":\"https:\\\/\\\/schema.org\",\"@graph\":[{\"@type\":\"WebPage\",\"@id\":\"https:\\\/\\\/www.ruch.de\\\/fr\\\/innovations\\\/connecter-des-pieces-moulees\\\/novaweld\\\/\",\"url\":\"https:\\\/\\\/www.ruch.de\\\/fr\\\/innovations\\\/connecter-des-pieces-moulees\\\/novaweld\\\/\",\"name\":\"NOVAweld\u00ae | RUCH NOVAPLAST GmbH\",\"isPartOf\":{\"@id\":\"https:\\\/\\\/www.ruch.de\\\/fr\\\/#website\"},\"datePublished\":\"2024-11-13T14:17:59+00:00\",\"dateModified\":\"2025-08-07T14:28:13+00:00\",\"description\":\"Avec NOVAweld\u00ae, nous assemblons des pi\u00e8ces complexes tout en r\u00e9duisant la complexit\u00e9 des outils. Lisez plus de d\u00e9tails.\",\"breadcrumb\":{\"@id\":\"https:\\\/\\\/www.ruch.de\\\/fr\\\/innovations\\\/connecter-des-pieces-moulees\\\/novaweld\\\/#breadcrumb\"},\"inLanguage\":\"fr-FR\",\"potentialAction\":[{\"@type\":\"ReadAction\",\"target\":[\"https:\\\/\\\/www.ruch.de\\\/fr\\\/innovations\\\/connecter-des-pieces-moulees\\\/novaweld\\\/\"]}]},{\"@type\":\"BreadcrumbList\",\"@id\":\"https:\\\/\\\/www.ruch.de\\\/fr\\\/innovations\\\/connecter-des-pieces-moulees\\\/novaweld\\\/#breadcrumb\",\"itemListElement\":[{\"@type\":\"ListItem\",\"position\":1,\"name\":\"Home\",\"item\":\"https:\\\/\\\/www.ruch.de\\\/fr\\\/\"},{\"@type\":\"ListItem\",\"position\":2,\"name\":\"Innovations\",\"item\":\"https:\\\/\\\/www.ruch.de\\\/fr\\\/innovations\\\/\"},{\"@type\":\"ListItem\",\"position\":3,\"name\":\"Connecter des pi\u00e8ces moul\u00e9es\",\"item\":\"https:\\\/\\\/www.ruch.de\\\/fr\\\/innovations\\\/connecter-des-pieces-moulees\\\/\"},{\"@type\":\"ListItem\",\"position\":4,\"name\":\"NOVAweld\u00ae\"}]},{\"@type\":\"WebSite\",\"@id\":\"https:\\\/\\\/www.ruch.de\\\/fr\\\/#website\",\"url\":\"https:\\\/\\\/www.ruch.de\\\/fr\\\/\",\"name\":\"www.ruch.de\",\"description\":\"\",\"publisher\":{\"@id\":\"https:\\\/\\\/www.ruch.de\\\/fr\\\/#organization\"},\"potentialAction\":[{\"@type\":\"SearchAction\",\"target\":{\"@type\":\"EntryPoint\",\"urlTemplate\":\"https:\\\/\\\/www.ruch.de\\\/fr\\\/?s={search_term_string}\"},\"query-input\":{\"@type\":\"PropertyValueSpecification\",\"valueRequired\":true,\"valueName\":\"search_term_string\"}}],\"inLanguage\":\"fr-FR\"},{\"@type\":\"Organization\",\"@id\":\"https:\\\/\\\/www.ruch.de\\\/fr\\\/#organization\",\"name\":\"RUCH NOVAPLAST GmbH\",\"url\":\"https:\\\/\\\/www.ruch.de\\\/fr\\\/\",\"logo\":{\"@type\":\"ImageObject\",\"inLanguage\":\"fr-FR\",\"@id\":\"https:\\\/\\\/www.ruch.de\\\/fr\\\/#\\\/schema\\\/logo\\\/image\\\/\",\"url\":\"https:\\\/\\\/www.ruch.de\\\/wp-content\\\/uploads\\\/2024\\\/11\\\/ruch-novaplast-logo-black.svg\",\"contentUrl\":\"https:\\\/\\\/www.ruch.de\\\/wp-content\\\/uploads\\\/2024\\\/11\\\/ruch-novaplast-logo-black.svg\",\"width\":1802,\"height\":338,\"caption\":\"RUCH NOVAPLAST GmbH\"},\"image\":{\"@id\":\"https:\\\/\\\/www.ruch.de\\\/fr\\\/#\\\/schema\\\/logo\\\/image\\\/\"},\"sameAs\":[\"https:\\\/\\\/www.facebook.com\\\/ruchnovaplast\",\"https:\\\/\\\/www.instagram.com\\\/ruchnovaplast\\\/\",\"https:\\\/\\\/www.linkedin.com\\\/company\\\/ruch-novaplast-gmbh\"]}]}<\/script>\n<!-- \/ Yoast SEO plugin. -->","yoast_head_json":{"title":"NOVAweld\u00ae | RUCH NOVAPLAST GmbH","description":"Avec NOVAweld\u00ae, nous assemblons des pi\u00e8ces complexes tout en r\u00e9duisant la complexit\u00e9 des outils. Lisez plus de d\u00e9tails.","robots":{"index":"index","follow":"follow","max-snippet":"max-snippet:-1","max-image-preview":"max-image-preview:large","max-video-preview":"max-video-preview:-1"},"canonical":"https:\/\/www.ruch.de\/fr\/innovations\/connecter-des-pieces-moulees\/novaweld\/","og_locale":"fr_FR","og_type":"article","og_title":"NOVAweld\u00ae | RUCH NOVAPLAST GmbH","og_description":"Avec NOVAweld\u00ae, nous assemblons des pi\u00e8ces complexes tout en r\u00e9duisant la complexit\u00e9 des outils. Lisez plus de d\u00e9tails.","og_url":"https:\/\/www.ruch.de\/fr\/innovations\/connecter-des-pieces-moulees\/novaweld\/","og_site_name":"RUCH NOVAPLAST","article_publisher":"https:\/\/www.facebook.com\/ruchnovaplast","article_modified_time":"2025-08-07T14:28:13+00:00","twitter_card":"summary_large_image","twitter_misc":{"Dur\u00e9e de lecture estim\u00e9e":"4 minutes"},"schema":{"@context":"https:\/\/schema.org","@graph":[{"@type":"WebPage","@id":"https:\/\/www.ruch.de\/fr\/innovations\/connecter-des-pieces-moulees\/novaweld\/","url":"https:\/\/www.ruch.de\/fr\/innovations\/connecter-des-pieces-moulees\/novaweld\/","name":"NOVAweld\u00ae | RUCH NOVAPLAST GmbH","isPartOf":{"@id":"https:\/\/www.ruch.de\/fr\/#website"},"datePublished":"2024-11-13T14:17:59+00:00","dateModified":"2025-08-07T14:28:13+00:00","description":"Avec NOVAweld\u00ae, nous assemblons des pi\u00e8ces complexes tout en r\u00e9duisant la complexit\u00e9 des outils. Lisez plus de d\u00e9tails.","breadcrumb":{"@id":"https:\/\/www.ruch.de\/fr\/innovations\/connecter-des-pieces-moulees\/novaweld\/#breadcrumb"},"inLanguage":"fr-FR","potentialAction":[{"@type":"ReadAction","target":["https:\/\/www.ruch.de\/fr\/innovations\/connecter-des-pieces-moulees\/novaweld\/"]}]},{"@type":"BreadcrumbList","@id":"https:\/\/www.ruch.de\/fr\/innovations\/connecter-des-pieces-moulees\/novaweld\/#breadcrumb","itemListElement":[{"@type":"ListItem","position":1,"name":"Home","item":"https:\/\/www.ruch.de\/fr\/"},{"@type":"ListItem","position":2,"name":"Innovations","item":"https:\/\/www.ruch.de\/fr\/innovations\/"},{"@type":"ListItem","position":3,"name":"Connecter des pi\u00e8ces moul\u00e9es","item":"https:\/\/www.ruch.de\/fr\/innovations\/connecter-des-pieces-moulees\/"},{"@type":"ListItem","position":4,"name":"NOVAweld\u00ae"}]},{"@type":"WebSite","@id":"https:\/\/www.ruch.de\/fr\/#website","url":"https:\/\/www.ruch.de\/fr\/","name":"www.ruch.de","description":"","publisher":{"@id":"https:\/\/www.ruch.de\/fr\/#organization"},"potentialAction":[{"@type":"SearchAction","target":{"@type":"EntryPoint","urlTemplate":"https:\/\/www.ruch.de\/fr\/?s={search_term_string}"},"query-input":{"@type":"PropertyValueSpecification","valueRequired":true,"valueName":"search_term_string"}}],"inLanguage":"fr-FR"},{"@type":"Organization","@id":"https:\/\/www.ruch.de\/fr\/#organization","name":"RUCH NOVAPLAST GmbH","url":"https:\/\/www.ruch.de\/fr\/","logo":{"@type":"ImageObject","inLanguage":"fr-FR","@id":"https:\/\/www.ruch.de\/fr\/#\/schema\/logo\/image\/","url":"https:\/\/www.ruch.de\/wp-content\/uploads\/2024\/11\/ruch-novaplast-logo-black.svg","contentUrl":"https:\/\/www.ruch.de\/wp-content\/uploads\/2024\/11\/ruch-novaplast-logo-black.svg","width":1802,"height":338,"caption":"RUCH NOVAPLAST GmbH"},"image":{"@id":"https:\/\/www.ruch.de\/fr\/#\/schema\/logo\/image\/"},"sameAs":["https:\/\/www.facebook.com\/ruchnovaplast","https:\/\/www.instagram.com\/ruchnovaplast\/","https:\/\/www.linkedin.com\/company\/ruch-novaplast-gmbh"]}]}},"_links":{"self":[{"href":"https:\/\/www.ruch.de\/fr\/wp-json\/wp\/v2\/pages\/2624","targetHints":{"allow":["GET"]}}],"collection":[{"href":"https:\/\/www.ruch.de\/fr\/wp-json\/wp\/v2\/pages"}],"about":[{"href":"https:\/\/www.ruch.de\/fr\/wp-json\/wp\/v2\/types\/page"}],"author":[{"embeddable":true,"href":"https:\/\/www.ruch.de\/fr\/wp-json\/wp\/v2\/users\/1"}],"replies":[{"embeddable":true,"href":"https:\/\/www.ruch.de\/fr\/wp-json\/wp\/v2\/comments?post=2624"}],"version-history":[{"count":0,"href":"https:\/\/www.ruch.de\/fr\/wp-json\/wp\/v2\/pages\/2624\/revisions"}],"up":[{"embeddable":true,"href":"https:\/\/www.ruch.de\/fr\/wp-json\/wp\/v2\/pages\/2619"}],"wp:attachment":[{"href":"https:\/\/www.ruch.de\/fr\/wp-json\/wp\/v2\/media?parent=2624"}],"curies":[{"name":"wp","href":"https:\/\/api.w.org\/{rel}","templated":true}]}}