{"id":2619,"date":"2024-11-13T15:17:31","date_gmt":"2024-11-13T14:17:31","guid":{"rendered":"https:\/\/www.ruch.de\/innovations\/relier-les-pieces-moulees\/"},"modified":"2025-09-03T13:24:19","modified_gmt":"2025-09-03T11:24:19","slug":"connecter-des-pieces-moulees","status":"publish","type":"page","link":"https:\/\/www.ruch.de\/fr\/innovations\/connecter-des-pieces-moulees\/","title":{"rendered":"Connecter des pi\u00e8ces moul\u00e9es"},"content":{"rendered":"<div class=\"wpb-content-wrapper\"><p>[vc_row][vc_column]\n<div class=\"spacer spacer--large\" style=\"height:100px\"><\/div>\n<div class=\"spacer spacer--medium\" style=\"height:60px\"><\/div>\n<div class=\"spacer spacer--small\" style=\"height:60px\"><\/div>\n[vc_row_inner][vc_column_inner][vc_column_text css=\u00a0\u00bb\u00a0\u00bb]<\/p>\n<h1>Connecter des pi\u00e8ces moul\u00e9es : par liaison de mati\u00e8re et de mani\u00e8re durable<\/h1>\n<p>[\/vc_column_text][\/vc_column_inner][\/vc_row_inner][vc_row_inner][vc_column_inner width=\u00a0\u00bb1\/2&Prime;][vc_column_text css=\u00a0\u00bb\u00a0\u00bb]RUCH NOVAPLAST s&rsquo;est sp\u00e9cialis\u00e9, entre autres, dans l&rsquo;assemblage de pi\u00e8ces moul\u00e9es en un syst\u00e8me. Apr\u00e8s tout, la technique d&rsquo;assemblage est d&rsquo;une importance capitale dans presque toutes les <a href=\"https:\/\/www.ruch.de\/fr\/applications\/\">applications<\/a>. Nous choisissons l&rsquo;assemblage en fonction de vos besoins : L&rsquo;assemblage doit-il \u00eatre d\u00e9montable ou non ? Quelles sont les forces qui agissent sur le syst\u00e8me ? Y a-t-il des exigences suppl\u00e9mentaires en mati\u00e8re d&rsquo;\u00e9tanch\u00e9it\u00e9 ? Nous devons d&rsquo;abord r\u00e9pondre \u00e0 ces questions avant de choisir une technique d&rsquo;assemblage.[\/vc_column_text][\/vc_column_inner][vc_column_inner width=\u00a0\u00bb1\/2&Prime;][vc_column_text css=\u00a0\u00bb\u00a0\u00bb]Avec la technique Snap-Lock, nous cr\u00e9ons une connexion stable qui peut \u00eatre d\u00e9tach\u00e9e. Nous y parvenons en dotant les deux \u00e9l\u00e9ments d&rsquo;un assemblage \u00e0 rainure et languette &#8211; qui fonctionne comme une fermeture \u00e0 clip et s&rsquo;enclenche l&rsquo;un dans l&rsquo;autre. En outre, la <a href=\"https:\/\/www.ruch.de\/fr\/expertises\/expertise-des-procedes\/#collage\">technique du collage<\/a> permet d&rsquo;obtenir un assemblage indissociable de deux ou plusieurs pi\u00e8ces moul\u00e9es dans des mat\u00e9riaux identiques ou diff\u00e9rents.<\/p>\n<p>NOVAweld<sup>\u00ae<\/sup> est une autre technique. Il s&rsquo;agit d&rsquo;une technologie r\u00e9volutionnaire pour l&rsquo;assemblage par adh\u00e9rence de pi\u00e8ces moul\u00e9es en mousse de particules.[\/vc_column_text][\/vc_column_inner][\/vc_row_inner]\n<div class=\"spacer spacer--large\" style=\"height:60px\"><\/div>\n<div class=\"spacer spacer--medium\" style=\"height:60px\"><\/div>\n<div class=\"spacer spacer--small\" style=\"height:60px\"><\/div>\n[\/vc_column][\/vc_row][vc_row full_width=\u00a0\u00bbstretch_row_content_no_spaces\u00a0\u00bb css=\u00a0\u00bb.vc_custom_1731591164725{background-color: #F5F5F5 !important;}\u00a0\u00bb][vc_column css=\u00a0\u00bb.vc_custom_1731592154304{padding-top: 0px !important;}\u00a0\u00bb][vc_single_image image=\u00a0\u00bb2620&Prime; img_size=\u00a0\u00bbfull\u00a0\u00bb alignment=\u00a0\u00bbright\u00a0\u00bb css=\u00a0\u00bb\u00a0\u00bb][\/vc_column][\/vc_row][vc_row full_width=\u00a0\u00bbstretch_row\u00a0\u00bb css=\u00a0\u00bb.vc_custom_1732110331260{background-color: #F5F5F5 !important;}\u00a0\u00bb][vc_column]\n<div class=\"spacer spacer--large\" style=\"height:100px\"><\/div>\n<div class=\"spacer spacer--medium\" style=\"height:75px\"><\/div>\n<div class=\"spacer spacer--small\" style=\"height:50px\"><\/div>\n[vc_row_inner][vc_column_inner width=\u00a0\u00bb2\/12&Prime;][\/vc_column_inner][vc_column_inner width=\u00a0\u00bb8\/12&Prime;][vc_column_text css=\u00a0\u00bb\u00a0\u00bb]<\/p>\n<h2>NOVAweld<sup>\u00ae<\/sup> permet l&rsquo;assemblage de pi\u00e8ces moul\u00e9es par liaison de mati\u00e8re<\/h2>\n<p>[\/vc_column_text][\/vc_column_inner][vc_column_inner width=\u00a0\u00bb2\/12&Prime;][\/vc_column_inner][\/vc_row_inner][vc_row_inner][vc_column_inner width=\u00a0\u00bb2\/12&Prime;][\/vc_column_inner][vc_column_inner width=\u00a0\u00bb8\/12&Prime;][vc_column_text css=\u00a0\u00bb\u00a0\u00bb]NOVAweld<sup>\u00ae<\/sup> est le nom que nous donnons au proc\u00e9d\u00e9 qui nous permet de r\u00e9aliser une liaison de mati\u00e8re entre les composants en plastique \u00e0 assembler. Cela permet d&rsquo;obtenir des compositions s\u00fbres et stables, et surtout des g\u00e9om\u00e9tries et des tailles de pi\u00e8ces moul\u00e9es qui ne pourraient pas \u00eatre produites autrement. De cette mani\u00e8re, nous pouvons r\u00e9duire consid\u00e9rablement la complexit\u00e9 non seulement des pi\u00e8ces moul\u00e9es individuelles, mais aussi des outils de moussage.[\/vc_column_text][\/vc_column_inner][vc_column_inner width=\u00a0\u00bb2\/12&Prime;][\/vc_column_inner][\/vc_row_inner][vc_row_inner][vc_column_inner width=\u00a0\u00bb2\/12&Prime;][\/vc_column_inner][vc_column_inner width=\u00a0\u00bb8\/12&Prime;]  <a class=\"btn-custom1\" href=\"https:\/\/www.ruch.de\/fr\/innovations\/connecter-des-pieces-moulees\/novaweld\/\" target=\"_self\" title=\"En savoir plus sur NOVAweld\u00ae\">En savoir plus sur NOVAweld<sup>\u00ae<\/sup><\/a>[\/vc_column_inner][vc_column_inner width=\u00a0\u00bb2\/12&Prime;][\/vc_column_inner][\/vc_row_inner]\n<div class=\"spacer spacer--large\" style=\"height:100px\"><\/div>\n<div class=\"spacer spacer--medium\" style=\"height:75px\"><\/div>\n<div class=\"spacer spacer--small\" style=\"height:50px\"><\/div>\n[\/vc_column][\/vc_row][vc_row full_width=\u00a0\u00bbstretch_row\u00a0\u00bb el_class=\u00a0\u00bbbg-yellow-bubbles-top-left\u00a0\u00bb][vc_column]\n<div class=\"spacer spacer--large\" style=\"height:60px\"><\/div>\n<div class=\"spacer spacer--medium\" style=\"height:60px\"><\/div>\n<div class=\"spacer spacer--small\" style=\"height:60px\"><\/div>\n[vc_row_inner][vc_column_inner width=\u00a0\u00bb1\/2&Prime;][vc_column_text css=\u00a0\u00bb\u00a0\u00bb]<\/p>\n<h2><span class=\"black--stroke\">L&rsquo;assemblage de pi\u00e8ces moul\u00e9es pr\u00e9sente certains avantages, en particulier dans le domaine du chauffage, de la ventilation et de la climatisation.<\/span><\/h2>\n<p>[\/vc_column_text][\/vc_column_inner][vc_column_inner width=\u00a0\u00bb1\/2&Prime;][\/vc_column_inner][\/vc_row_inner][vc_row_inner][vc_column_inner width=\u00a0\u00bb1\/2&Prime;][vc_column_text css=\u00a0\u00bb\u00a0\u00bb]La technologie NOVAweld<sup>\u00ae<\/sup> permet d&rsquo;assembler thermiquement des pi\u00e8ces moul\u00e9es pour obtenir une liaison mat\u00e9rielle qui offre une isolation et une \u00e9tanch\u00e9it\u00e9 \u00e0 l&rsquo;air id\u00e9ales &#8211; ce qui est particuli\u00e8rement important pour les syst\u00e8mes complexes comme ceux utilis\u00e9s dans le secteur du chauffage, de la ventilation et de la climatisation. Les propri\u00e9t\u00e9s sp\u00e9cifiques du mat\u00e9riau sont pr\u00e9serv\u00e9es.[\/vc_column_text][\/vc_column_inner][vc_column_inner width=\u00a0\u00bb1\/2&Prime;][vc_column_text css=\u00a0\u00bb\u00a0\u00bb]Un autre point fort est l&rsquo;assemblage thermique de pi\u00e8ces moul\u00e9es en mousse \u00e0 particules, y compris les inserts. Avant l&rsquo;assemblage, elles sont plac\u00e9es dans le plan de joint, positionn\u00e9es puis assembl\u00e9es en composite. Nous int\u00e9grons ainsi les inserts dans l&rsquo;assemblage.[\/vc_column_text][\/vc_column_inner][\/vc_row_inner]\n<div class=\"spacer spacer--large\" style=\"height:60px\"><\/div>\n<div class=\"spacer spacer--medium\" style=\"height:60px\"><\/div>\n<div class=\"spacer spacer--small\" style=\"height:60px\"><\/div>\n[\/vc_column][\/vc_row][vc_row][vc_column]\n<div class=\"spacer spacer--large\" style=\"height:60px\"><\/div>\n<div class=\"spacer spacer--medium\" style=\"height:60px\"><\/div>\n<div class=\"spacer spacer--small\" style=\"height:60px\"><\/div>\n[\/vc_column][\/vc_row][vc_row][vc_column]          <div class=\"teaser-container teaser-container--two-colum\">\n\n        \n    <div class=\"ruch-teaser-card bg--gray  wpb_animate_when_almost_visible wpb_fadeInLeft fadeInLeft\">\n        <div class=\"teaser-card-content\">\n          <h3>Assembler des composants<\/h3>\n<p>Avec NOVAplex<sup>\u00ae<\/sup>, nous \u00e9tablissons de nouvelles normes en mati\u00e8re d&rsquo;assemblage : ce proc\u00e9d\u00e9 permet d&rsquo;ins\u00e9rer rapidement et facilement des composants dans des pi\u00e8ces moul\u00e9es &#8211; sans aucun vissage compliqu\u00e9. D\u00e9couvrez comment notre philosophie de conception innovante rend le processus d&rsquo;assemblage beaucoup plus efficace.<\/p>\n        <\/div>\n                <div class=\"teaser-card-button\">\n          <a href=\"https:\/\/www.ruch.de\/fr\/innovations\/assembler-des-composants\/\" title=\"Innovation dans le domaine de l'assemblage de composants\" target=\"_self\" class=\"a--jump\">\n              Innovation dans le domaine de l'assemblage de composants          <\/a>\n        <\/div>\n            <\/div>\n\n  \n    <div class=\"ruch-teaser-card bg--yellow  wpb_animate_when_almost_visible wpb_fadeInRight fadeInRight\">\n        <div class=\"teaser-card-content\">\n          <h3>Isoler des appareils<\/h3>\n<p>Avec NOVAetherm<sup>\u00ae<\/sup>, nous transformons l&rsquo;ensemble de la technologie du chauffage : notre solution innovante combine l&rsquo;isolation thermique et la fonction de chauffage en une seule pi\u00e8ce moul\u00e9e. D\u00e9couvrez comment cette technologie parvient \u00e0 am\u00e9liorer consid\u00e9rablement l&rsquo;efficacit\u00e9 des syst\u00e8mes de chauffage.<\/p>\n        <\/div>\n                <div class=\"teaser-card-button\">\n          <a href=\"https:\/\/www.ruch.de\/fr\/innovations\/isoler-des-appareils\/\" title=\"Innovation dans le domaine de l'isolation des appareils\" target=\"_self\" class=\"a--jump\">\n              Innovation dans le domaine de l'isolation des appareils          <\/a>\n        <\/div>\n            <\/div>\n\n  \n    <div class=\"ruch-teaser-card bg--yellow  wpb_animate_when_almost_visible wpb_fadeInLeft fadeInLeft\">\n        <div class=\"teaser-card-content\">\n          <h3>Fixer des \u00e9l\u00e9ments<\/h3>\n<p>Avec NOVAfeed&amp;fix<sup>\u00ae<\/sup> et NOVAson<sup>\u00ae<\/sup>, nous proposons des solutions innovantes pour la fixation d&rsquo;\u00e9l\u00e9ments dans des pi\u00e8ces en plastique. D\u00e9couvrez comment nos deux technologies int\u00e8grent des fixations pr\u00e9cises et flexibles dans les syst\u00e8mes de bo\u00eetiers de deux mani\u00e8res diff\u00e9rentes.<\/p>\n        <\/div>\n                <div class=\"teaser-card-button\">\n          <a href=\"https:\/\/www.ruch.de\/fr\/innovations\/fixer-des-elements\/\" title=\"Innovations dans le domaine de la fixation des \u00e9l\u00e9ments\" target=\"_self\" class=\"a--jump\">\n              Innovations dans le domaine de la fixation des \u00e9l\u00e9ments          <\/a>\n        <\/div>\n            <\/div>\n\n  \n    <div class=\"ruch-teaser-card bg--gray  wpb_animate_when_almost_visible wpb_fadeInRight fadeInRight\">\n        <div class=\"teaser-card-content\">\n          <h3>Traiter des surfaces<\/h3>\n<p>Avec NOVAtexture<sup>\u00ae<\/sup>, nous am\u00e9liorons les pi\u00e8ces moul\u00e9es en mousse de particules d\u00e8s leur fabrication. D\u00e9couvrez comment notre technique innovante permet de cr\u00e9er des surfaces esth\u00e9tiques et fonctionnelles tout en am\u00e9liorant l&rsquo;aspect et le toucher.<\/p>\n        <\/div>\n                <div class=\"teaser-card-button\">\n          <a href=\"https:\/\/www.ruch.de\/fr\/innovations\/traiter-des-surfaces\/\" title=\"Innovation dans le domaine de la finition de surface\" target=\"_self\" class=\"a--jump\">\n              Innovation dans le domaine de la finition de surface          <\/a>\n        <\/div>\n            <\/div>\n      <\/div>\n    [\/vc_column][\/vc_row][vc_row][vc_column]\n<div class=\"spacer spacer--large\" style=\"height:60px\"><\/div>\n<div class=\"spacer spacer--medium\" style=\"height:60px\"><\/div>\n<div class=\"spacer spacer--small\" style=\"height:60px\"><\/div>\n[\/vc_column][\/vc_row]<\/p>\n<\/div>","protected":false},"excerpt":{"rendered":"<p>[vc_row][vc_column][vc_row_inner][vc_column_inner][vc_column_text css=\u00a0\u00bb\u00a0\u00bb] Connecter des pi\u00e8ces moul\u00e9es : par liaison de mati\u00e8re et de mani\u00e8re durable [\/vc_column_text][\/vc_column_inner][\/vc_row_inner][vc_row_inner][vc_column_inner width=\u00a0\u00bb1\/2&Prime;][vc_column_text css=\u00a0\u00bb\u00a0\u00bb]RUCH NOVAPLAST s&rsquo;est sp\u00e9cialis\u00e9, entre autres, dans l&rsquo;assemblage de<span class=\"excerpt-hellip\"> [\u2026]<\/span><\/p>\n","protected":false},"author":1,"featured_media":-1,"parent":2572,"menu_order":0,"comment_status":"closed","ping_status":"closed","template":"","meta":{"_acf_changed":false,"footnotes":""},"class_list":["post-2619","page","type-page","status-publish","has-post-thumbnail","hentry"],"acf":[],"yoast_head":"<!-- This site is optimized with the Yoast SEO plugin v27.3 - https:\/\/yoast.com\/product\/yoast-seo-wordpress\/ -->\n<title>Connecter pi\u00e8ces moul\u00e9es | RUCH NOVAPLAST GmbH<\/title>\n<meta name=\"description\" content=\"D\u00e9couvrez comment diff\u00e9rents connecteurs permettent d\u2019assembler vos pi\u00e8ces moul\u00e9es \u2013 toujours adapt\u00e9s \u00e0 vos besoins.\" \/>\n<meta name=\"robots\" content=\"index, follow, max-snippet:-1, max-image-preview:large, max-video-preview:-1\" \/>\n<link rel=\"canonical\" href=\"https:\/\/www.ruch.de\/fr\/innovations\/connecter-des-pieces-moulees\/\" \/>\n<meta property=\"og:locale\" content=\"fr_FR\" \/>\n<meta property=\"og:type\" content=\"article\" \/>\n<meta property=\"og:title\" content=\"Connecter pi\u00e8ces moul\u00e9es | RUCH NOVAPLAST GmbH\" \/>\n<meta property=\"og:description\" content=\"D\u00e9couvrez comment diff\u00e9rents connecteurs permettent d\u2019assembler vos pi\u00e8ces moul\u00e9es \u2013 toujours adapt\u00e9s \u00e0 vos besoins.\" \/>\n<meta property=\"og:url\" content=\"https:\/\/www.ruch.de\/fr\/innovations\/connecter-des-pieces-moulees\/\" \/>\n<meta property=\"og:site_name\" content=\"RUCH NOVAPLAST\" \/>\n<meta property=\"article:publisher\" content=\"https:\/\/www.facebook.com\/ruchnovaplast\" \/>\n<meta property=\"article:modified_time\" content=\"2025-09-03T11:24:19+00:00\" \/>\n<meta name=\"twitter:card\" content=\"summary_large_image\" \/>\n<meta name=\"twitter:label1\" content=\"Dur\u00e9e de lecture estim\u00e9e\" \/>\n\t<meta name=\"twitter:data1\" content=\"4 minutes\" \/>\n<script type=\"application\/ld+json\" class=\"yoast-schema-graph\">{\"@context\":\"https:\\\/\\\/schema.org\",\"@graph\":[{\"@type\":\"WebPage\",\"@id\":\"https:\\\/\\\/www.ruch.de\\\/fr\\\/innovations\\\/connecter-des-pieces-moulees\\\/\",\"url\":\"https:\\\/\\\/www.ruch.de\\\/fr\\\/innovations\\\/connecter-des-pieces-moulees\\\/\",\"name\":\"Connecter pi\u00e8ces moul\u00e9es | RUCH NOVAPLAST GmbH\",\"isPartOf\":{\"@id\":\"https:\\\/\\\/www.ruch.de\\\/fr\\\/#website\"},\"datePublished\":\"2024-11-13T14:17:31+00:00\",\"dateModified\":\"2025-09-03T11:24:19+00:00\",\"description\":\"D\u00e9couvrez comment diff\u00e9rents connecteurs permettent d\u2019assembler vos pi\u00e8ces moul\u00e9es \u2013 toujours adapt\u00e9s \u00e0 vos besoins.\",\"breadcrumb\":{\"@id\":\"https:\\\/\\\/www.ruch.de\\\/fr\\\/innovations\\\/connecter-des-pieces-moulees\\\/#breadcrumb\"},\"inLanguage\":\"fr-FR\",\"potentialAction\":[{\"@type\":\"ReadAction\",\"target\":[\"https:\\\/\\\/www.ruch.de\\\/fr\\\/innovations\\\/connecter-des-pieces-moulees\\\/\"]}]},{\"@type\":\"BreadcrumbList\",\"@id\":\"https:\\\/\\\/www.ruch.de\\\/fr\\\/innovations\\\/connecter-des-pieces-moulees\\\/#breadcrumb\",\"itemListElement\":[{\"@type\":\"ListItem\",\"position\":1,\"name\":\"Home\",\"item\":\"https:\\\/\\\/www.ruch.de\\\/fr\\\/\"},{\"@type\":\"ListItem\",\"position\":2,\"name\":\"Innovations\",\"item\":\"https:\\\/\\\/www.ruch.de\\\/fr\\\/innovations\\\/\"},{\"@type\":\"ListItem\",\"position\":3,\"name\":\"Connecter des pi\u00e8ces moul\u00e9es\"}]},{\"@type\":\"WebSite\",\"@id\":\"https:\\\/\\\/www.ruch.de\\\/fr\\\/#website\",\"url\":\"https:\\\/\\\/www.ruch.de\\\/fr\\\/\",\"name\":\"www.ruch.de\",\"description\":\"\",\"publisher\":{\"@id\":\"https:\\\/\\\/www.ruch.de\\\/fr\\\/#organization\"},\"potentialAction\":[{\"@type\":\"SearchAction\",\"target\":{\"@type\":\"EntryPoint\",\"urlTemplate\":\"https:\\\/\\\/www.ruch.de\\\/fr\\\/?s={search_term_string}\"},\"query-input\":{\"@type\":\"PropertyValueSpecification\",\"valueRequired\":true,\"valueName\":\"search_term_string\"}}],\"inLanguage\":\"fr-FR\"},{\"@type\":\"Organization\",\"@id\":\"https:\\\/\\\/www.ruch.de\\\/fr\\\/#organization\",\"name\":\"RUCH NOVAPLAST GmbH\",\"url\":\"https:\\\/\\\/www.ruch.de\\\/fr\\\/\",\"logo\":{\"@type\":\"ImageObject\",\"inLanguage\":\"fr-FR\",\"@id\":\"https:\\\/\\\/www.ruch.de\\\/fr\\\/#\\\/schema\\\/logo\\\/image\\\/\",\"url\":\"https:\\\/\\\/www.ruch.de\\\/wp-content\\\/uploads\\\/2024\\\/11\\\/ruch-novaplast-logo-black.svg\",\"contentUrl\":\"https:\\\/\\\/www.ruch.de\\\/wp-content\\\/uploads\\\/2024\\\/11\\\/ruch-novaplast-logo-black.svg\",\"width\":1802,\"height\":338,\"caption\":\"RUCH NOVAPLAST GmbH\"},\"image\":{\"@id\":\"https:\\\/\\\/www.ruch.de\\\/fr\\\/#\\\/schema\\\/logo\\\/image\\\/\"},\"sameAs\":[\"https:\\\/\\\/www.facebook.com\\\/ruchnovaplast\",\"https:\\\/\\\/www.instagram.com\\\/ruchnovaplast\\\/\",\"https:\\\/\\\/www.linkedin.com\\\/company\\\/ruch-novaplast-gmbh\"]}]}<\/script>\n<!-- \/ Yoast SEO plugin. -->","yoast_head_json":{"title":"Connecter pi\u00e8ces moul\u00e9es | RUCH NOVAPLAST GmbH","description":"D\u00e9couvrez comment diff\u00e9rents connecteurs permettent d\u2019assembler vos pi\u00e8ces moul\u00e9es \u2013 toujours adapt\u00e9s \u00e0 vos besoins.","robots":{"index":"index","follow":"follow","max-snippet":"max-snippet:-1","max-image-preview":"max-image-preview:large","max-video-preview":"max-video-preview:-1"},"canonical":"https:\/\/www.ruch.de\/fr\/innovations\/connecter-des-pieces-moulees\/","og_locale":"fr_FR","og_type":"article","og_title":"Connecter pi\u00e8ces moul\u00e9es | RUCH NOVAPLAST GmbH","og_description":"D\u00e9couvrez comment diff\u00e9rents connecteurs permettent d\u2019assembler vos pi\u00e8ces moul\u00e9es \u2013 toujours adapt\u00e9s \u00e0 vos besoins.","og_url":"https:\/\/www.ruch.de\/fr\/innovations\/connecter-des-pieces-moulees\/","og_site_name":"RUCH NOVAPLAST","article_publisher":"https:\/\/www.facebook.com\/ruchnovaplast","article_modified_time":"2025-09-03T11:24:19+00:00","twitter_card":"summary_large_image","twitter_misc":{"Dur\u00e9e de lecture estim\u00e9e":"4 minutes"},"schema":{"@context":"https:\/\/schema.org","@graph":[{"@type":"WebPage","@id":"https:\/\/www.ruch.de\/fr\/innovations\/connecter-des-pieces-moulees\/","url":"https:\/\/www.ruch.de\/fr\/innovations\/connecter-des-pieces-moulees\/","name":"Connecter pi\u00e8ces moul\u00e9es | RUCH NOVAPLAST GmbH","isPartOf":{"@id":"https:\/\/www.ruch.de\/fr\/#website"},"datePublished":"2024-11-13T14:17:31+00:00","dateModified":"2025-09-03T11:24:19+00:00","description":"D\u00e9couvrez comment diff\u00e9rents connecteurs permettent d\u2019assembler vos pi\u00e8ces moul\u00e9es \u2013 toujours adapt\u00e9s \u00e0 vos besoins.","breadcrumb":{"@id":"https:\/\/www.ruch.de\/fr\/innovations\/connecter-des-pieces-moulees\/#breadcrumb"},"inLanguage":"fr-FR","potentialAction":[{"@type":"ReadAction","target":["https:\/\/www.ruch.de\/fr\/innovations\/connecter-des-pieces-moulees\/"]}]},{"@type":"BreadcrumbList","@id":"https:\/\/www.ruch.de\/fr\/innovations\/connecter-des-pieces-moulees\/#breadcrumb","itemListElement":[{"@type":"ListItem","position":1,"name":"Home","item":"https:\/\/www.ruch.de\/fr\/"},{"@type":"ListItem","position":2,"name":"Innovations","item":"https:\/\/www.ruch.de\/fr\/innovations\/"},{"@type":"ListItem","position":3,"name":"Connecter des pi\u00e8ces moul\u00e9es"}]},{"@type":"WebSite","@id":"https:\/\/www.ruch.de\/fr\/#website","url":"https:\/\/www.ruch.de\/fr\/","name":"www.ruch.de","description":"","publisher":{"@id":"https:\/\/www.ruch.de\/fr\/#organization"},"potentialAction":[{"@type":"SearchAction","target":{"@type":"EntryPoint","urlTemplate":"https:\/\/www.ruch.de\/fr\/?s={search_term_string}"},"query-input":{"@type":"PropertyValueSpecification","valueRequired":true,"valueName":"search_term_string"}}],"inLanguage":"fr-FR"},{"@type":"Organization","@id":"https:\/\/www.ruch.de\/fr\/#organization","name":"RUCH NOVAPLAST GmbH","url":"https:\/\/www.ruch.de\/fr\/","logo":{"@type":"ImageObject","inLanguage":"fr-FR","@id":"https:\/\/www.ruch.de\/fr\/#\/schema\/logo\/image\/","url":"https:\/\/www.ruch.de\/wp-content\/uploads\/2024\/11\/ruch-novaplast-logo-black.svg","contentUrl":"https:\/\/www.ruch.de\/wp-content\/uploads\/2024\/11\/ruch-novaplast-logo-black.svg","width":1802,"height":338,"caption":"RUCH NOVAPLAST GmbH"},"image":{"@id":"https:\/\/www.ruch.de\/fr\/#\/schema\/logo\/image\/"},"sameAs":["https:\/\/www.facebook.com\/ruchnovaplast","https:\/\/www.instagram.com\/ruchnovaplast\/","https:\/\/www.linkedin.com\/company\/ruch-novaplast-gmbh"]}]}},"_links":{"self":[{"href":"https:\/\/www.ruch.de\/fr\/wp-json\/wp\/v2\/pages\/2619","targetHints":{"allow":["GET"]}}],"collection":[{"href":"https:\/\/www.ruch.de\/fr\/wp-json\/wp\/v2\/pages"}],"about":[{"href":"https:\/\/www.ruch.de\/fr\/wp-json\/wp\/v2\/types\/page"}],"author":[{"embeddable":true,"href":"https:\/\/www.ruch.de\/fr\/wp-json\/wp\/v2\/users\/1"}],"replies":[{"embeddable":true,"href":"https:\/\/www.ruch.de\/fr\/wp-json\/wp\/v2\/comments?post=2619"}],"version-history":[{"count":0,"href":"https:\/\/www.ruch.de\/fr\/wp-json\/wp\/v2\/pages\/2619\/revisions"}],"up":[{"embeddable":true,"href":"https:\/\/www.ruch.de\/fr\/wp-json\/wp\/v2\/pages\/2572"}],"wp:featuredmedia":[{"embeddable":true,"href":"https:\/\/www.ruch.de\/fr\/wp-json\/"}],"wp:attachment":[{"href":"https:\/\/www.ruch.de\/fr\/wp-json\/wp\/v2\/media?parent=2619"}],"curies":[{"name":"wp","href":"https:\/\/api.w.org\/{rel}","templated":true}]}}