{"id":2615,"date":"2024-11-13T15:17:01","date_gmt":"2024-11-13T14:17:01","guid":{"rendered":"https:\/\/www.ruch.de\/innovations\/fixer-des-elements\/novason\/"},"modified":"2025-12-30T11:27:49","modified_gmt":"2025-12-30T10:27:49","slug":"novason","status":"publish","type":"page","link":"https:\/\/www.ruch.de\/fr\/innovations\/fixer-des-elements\/novason\/","title":{"rendered":"NOVAson\u00ae"},"content":{"rendered":"<div class=\"wpb-content-wrapper\"><p>[vc_row][vc_column]\n<div class=\"spacer spacer--large\" style=\"height:100px\"><\/div>\n<div class=\"spacer spacer--medium\" style=\"height:60px\"><\/div>\n<div class=\"spacer spacer--small\" style=\"height:60px\"><\/div>\n[vc_row_inner][vc_column_inner][vc_column_text css=\u00a0\u00bb\u00a0\u00bb]<\/p>\n<h1>NOVAson<sup>\u00ae<\/sup>: fonctionnalisation par technologie ultrasonique<\/h1>\n<p>[\/vc_column_text][\/vc_column_inner][\/vc_row_inner][vc_row_inner][vc_column_inner][vc_column_text css=\u00a0\u00bb\u00a0\u00bb]Avec NOVAson<sup>\u00ae<\/sup>, RUCH NOVAPLAST r\u00e9volutionne la fonctionnalisation des composants en mousse de particules gr\u00e2ce \u00e0 une technologie ultrasonique de pointe. Cette m\u00e9thode consiste \u00e0 ins\u00e9rer simultan\u00e9ment des \u00e9l\u00e9ments LiteWWeight<sup>\u00ae<\/sup> zEPP\u2122 dans des composants en mousse de particules, en assurant une liaison de forme et de mati\u00e8re. La vis PT<sup>\u00ae<\/sup> qui est ins\u00e9r\u00e9e dans l&rsquo;\u00e9l\u00e9ment est autotaraudeuse, contrairement au NOVAfeed&amp;fix<sup>\u00ae<\/sup>. Nous appelons cette fonctionnalisation dans la mousse de particules NOVAson<sup>\u00ae<\/sup>. Nous utilisons d\u00e9j\u00e0 ce nouveau syst\u00e8me dans les premiers projets en s\u00e9rie. Il est particuli\u00e8rement int\u00e9ressant dans les domaines du chauffage, de la climatisation et de la ventilation, c&rsquo;est-\u00e0-dire dans la <a href=\"https:\/\/www.ruch.de\/fr\/applications\/technique-du-batiment\/\">technique du b\u00e2timent et de la maison<\/a>.[\/vc_column_text][\/vc_column_inner][\/vc_row_inner]\n<div class=\"spacer spacer--large\" style=\"height:60px\"><\/div>\n<div class=\"spacer spacer--medium\" style=\"height:40px\"><\/div>\n<div class=\"spacer spacer--small\" style=\"height:30px\"><\/div>\n[vc_row_inner][vc_column_inner width=\u00a0\u00bb1\/3&Prime;][vc_single_image image=\u00a0\u00bb2746&Prime; img_size=\u00a0\u00bbfull\u00a0\u00bb css=\u00a0\u00bb\u00a0\u00bb][\/vc_column_inner][vc_column_inner width=\u00a0\u00bb2\/3&Prime;][\/vc_column_inner][\/vc_row_inner]\n<div class=\"spacer spacer--large\" style=\"height:100px\"><\/div>\n<div class=\"spacer spacer--medium\" style=\"height:60px\"><\/div>\n<div class=\"spacer spacer--small\" style=\"height:60px\"><\/div>\n[\/vc_column][\/vc_row][vc_row full_width=\u00a0\u00bbstretch_row\u00a0\u00bb el_class=\u00a0\u00bbbg-yellow-bubbles-top-left\u00a0\u00bb][vc_column]\n<div class=\"spacer spacer--large\" style=\"height:60px\"><\/div>\n<div class=\"spacer spacer--medium\" style=\"height:60px\"><\/div>\n<div class=\"spacer spacer--small\" style=\"height:60px\"><\/div>\n[vc_row_inner][vc_column_inner width=\u00a0\u00bb1\/2&Prime;][vc_column_text css=\u00a0\u00bb\u00a0\u00bb]<\/p>\n<h2><span class=\"black--stroke\">NOVAson<sup>\u00ae<\/sup> r\u00e9duit consid\u00e9rablement les temps de traitement<\/span><\/h2>\n<p>[\/vc_column_text][\/vc_column_inner][vc_column_inner width=\u00a0\u00bb1\/2&Prime;][\/vc_column_inner][\/vc_row_inner][vc_row_inner][vc_column_inner width=\u00a0\u00bb1\/2&Prime;][vc_column_text css=\u00a0\u00bb\u00a0\u00bb]NOVAson<sup>\u00ae<\/sup> constitue la base de filetages autotaraudeurs dans lesquels des vis peuvent ensuite \u00eatre ancr\u00e9es pour fixer d&rsquo;autres \u00e9l\u00e9ments.[\/vc_column_text][\/vc_column_inner][vc_column_inner width=\u00a0\u00bb1\/2&Prime;][vc_column_text css=\u00a0\u00bb\u00a0\u00bb]Cette technologie offre non seulement une durabilit\u00e9 maximale, mais r\u00e9duit \u00e9galement les temps de traitement gr\u00e2ce \u00e0 une int\u00e9gration particuli\u00e8rement efficace.[\/vc_column_text][\/vc_column_inner][\/vc_row_inner]\n<div class=\"spacer spacer--large\" style=\"height:60px\"><\/div>\n<div class=\"spacer spacer--medium\" style=\"height:60px\"><\/div>\n<div class=\"spacer spacer--small\" style=\"height:60px\"><\/div>\n[\/vc_column][\/vc_row][vc_row full_width=\u00a0\u00bbstretch_row_content_no_spaces\u00a0\u00bb][vc_column][vc_single_image image=\u00a0\u00bb2616&Prime; img_size=\u00a0\u00bbfull\u00a0\u00bb alignment=\u00a0\u00bbright\u00a0\u00bb css=\u00a0\u00bb\u00a0\u00bb][\/vc_column][\/vc_row][vc_row][vc_column]\n<div class=\"spacer spacer--large\" style=\"height:100px\"><\/div>\n<div class=\"spacer spacer--medium\" style=\"height:75px\"><\/div>\n<div class=\"spacer spacer--small\" style=\"height:50px\"><\/div>\n[\/vc_column][\/vc_row][vc_row][vc_column]          <div class=\"teaser-container teaser-container--two-colum\">\n\n        \n    <div class=\"ruch-teaser-card bg--gray  wpb_animate_when_almost_visible wpb_fadeInLeft fadeInLeft\">\n        <div class=\"teaser-card-content\">\n          <h3>Applications<\/h3>\n<p>Depuis des d\u00e9cennies, nous d\u00e9veloppons et produisons des pi\u00e8ces moul\u00e9es isolantes, des ensembles complets et des syst\u00e8mes de bo\u00eetiers complexes en mousse de particules pour un grand nombre d&rsquo;industries. Nos produits sont utilis\u00e9s dans les secteurs de la domotique et de la construction, de la m\u00e9decine et de l&rsquo;analyse, ainsi que dans les domaines de la protection de la t\u00eate et du corps et de la mobilit\u00e9. Apprenez-en plus d\u00e8s maintenant.<\/p>\n        <\/div>\n                <div class=\"teaser-card-button\">\n          <a href=\"https:\/\/www.ruch.de\/fr\/applications\/\" title=\"Vers les applications\" target=\"_self\" class=\"a--jump\">\n              Vers les applications          <\/a>\n        <\/div>\n            <\/div>\n\n  \n    <div class=\"ruch-teaser-card bg--blue  wpb_animate_when_almost_visible wpb_fadeInRight fadeInRight\">\n        <div class=\"teaser-card-content\">\n          <h3>Expertises<\/h3>\n<p>Depuis plus de 140 ans, RUCH NOVAPLAST combine une connaissance approfondie des produits, une connaissance approfondie des mat\u00e9riaux et des comp\u00e9tences de fabrication et de traitement de premier ordre pour cr\u00e9er des solutions de mousse de particules innovantes. Pour en savoir plus sur notre expertise, cliquez ici.<\/p>\n        <\/div>\n                <div class=\"teaser-card-button\">\n          <a href=\"https:\/\/www.ruch.de\/fr\/expertises\/\" title=\"Vers les expertises\" target=\"_self\" class=\"a--jump\">\n              Vers les expertises          <\/a>\n        <\/div>\n            <\/div>\n      <\/div>\n    [\/vc_column][\/vc_row][vc_row][vc_column]\n<div class=\"spacer spacer--large\" style=\"height:60px\"><\/div>\n<div class=\"spacer spacer--medium\" style=\"height:60px\"><\/div>\n<div class=\"spacer spacer--small\" style=\"height:60px\"><\/div>\n[\/vc_column][\/vc_row]<\/p>\n<\/div>","protected":false},"excerpt":{"rendered":"<p>[vc_row][vc_column][vc_row_inner][vc_column_inner][vc_column_text css=\u00a0\u00bb\u00a0\u00bb] NOVAson\u00ae: fonctionnalisation par technologie ultrasonique [\/vc_column_text][\/vc_column_inner][\/vc_row_inner][vc_row_inner][vc_column_inner][vc_column_text css=\u00a0\u00bb\u00a0\u00bb]Avec NOVAson\u00ae, RUCH NOVAPLAST r\u00e9volutionne la fonctionnalisation des composants en mousse de particules gr\u00e2ce \u00e0 une technologie ultrasonique<span class=\"excerpt-hellip\"> [\u2026]<\/span><\/p>\n","protected":false},"author":1,"featured_media":-1,"parent":2599,"menu_order":0,"comment_status":"closed","ping_status":"closed","template":"","meta":{"_acf_changed":false,"footnotes":""},"class_list":["post-2615","page","type-page","status-publish","has-post-thumbnail","hentry"],"acf":[],"yoast_head":"<!-- This site is optimized with the Yoast SEO plugin v27.3 - https:\/\/yoast.com\/product\/yoast-seo-wordpress\/ -->\n<title>NOVAson\u00ae | RUCH NOVAPLAST GmbH<\/title>\n<meta name=\"description\" content=\"NOVAson\u00ae r\u00e9volutionne la fonctionnalisation des composants en mousse de particules par technologie ultrasonique.\" \/>\n<meta name=\"robots\" content=\"index, follow, max-snippet:-1, max-image-preview:large, max-video-preview:-1\" \/>\n<link rel=\"canonical\" href=\"https:\/\/www.ruch.de\/fr\/innovations\/fixer-des-elements\/novason\/\" \/>\n<meta property=\"og:locale\" content=\"fr_FR\" \/>\n<meta property=\"og:type\" content=\"article\" \/>\n<meta property=\"og:title\" content=\"NOVAson\u00ae | RUCH NOVAPLAST GmbH\" \/>\n<meta property=\"og:description\" content=\"NOVAson\u00ae r\u00e9volutionne la fonctionnalisation des composants en mousse de particules par technologie ultrasonique.\" \/>\n<meta property=\"og:url\" content=\"https:\/\/www.ruch.de\/fr\/innovations\/fixer-des-elements\/novason\/\" \/>\n<meta property=\"og:site_name\" content=\"RUCH NOVAPLAST\" \/>\n<meta property=\"article:publisher\" content=\"https:\/\/www.facebook.com\/ruchnovaplast\" \/>\n<meta property=\"article:modified_time\" content=\"2025-12-30T10:27:49+00:00\" \/>\n<meta name=\"twitter:card\" content=\"summary_large_image\" \/>\n<meta name=\"twitter:label1\" content=\"Dur\u00e9e de lecture estim\u00e9e\" \/>\n\t<meta name=\"twitter:data1\" content=\"3 minutes\" \/>\n<script type=\"application\/ld+json\" class=\"yoast-schema-graph\">{\"@context\":\"https:\\\/\\\/schema.org\",\"@graph\":[{\"@type\":\"WebPage\",\"@id\":\"https:\\\/\\\/www.ruch.de\\\/fr\\\/innovations\\\/fixer-des-elements\\\/novason\\\/\",\"url\":\"https:\\\/\\\/www.ruch.de\\\/fr\\\/innovations\\\/fixer-des-elements\\\/novason\\\/\",\"name\":\"NOVAson\u00ae | RUCH NOVAPLAST GmbH\",\"isPartOf\":{\"@id\":\"https:\\\/\\\/www.ruch.de\\\/fr\\\/#website\"},\"datePublished\":\"2024-11-13T14:17:01+00:00\",\"dateModified\":\"2025-12-30T10:27:49+00:00\",\"description\":\"NOVAson\u00ae r\u00e9volutionne la fonctionnalisation des composants en mousse de particules par technologie ultrasonique.\",\"breadcrumb\":{\"@id\":\"https:\\\/\\\/www.ruch.de\\\/fr\\\/innovations\\\/fixer-des-elements\\\/novason\\\/#breadcrumb\"},\"inLanguage\":\"fr-FR\",\"potentialAction\":[{\"@type\":\"ReadAction\",\"target\":[\"https:\\\/\\\/www.ruch.de\\\/fr\\\/innovations\\\/fixer-des-elements\\\/novason\\\/\"]}]},{\"@type\":\"BreadcrumbList\",\"@id\":\"https:\\\/\\\/www.ruch.de\\\/fr\\\/innovations\\\/fixer-des-elements\\\/novason\\\/#breadcrumb\",\"itemListElement\":[{\"@type\":\"ListItem\",\"position\":1,\"name\":\"Home\",\"item\":\"https:\\\/\\\/www.ruch.de\\\/fr\\\/\"},{\"@type\":\"ListItem\",\"position\":2,\"name\":\"Innovations\",\"item\":\"https:\\\/\\\/www.ruch.de\\\/fr\\\/innovations\\\/\"},{\"@type\":\"ListItem\",\"position\":3,\"name\":\"Fixer des \u00e9l\u00e9ments\",\"item\":\"https:\\\/\\\/www.ruch.de\\\/fr\\\/innovations\\\/fixer-des-elements\\\/\"},{\"@type\":\"ListItem\",\"position\":4,\"name\":\"NOVAson\u00ae\"}]},{\"@type\":\"WebSite\",\"@id\":\"https:\\\/\\\/www.ruch.de\\\/fr\\\/#website\",\"url\":\"https:\\\/\\\/www.ruch.de\\\/fr\\\/\",\"name\":\"www.ruch.de\",\"description\":\"\",\"publisher\":{\"@id\":\"https:\\\/\\\/www.ruch.de\\\/fr\\\/#organization\"},\"potentialAction\":[{\"@type\":\"SearchAction\",\"target\":{\"@type\":\"EntryPoint\",\"urlTemplate\":\"https:\\\/\\\/www.ruch.de\\\/fr\\\/?s={search_term_string}\"},\"query-input\":{\"@type\":\"PropertyValueSpecification\",\"valueRequired\":true,\"valueName\":\"search_term_string\"}}],\"inLanguage\":\"fr-FR\"},{\"@type\":\"Organization\",\"@id\":\"https:\\\/\\\/www.ruch.de\\\/fr\\\/#organization\",\"name\":\"RUCH NOVAPLAST GmbH\",\"url\":\"https:\\\/\\\/www.ruch.de\\\/fr\\\/\",\"logo\":{\"@type\":\"ImageObject\",\"inLanguage\":\"fr-FR\",\"@id\":\"https:\\\/\\\/www.ruch.de\\\/fr\\\/#\\\/schema\\\/logo\\\/image\\\/\",\"url\":\"https:\\\/\\\/www.ruch.de\\\/wp-content\\\/uploads\\\/2024\\\/11\\\/ruch-novaplast-logo-black.svg\",\"contentUrl\":\"https:\\\/\\\/www.ruch.de\\\/wp-content\\\/uploads\\\/2024\\\/11\\\/ruch-novaplast-logo-black.svg\",\"width\":1802,\"height\":338,\"caption\":\"RUCH NOVAPLAST GmbH\"},\"image\":{\"@id\":\"https:\\\/\\\/www.ruch.de\\\/fr\\\/#\\\/schema\\\/logo\\\/image\\\/\"},\"sameAs\":[\"https:\\\/\\\/www.facebook.com\\\/ruchnovaplast\",\"https:\\\/\\\/www.instagram.com\\\/ruchnovaplast\\\/\",\"https:\\\/\\\/www.linkedin.com\\\/company\\\/ruch-novaplast-gmbh\"]}]}<\/script>\n<!-- \/ Yoast SEO plugin. -->","yoast_head_json":{"title":"NOVAson\u00ae | RUCH NOVAPLAST GmbH","description":"NOVAson\u00ae r\u00e9volutionne la fonctionnalisation des composants en mousse de particules par technologie ultrasonique.","robots":{"index":"index","follow":"follow","max-snippet":"max-snippet:-1","max-image-preview":"max-image-preview:large","max-video-preview":"max-video-preview:-1"},"canonical":"https:\/\/www.ruch.de\/fr\/innovations\/fixer-des-elements\/novason\/","og_locale":"fr_FR","og_type":"article","og_title":"NOVAson\u00ae | RUCH NOVAPLAST GmbH","og_description":"NOVAson\u00ae r\u00e9volutionne la fonctionnalisation des composants en mousse de particules par technologie ultrasonique.","og_url":"https:\/\/www.ruch.de\/fr\/innovations\/fixer-des-elements\/novason\/","og_site_name":"RUCH NOVAPLAST","article_publisher":"https:\/\/www.facebook.com\/ruchnovaplast","article_modified_time":"2025-12-30T10:27:49+00:00","twitter_card":"summary_large_image","twitter_misc":{"Dur\u00e9e de lecture estim\u00e9e":"3 minutes"},"schema":{"@context":"https:\/\/schema.org","@graph":[{"@type":"WebPage","@id":"https:\/\/www.ruch.de\/fr\/innovations\/fixer-des-elements\/novason\/","url":"https:\/\/www.ruch.de\/fr\/innovations\/fixer-des-elements\/novason\/","name":"NOVAson\u00ae | RUCH NOVAPLAST GmbH","isPartOf":{"@id":"https:\/\/www.ruch.de\/fr\/#website"},"datePublished":"2024-11-13T14:17:01+00:00","dateModified":"2025-12-30T10:27:49+00:00","description":"NOVAson\u00ae r\u00e9volutionne la fonctionnalisation des composants en mousse de particules par technologie ultrasonique.","breadcrumb":{"@id":"https:\/\/www.ruch.de\/fr\/innovations\/fixer-des-elements\/novason\/#breadcrumb"},"inLanguage":"fr-FR","potentialAction":[{"@type":"ReadAction","target":["https:\/\/www.ruch.de\/fr\/innovations\/fixer-des-elements\/novason\/"]}]},{"@type":"BreadcrumbList","@id":"https:\/\/www.ruch.de\/fr\/innovations\/fixer-des-elements\/novason\/#breadcrumb","itemListElement":[{"@type":"ListItem","position":1,"name":"Home","item":"https:\/\/www.ruch.de\/fr\/"},{"@type":"ListItem","position":2,"name":"Innovations","item":"https:\/\/www.ruch.de\/fr\/innovations\/"},{"@type":"ListItem","position":3,"name":"Fixer des \u00e9l\u00e9ments","item":"https:\/\/www.ruch.de\/fr\/innovations\/fixer-des-elements\/"},{"@type":"ListItem","position":4,"name":"NOVAson\u00ae"}]},{"@type":"WebSite","@id":"https:\/\/www.ruch.de\/fr\/#website","url":"https:\/\/www.ruch.de\/fr\/","name":"www.ruch.de","description":"","publisher":{"@id":"https:\/\/www.ruch.de\/fr\/#organization"},"potentialAction":[{"@type":"SearchAction","target":{"@type":"EntryPoint","urlTemplate":"https:\/\/www.ruch.de\/fr\/?s={search_term_string}"},"query-input":{"@type":"PropertyValueSpecification","valueRequired":true,"valueName":"search_term_string"}}],"inLanguage":"fr-FR"},{"@type":"Organization","@id":"https:\/\/www.ruch.de\/fr\/#organization","name":"RUCH NOVAPLAST GmbH","url":"https:\/\/www.ruch.de\/fr\/","logo":{"@type":"ImageObject","inLanguage":"fr-FR","@id":"https:\/\/www.ruch.de\/fr\/#\/schema\/logo\/image\/","url":"https:\/\/www.ruch.de\/wp-content\/uploads\/2024\/11\/ruch-novaplast-logo-black.svg","contentUrl":"https:\/\/www.ruch.de\/wp-content\/uploads\/2024\/11\/ruch-novaplast-logo-black.svg","width":1802,"height":338,"caption":"RUCH NOVAPLAST GmbH"},"image":{"@id":"https:\/\/www.ruch.de\/fr\/#\/schema\/logo\/image\/"},"sameAs":["https:\/\/www.facebook.com\/ruchnovaplast","https:\/\/www.instagram.com\/ruchnovaplast\/","https:\/\/www.linkedin.com\/company\/ruch-novaplast-gmbh"]}]}},"_links":{"self":[{"href":"https:\/\/www.ruch.de\/fr\/wp-json\/wp\/v2\/pages\/2615","targetHints":{"allow":["GET"]}}],"collection":[{"href":"https:\/\/www.ruch.de\/fr\/wp-json\/wp\/v2\/pages"}],"about":[{"href":"https:\/\/www.ruch.de\/fr\/wp-json\/wp\/v2\/types\/page"}],"author":[{"embeddable":true,"href":"https:\/\/www.ruch.de\/fr\/wp-json\/wp\/v2\/users\/1"}],"replies":[{"embeddable":true,"href":"https:\/\/www.ruch.de\/fr\/wp-json\/wp\/v2\/comments?post=2615"}],"version-history":[{"count":1,"href":"https:\/\/www.ruch.de\/fr\/wp-json\/wp\/v2\/pages\/2615\/revisions"}],"predecessor-version":[{"id":7557,"href":"https:\/\/www.ruch.de\/fr\/wp-json\/wp\/v2\/pages\/2615\/revisions\/7557"}],"up":[{"embeddable":true,"href":"https:\/\/www.ruch.de\/fr\/wp-json\/wp\/v2\/pages\/2599"}],"wp:featuredmedia":[{"embeddable":true,"href":"https:\/\/www.ruch.de\/fr\/wp-json\/"}],"wp:attachment":[{"href":"https:\/\/www.ruch.de\/fr\/wp-json\/wp\/v2\/media?parent=2615"}],"curies":[{"name":"wp","href":"https:\/\/api.w.org\/{rel}","templated":true}]}}