{"id":2605,"date":"2024-11-13T15:16:45","date_gmt":"2024-11-13T14:16:45","guid":{"rendered":"https:\/\/www.ruch.de\/innovations\/fixer-des-elements\/novafeedfix\/"},"modified":"2025-08-07T15:04:16","modified_gmt":"2025-08-07T13:04:16","slug":"novafeedfix","status":"publish","type":"page","link":"https:\/\/www.ruch.de\/fr\/innovations\/fixer-des-elements\/novafeedfix\/","title":{"rendered":"NOVAfeed&amp;fix\u00ae"},"content":{"rendered":"<div class=\"wpb-content-wrapper\"><p>[vc_row][vc_column]\n<div class=\"spacer spacer--large\" style=\"height:100px\"><\/div>\n<div class=\"spacer spacer--medium\" style=\"height:60px\"><\/div>\n<div class=\"spacer spacer--small\" style=\"height:60px\"><\/div>\n[vc_row_inner][vc_column_inner][vc_column_text css=\u00a0\u00bb\u00a0\u00bb]<\/p>\n<h1>NOVAfeed&amp;fix<sup>\u00ae<\/sup>: notre innovation pour la travers\u00e9e et la fixation<\/h1>\n<p>[\/vc_column_text][\/vc_column_inner][\/vc_row_inner][vc_row_inner][vc_column_inner][vc_column_text css=\u00a0\u00bb\u00a0\u00bb]La s\u00e9rie NOVAfeed&amp;fix<sup>\u00ae<\/sup> de RUCH NOVAPLAST d\u00e9signe des travers\u00e9es de bo\u00eetier et des \u00e9l\u00e9ments de fixation standardis\u00e9s qui sont cr\u00e9\u00e9s en combinant des <a href=\"https:\/\/www.ruch.de\/fr\/expertises\/expertise-des-procedes\/#pvsg\">pi\u00e8ces normalis\u00e9es PVSG<\/a> avec des pi\u00e8ces composites l\u00e9g\u00e8res. Au cours d&rsquo;un processus de fabrication en une seule \u00e9tape, nous \u00e9quipons les pi\u00e8ces moul\u00e9es de filetages m\u00e9triques qui servent d&rsquo;interface. L&rsquo;assemblage est solidaire du mat\u00e9riau et donc excellent en termes de r\u00e9sistance et de fonctionnalit\u00e9.[\/vc_column_text][\/vc_column_inner][\/vc_row_inner]\n<div class=\"spacer spacer--large\" style=\"height:60px\"><\/div>\n<div class=\"spacer spacer--medium\" style=\"height:40px\"><\/div>\n<div class=\"spacer spacer--small\" style=\"height:30px\"><\/div>\n[vc_row_inner][vc_column_inner width=\u00a0\u00bb1\/3&Prime;][vc_single_image image=\u00a0\u00bb2744&Prime; img_size=\u00a0\u00bbfull\u00a0\u00bb css=\u00a0\u00bb\u00a0\u00bb][\/vc_column_inner][vc_column_inner width=\u00a0\u00bb2\/3&Prime;][\/vc_column_inner][\/vc_row_inner]\n<div class=\"spacer spacer--large\" style=\"height:100px\"><\/div>\n<div class=\"spacer spacer--medium\" style=\"height:60px\"><\/div>\n<div class=\"spacer spacer--small\" style=\"height:60px\"><\/div>\n[\/vc_column][\/vc_row][vc_row full_width=\u00a0\u00bbstretch_row\u00a0\u00bb el_class=\u00a0\u00bbbg-yellow-bubbles-top-left\u00a0\u00bb][vc_column]\n<div class=\"spacer spacer--large\" style=\"height:60px\"><\/div>\n<div class=\"spacer spacer--medium\" style=\"height:60px\"><\/div>\n<div class=\"spacer spacer--small\" style=\"height:60px\"><\/div>\n[vc_row_inner][vc_column_inner width=\u00a0\u00bb1\/2&Prime;][vc_column_text css=\u00a0\u00bb\u00a0\u00bb]<\/p>\n<h2><span class=\"black--stroke\">Notre syst\u00e8me modulaire NOVAfeed&amp;fix<sup>\u00ae<\/sup> offre de nombreuses possibilit\u00e9s<\/span><\/h2>\n<p>[\/vc_column_text][\/vc_column_inner][vc_column_inner width=\u00a0\u00bb1\/2&Prime;][\/vc_column_inner][\/vc_row_inner][vc_row_inner][vc_column_inner width=\u00a0\u00bb1\/2&Prime;][vc_column_text css=\u00a0\u00bb\u00a0\u00bb]Dans la version \u00ab\u00a0m\u00e9trique\u00a0\u00bb, des tailles de filetage telles que M6, M8, M25 et M40 sont actuellement disponibles, ce qui assure une flexibilit\u00e9 maximale et un montage tr\u00e8s simple. Le syst\u00e8me modulaire NOVAfeed&amp;fix<sup>\u00ae<\/sup> ouvre la voie \u00e0 de nombreuses applications, notamment des passages de c\u00e2bles \u00e9tanches et r\u00e9sistants \u00e0 la pression avec protection anti-pliage, des logements de capteurs, des raccords de tuyaux et des options de ventilation active ou de drainage.<\/p>\n<p>Ces \u00e9l\u00e9ments de fixation bien pens\u00e9s combinent efficacit\u00e9 et stabilit\u00e9 : ils sont ins\u00e9r\u00e9s avec pr\u00e9cision, robustesse et sans soudure dans le ch\u00e2ssis en EPP, cr\u00e9ant ainsi un assemblage durable et r\u00e9sistant qui peut supporter des contraintes m\u00e9caniques et thermiques.[\/vc_column_text][\/vc_column_inner][vc_column_inner width=\u00a0\u00bb1\/2&Prime;][vc_column_text css=\u00a0\u00bb\u00a0\u00bb]Avec NOVAfeed&amp;fix<sup>\u00ae<\/sup>, RUCH NOVAPLAST ouvre donc la voie \u00e0 des solutions hautement int\u00e9gr\u00e9es, durables et performantes &#8211; parfaitement adapt\u00e9es aux exigences des applications modernes.[\/vc_column_text][\/vc_column_inner][\/vc_row_inner]\n<div class=\"spacer spacer--large\" style=\"height:60px\"><\/div>\n<div class=\"spacer spacer--medium\" style=\"height:60px\"><\/div>\n<div class=\"spacer spacer--small\" style=\"height:60px\"><\/div>\n[\/vc_column][\/vc_row][vc_row full_width=\u00a0\u00bbstretch_row\u00a0\u00bb css=\u00a0\u00bb.vc_custom_1737616647330{background-color: #FFFFFF !important;}\u00a0\u00bb][vc_column]\n<div class=\"spacer spacer--large\" style=\"height:60px\"><\/div>\n<div class=\"spacer spacer--medium\" style=\"height:60px\"><\/div>\n<div class=\"spacer spacer--small\" style=\"height:60px\"><\/div>\n[\/vc_column][\/vc_row][vc_row full_width=\u00a0\u00bbstretch_row\u00a0\u00bb css=\u00a0\u00bb.vc_custom_1737616653494{background-color: #FFFFFF !important;}\u00a0\u00bb][vc_column][vc_column_text css_animation=\u00a0\u00bbfadeInLeft\u00a0\u00bb css=\u00a0\u00bb\u00a0\u00bb]<a class=\"a--jump\" href=\"#sicher-befestigen\">Fixer en toute s\u00e9curit\u00e9<\/a> <a class=\"a--jump\" href=\"#durchfuehren-verschliessen-abdichten\">Traverser, fermer et \u00e9tanch\u00e9ifier<\/a>[\/vc_column_text][\/vc_column][\/vc_row][vc_row full_width=\u00a0\u00bbstretch_row\u00a0\u00bb el_id=\u00a0\u00bbfixez en toute s\u00e9curit\u00e9\u00a0\u00bb css=\u00a0\u00bb.vc_custom_1737616659300{background-color: #FFFFFF !important;}\u00a0\u00bb][vc_column]\n<div class=\"spacer spacer--large\" style=\"height:60px\"><\/div>\n<div class=\"spacer spacer--medium\" style=\"height:60px\"><\/div>\n<div class=\"spacer spacer--small\" style=\"height:60px\"><\/div>\n[\/vc_column][\/vc_row][vc_row full_width=\u00a0\u00bbstretch_row\u00a0\u00bb content_placement=\u00a0\u00bbmiddle\u00a0\u00bb css=\u00a0\u00bb.vc_custom_1737616665486{background-color: #FFFFFF !important;}\u00a0\u00bb][vc_column width=\u00a0\u00bb6\/12&Prime;][vc_single_image image=\u00a0\u00bb2611&Prime; img_size=\u00a0\u00bbfull\u00a0\u00bb css=\u00a0\u00bb\u00a0\u00bb][\/vc_column][vc_column width=\u00a0\u00bb5\/12&Prime;][vc_column_text css=\u00a0\u00bb\u00a0\u00bb]<\/p>\n<h3>Fixer en toute s\u00e9curit\u00e9 : avec M6 et M8<\/h3>\n<p>Les \u00e9l\u00e9ments de fixation M6 et M8 de la s\u00e9rie NOVAfeed&amp;fix<sup>\u00ae<\/sup> disposent d&rsquo;une bague en mousse de particules identique. La diff\u00e9rence essentielle r\u00e9side dans la capacit\u00e9 de charge, qui varie en fonction de la taille du filetage interne. Le filetage int\u00e9rieur de l&rsquo;\u00e9l\u00e9ment M6 mesure M6x1, tandis que le filetage int\u00e9rieur de l&rsquo;\u00e9l\u00e9ment M8 (bleu) mesure M8x1,25. Ces \u00e9l\u00e9ments de fixation sont utilis\u00e9s de mani\u00e8re polyvalente, par exemple pour fixer des trappes d&rsquo;entretien sur des unit\u00e9s de ventilation ou pour monter des unit\u00e9s en toute s\u00e9curit\u00e9 sur des murs. Si des charni\u00e8res sont n\u00e9cessaires, NOVAfeed&amp;fix<sup>\u00ae<\/sup> permet de relier deux pi\u00e8ces moul\u00e9es mobiles de mani\u00e8re s\u00fbre et stable.[\/vc_column_text][\/vc_column][vc_column width=\u00a0\u00bb1\/12&Prime;][\/vc_column][\/vc_row][vc_row full_width=\u00a0\u00bbstretch_row\u00a0\u00bb el_id=\u00a0\u00bbtraverser-fermer-\u00e9tancher\u00a0\u00bb css=\u00a0\u00bb.vc_custom_1737616672155{background-color: #FFFFFF !important;}\u00a0\u00bb][vc_column]\n<div class=\"spacer spacer--large\" style=\"height:100px\"><\/div>\n<div class=\"spacer spacer--medium\" style=\"height:75px\"><\/div>\n<div class=\"spacer spacer--small\" style=\"height:50px\"><\/div>\n[\/vc_column][\/vc_row][vc_row full_width=\u00a0\u00bbstretch_row\u00a0\u00bb content_placement=\u00a0\u00bbmiddle\u00a0\u00bb css=\u00a0\u00bb.vc_custom_1737616677321{background-color: #FFFFFF !important;}\u00a0\u00bb][vc_column width=\u00a0\u00bb5\/12&Prime;][vc_column_text css=\u00a0\u00bb\u00a0\u00bb]<\/p>\n<h3>Traverser, obturer et sceller : avec M25 et M40<\/h3>\n<p>Les \u00e9l\u00e9ments NOVAfeed&amp;fix<sup>\u00ae<\/sup> \u00e0 filetage interne offrent de nombreuses possibilit\u00e9s d&rsquo;utilisation : Le filetage interne de l&rsquo;\u00e9l\u00e9ment M25 mesure M25x1,5, le filetage interne de l&rsquo;\u00e9l\u00e9ment M40 mesure M40x1,5. Ces filetages servent d&rsquo;interface pratique pour de nombreuses applications. Ils permettent entre autres de faire passer et de visser en toute s\u00e9curit\u00e9 des c\u00e2bles et des tuyaux, favorisent la ventilation ou le drainage dans les appareils de la technique du b\u00e2timent et conviennent \u00e0 l&rsquo;int\u00e9gration de fixations Camloc.[\/vc_column_text][\/vc_column][vc_column width=\u00a0\u00bb6\/12&Prime;][vc_single_image image=\u00a0\u00bb2610&Prime; img_size=\u00a0\u00bbfull\u00a0\u00bb css=\u00a0\u00bb\u00a0\u00bb][\/vc_column][vc_column width=\u00a0\u00bb1\/12&Prime;][\/vc_column][\/vc_row][vc_row full_width=\u00a0\u00bbstretch_row\u00a0\u00bb css=\u00a0\u00bb.vc_custom_1737616682345{background-color: #FFFFFF !important;}\u00a0\u00bb][vc_column]\n<div class=\"spacer spacer--large\" style=\"height:60px\"><\/div>\n<div class=\"spacer spacer--medium\" style=\"height:60px\"><\/div>\n<div class=\"spacer spacer--small\" style=\"height:30px\"><\/div>\n[\/vc_column][\/vc_row][vc_row][vc_column]\n<div class=\"spacer spacer--large\" style=\"height:60px\"><\/div>\n<div class=\"spacer spacer--medium\" style=\"height:60px\"><\/div>\n<div class=\"spacer spacer--small\" style=\"height:30px\"><\/div>\n[\/vc_column][\/vc_row][vc_row content_placement=\u00a0\u00bbmiddle\u00a0\u00bb][vc_column offset=\u00a0\u00bbvc_col-lg-6 vc_col-md-6 vc_col-xs-12&Prime;][vc_single_image image=\u00a0\u00bb2606&Prime; img_size=\u00a0\u00bbfull\u00a0\u00bb css=\u00a0\u00bb\u00a0\u00bb][\/vc_column][vc_column offset=\u00a0\u00bbvc_col-lg-5 vc_col-md-5 vc_col-xs-12&Prime;][vc_column_text css=\u00a0\u00bb\u00a0\u00bb]<\/p>\n<h3>Une \u00e9tanch\u00e9it\u00e9 exceptionnelle<\/h3>\n<p>Gr\u00e2ce \u00e0 la pr\u00e9cision d&rsquo;ajustement de nos pi\u00e8ces moul\u00e9es et aux \u00e9l\u00e9ments innovants NOVAfeed&amp;fix<sup>\u00ae<\/sup>, nous obtenons des valeurs d&rsquo;\u00e9tanch\u00e9it\u00e9 exceptionnelles &#8211; souvent bien sup\u00e9rieures aux exigences. Qu&rsquo;il s&rsquo;agisse de travers\u00e9es de parois ou de constructions complexes : Nous emp\u00eachons les entr\u00e9es et les sorties d&rsquo;air incontr\u00f4l\u00e9es.[\/vc_column_text]  <a class=\"btn-custom2\" href=\"https:\/\/www.ruch.de\/fr\/expertises\/expertise-en-produits-fonctionnels\/#etancheite\" target=\"_self\" title=\"En savoir plus sur l&#039;\u00e9tanch\u00e9it\u00e9\">En savoir plus sur l'\u00e9tanch\u00e9it\u00e9<\/a>\n<div class=\"spacer spacer--small\" style=\"height:30px\"><\/div>\n[\/vc_column][vc_column width=\u00a0\u00bb1\/12&Prime; offset=\u00a0\u00bbvc_col-lg-1 vc_col-md-1 vc_hidden-sm vc_hidden-xs\u00a0\u00bb][\/vc_column][\/vc_row][vc_row][vc_column]\n<div class=\"spacer spacer--large\" style=\"height:100px\"><\/div>\n<div class=\"spacer spacer--medium\" style=\"height:75px\"><\/div>\n<div class=\"spacer spacer--small\" style=\"height:50px\"><\/div>\n[\/vc_column][\/vc_row][vc_row content_placement=\u00a0\u00bbmiddle\u00a0\u00bb el_class=\u00a0\u00bbimage-next-to-text-reverse\u00a0\u00bb][vc_column width=\u00a0\u00bb1\/12&Prime; offset=\u00a0\u00bbvc_col-lg-1 vc_col-md-1 vc_hidden-sm vc_hidden-xs\u00a0\u00bb][\/vc_column][vc_column offset=\u00a0\u00bbvc_col-lg-5 vc_col-md-5 vc_col-xs-12&Prime;][vc_column_text css=\u00a0\u00bb\u00a0\u00bb]<\/p>\n<h3>La mousse de particules rencontre le moulage par injection<\/h3>\n<p>Gr\u00e2ce \u00e0 la technologie innovante PVSG (moulage par injection composite de mousse de particules), RUCH NOVAPLAST combine les meilleures propri\u00e9t\u00e9s de la mousse de particules et des thermoplastiques. Il en r\u00e9sulte des composants l\u00e9gers et solides avec un syst\u00e8me de fixation int\u00e9gr\u00e9 &#8211; la base parfaite pour notre s\u00e9rie NOVAfeed&amp;fix<sup>\u00ae<\/sup>.[\/vc_column_text]  <a class=\"btn-custom2\" href=\"https:\/\/www.ruch.de\/fr\/expertises\/expertise-des-procedes\/#pvsg\" target=\"_self\" title=\"En savoir plus sur PVSG\">En savoir plus sur PVSG<\/a>\n<div class=\"spacer spacer--small\" style=\"height:30px\"><\/div>\n[\/vc_column][vc_column offset=\u00a0\u00bbvc_col-lg-6 vc_col-md-6 vc_col-xs-12&Prime;][vc_single_image image=\u00a0\u00bb2608&Prime; img_size=\u00a0\u00bbfull\u00a0\u00bb css=\u00a0\u00bb\u00a0\u00bb][\/vc_column][\/vc_row][vc_row][vc_column]\n<div class=\"spacer spacer--large\" style=\"height:100px\"><\/div>\n<div class=\"spacer spacer--medium\" style=\"height:75px\"><\/div>\n<div class=\"spacer spacer--small\" style=\"height:50px\"><\/div>\n[\/vc_column][\/vc_row][vc_row content_placement=\u00a0\u00bbmiddle\u00a0\u00bb][vc_column offset=\u00a0\u00bbvc_col-lg-6 vc_col-md-6 vc_col-xs-12&Prime;][vc_single_image image=\u00a0\u00bb2609&Prime; img_size=\u00a0\u00bbfull\u00a0\u00bb css=\u00a0\u00bb\u00a0\u00bb][\/vc_column][vc_column offset=\u00a0\u00bbvc_col-lg-5 vc_col-md-5 vc_col-xs-12&Prime;][vc_column_text css=\u00a0\u00bb\u00a0\u00bb]<\/p>\n<h3>Options de fixation pour les cargobikes<\/h3>\n<p>Nos \u00e9l\u00e9ments NOVAfeed&amp;fix<sup>\u00ae<\/sup> offrent des solutions de fixation fiables et polyvalentes &#8211; id\u00e9ales pour des applications telles que la fixation de si\u00e8ges ou d&rsquo;autres composants automobiles. Solides, durables et parfaitement adapt\u00e9s aux exigences de la vie quotidienne.[\/vc_column_text]  <a class=\"btn-custom2\" href=\"https:\/\/www.ruch.de\/fr\/applications\/mobilite\/\" target=\"_self\" title=\"En savoir plus sur nos applications dans le domaine de la mobilit\u00e9\">En savoir plus sur nos applications dans le domaine de la mobilit\u00e9<\/a>\n<div class=\"spacer spacer--small\" style=\"height:30px\"><\/div>\n[\/vc_column][vc_column width=\u00a0\u00bb1\/12&Prime; offset=\u00a0\u00bbvc_col-lg-1 vc_col-md-1 vc_hidden-sm vc_hidden-xs\u00a0\u00bb][\/vc_column][\/vc_row][vc_row][vc_column]\n<div class=\"spacer spacer--large\" style=\"height:100px\"><\/div>\n<div class=\"spacer spacer--medium\" style=\"height:75px\"><\/div>\n<div class=\"spacer spacer--small\" style=\"height:50px\"><\/div>\n[\/vc_column][\/vc_row][vc_row][vc_column]          <div class=\"teaser-container teaser-container--two-colum\">\n\n        \n    <div class=\"ruch-teaser-card bg--gray  wpb_animate_when_almost_visible wpb_fadeInLeft fadeInLeft\">\n        <div class=\"teaser-card-content\">\n          <h3>Applications<\/h3>\n<p>Depuis des d\u00e9cennies, nous d\u00e9veloppons et fabriquons des pi\u00e8ces moul\u00e9es isolantes, des ensembles complets et des syst\u00e8mes de bo\u00eetiers complexes en mousse de particules pour les secteurs les plus divers. Nos produits sont notamment utilis\u00e9s dans les secteurs de la domotique et de la construction, de la m\u00e9decine et de l&rsquo;analyse, ainsi que dans les domaines de la protection de la t\u00eate et du corps et de la mobilit\u00e9. En savoir plus maintenant.<\/p>\n        <\/div>\n                <div class=\"teaser-card-button\">\n          <a href=\"https:\/\/www.ruch.de\/fr\/applications\/\" title=\"Vers les applications\" target=\"_self\" class=\"a--jump\">\n              Vers les applications          <\/a>\n        <\/div>\n            <\/div>\n\n  \n    <div class=\"ruch-teaser-card bg--blue  wpb_animate_when_almost_visible wpb_fadeInRight fadeInRight\">\n        <div class=\"teaser-card-content\">\n          <h3>Expertises<\/h3>\n<p>Depuis plus de 140 ans, RUCH NOVAPLAST associe une solide comp\u00e9tence en mati\u00e8re de produits, une connaissance approfondie des mat\u00e9riaux et un savoir-faire de premier ordre en mati\u00e8re de fabrication et de processus pour d\u00e9velopper des solutions innovantes en mousse de particules. Pour en savoir plus sur nos comp\u00e9tences, cliquez ici.<\/p>\n        <\/div>\n                <div class=\"teaser-card-button\">\n          <a href=\"https:\/\/www.ruch.de\/fr\/expertises\/\" title=\"Vers les expertises\" target=\"_self\" class=\"a--jump\">\n              Vers les expertises          <\/a>\n        <\/div>\n            <\/div>\n      <\/div>\n    [\/vc_column][\/vc_row][vc_row][vc_column]\n<div class=\"spacer spacer--large\" style=\"height:60px\"><\/div>\n<div class=\"spacer spacer--medium\" style=\"height:60px\"><\/div>\n<div class=\"spacer spacer--small\" style=\"height:60px\"><\/div>\n[\/vc_column][\/vc_row]<\/p>\n<\/div>","protected":false},"excerpt":{"rendered":"<p>[vc_row][vc_column][vc_row_inner][vc_column_inner][vc_column_text css=\u00a0\u00bb\u00a0\u00bb] NOVAfeed&amp;fix\u00ae: notre innovation pour la travers\u00e9e et la fixation [\/vc_column_text][\/vc_column_inner][\/vc_row_inner][vc_row_inner][vc_column_inner][vc_column_text css=\u00a0\u00bb\u00a0\u00bb]La s\u00e9rie NOVAfeed&amp;fix\u00ae de RUCH NOVAPLAST d\u00e9signe des travers\u00e9es de bo\u00eetier et des \u00e9l\u00e9ments<span class=\"excerpt-hellip\"> [\u2026]<\/span><\/p>\n","protected":false},"author":1,"featured_media":-1,"parent":2599,"menu_order":0,"comment_status":"closed","ping_status":"closed","template":"","meta":{"_acf_changed":false,"footnotes":""},"class_list":["post-2605","page","type-page","status-publish","has-post-thumbnail","hentry"],"acf":[],"yoast_head":"<!-- This site is optimized with the Yoast SEO plugin v27.3 - https:\/\/yoast.com\/product\/yoast-seo-wordpress\/ -->\n<title>NOVAfeed&amp;fix\u00ae | RUCH NOVAPLAST GmbH<\/title>\n<meta name=\"description\" content=\"NOVAfeed&amp;fix\u00ae permet de cr\u00e9er des assemblages par liaison de mati\u00e8re dont la capacit\u00e9 de charge et la fonctionnalit\u00e9 sont excellentes. En savoir plus.\" \/>\n<meta name=\"robots\" content=\"index, follow, max-snippet:-1, max-image-preview:large, max-video-preview:-1\" \/>\n<link rel=\"canonical\" href=\"https:\/\/www.ruch.de\/fr\/innovations\/fixer-des-elements\/novafeedfix\/\" \/>\n<meta property=\"og:locale\" content=\"fr_FR\" \/>\n<meta property=\"og:type\" content=\"article\" \/>\n<meta property=\"og:title\" content=\"NOVAfeed&amp;fix\u00ae | RUCH NOVAPLAST GmbH\" \/>\n<meta property=\"og:description\" content=\"NOVAfeed&amp;fix\u00ae permet de cr\u00e9er des assemblages par liaison de mati\u00e8re dont la capacit\u00e9 de charge et la fonctionnalit\u00e9 sont excellentes. En savoir plus.\" \/>\n<meta property=\"og:url\" content=\"https:\/\/www.ruch.de\/fr\/innovations\/fixer-des-elements\/novafeedfix\/\" \/>\n<meta property=\"og:site_name\" content=\"RUCH NOVAPLAST\" \/>\n<meta property=\"article:publisher\" content=\"https:\/\/www.facebook.com\/ruchnovaplast\" \/>\n<meta property=\"article:modified_time\" content=\"2025-08-07T13:04:16+00:00\" \/>\n<meta name=\"twitter:card\" content=\"summary_large_image\" \/>\n<meta name=\"twitter:label1\" content=\"Dur\u00e9e de lecture estim\u00e9e\" \/>\n\t<meta name=\"twitter:data1\" content=\"6 minutes\" \/>\n<script type=\"application\/ld+json\" class=\"yoast-schema-graph\">{\"@context\":\"https:\\\/\\\/schema.org\",\"@graph\":[{\"@type\":\"WebPage\",\"@id\":\"https:\\\/\\\/www.ruch.de\\\/fr\\\/innovations\\\/fixer-des-elements\\\/novafeedfix\\\/\",\"url\":\"https:\\\/\\\/www.ruch.de\\\/fr\\\/innovations\\\/fixer-des-elements\\\/novafeedfix\\\/\",\"name\":\"NOVAfeed&fix\u00ae | RUCH NOVAPLAST GmbH\",\"isPartOf\":{\"@id\":\"https:\\\/\\\/www.ruch.de\\\/fr\\\/#website\"},\"datePublished\":\"2024-11-13T14:16:45+00:00\",\"dateModified\":\"2025-08-07T13:04:16+00:00\",\"description\":\"NOVAfeed&fix\u00ae permet de cr\u00e9er des assemblages par liaison de mati\u00e8re dont la capacit\u00e9 de charge et la fonctionnalit\u00e9 sont excellentes. En savoir plus.\",\"breadcrumb\":{\"@id\":\"https:\\\/\\\/www.ruch.de\\\/fr\\\/innovations\\\/fixer-des-elements\\\/novafeedfix\\\/#breadcrumb\"},\"inLanguage\":\"fr-FR\",\"potentialAction\":[{\"@type\":\"ReadAction\",\"target\":[\"https:\\\/\\\/www.ruch.de\\\/fr\\\/innovations\\\/fixer-des-elements\\\/novafeedfix\\\/\"]}]},{\"@type\":\"BreadcrumbList\",\"@id\":\"https:\\\/\\\/www.ruch.de\\\/fr\\\/innovations\\\/fixer-des-elements\\\/novafeedfix\\\/#breadcrumb\",\"itemListElement\":[{\"@type\":\"ListItem\",\"position\":1,\"name\":\"Home\",\"item\":\"https:\\\/\\\/www.ruch.de\\\/fr\\\/\"},{\"@type\":\"ListItem\",\"position\":2,\"name\":\"Innovations\",\"item\":\"https:\\\/\\\/www.ruch.de\\\/fr\\\/innovations\\\/\"},{\"@type\":\"ListItem\",\"position\":3,\"name\":\"Fixer des \u00e9l\u00e9ments\",\"item\":\"https:\\\/\\\/www.ruch.de\\\/fr\\\/innovations\\\/fixer-des-elements\\\/\"},{\"@type\":\"ListItem\",\"position\":4,\"name\":\"NOVAfeed&amp;fix\u00ae\"}]},{\"@type\":\"WebSite\",\"@id\":\"https:\\\/\\\/www.ruch.de\\\/fr\\\/#website\",\"url\":\"https:\\\/\\\/www.ruch.de\\\/fr\\\/\",\"name\":\"www.ruch.de\",\"description\":\"\",\"publisher\":{\"@id\":\"https:\\\/\\\/www.ruch.de\\\/fr\\\/#organization\"},\"potentialAction\":[{\"@type\":\"SearchAction\",\"target\":{\"@type\":\"EntryPoint\",\"urlTemplate\":\"https:\\\/\\\/www.ruch.de\\\/fr\\\/?s={search_term_string}\"},\"query-input\":{\"@type\":\"PropertyValueSpecification\",\"valueRequired\":true,\"valueName\":\"search_term_string\"}}],\"inLanguage\":\"fr-FR\"},{\"@type\":\"Organization\",\"@id\":\"https:\\\/\\\/www.ruch.de\\\/fr\\\/#organization\",\"name\":\"RUCH NOVAPLAST GmbH\",\"url\":\"https:\\\/\\\/www.ruch.de\\\/fr\\\/\",\"logo\":{\"@type\":\"ImageObject\",\"inLanguage\":\"fr-FR\",\"@id\":\"https:\\\/\\\/www.ruch.de\\\/fr\\\/#\\\/schema\\\/logo\\\/image\\\/\",\"url\":\"https:\\\/\\\/www.ruch.de\\\/wp-content\\\/uploads\\\/2024\\\/11\\\/ruch-novaplast-logo-black.svg\",\"contentUrl\":\"https:\\\/\\\/www.ruch.de\\\/wp-content\\\/uploads\\\/2024\\\/11\\\/ruch-novaplast-logo-black.svg\",\"width\":1802,\"height\":338,\"caption\":\"RUCH NOVAPLAST GmbH\"},\"image\":{\"@id\":\"https:\\\/\\\/www.ruch.de\\\/fr\\\/#\\\/schema\\\/logo\\\/image\\\/\"},\"sameAs\":[\"https:\\\/\\\/www.facebook.com\\\/ruchnovaplast\",\"https:\\\/\\\/www.instagram.com\\\/ruchnovaplast\\\/\",\"https:\\\/\\\/www.linkedin.com\\\/company\\\/ruch-novaplast-gmbh\"]}]}<\/script>\n<!-- \/ Yoast SEO plugin. -->","yoast_head_json":{"title":"NOVAfeed&fix\u00ae | RUCH NOVAPLAST GmbH","description":"NOVAfeed&fix\u00ae permet de cr\u00e9er des assemblages par liaison de mati\u00e8re dont la capacit\u00e9 de charge et la fonctionnalit\u00e9 sont excellentes. En savoir plus.","robots":{"index":"index","follow":"follow","max-snippet":"max-snippet:-1","max-image-preview":"max-image-preview:large","max-video-preview":"max-video-preview:-1"},"canonical":"https:\/\/www.ruch.de\/fr\/innovations\/fixer-des-elements\/novafeedfix\/","og_locale":"fr_FR","og_type":"article","og_title":"NOVAfeed&fix\u00ae | RUCH NOVAPLAST GmbH","og_description":"NOVAfeed&fix\u00ae permet de cr\u00e9er des assemblages par liaison de mati\u00e8re dont la capacit\u00e9 de charge et la fonctionnalit\u00e9 sont excellentes. En savoir plus.","og_url":"https:\/\/www.ruch.de\/fr\/innovations\/fixer-des-elements\/novafeedfix\/","og_site_name":"RUCH NOVAPLAST","article_publisher":"https:\/\/www.facebook.com\/ruchnovaplast","article_modified_time":"2025-08-07T13:04:16+00:00","twitter_card":"summary_large_image","twitter_misc":{"Dur\u00e9e de lecture estim\u00e9e":"6 minutes"},"schema":{"@context":"https:\/\/schema.org","@graph":[{"@type":"WebPage","@id":"https:\/\/www.ruch.de\/fr\/innovations\/fixer-des-elements\/novafeedfix\/","url":"https:\/\/www.ruch.de\/fr\/innovations\/fixer-des-elements\/novafeedfix\/","name":"NOVAfeed&fix\u00ae | RUCH NOVAPLAST GmbH","isPartOf":{"@id":"https:\/\/www.ruch.de\/fr\/#website"},"datePublished":"2024-11-13T14:16:45+00:00","dateModified":"2025-08-07T13:04:16+00:00","description":"NOVAfeed&fix\u00ae permet de cr\u00e9er des assemblages par liaison de mati\u00e8re dont la capacit\u00e9 de charge et la fonctionnalit\u00e9 sont excellentes. En savoir plus.","breadcrumb":{"@id":"https:\/\/www.ruch.de\/fr\/innovations\/fixer-des-elements\/novafeedfix\/#breadcrumb"},"inLanguage":"fr-FR","potentialAction":[{"@type":"ReadAction","target":["https:\/\/www.ruch.de\/fr\/innovations\/fixer-des-elements\/novafeedfix\/"]}]},{"@type":"BreadcrumbList","@id":"https:\/\/www.ruch.de\/fr\/innovations\/fixer-des-elements\/novafeedfix\/#breadcrumb","itemListElement":[{"@type":"ListItem","position":1,"name":"Home","item":"https:\/\/www.ruch.de\/fr\/"},{"@type":"ListItem","position":2,"name":"Innovations","item":"https:\/\/www.ruch.de\/fr\/innovations\/"},{"@type":"ListItem","position":3,"name":"Fixer des \u00e9l\u00e9ments","item":"https:\/\/www.ruch.de\/fr\/innovations\/fixer-des-elements\/"},{"@type":"ListItem","position":4,"name":"NOVAfeed&amp;fix\u00ae"}]},{"@type":"WebSite","@id":"https:\/\/www.ruch.de\/fr\/#website","url":"https:\/\/www.ruch.de\/fr\/","name":"www.ruch.de","description":"","publisher":{"@id":"https:\/\/www.ruch.de\/fr\/#organization"},"potentialAction":[{"@type":"SearchAction","target":{"@type":"EntryPoint","urlTemplate":"https:\/\/www.ruch.de\/fr\/?s={search_term_string}"},"query-input":{"@type":"PropertyValueSpecification","valueRequired":true,"valueName":"search_term_string"}}],"inLanguage":"fr-FR"},{"@type":"Organization","@id":"https:\/\/www.ruch.de\/fr\/#organization","name":"RUCH NOVAPLAST GmbH","url":"https:\/\/www.ruch.de\/fr\/","logo":{"@type":"ImageObject","inLanguage":"fr-FR","@id":"https:\/\/www.ruch.de\/fr\/#\/schema\/logo\/image\/","url":"https:\/\/www.ruch.de\/wp-content\/uploads\/2024\/11\/ruch-novaplast-logo-black.svg","contentUrl":"https:\/\/www.ruch.de\/wp-content\/uploads\/2024\/11\/ruch-novaplast-logo-black.svg","width":1802,"height":338,"caption":"RUCH NOVAPLAST GmbH"},"image":{"@id":"https:\/\/www.ruch.de\/fr\/#\/schema\/logo\/image\/"},"sameAs":["https:\/\/www.facebook.com\/ruchnovaplast","https:\/\/www.instagram.com\/ruchnovaplast\/","https:\/\/www.linkedin.com\/company\/ruch-novaplast-gmbh"]}]}},"_links":{"self":[{"href":"https:\/\/www.ruch.de\/fr\/wp-json\/wp\/v2\/pages\/2605","targetHints":{"allow":["GET"]}}],"collection":[{"href":"https:\/\/www.ruch.de\/fr\/wp-json\/wp\/v2\/pages"}],"about":[{"href":"https:\/\/www.ruch.de\/fr\/wp-json\/wp\/v2\/types\/page"}],"author":[{"embeddable":true,"href":"https:\/\/www.ruch.de\/fr\/wp-json\/wp\/v2\/users\/1"}],"replies":[{"embeddable":true,"href":"https:\/\/www.ruch.de\/fr\/wp-json\/wp\/v2\/comments?post=2605"}],"version-history":[{"count":0,"href":"https:\/\/www.ruch.de\/fr\/wp-json\/wp\/v2\/pages\/2605\/revisions"}],"up":[{"embeddable":true,"href":"https:\/\/www.ruch.de\/fr\/wp-json\/wp\/v2\/pages\/2599"}],"wp:featuredmedia":[{"embeddable":true,"href":"https:\/\/www.ruch.de\/fr\/wp-json\/"}],"wp:attachment":[{"href":"https:\/\/www.ruch.de\/fr\/wp-json\/wp\/v2\/media?parent=2605"}],"curies":[{"name":"wp","href":"https:\/\/api.w.org\/{rel}","templated":true}]}}