{"id":2587,"date":"2024-11-13T15:15:05","date_gmt":"2024-11-13T14:15:05","guid":{"rendered":"https:\/\/www.ruch.de\/innovations\/assembler-des-composants\/"},"modified":"2025-12-30T11:13:50","modified_gmt":"2025-12-30T10:13:50","slug":"assembler-des-composants","status":"publish","type":"page","link":"https:\/\/www.ruch.de\/fr\/innovations\/assembler-des-composants\/","title":{"rendered":"Assembler des composants"},"content":{"rendered":"<div class=\"wpb-content-wrapper\"><p>[vc_row][vc_column]\n<div class=\"spacer spacer--large\" style=\"height:100px\"><\/div>\n<div class=\"spacer spacer--medium\" style=\"height:60px\"><\/div>\n<div class=\"spacer spacer--small\" style=\"height:60px\"><\/div>\n[vc_row_inner][vc_column_inner][vc_column_text css=\u00a0\u00bb\u00a0\u00bb]<\/p>\n<h1>Assembler des composants : efficace et rentable<\/h1>\n<p>[\/vc_column_text][\/vc_column_inner][\/vc_row_inner][vc_row_inner][vc_column_inner width=\u00a0\u00bb1\/2&Prime;][vc_column_text css=\u00a0\u00bb\u00a0\u00bb]Dans notre centre d&rsquo;assemblage et de confection, les composants individuels qui n\u00e9cessitent des \u00e9tapes de traitement suppl\u00e9mentaires sont transform\u00e9s en syst\u00e8mes complets dans un flux. Nous assemblons des pi\u00e8ces moul\u00e9es en mousse de particules selon diff\u00e9rents proc\u00e9d\u00e9s et int\u00e9grons d&rsquo;autres composants. En tant que partenaire de d\u00e9veloppement et de syst\u00e8me, nous prenons ainsi en charge les t\u00e2ches de nos clients qu&rsquo;ils ne souhaitent plus r\u00e9aliser eux-m\u00eames. Nous livrons par exemple <a href=\"https:\/\/www.ruch.de\/fr\/applications\/mobilite\/#aviation\">des mod\u00e8les r\u00e9duits d&rsquo;avions \u00ab\u00a0Ready to Radio<\/a> \u00ab\u00a0, c&rsquo;est-\u00e0-dire enti\u00e8rement pr\u00eats \u00e0 l&#8217;emploi : ils sont enti\u00e8rement assembl\u00e9s et recouverts de leurs d\u00e9cors respectifs. M\u00eame les servomoteurs sont install\u00e9s, r\u00e9gl\u00e9s et ajust\u00e9s.[\/vc_column_text][\/vc_column_inner][vc_column_inner width=\u00a0\u00bb1\/2&Prime;][vc_column_text css=\u00a0\u00bb\u00a0\u00bb]Nous fabriquons \u00e9galement <a href=\"https:\/\/www.ruch.de\/fr\/applications\/technique-du-batiment\/#appareils-de-ventilation\">des unit\u00e9s de ventilation<\/a> enti\u00e8rement assembl\u00e9es et confectionn\u00e9es sur demande. En combinaison avec notre <a href=\"https:\/\/www.ruch.de\/fr\/innovations\/fixer-des-elements\/novafeedfix\/\">syst\u00e8me NOVAfeed&amp;fix<sup>\u00ae<\/sup><\/a>, nous r\u00e9alisons ainsi des passages et des fixations \u00e9tanches et isolants. Les pi\u00e8ces moul\u00e9es en mousse \u00e0 particules, que nous assemblons avec d&rsquo;autres composants en d&rsquo;autres mat\u00e9riaux, deviennent par exemple des \u00e9l\u00e9ments de montage dans le secteur du b\u00e2timent.<\/p>\n<p><a href=\"https:\/\/www.ruch.de\/fr\/innovations\/assembler-des-composants\/novaplex\/\">NOVAplex<sup>\u00ae<\/sup><\/a> est une philosophie de conception d\u00e9velopp\u00e9e par RUCH NOVAPLAST et ses partenaires. Elle nous permet de redessiner l&rsquo;avenir des processus d&rsquo;assemblage. En effet, les composants sont ins\u00e9r\u00e9s rapidement et facilement dans des pi\u00e8ces moul\u00e9es au lieu d&rsquo;\u00eatre viss\u00e9s \u00e0 grands frais. NOVAplex<sup>\u00ae<\/sup> constitue la base de presque tous nos concepts de pi\u00e8ces moul\u00e9es et de ch\u00e2ssis.[\/vc_column_text][\/vc_column_inner][\/vc_row_inner]\n<div class=\"spacer spacer--large\" style=\"height:60px\"><\/div>\n<div class=\"spacer spacer--medium\" style=\"height:60px\"><\/div>\n<div class=\"spacer spacer--small\" style=\"height:60px\"><\/div>\n[\/vc_column][\/vc_row][vc_row full_width=\u00a0\u00bbstretch_row_content_no_spaces\u00a0\u00bb][vc_column css=\u00a0\u00bb.vc_custom_1731592154304{padding-top: 0px !important;}\u00a0\u00bb][vc_single_image image=\u00a0\u00bb2588&Prime; img_size=\u00a0\u00bbfull\u00a0\u00bb alignment=\u00a0\u00bbright\u00a0\u00bb css=\u00a0\u00bb\u00a0\u00bb][\/vc_column][\/vc_row][vc_row full_width=\u00a0\u00bbstretch_row\u00a0\u00bb][vc_column]\n<div class=\"spacer spacer--large\" style=\"height:100px\"><\/div>\n<div class=\"spacer spacer--medium\" style=\"height:75px\"><\/div>\n<div class=\"spacer spacer--small\" style=\"height:50px\"><\/div>\n[vc_row_inner][vc_column_inner width=\u00a0\u00bb2\/12&Prime;][\/vc_column_inner][vc_column_inner width=\u00a0\u00bb8\/12&Prime;][vc_column_text css=\u00a0\u00bb\u00a0\u00bb]<\/p>\n<h2>Assembler efficacement des composants avec NOVAplex<sup>\u00ae<\/sup>.<\/h2>\n<p>[\/vc_column_text][\/vc_column_inner][vc_column_inner width=\u00a0\u00bb2\/12&Prime;][\/vc_column_inner][\/vc_row_inner][vc_row_inner][vc_column_inner width=\u00a0\u00bb2\/12&Prime;][\/vc_column_inner][vc_column_inner width=\u00a0\u00bb8\/12&Prime;][vc_column_text css=\u00a0\u00bb\u00a0\u00bb]Avec NOVAplex<sup>\u00ae<\/sup>, nous r\u00e9volutionnons l&rsquo;assemblage des appareils et l&rsquo;ensemble des processus de montage en misant sur des connexions simples, rapides et s\u00fbres. Cela permet non seulement d&rsquo;am\u00e9liorer l&rsquo;efficacit\u00e9, mais aussi de garantir la haute qualit\u00e9 des produits finis. L&rsquo;optimisation de l&rsquo;assemblage vous permet d&rsquo;\u00e9conomiser du temps et de l&rsquo;argent, tout en b\u00e9n\u00e9ficiant d&rsquo;une plus grande flexibilit\u00e9 dans la production. NOVAplex<sup>\u00ae<\/sup> est la cl\u00e9 qui vous permettra de p\u00e9renniser vos processus d&rsquo;assemblage et de maximiser l&rsquo;efficacit\u00e9 \u00e0 chaque \u00e9tape.[\/vc_column_text][\/vc_column_inner][vc_column_inner width=\u00a0\u00bb2\/12&Prime;][\/vc_column_inner][\/vc_row_inner][vc_row_inner][vc_column_inner width=\u00a0\u00bb2\/12&Prime;][\/vc_column_inner][vc_column_inner width=\u00a0\u00bb8\/12&Prime;]  <a class=\"btn-custom1\" href=\"https:\/\/www.ruch.de\/fr\/innovations\/assembler-des-composants\/novaplex\/\" target=\"_self\" title=\"En savoir plus sur NOVAplex\u00ae\">En savoir plus sur NOVAplex<sup>\u00ae<\/sup><\/a>[\/vc_column_inner][vc_column_inner width=\u00a0\u00bb2\/12&Prime;][\/vc_column_inner][\/vc_row_inner]\n<div class=\"spacer spacer--large\" style=\"height:100px\"><\/div>\n<div class=\"spacer spacer--medium\" style=\"height:75px\"><\/div>\n<div class=\"spacer spacer--small\" style=\"height:50px\"><\/div>\n[\/vc_column][\/vc_row][vc_row full_width=\u00a0\u00bbstretch_row\u00a0\u00bb el_class=\u00a0\u00bbbg-yellow-bubbles-top-left\u00a0\u00bb][vc_column]\n<div class=\"spacer spacer--large\" style=\"height:60px\"><\/div>\n<div class=\"spacer spacer--medium\" style=\"height:60px\"><\/div>\n<div class=\"spacer spacer--small\" style=\"height:60px\"><\/div>\n[vc_row_inner][vc_column_inner width=\u00a0\u00bb1\/2&Prime;][vc_column_text css=\u00a0\u00bb\u00a0\u00bb]<\/p>\n<h2><span class=\"black--stroke\">NOVAplex<sup>\u00ae<\/sup> dans la domotique<\/span><\/h2>\n<p>[\/vc_column_text][\/vc_column_inner][vc_column_inner width=\u00a0\u00bb1\/2&Prime;][\/vc_column_inner][\/vc_row_inner][vc_row_inner][vc_column_inner width=\u00a0\u00bb1\/2&Prime;][vc_column_text css=\u00a0\u00bb\u00a0\u00bb]Avec NOVAplex<sup>\u00ae<\/sup>, RUCH NOVAPLAST a cr\u00e9\u00e9 une philosophie de construction qui offre des avantages significatifs, en particulier dans le domaine de <a href=\"https:\/\/www.ruch.de\/fr\/applications\/technique-du-batiment\/#domotique\">la domotique<\/a>. Gr\u00e2ce \u00e0 ce principe de construction innovant, des appareils tels que des syst\u00e8mes de chauffage peuvent \u00eatre produits non seulement avec des avantages significatifs en termes de co\u00fbts et de montage, mais aussi avec une meilleure int\u00e9gration des composants. Le concept NOVAplex<sup>\u00ae<\/sup> permet d&rsquo;ins\u00e9rer simplement les composants dans les pi\u00e8ces moul\u00e9es en EPP au lieu de les visser.[\/vc_column_text][\/vc_column_inner][vc_column_inner width=\u00a0\u00bb1\/2&Prime;][vc_column_text css=\u00a0\u00bb\u00a0\u00bb]Chaque composant a sa place attitr\u00e9e dans le ch\u00e2ssis, ce qui cr\u00e9e un ordre et une structure \u00e0 l&rsquo;int\u00e9rieur des appareils &#8211; une solution claire et simple pour l&rsquo;assemblage des appareils et le montage des composants. En particulier pour les applications complexes telles que les ch\u00e2ssis de pompes \u00e0 chaleur ou les ch\u00e2ssis d&rsquo;unit\u00e9s de ventilation, NOVAplex<sup>\u00ae<\/sup> assure un processus de production fluide et efficace qui am\u00e9liore la qualit\u00e9 et les performances de vos appareils.[\/vc_column_text][\/vc_column_inner][\/vc_row_inner]\n<div class=\"spacer spacer--large\" style=\"height:60px\"><\/div>\n<div class=\"spacer spacer--medium\" style=\"height:60px\"><\/div>\n<div class=\"spacer spacer--small\" style=\"height:60px\"><\/div>\n[\/vc_column][\/vc_row][vc_row][vc_column]\n<div class=\"spacer spacer--large\" style=\"height:60px\"><\/div>\n<div class=\"spacer spacer--medium\" style=\"height:60px\"><\/div>\n<div class=\"spacer spacer--small\" style=\"height:60px\"><\/div>\n[\/vc_column][\/vc_row][vc_row][vc_column]          <div class=\"teaser-container teaser-container--two-colum\">\n\n        \n    <div class=\"ruch-teaser-card bg--gray  wpb_animate_when_almost_visible wpb_fadeInLeft fadeInLeft\">\n        <div class=\"teaser-card-content\">\n          <h3>Isoler des appareils<\/h3>\n<p>Avec NOVAetherm<sup>\u00ae<\/sup>, nous transformons la technologie du chauffage : notre solution innovante combine l&rsquo;isolation thermique et la fonction de chauffage en une seule pi\u00e8ce moul\u00e9e. D\u00e9couvrez comment cette technologie am\u00e9liore l&rsquo;efficacit\u00e9 des syst\u00e8mes de chauffage.<\/p>\n        <\/div>\n                <div class=\"teaser-card-button\">\n          <a href=\"https:\/\/www.ruch.de\/fr\/innovations\/isoler-des-appareils\/\" title=\"Innovation dans le domaine de l'isolation des appareils\" target=\"_self\" class=\"a--jump\">\n              Innovation dans le domaine de l'isolation des appareils          <\/a>\n        <\/div>\n            <\/div>\n\n  \n    <div class=\"ruch-teaser-card bg--yellow  wpb_animate_when_almost_visible wpb_fadeInRight fadeInRight\">\n        <div class=\"teaser-card-content\">\n          <h3>Fixer des \u00e9l\u00e9ments<\/h3>\n<p>Avec NOVAfeed&amp;fix<sup>\u00ae<\/sup> et NOVAson<sup>\u00ae<\/sup>, nous proposons des solutions avanc\u00e9es pour la fixation des \u00e9l\u00e9ments. D\u00e9couvrez comment nos technologies int\u00e8grent des fixations pr\u00e9cises et flexibles dans les syst\u00e8mes de bo\u00eetiers.<\/p>\n        <\/div>\n                <div class=\"teaser-card-button\">\n          <a href=\"https:\/\/www.ruch.de\/fr\/innovations\/fixer-des-elements\/\" title=\"Innovations dans le domaine de la fixation des \u00e9l\u00e9ments\" target=\"_self\" class=\"a--jump\">\n              Innovations dans le domaine de la fixation des \u00e9l\u00e9ments          <\/a>\n        <\/div>\n            <\/div>\n\n  \n    <div class=\"ruch-teaser-card bg--yellow  wpb_animate_when_almost_visible wpb_fadeInLeft fadeInLeft\">\n        <div class=\"teaser-card-content\">\n          <h3>Connecter les pi\u00e8ces moul\u00e9es<\/h3>\n<p>Avec NOVAweld<sup>\u00ae<\/sup>, nous avons d\u00e9velopp\u00e9 une technologie innovante pour l&rsquo;assemblage par liaison de mati\u00e8re de pi\u00e8ces moul\u00e9es en mousse de particules. D\u00e9couvrez comment ce proc\u00e9d\u00e9 permet d&rsquo;assembler efficacement des pi\u00e8ces complexes sans alt\u00e9rer leurs propri\u00e9t\u00e9s uniques.<\/p>\n        <\/div>\n                <div class=\"teaser-card-button\">\n          <a href=\"https:\/\/www.ruch.de\/fr\/innovations\/connecter-des-pieces-moulees\/\" title=\"Connecter l'innovation dans le domaine des pi\u00e8ces moul\u00e9es\" target=\"_self\" class=\"a--jump\">\n              Connecter l'innovation dans le domaine des pi\u00e8ces moul\u00e9es          <\/a>\n        <\/div>\n            <\/div>\n\n  \n    <div class=\"ruch-teaser-card bg--gray  wpb_animate_when_almost_visible wpb_fadeInRight fadeInRight\">\n        <div class=\"teaser-card-content\">\n          <h3>Traiter des surfaces<\/h3>\n<p>Avec NOVAtexture<sup>\u00ae<\/sup>, nous am\u00e9liorons les pi\u00e8ces moul\u00e9es en mousse de particules d\u00e8s leur fabrication. D\u00e9couvrez comment notre technologie innovante cr\u00e9e des surfaces esth\u00e9tiques et fonctionnelles qui am\u00e9liorent \u00e0 la fois l&rsquo;apparence et le toucher.<\/p>\n        <\/div>\n                <div class=\"teaser-card-button\">\n          <a href=\"https:\/\/www.ruch.de\/fr\/innovations\/traiter-des-surfaces\/\" title=\"Innovation dans le domaine de la finition de surface\" target=\"_self\" class=\"a--jump\">\n              Innovation dans le domaine de la finition de surface          <\/a>\n        <\/div>\n            <\/div>\n      <\/div>\n    [\/vc_column][\/vc_row][vc_row][vc_column]\n<div class=\"spacer spacer--large\" style=\"height:60px\"><\/div>\n<div class=\"spacer spacer--medium\" style=\"height:60px\"><\/div>\n<div class=\"spacer spacer--small\" style=\"height:60px\"><\/div>\n[\/vc_column][\/vc_row]<\/p>\n<\/div>","protected":false},"excerpt":{"rendered":"<p>[vc_row][vc_column][vc_row_inner][vc_column_inner][vc_column_text css=\u00a0\u00bb\u00a0\u00bb] Assembler des composants : efficace et rentable [\/vc_column_text][\/vc_column_inner][\/vc_row_inner][vc_row_inner][vc_column_inner width=\u00a0\u00bb1\/2&Prime;][vc_column_text css=\u00a0\u00bb\u00a0\u00bb]Dans notre centre d&rsquo;assemblage et de confection, les composants individuels qui n\u00e9cessitent des \u00e9tapes de<span class=\"excerpt-hellip\"> [\u2026]<\/span><\/p>\n","protected":false},"author":1,"featured_media":-1,"parent":2572,"menu_order":0,"comment_status":"closed","ping_status":"closed","template":"","meta":{"_acf_changed":false,"footnotes":""},"class_list":["post-2587","page","type-page","status-publish","has-post-thumbnail","hentry"],"acf":[],"yoast_head":"<!-- This site is optimized with the Yoast SEO plugin v27.3 - https:\/\/yoast.com\/product\/yoast-seo-wordpress\/ -->\n<title>Assembler des composants | RUCH NOVAPLAST<\/title>\n<meta name=\"description\" content=\"D\u00e9couvrez comment nous assemblons des pi\u00e8ces moul\u00e9es en mousse de particules et int\u00e9grons d\u2019autres composants.\" \/>\n<meta name=\"robots\" content=\"index, follow, max-snippet:-1, max-image-preview:large, max-video-preview:-1\" \/>\n<link rel=\"canonical\" href=\"https:\/\/www.ruch.de\/fr\/innovations\/assembler-des-composants\/\" \/>\n<meta property=\"og:locale\" content=\"fr_FR\" \/>\n<meta property=\"og:type\" content=\"article\" \/>\n<meta property=\"og:title\" content=\"Assembler des composants | RUCH NOVAPLAST\" \/>\n<meta property=\"og:description\" content=\"D\u00e9couvrez comment nous assemblons des pi\u00e8ces moul\u00e9es en mousse de particules et int\u00e9grons d\u2019autres composants.\" \/>\n<meta property=\"og:url\" content=\"https:\/\/www.ruch.de\/fr\/innovations\/assembler-des-composants\/\" \/>\n<meta property=\"og:site_name\" content=\"RUCH NOVAPLAST\" \/>\n<meta property=\"article:publisher\" content=\"https:\/\/www.facebook.com\/ruchnovaplast\" \/>\n<meta property=\"article:modified_time\" content=\"2025-12-30T10:13:50+00:00\" \/>\n<meta name=\"twitter:card\" content=\"summary_large_image\" \/>\n<meta name=\"twitter:label1\" content=\"Dur\u00e9e de lecture estim\u00e9e\" \/>\n\t<meta name=\"twitter:data1\" content=\"5 minutes\" \/>\n<script type=\"application\/ld+json\" class=\"yoast-schema-graph\">{\"@context\":\"https:\\\/\\\/schema.org\",\"@graph\":[{\"@type\":\"WebPage\",\"@id\":\"https:\\\/\\\/www.ruch.de\\\/fr\\\/innovations\\\/assembler-des-composants\\\/\",\"url\":\"https:\\\/\\\/www.ruch.de\\\/fr\\\/innovations\\\/assembler-des-composants\\\/\",\"name\":\"Assembler des composants | RUCH NOVAPLAST\",\"isPartOf\":{\"@id\":\"https:\\\/\\\/www.ruch.de\\\/fr\\\/#website\"},\"datePublished\":\"2024-11-13T14:15:05+00:00\",\"dateModified\":\"2025-12-30T10:13:50+00:00\",\"description\":\"D\u00e9couvrez comment nous assemblons des pi\u00e8ces moul\u00e9es en mousse de particules et int\u00e9grons d\u2019autres composants.\",\"breadcrumb\":{\"@id\":\"https:\\\/\\\/www.ruch.de\\\/fr\\\/innovations\\\/assembler-des-composants\\\/#breadcrumb\"},\"inLanguage\":\"fr-FR\",\"potentialAction\":[{\"@type\":\"ReadAction\",\"target\":[\"https:\\\/\\\/www.ruch.de\\\/fr\\\/innovations\\\/assembler-des-composants\\\/\"]}]},{\"@type\":\"BreadcrumbList\",\"@id\":\"https:\\\/\\\/www.ruch.de\\\/fr\\\/innovations\\\/assembler-des-composants\\\/#breadcrumb\",\"itemListElement\":[{\"@type\":\"ListItem\",\"position\":1,\"name\":\"Home\",\"item\":\"https:\\\/\\\/www.ruch.de\\\/fr\\\/\"},{\"@type\":\"ListItem\",\"position\":2,\"name\":\"Innovations\",\"item\":\"https:\\\/\\\/www.ruch.de\\\/fr\\\/innovations\\\/\"},{\"@type\":\"ListItem\",\"position\":3,\"name\":\"Assembler des composants\"}]},{\"@type\":\"WebSite\",\"@id\":\"https:\\\/\\\/www.ruch.de\\\/fr\\\/#website\",\"url\":\"https:\\\/\\\/www.ruch.de\\\/fr\\\/\",\"name\":\"www.ruch.de\",\"description\":\"\",\"publisher\":{\"@id\":\"https:\\\/\\\/www.ruch.de\\\/fr\\\/#organization\"},\"potentialAction\":[{\"@type\":\"SearchAction\",\"target\":{\"@type\":\"EntryPoint\",\"urlTemplate\":\"https:\\\/\\\/www.ruch.de\\\/fr\\\/?s={search_term_string}\"},\"query-input\":{\"@type\":\"PropertyValueSpecification\",\"valueRequired\":true,\"valueName\":\"search_term_string\"}}],\"inLanguage\":\"fr-FR\"},{\"@type\":\"Organization\",\"@id\":\"https:\\\/\\\/www.ruch.de\\\/fr\\\/#organization\",\"name\":\"RUCH NOVAPLAST GmbH\",\"url\":\"https:\\\/\\\/www.ruch.de\\\/fr\\\/\",\"logo\":{\"@type\":\"ImageObject\",\"inLanguage\":\"fr-FR\",\"@id\":\"https:\\\/\\\/www.ruch.de\\\/fr\\\/#\\\/schema\\\/logo\\\/image\\\/\",\"url\":\"https:\\\/\\\/www.ruch.de\\\/wp-content\\\/uploads\\\/2024\\\/11\\\/ruch-novaplast-logo-black.svg\",\"contentUrl\":\"https:\\\/\\\/www.ruch.de\\\/wp-content\\\/uploads\\\/2024\\\/11\\\/ruch-novaplast-logo-black.svg\",\"width\":1802,\"height\":338,\"caption\":\"RUCH NOVAPLAST GmbH\"},\"image\":{\"@id\":\"https:\\\/\\\/www.ruch.de\\\/fr\\\/#\\\/schema\\\/logo\\\/image\\\/\"},\"sameAs\":[\"https:\\\/\\\/www.facebook.com\\\/ruchnovaplast\",\"https:\\\/\\\/www.instagram.com\\\/ruchnovaplast\\\/\",\"https:\\\/\\\/www.linkedin.com\\\/company\\\/ruch-novaplast-gmbh\"]}]}<\/script>\n<!-- \/ Yoast SEO plugin. -->","yoast_head_json":{"title":"Assembler des composants | RUCH NOVAPLAST","description":"D\u00e9couvrez comment nous assemblons des pi\u00e8ces moul\u00e9es en mousse de particules et int\u00e9grons d\u2019autres composants.","robots":{"index":"index","follow":"follow","max-snippet":"max-snippet:-1","max-image-preview":"max-image-preview:large","max-video-preview":"max-video-preview:-1"},"canonical":"https:\/\/www.ruch.de\/fr\/innovations\/assembler-des-composants\/","og_locale":"fr_FR","og_type":"article","og_title":"Assembler des composants | RUCH NOVAPLAST","og_description":"D\u00e9couvrez comment nous assemblons des pi\u00e8ces moul\u00e9es en mousse de particules et int\u00e9grons d\u2019autres composants.","og_url":"https:\/\/www.ruch.de\/fr\/innovations\/assembler-des-composants\/","og_site_name":"RUCH NOVAPLAST","article_publisher":"https:\/\/www.facebook.com\/ruchnovaplast","article_modified_time":"2025-12-30T10:13:50+00:00","twitter_card":"summary_large_image","twitter_misc":{"Dur\u00e9e de lecture estim\u00e9e":"5 minutes"},"schema":{"@context":"https:\/\/schema.org","@graph":[{"@type":"WebPage","@id":"https:\/\/www.ruch.de\/fr\/innovations\/assembler-des-composants\/","url":"https:\/\/www.ruch.de\/fr\/innovations\/assembler-des-composants\/","name":"Assembler des composants | RUCH NOVAPLAST","isPartOf":{"@id":"https:\/\/www.ruch.de\/fr\/#website"},"datePublished":"2024-11-13T14:15:05+00:00","dateModified":"2025-12-30T10:13:50+00:00","description":"D\u00e9couvrez comment nous assemblons des pi\u00e8ces moul\u00e9es en mousse de particules et int\u00e9grons d\u2019autres composants.","breadcrumb":{"@id":"https:\/\/www.ruch.de\/fr\/innovations\/assembler-des-composants\/#breadcrumb"},"inLanguage":"fr-FR","potentialAction":[{"@type":"ReadAction","target":["https:\/\/www.ruch.de\/fr\/innovations\/assembler-des-composants\/"]}]},{"@type":"BreadcrumbList","@id":"https:\/\/www.ruch.de\/fr\/innovations\/assembler-des-composants\/#breadcrumb","itemListElement":[{"@type":"ListItem","position":1,"name":"Home","item":"https:\/\/www.ruch.de\/fr\/"},{"@type":"ListItem","position":2,"name":"Innovations","item":"https:\/\/www.ruch.de\/fr\/innovations\/"},{"@type":"ListItem","position":3,"name":"Assembler des composants"}]},{"@type":"WebSite","@id":"https:\/\/www.ruch.de\/fr\/#website","url":"https:\/\/www.ruch.de\/fr\/","name":"www.ruch.de","description":"","publisher":{"@id":"https:\/\/www.ruch.de\/fr\/#organization"},"potentialAction":[{"@type":"SearchAction","target":{"@type":"EntryPoint","urlTemplate":"https:\/\/www.ruch.de\/fr\/?s={search_term_string}"},"query-input":{"@type":"PropertyValueSpecification","valueRequired":true,"valueName":"search_term_string"}}],"inLanguage":"fr-FR"},{"@type":"Organization","@id":"https:\/\/www.ruch.de\/fr\/#organization","name":"RUCH NOVAPLAST GmbH","url":"https:\/\/www.ruch.de\/fr\/","logo":{"@type":"ImageObject","inLanguage":"fr-FR","@id":"https:\/\/www.ruch.de\/fr\/#\/schema\/logo\/image\/","url":"https:\/\/www.ruch.de\/wp-content\/uploads\/2024\/11\/ruch-novaplast-logo-black.svg","contentUrl":"https:\/\/www.ruch.de\/wp-content\/uploads\/2024\/11\/ruch-novaplast-logo-black.svg","width":1802,"height":338,"caption":"RUCH NOVAPLAST GmbH"},"image":{"@id":"https:\/\/www.ruch.de\/fr\/#\/schema\/logo\/image\/"},"sameAs":["https:\/\/www.facebook.com\/ruchnovaplast","https:\/\/www.instagram.com\/ruchnovaplast\/","https:\/\/www.linkedin.com\/company\/ruch-novaplast-gmbh"]}]}},"_links":{"self":[{"href":"https:\/\/www.ruch.de\/fr\/wp-json\/wp\/v2\/pages\/2587","targetHints":{"allow":["GET"]}}],"collection":[{"href":"https:\/\/www.ruch.de\/fr\/wp-json\/wp\/v2\/pages"}],"about":[{"href":"https:\/\/www.ruch.de\/fr\/wp-json\/wp\/v2\/types\/page"}],"author":[{"embeddable":true,"href":"https:\/\/www.ruch.de\/fr\/wp-json\/wp\/v2\/users\/1"}],"replies":[{"embeddable":true,"href":"https:\/\/www.ruch.de\/fr\/wp-json\/wp\/v2\/comments?post=2587"}],"version-history":[{"count":1,"href":"https:\/\/www.ruch.de\/fr\/wp-json\/wp\/v2\/pages\/2587\/revisions"}],"predecessor-version":[{"id":7554,"href":"https:\/\/www.ruch.de\/fr\/wp-json\/wp\/v2\/pages\/2587\/revisions\/7554"}],"up":[{"embeddable":true,"href":"https:\/\/www.ruch.de\/fr\/wp-json\/wp\/v2\/pages\/2572"}],"wp:featuredmedia":[{"embeddable":true,"href":"https:\/\/www.ruch.de\/fr\/wp-json\/"}],"wp:attachment":[{"href":"https:\/\/www.ruch.de\/fr\/wp-json\/wp\/v2\/media?parent=2587"}],"curies":[{"name":"wp","href":"https:\/\/api.w.org\/{rel}","templated":true}]}}