{"id":2569,"date":"2024-11-13T15:23:48","date_gmt":"2024-11-13T14:23:48","guid":{"rendered":"https:\/\/www.ruch.de\/mentions-legales\/"},"modified":"2025-12-30T12:29:23","modified_gmt":"2025-12-30T11:29:23","slug":"mentions-legales","status":"publish","type":"page","link":"https:\/\/www.ruch.de\/fr\/mentions-legales\/","title":{"rendered":"Mentions l\u00e9gales"},"content":{"rendered":"<div class=\"wpb-content-wrapper\"><p>[vc_row][vc_column]\n<div class=\"spacer spacer--large\" style=\"height:100px\"><\/div>\n<div class=\"spacer spacer--medium\" style=\"height:60px\"><\/div>\n<div class=\"spacer spacer--small\" style=\"height:60px\"><\/div>\n[vc_column_text css=\u00a0\u00bb\u00a0\u00bb]<\/p>\n<h1>Mentions l\u00e9gales<\/h1>\n<p>&nbsp;<\/p>\n<p>RUCH NOVAPLAST GmbH<br \/>\nAppenweierer Stra\u00dfe 51+54<br \/>\n77704 Oberkirch<br \/>\nGermany<\/p>\n<p>Tribunal d&rsquo;enregistrement de Fribourg HRB 703134<br \/>\nDirecteur : Roland Zeifang<br \/>\nN\u00b0 de TVA DE 262848077<\/p>\n<p>&nbsp;<\/p>\n<p><strong>Contact<\/strong><\/p>\n<p>Tel +49 7802 806-0<br \/>\nFax +49 7802 806-400<br \/>\nMail <a href=\"mailto:info@ruch.de\">info@ruch.de<\/a><\/p>\n<p>&nbsp;<\/p>\n<p><strong>Contenu de l&rsquo;offre en ligne<\/strong><\/p>\n<p>L&rsquo;auteur ne garantit pas l&rsquo;actualit\u00e9, l&rsquo;exactitude, l&rsquo;exhaustivit\u00e9 ou la qualit\u00e9 des informations fournies. L&rsquo;auteur ne saurait \u00eatre tenu pour responsable des dommages mat\u00e9riels ou immat\u00e9riels caus\u00e9s par l&rsquo;utilisation ou la non-utilisation des informations fournies ou par l&rsquo;utilisation d&rsquo;informations erron\u00e9es ou incompl\u00e8tes, dans la mesure o\u00f9 il n&rsquo;est pas prouv\u00e9 que l&rsquo;auteur a commis une faute intentionnelle ou une n\u00e9gligence grave. Toutes les offres sont sans engagement et non contractuelles. L&rsquo;auteur se r\u00e9serve express\u00e9ment le droit de modifier, de compl\u00e9ter ou de supprimer des parties de pages ou l&rsquo;ensemble de l&rsquo;offre sans avis pr\u00e9alable, ou d&rsquo;en suspendre temporairement ou d\u00e9finitivement la publication.<\/p>\n<p><strong>R\u00e9f\u00e9rences et liens<\/strong><\/p>\n<p>En cas de renvois directs ou indirects \u00e0 des sites Internet externes (\u00ab\u00a0liens\u00a0\u00bb) qui ne rel\u00e8vent pas de la responsabilit\u00e9 de l&rsquo;auteur, une obligation de responsabilit\u00e9 entrerait uniquement en vigueur dans le cas o\u00f9 l&rsquo;auteur aurait connaissance des contenus et qu&rsquo;il lui serait techniquement possible et raisonnable d&#8217;emp\u00eacher l&rsquo;utilisation en cas de contenus ill\u00e9gaux. L&rsquo;auteur d\u00e9clare express\u00e9ment par la pr\u00e9sente qu&rsquo;au moment de l&rsquo;\u00e9tablissement des liens, aucun contenu ill\u00e9gal n&rsquo;\u00e9tait identifiable sur les pages \u00e0 relier. L&rsquo;auteur n&rsquo;a aucune influence sur la conception actuelle et future, les contenus ou la paternit\u00e9 des pages li\u00e9es\/associ\u00e9es. C&rsquo;est pourquoi il se distancie express\u00e9ment par la pr\u00e9sente de tous les contenus de toutes les pages li\u00e9es\/associ\u00e9es qui ont \u00e9t\u00e9 modifi\u00e9es apr\u00e8s la cr\u00e9ation des liens. Cette constatation s&rsquo;applique \u00e0 tous les liens et renvois plac\u00e9s au sein de sa propre offre Internet ainsi qu&rsquo;aux inscriptions de tiers dans les livres d&rsquo;or, forums de discussion et listes de diffusion mis en place par l&rsquo;auteur. Seul le fournisseur de la page \u00e0 laquelle il a \u00e9t\u00e9 renvoy\u00e9 est responsable des contenus ill\u00e9gaux, erron\u00e9s ou incomplets et en particulier des dommages r\u00e9sultant de l&rsquo;utilisation ou de la non-utilisation des informations ainsi pr\u00e9sent\u00e9es, et non celui qui ne fait que renvoyer \u00e0 la publication concern\u00e9e par le biais de liens.<\/p>\n<p><strong>Droit d&rsquo;auteur et droit des marques<\/strong><\/p>\n<p>L&rsquo;auteur s&rsquo;efforce de respecter les droits d&rsquo;auteur des graphiques, documents sonores, s\u00e9quences vid\u00e9o et textes utilis\u00e9s dans toutes les publications, d&rsquo;utiliser des graphiques, documents sonores, s\u00e9quences vid\u00e9o et textes qu&rsquo;il a lui-m\u00eame cr\u00e9\u00e9s ou d&rsquo;avoir recours \u00e0 des graphiques, documents sonores, s\u00e9quences vid\u00e9o et textes libres de droits. Toutes les marques et marques d\u00e9pos\u00e9es mentionn\u00e9es dans l&rsquo;offre Internet et \u00e9ventuellement prot\u00e9g\u00e9es par des tiers sont soumises sans restriction aux dispositions du droit des marques en vigueur et aux droits de propri\u00e9t\u00e9 des propri\u00e9taires enregistr\u00e9s respectifs. La simple mention d&rsquo;une marque ne permet pas d&rsquo;en d\u00e9duire qu&rsquo;elle n&rsquo;est pas prot\u00e9g\u00e9e par les droits d&rsquo;un tiers ! Le copyright des objets publi\u00e9s et cr\u00e9\u00e9s par l&rsquo;auteur lui-m\u00eame reste la propri\u00e9t\u00e9 exclusive de l&rsquo;auteur des pages. Toute reproduction ou utilisation de tels graphiques, documents sonores, s\u00e9quences vid\u00e9o et textes dans d&rsquo;autres publications \u00e9lectroniques ou imprim\u00e9es est interdite sans l&rsquo;autorisation expresse de l&rsquo;auteur.<\/p>\n<p><strong>Efficacit\u00e9 juridique de cette clause de non-responsabilit\u00e9<\/strong><\/p>\n<p>Cette exclusion de responsabilit\u00e9 doit \u00eatre consid\u00e9r\u00e9e comme faisant partie de l&rsquo;offre Internet \u00e0 partir de laquelle il a \u00e9t\u00e9 fait r\u00e9f\u00e9rence \u00e0 cette page. Si des parties ou certaines formulations de ce texte ne devaient pas, plus ou pas enti\u00e8rement correspondre \u00e0 la situation juridique en vigueur, les autres parties du document n&rsquo;en seraient pas affect\u00e9es dans leur contenu et leur validit\u00e9.<\/p>\n<p><strong>Opposition aux e-mails commerciaux<\/strong><\/p>\n<p>L&rsquo;utilisation des donn\u00e9es de contact publi\u00e9es dans le cadre des mentions l\u00e9gales obligatoires pour l&rsquo;envoi de publicit\u00e9 et de mat\u00e9riel d&rsquo;information non express\u00e9ment demand\u00e9s est interdite. Les exploitants des pages se r\u00e9servent express\u00e9ment le droit d&rsquo;engager des poursuites judiciaires en cas d&rsquo;envoi non sollicit\u00e9 d&rsquo;informations publicitaires, par exemple par le biais de spams.[\/vc_column_text]\n<div class=\"spacer spacer--large\" style=\"height:100px\"><\/div>\n<div class=\"spacer spacer--medium\" style=\"height:60px\"><\/div>\n<div class=\"spacer spacer--small\" style=\"height:60px\"><\/div>\n[\/vc_column][\/vc_row]<\/p>\n<\/div>","protected":false},"excerpt":{"rendered":"<p>[vc_row][vc_column][vc_column_text css=\u00a0\u00bb\u00a0\u00bb] Mentions l\u00e9gales &nbsp; RUCH NOVAPLAST GmbH Appenweierer Stra\u00dfe 51+54 77704 Oberkirch Germany Tribunal d&rsquo;enregistrement de Fribourg HRB 703134 Directeur : Roland Zeifang N\u00b0 de<span class=\"excerpt-hellip\"> [\u2026]<\/span><\/p>\n","protected":false},"author":1,"featured_media":-1,"parent":0,"menu_order":84,"comment_status":"closed","ping_status":"closed","template":"","meta":{"_acf_changed":false,"footnotes":""},"class_list":["post-2569","page","type-page","status-publish","has-post-thumbnail","hentry"],"acf":[],"yoast_head":"<!-- This site is optimized with the Yoast SEO plugin v27.3 - https:\/\/yoast.com\/product\/yoast-seo-wordpress\/ -->\n<title>Mentions l\u00e9gales | RUCH NOVAPLAST GmbH<\/title>\n<meta name=\"description\" content=\"Op onze nieuwspagina ontdek je de nieuwste ontwikkelingen, innovatieve producten en opmerkelijke projecten.\" \/>\n<meta name=\"robots\" content=\"index, follow, max-snippet:-1, max-image-preview:large, max-video-preview:-1\" \/>\n<link rel=\"canonical\" href=\"https:\/\/www.ruch.de\/fr\/mentions-legales\/\" \/>\n<meta property=\"og:locale\" content=\"fr_FR\" \/>\n<meta property=\"og:type\" content=\"article\" \/>\n<meta property=\"og:title\" content=\"Mentions l\u00e9gales | RUCH NOVAPLAST GmbH\" \/>\n<meta property=\"og:description\" content=\"Op onze nieuwspagina ontdek je de nieuwste ontwikkelingen, innovatieve producten en opmerkelijke projecten.\" \/>\n<meta property=\"og:url\" content=\"https:\/\/www.ruch.de\/fr\/mentions-legales\/\" \/>\n<meta property=\"og:site_name\" content=\"RUCH NOVAPLAST\" \/>\n<meta property=\"article:publisher\" content=\"https:\/\/www.facebook.com\/ruchnovaplast\" \/>\n<meta property=\"article:modified_time\" content=\"2025-12-30T11:29:23+00:00\" \/>\n<meta name=\"twitter:card\" content=\"summary_large_image\" \/>\n<meta name=\"twitter:label1\" content=\"Dur\u00e9e de lecture estim\u00e9e\" \/>\n\t<meta name=\"twitter:data1\" content=\"4 minutes\" \/>\n<script type=\"application\/ld+json\" class=\"yoast-schema-graph\">{\"@context\":\"https:\\\/\\\/schema.org\",\"@graph\":[{\"@type\":\"WebPage\",\"@id\":\"https:\\\/\\\/www.ruch.de\\\/fr\\\/mentions-legales\\\/\",\"url\":\"https:\\\/\\\/www.ruch.de\\\/fr\\\/mentions-legales\\\/\",\"name\":\"Mentions l\u00e9gales | RUCH NOVAPLAST GmbH\",\"isPartOf\":{\"@id\":\"https:\\\/\\\/www.ruch.de\\\/fr\\\/#website\"},\"datePublished\":\"2024-11-13T14:23:48+00:00\",\"dateModified\":\"2025-12-30T11:29:23+00:00\",\"description\":\"Op onze nieuwspagina ontdek je de nieuwste ontwikkelingen, innovatieve producten en opmerkelijke projecten.\",\"breadcrumb\":{\"@id\":\"https:\\\/\\\/www.ruch.de\\\/fr\\\/mentions-legales\\\/#breadcrumb\"},\"inLanguage\":\"fr-FR\",\"potentialAction\":[{\"@type\":\"ReadAction\",\"target\":[\"https:\\\/\\\/www.ruch.de\\\/fr\\\/mentions-legales\\\/\"]}]},{\"@type\":\"BreadcrumbList\",\"@id\":\"https:\\\/\\\/www.ruch.de\\\/fr\\\/mentions-legales\\\/#breadcrumb\",\"itemListElement\":[{\"@type\":\"ListItem\",\"position\":1,\"name\":\"Home\",\"item\":\"https:\\\/\\\/www.ruch.de\\\/fr\\\/\"},{\"@type\":\"ListItem\",\"position\":2,\"name\":\"Mentions l\u00e9gales\"}]},{\"@type\":\"WebSite\",\"@id\":\"https:\\\/\\\/www.ruch.de\\\/fr\\\/#website\",\"url\":\"https:\\\/\\\/www.ruch.de\\\/fr\\\/\",\"name\":\"www.ruch.de\",\"description\":\"\",\"publisher\":{\"@id\":\"https:\\\/\\\/www.ruch.de\\\/fr\\\/#organization\"},\"potentialAction\":[{\"@type\":\"SearchAction\",\"target\":{\"@type\":\"EntryPoint\",\"urlTemplate\":\"https:\\\/\\\/www.ruch.de\\\/fr\\\/?s={search_term_string}\"},\"query-input\":{\"@type\":\"PropertyValueSpecification\",\"valueRequired\":true,\"valueName\":\"search_term_string\"}}],\"inLanguage\":\"fr-FR\"},{\"@type\":\"Organization\",\"@id\":\"https:\\\/\\\/www.ruch.de\\\/fr\\\/#organization\",\"name\":\"RUCH NOVAPLAST GmbH\",\"url\":\"https:\\\/\\\/www.ruch.de\\\/fr\\\/\",\"logo\":{\"@type\":\"ImageObject\",\"inLanguage\":\"fr-FR\",\"@id\":\"https:\\\/\\\/www.ruch.de\\\/fr\\\/#\\\/schema\\\/logo\\\/image\\\/\",\"url\":\"https:\\\/\\\/www.ruch.de\\\/wp-content\\\/uploads\\\/2024\\\/11\\\/ruch-novaplast-logo-black.svg\",\"contentUrl\":\"https:\\\/\\\/www.ruch.de\\\/wp-content\\\/uploads\\\/2024\\\/11\\\/ruch-novaplast-logo-black.svg\",\"width\":1802,\"height\":338,\"caption\":\"RUCH NOVAPLAST GmbH\"},\"image\":{\"@id\":\"https:\\\/\\\/www.ruch.de\\\/fr\\\/#\\\/schema\\\/logo\\\/image\\\/\"},\"sameAs\":[\"https:\\\/\\\/www.facebook.com\\\/ruchnovaplast\",\"https:\\\/\\\/www.instagram.com\\\/ruchnovaplast\\\/\",\"https:\\\/\\\/www.linkedin.com\\\/company\\\/ruch-novaplast-gmbh\"]}]}<\/script>\n<!-- \/ Yoast SEO plugin. -->","yoast_head_json":{"title":"Mentions l\u00e9gales | RUCH NOVAPLAST GmbH","description":"Op onze nieuwspagina ontdek je de nieuwste ontwikkelingen, innovatieve producten en opmerkelijke projecten.","robots":{"index":"index","follow":"follow","max-snippet":"max-snippet:-1","max-image-preview":"max-image-preview:large","max-video-preview":"max-video-preview:-1"},"canonical":"https:\/\/www.ruch.de\/fr\/mentions-legales\/","og_locale":"fr_FR","og_type":"article","og_title":"Mentions l\u00e9gales | RUCH NOVAPLAST GmbH","og_description":"Op onze nieuwspagina ontdek je de nieuwste ontwikkelingen, innovatieve producten en opmerkelijke projecten.","og_url":"https:\/\/www.ruch.de\/fr\/mentions-legales\/","og_site_name":"RUCH NOVAPLAST","article_publisher":"https:\/\/www.facebook.com\/ruchnovaplast","article_modified_time":"2025-12-30T11:29:23+00:00","twitter_card":"summary_large_image","twitter_misc":{"Dur\u00e9e de lecture estim\u00e9e":"4 minutes"},"schema":{"@context":"https:\/\/schema.org","@graph":[{"@type":"WebPage","@id":"https:\/\/www.ruch.de\/fr\/mentions-legales\/","url":"https:\/\/www.ruch.de\/fr\/mentions-legales\/","name":"Mentions l\u00e9gales | RUCH NOVAPLAST GmbH","isPartOf":{"@id":"https:\/\/www.ruch.de\/fr\/#website"},"datePublished":"2024-11-13T14:23:48+00:00","dateModified":"2025-12-30T11:29:23+00:00","description":"Op onze nieuwspagina ontdek je de nieuwste ontwikkelingen, innovatieve producten en opmerkelijke projecten.","breadcrumb":{"@id":"https:\/\/www.ruch.de\/fr\/mentions-legales\/#breadcrumb"},"inLanguage":"fr-FR","potentialAction":[{"@type":"ReadAction","target":["https:\/\/www.ruch.de\/fr\/mentions-legales\/"]}]},{"@type":"BreadcrumbList","@id":"https:\/\/www.ruch.de\/fr\/mentions-legales\/#breadcrumb","itemListElement":[{"@type":"ListItem","position":1,"name":"Home","item":"https:\/\/www.ruch.de\/fr\/"},{"@type":"ListItem","position":2,"name":"Mentions l\u00e9gales"}]},{"@type":"WebSite","@id":"https:\/\/www.ruch.de\/fr\/#website","url":"https:\/\/www.ruch.de\/fr\/","name":"www.ruch.de","description":"","publisher":{"@id":"https:\/\/www.ruch.de\/fr\/#organization"},"potentialAction":[{"@type":"SearchAction","target":{"@type":"EntryPoint","urlTemplate":"https:\/\/www.ruch.de\/fr\/?s={search_term_string}"},"query-input":{"@type":"PropertyValueSpecification","valueRequired":true,"valueName":"search_term_string"}}],"inLanguage":"fr-FR"},{"@type":"Organization","@id":"https:\/\/www.ruch.de\/fr\/#organization","name":"RUCH NOVAPLAST GmbH","url":"https:\/\/www.ruch.de\/fr\/","logo":{"@type":"ImageObject","inLanguage":"fr-FR","@id":"https:\/\/www.ruch.de\/fr\/#\/schema\/logo\/image\/","url":"https:\/\/www.ruch.de\/wp-content\/uploads\/2024\/11\/ruch-novaplast-logo-black.svg","contentUrl":"https:\/\/www.ruch.de\/wp-content\/uploads\/2024\/11\/ruch-novaplast-logo-black.svg","width":1802,"height":338,"caption":"RUCH NOVAPLAST GmbH"},"image":{"@id":"https:\/\/www.ruch.de\/fr\/#\/schema\/logo\/image\/"},"sameAs":["https:\/\/www.facebook.com\/ruchnovaplast","https:\/\/www.instagram.com\/ruchnovaplast\/","https:\/\/www.linkedin.com\/company\/ruch-novaplast-gmbh"]}]}},"_links":{"self":[{"href":"https:\/\/www.ruch.de\/fr\/wp-json\/wp\/v2\/pages\/2569","targetHints":{"allow":["GET"]}}],"collection":[{"href":"https:\/\/www.ruch.de\/fr\/wp-json\/wp\/v2\/pages"}],"about":[{"href":"https:\/\/www.ruch.de\/fr\/wp-json\/wp\/v2\/types\/page"}],"author":[{"embeddable":true,"href":"https:\/\/www.ruch.de\/fr\/wp-json\/wp\/v2\/users\/1"}],"replies":[{"embeddable":true,"href":"https:\/\/www.ruch.de\/fr\/wp-json\/wp\/v2\/comments?post=2569"}],"version-history":[{"count":1,"href":"https:\/\/www.ruch.de\/fr\/wp-json\/wp\/v2\/pages\/2569\/revisions"}],"predecessor-version":[{"id":7562,"href":"https:\/\/www.ruch.de\/fr\/wp-json\/wp\/v2\/pages\/2569\/revisions\/7562"}],"wp:featuredmedia":[{"embeddable":true,"href":"https:\/\/www.ruch.de\/fr\/wp-json\/"}],"wp:attachment":[{"href":"https:\/\/www.ruch.de\/fr\/wp-json\/wp\/v2\/media?parent=2569"}],"curies":[{"name":"wp","href":"https:\/\/api.w.org\/{rel}","templated":true}]}}